{"id":19,"date":"2014-09-17T14:56:56","date_gmt":"2014-09-17T14:56:56","guid":{"rendered":"http:\/\/agora.xtec.cat\/iesramonberenguer-amposta\/\/?page_id=19"},"modified":"2017-06-30T12:28:04","modified_gmt":"2017-06-30T10:28:04","slug":"linstitut","status":"publish","type":"page","link":"https:\/\/agora.xtec.cat\/iesramonberenguer-amposta\/linstitut\/","title":{"rendered":"L&#8217;institut"},"content":{"rendered":"<p align=\"justify\">Ens plau donar-vos la benvinguda a la p\u00e0gina web de l\u2019<strong>Institut Ramon Berenguer IV<\/strong>\u00a0i compartir amb tots unes breus reflexions sobre els nostres objectius, estrat\u00e8gies d\u2019actuaci\u00f3 i la nostra ra\u00f3 de ser.<\/p>\n<p align=\"justify\">Quan parlem de l\u2019<strong>Institut Ramon Berenguer IV<\/strong>, parlem de\u00a0<strong>m\u00e9s de 60 anys dedicats a l\u2019ensenyament i a la cultura de les nostres terres<\/strong>. En el transcurs d\u2019aquest per\u00edode hem mantingut la fidelitat als nostres or\u00edgens amb una voluntat d\u2019innovaci\u00f3, d\u2019actualitzaci\u00f3 i d\u2019excel\u00b7l\u00e8ncia i, sempre, amb l\u2019objectiu d\u2019oferir al nostre alumnat i a les seves fam\u00edlies una s\u00f2lida\u00a0<strong>formaci\u00f3 de qualitat<\/strong>\u00a0en l\u2019\u00e0mbit hum\u00e0 i acad\u00e8mic.<\/p>\n","protected":false},"excerpt":{"rendered":"<p>Ens plau donar-vos la benvinguda a la p\u00e0gina web de l\u2019Institut Ramon Berenguer IV\u00a0i compartir amb tots unes breus reflexions sobre els nostres objectius, estrat\u00e8gies d\u2019actuaci\u00f3 i la nostra ra\u00f3 de ser.<br \/>\nQuan parlem de l\u2019Institut Ramon Berenguer IV, parlem de\u00a0m\u00e9s de 60 anys dedicats a&hellip;  <a href=\"https:\/\/agora.xtec.cat\/iesramonberenguer-amposta\/linstitut\/\" title=\"Read L&#8217;institut\">Llegeix m\u00e9s\u00bb<\/a><\/p>\n","protected":false},"author":1,"featured_media":0,"parent":0,"menu_order":0,"comment_status":"closed","ping_status":"closed","template":"page-templates\/side-menu.php","meta":{"_bbp_topic_count":0,"_bbp_reply_count":0,"_bbp_total_topic_count":0,"_bbp_total_reply_count":0,"_bbp_voice_count":0,"_bbp_anonymous_reply_count":0,"_bbp_topic_count_hidden":0,"_bbp_reply_count_hidden":0,"_bbp_forum_subforum_count":0,"footnotes":""},"class_list":["post-19","page","type-page","status-publish","hentry"],"post_mailing_queue_ids":[],"_links":{"self":[{"href":"https:\/\/agora.xtec.cat\/iesramonberenguer-amposta\/wp-json\/wp\/v2\/pages\/19","targetHints":{"allow":["GET"]}}],"collection":[{"href":"https:\/\/agora.xtec.cat\/iesramonberenguer-amposta\/wp-json\/wp\/v2\/pages"}],"about":[{"href":"https:\/\/agora.xtec.cat\/iesramonberenguer-amposta\/wp-json\/wp\/v2\/types\/page"}],"author":[{"embeddable":true,"href":"https:\/\/agora.xtec.cat\/iesramonberenguer-amposta\/wp-json\/wp\/v2\/users\/1"}],"replies":[{"embeddable":true,"href":"https:\/\/agora.xtec.cat\/iesramonberenguer-amposta\/wp-json\/wp\/v2\/comments?post=19"}],"version-history":[{"count":2,"href":"https:\/\/agora.xtec.cat\/iesramonberenguer-amposta\/wp-json\/wp\/v2\/pages\/19\/revisions"}],"predecessor-version":[{"id":631,"href":"https:\/\/agora.xtec.cat\/iesramonberenguer-amposta\/wp-json\/wp\/v2\/pages\/19\/revisions\/631"}],"wp:attachment":[{"href":"https:\/\/agora.xtec.cat\/iesramonberenguer-amposta\/wp-json\/wp\/v2\/media?parent=19"}],"curies":[{"name":"wp","href":"https:\/\/api.w.org\/{rel}","templated":true}]}}