{"id":10699,"date":"2021-11-16T14:00:50","date_gmt":"2021-11-16T13:00:50","guid":{"rendered":"https:\/\/agora.xtec.cat\/iesramonberenguer-amposta\/?page_id=10699"},"modified":"2021-11-16T14:00:50","modified_gmt":"2021-11-16T13:00:50","slug":"laboratori-de-transformacio-educativa","status":"publish","type":"page","link":"https:\/\/agora.xtec.cat\/iesramonberenguer-amposta\/laboratori-de-transformacio-educativa\/","title":{"rendered":"Laboratori de Transformaci\u00f3 Educativa"},"content":{"rendered":"<p>&nbsp;<\/p>\n<p>REFLEXIONS JORNADA INICIAL LABORATORI TRANSFORMACI\u00d3 EDUCATIVA<\/p>\n<ol>\n<li>Com podem millorar el lideratge pedag\u00f2gic al centre?<\/li>\n<\/ol>\n<p>La millora en el lideratge distribu\u00eft ve del compartir significats entre tots els i les membres de l\u2019equip impulsor. Hem de partir de la base que tothom aporta i suma per aix\u00f2 s\u2019ha d\u2019incidir en l\u2019escolta activa i en el respecte a les diferents opinions (de vegades costa), aix\u00ed com la potenciaci\u00f3 dels espais de reflexi\u00f3 pedag\u00f2gica on la col\u00b7laboraci\u00f3 entre docents, el compartir dubtes, aportar noves idees,&#8230; ha de ser clau.<span class=\"Apple-converted-space\">\u00a0<\/span><\/p>\n<ol start=\"2\">\n<li>Com estem col\u00b7laborant i aprenent junts en una nova cultura docent?<\/li>\n<\/ol>\n<p>Per mig de la creaci\u00f3 de comissions de centre on participa el professorat, lliurement, interessat en la formar part d\u2019aquestes, compartint inquietuds, aprenentatges, cercant solucions col\u00b7lectives, aprenent entre iguals.<span class=\"Apple-converted-space\">\u00a0<\/span><\/p>\n<p>Es treballen diferents aspectes educatius des de diferents enfocaments i amb variades metodologies d\u2019aula.<\/p>\n<p>Prioritzem el treball col\u00b7laboratiu i interdisciplinari tant entre alumnat com entre professorat.<\/p>\n<p>Participem en diferents projectes: Erasmus+, SteamCat, Xarxa de Compet\u00e8ncies B\u00e0siques, XERME. Som Centre Formador de pr\u00e0ctiques de MUFPS. Aquests projectes i d\u2019altres que es realitzen des dels diferent \u00e0mbits ens fan estar en contacte constant amb les universitat del territori aix\u00ed com de fora, compartint aprenentatges.<\/p>\n<ol start=\"3\">\n<li>Com fem de l\u2019escola una organitzaci\u00f3 que apr\u00e8n i una unitat de recerca?<\/li>\n<\/ol>\n<p>La formaci\u00f3 \u00e9s una de les apostes que fa el nostre centre per fomentar l\u2019aprenentatge tant entre el claustre del professorat com entre les fam\u00edlies. Hem estat formats\/es en gesti\u00f3 d\u2019aula, emocions, avaluaci\u00f3, compet\u00e8ncies, metodologies,&#8230;Aquest aspecte ens ha obert la ment cap a una nova cultura de centre.<\/p>\n<p>Hem creat espais de debat pedag\u00f2gic on hem reflexionat sobre com podem adaptar i implementar l\u2019apr\u00e8s en les formacions a la nostra realitat, fent una posterior avaluaci\u00f3 per tal d\u2019analitzar els aspectes a mantenir i els aspectes a modificar.<\/p>\n<p>Observar i compartir inquietuds, dificultats, interessos,&#8230;del nostre alumnat per tal d\u2019acompanyar-lo en la construcci\u00f3 del seu projecte de vida.<\/p>\n<p><span class=\"Apple-converted-space\">\u00a0<\/span><\/p>\n<ol start=\"4\">\n<li>Qu\u00e8 hem de fer que no fem i qu\u00e8 hem de deixar de fer?<\/li>\n<\/ol>\n<p>\u00c9s important que un cop hem reflexionat i hem prioritzat un aspecte a treballar, es cre\u00ef un espai de treball conjunt per elaborar el producte, s\u2019 implementi, s\u2019avalu\u00ef<span class=\"Apple-converted-space\">\u00a0 <\/span>i es decideixi la continu\u00eftat o no d\u2019aquest. Aquest passos els fem per\u00f2 hem d\u2019incidir m\u00e9s, en el cas de la continu\u00eftat, fer un seguiment acurat i anar validant o no (depenen dels canvis que es donen) la continu\u00eftat d\u2019aquest.<\/p>\n<p>Un altre aspecte a millorar \u00e9s la transfer\u00e8ncia al claustre de tot all\u00f2 que es treballa a les comissions, formacions, espais de debat pedag\u00f2gic&#8230; S\u2019ha de buscar la f\u00f3rmula per tal que aquest trasp\u00e0s sigui efectiu i arribi a tota la comunitat educativa. \u00c9s important que les bones pr\u00e0ctiques arriben a tothom.<\/p>\n","protected":false},"excerpt":{"rendered":"<p>&nbsp;<br \/>\nREFLEXIONS JORNADA INICIAL LABORATORI TRANSFORMACI\u00d3 EDUCATIVA<\/p>\n<ol>\n<li>Com podem millorar el lideratge pedag\u00f2gic al centre?<\/li>\n<\/ol>\n<p>La millora en el lideratge distribu\u00eft ve del compartir significats entre tots els i les membres de l\u2019equip impulsor. Hem de partir de la base que tothom aporta i suma per aix\u00f2 s\u2019ha&hellip;  <a href=\"https:\/\/agora.xtec.cat\/iesramonberenguer-amposta\/laboratori-de-transformacio-educativa\/\" title=\"Read Laboratori de Transformaci\u00f3 Educativa\">Llegeix m\u00e9s\u00bb<\/a><\/p>\n","protected":false},"author":243,"featured_media":0,"parent":0,"menu_order":0,"comment_status":"closed","ping_status":"closed","template":"","meta":{"_bbp_topic_count":0,"_bbp_reply_count":0,"_bbp_total_topic_count":0,"_bbp_total_reply_count":0,"_bbp_voice_count":0,"_bbp_anonymous_reply_count":0,"_bbp_topic_count_hidden":0,"_bbp_reply_count_hidden":0,"_bbp_forum_subforum_count":0,"footnotes":""},"class_list":["post-10699","page","type-page","status-publish","hentry"],"post_mailing_queue_ids":[],"_links":{"self":[{"href":"https:\/\/agora.xtec.cat\/iesramonberenguer-amposta\/wp-json\/wp\/v2\/pages\/10699","targetHints":{"allow":["GET"]}}],"collection":[{"href":"https:\/\/agora.xtec.cat\/iesramonberenguer-amposta\/wp-json\/wp\/v2\/pages"}],"about":[{"href":"https:\/\/agora.xtec.cat\/iesramonberenguer-amposta\/wp-json\/wp\/v2\/types\/page"}],"author":[{"embeddable":true,"href":"https:\/\/agora.xtec.cat\/iesramonberenguer-amposta\/wp-json\/wp\/v2\/users\/243"}],"replies":[{"embeddable":true,"href":"https:\/\/agora.xtec.cat\/iesramonberenguer-amposta\/wp-json\/wp\/v2\/comments?post=10699"}],"version-history":[{"count":1,"href":"https:\/\/agora.xtec.cat\/iesramonberenguer-amposta\/wp-json\/wp\/v2\/pages\/10699\/revisions"}],"predecessor-version":[{"id":10705,"href":"https:\/\/agora.xtec.cat\/iesramonberenguer-amposta\/wp-json\/wp\/v2\/pages\/10699\/revisions\/10705"}],"wp:attachment":[{"href":"https:\/\/agora.xtec.cat\/iesramonberenguer-amposta\/wp-json\/wp\/v2\/media?parent=10699"}],"curies":[{"name":"wp","href":"https:\/\/api.w.org\/{rel}","templated":true}]}}