{"id":10503,"date":"2020-12-16T14:05:59","date_gmt":"2020-12-16T13:05:59","guid":{"rendered":"https:\/\/agora.xtec.cat\/iesramonberenguer-amposta\/?page_id=10503"},"modified":"2021-02-17T22:22:00","modified_gmt":"2021-02-17T21:22:00","slug":"equip-huma","status":"publish","type":"page","link":"https:\/\/agora.xtec.cat\/iesramonberenguer-amposta\/biblioteca-escolar\/equip-huma\/","title":{"rendered":"Equip hum\u00e0"},"content":{"rendered":"<p>Josep Franch: t\u00e8cnic inform\u00e0tic<\/p>\n<p>Mar\u00eda Gallego: coordinadora responsable de la biblioteca<\/p>\n<p>Pilar Moreso: gesti\u00f3 del cat\u00e0leg<\/p>\n","protected":false},"excerpt":{"rendered":"<p>Josep Franch: t\u00e8cnic inform\u00e0tic<br \/>\nMar\u00eda Gallego: coordinadora responsable de la biblioteca<br \/>\nPilar Moreso: gesti\u00f3 del cat\u00e0leg<\/p>\n","protected":false},"author":244,"featured_media":0,"parent":10392,"menu_order":4,"comment_status":"closed","ping_status":"closed","template":"page-templates\/side-menu.php","meta":{"_bbp_topic_count":0,"_bbp_reply_count":0,"_bbp_total_topic_count":0,"_bbp_total_reply_count":0,"_bbp_voice_count":0,"_bbp_anonymous_reply_count":0,"_bbp_topic_count_hidden":0,"_bbp_reply_count_hidden":0,"_bbp_forum_subforum_count":0,"footnotes":""},"class_list":["post-10503","page","type-page","status-publish","hentry"],"post_mailing_queue_ids":[],"_links":{"self":[{"href":"https:\/\/agora.xtec.cat\/iesramonberenguer-amposta\/wp-json\/wp\/v2\/pages\/10503","targetHints":{"allow":["GET"]}}],"collection":[{"href":"https:\/\/agora.xtec.cat\/iesramonberenguer-amposta\/wp-json\/wp\/v2\/pages"}],"about":[{"href":"https:\/\/agora.xtec.cat\/iesramonberenguer-amposta\/wp-json\/wp\/v2\/types\/page"}],"author":[{"embeddable":true,"href":"https:\/\/agora.xtec.cat\/iesramonberenguer-amposta\/wp-json\/wp\/v2\/users\/244"}],"replies":[{"embeddable":true,"href":"https:\/\/agora.xtec.cat\/iesramonberenguer-amposta\/wp-json\/wp\/v2\/comments?post=10503"}],"version-history":[{"count":2,"href":"https:\/\/agora.xtec.cat\/iesramonberenguer-amposta\/wp-json\/wp\/v2\/pages\/10503\/revisions"}],"predecessor-version":[{"id":10514,"href":"https:\/\/agora.xtec.cat\/iesramonberenguer-amposta\/wp-json\/wp\/v2\/pages\/10503\/revisions\/10514"}],"up":[{"embeddable":true,"href":"https:\/\/agora.xtec.cat\/iesramonberenguer-amposta\/wp-json\/wp\/v2\/pages\/10392"}],"wp:attachment":[{"href":"https:\/\/agora.xtec.cat\/iesramonberenguer-amposta\/wp-json\/wp\/v2\/media?parent=10503"}],"curies":[{"name":"wp","href":"https:\/\/api.w.org\/{rel}","templated":true}]}}