{"id":10392,"date":"2020-11-18T05:25:00","date_gmt":"2020-11-18T04:25:00","guid":{"rendered":"https:\/\/agora.xtec.cat\/iesramonberenguer-amposta\/?page_id=10392"},"modified":"2021-04-21T13:12:42","modified_gmt":"2021-04-21T11:12:42","slug":"biblioteca-escolar","status":"publish","type":"page","link":"https:\/\/agora.xtec.cat\/iesramonberenguer-amposta\/biblioteca-escolar\/","title":{"rendered":"Biblioteca escolar"},"content":{"rendered":"<p><a href=\"https:\/\/agora.xtec.cat\/iesramonberenguer-amposta\/wp-content\/uploads\/usu297\/2021\/02\/biblioteca.jpg\"><img loading=\"lazy\" decoding=\"async\" class=\"alignnone size-full wp-image-10541 aligncenter\" src=\"https:\/\/agora.xtec.cat\/iesramonberenguer-amposta\/wp-content\/uploads\/usu297\/2021\/02\/biblioteca.jpg\" alt=\"\" width=\"600\" height=\"400\" srcset=\"https:\/\/agora.xtec.cat\/iesramonberenguer-amposta\/wp-content\/uploads\/usu297\/2021\/02\/biblioteca.jpg 600w, https:\/\/agora.xtec.cat\/iesramonberenguer-amposta\/wp-content\/uploads\/usu297\/2021\/02\/biblioteca-300x200.jpg 300w\" sizes=\"auto, (max-width: 600px) 100vw, 600px\" \/><\/a><\/p>\n<p>Us donem la benvinguda a la Biblioteca de l&#8217;Institut Ramon Berenguer IV d&#8217;Amposta. Des de fa uns quants cursos, cap al 2006, amb el suport del Programa de biblioteques escolars Puntedu, la direcci\u00f3 del centre va decidir donar un impuls important a la biblioteca entenent que aquest espai \u00e9s molt important a l&#8217;hora de gestionar i dinamitzar la lectura en un centre educatiu. Des d&#8217;aquell moment inicial, la biblioteca ha canviat molt, no sols en el seu aspecte extern sin\u00f3 tamb\u00e9 en la gesti\u00f3 que es fa dels seus recursos: utilitzaci\u00f3 de l&#8217;espai, horaris d&#8217;obertura al p\u00fablic, dinamitzaci\u00f3 lectora, formaci\u00f3 d&#8217;usuaris.<\/p>\n","protected":false},"excerpt":{"rendered":"<p><a href=\"https:\/\/agora.xtec.cat\/iesramonberenguer-amposta\/wp-content\/uploads\/usu297\/2021\/02\/biblioteca.jpg\"><\/a><br \/>\nUs donem la benvinguda a la Biblioteca de l&#8217;Institut Ramon Berenguer IV d&#8217;Amposta. Des de fa uns quants cursos, cap al 2006, amb el suport del Programa de biblioteques escolars Puntedu, la direcci\u00f3 del centre va decidir donar un impuls important a la biblioteca&hellip;  <a href=\"https:\/\/agora.xtec.cat\/iesramonberenguer-amposta\/biblioteca-escolar\/\" title=\"Read Biblioteca escolar\">Llegeix m\u00e9s\u00bb<\/a><\/p>\n","protected":false},"author":244,"featured_media":0,"parent":0,"menu_order":35,"comment_status":"closed","ping_status":"closed","template":"","meta":{"_bbp_topic_count":0,"_bbp_reply_count":0,"_bbp_total_topic_count":0,"_bbp_total_reply_count":0,"_bbp_voice_count":0,"_bbp_anonymous_reply_count":0,"_bbp_topic_count_hidden":0,"_bbp_reply_count_hidden":0,"_bbp_forum_subforum_count":0,"footnotes":""},"class_list":["post-10392","page","type-page","status-publish","hentry"],"post_mailing_queue_ids":[],"_links":{"self":[{"href":"https:\/\/agora.xtec.cat\/iesramonberenguer-amposta\/wp-json\/wp\/v2\/pages\/10392","targetHints":{"allow":["GET"]}}],"collection":[{"href":"https:\/\/agora.xtec.cat\/iesramonberenguer-amposta\/wp-json\/wp\/v2\/pages"}],"about":[{"href":"https:\/\/agora.xtec.cat\/iesramonberenguer-amposta\/wp-json\/wp\/v2\/types\/page"}],"author":[{"embeddable":true,"href":"https:\/\/agora.xtec.cat\/iesramonberenguer-amposta\/wp-json\/wp\/v2\/users\/244"}],"replies":[{"embeddable":true,"href":"https:\/\/agora.xtec.cat\/iesramonberenguer-amposta\/wp-json\/wp\/v2\/comments?post=10392"}],"version-history":[{"count":4,"href":"https:\/\/agora.xtec.cat\/iesramonberenguer-amposta\/wp-json\/wp\/v2\/pages\/10392\/revisions"}],"predecessor-version":[{"id":10543,"href":"https:\/\/agora.xtec.cat\/iesramonberenguer-amposta\/wp-json\/wp\/v2\/pages\/10392\/revisions\/10543"}],"wp:attachment":[{"href":"https:\/\/agora.xtec.cat\/iesramonberenguer-amposta\/wp-json\/wp\/v2\/media?parent=10392"}],"curies":[{"name":"wp","href":"https:\/\/api.w.org\/{rel}","templated":true}]}}