{"id":9987,"date":"2023-11-06T17:12:29","date_gmt":"2023-11-06T16:12:29","guid":{"rendered":"https:\/\/agora.xtec.cat\/iesrafaelcasanova\/?page_id=9987"},"modified":"2026-03-09T09:45:25","modified_gmt":"2026-03-09T08:45:25","slug":"pagaments-rebuts-del-centre","status":"publish","type":"page","link":"https:\/\/agora.xtec.cat\/iesrafaelcasanova\/2-secretaria\/pagaments-rebuts-del-centre\/","title":{"rendered":"Pagaments rebuts del centre"},"content":{"rendered":"<h3><strong>INFORMACI\u00d3 IMPORTANT. PAGAMENTS<\/strong><\/h3>\n<p>Benvolgudes fam\u00edlies,<\/p>\n<p>A partir d\u2019ara tots els pagaments de l\u00b4Institut es faran a trav\u00e9s de l\u2019aplicaci\u00f3 ieduca tokapp. La mateixa que teniu instal\u00b7lada als vostres dispositius m\u00f2bils per veure l\u2019expedient dels vostres fills i les vostres filles.<\/p>\n<p>\u00c9s un proc\u00e9s molt intu\u00eftiu, rebreu la notificaci\u00f3 com fins ara i en cas de ser un pagament d\u2019alguna activitat, o material, trobareu a la part final de la notificaci\u00f3 una casella amb l\u2019import per poder pagar amb la vostra targeta banc\u00e0ria. Autom\u00e0ticament nosaltres ja sabrem que heu fet el pagament.<\/p>\n<p>Llavors \u00e9s molt important que tingueu l\u2019app instal\u00b7lada als vostres dispositius m\u00f2bils.<\/p>\n<p>Trobareu aquesta informaci\u00f3 a <a href=\"https:\/\/agora.xtec.cat\/iesrafaelcasanova\/serveis\/aplicacio-ieduca\/\">https:\/\/agora.xtec.cat\/iesrafaelcasanova\/serveis\/aplicacio-ieduca\/<\/a><\/p>\n<p><strong>No s\u2019admetran pagaments en efectiu.<\/strong><\/p>\n<p>Atentament,<\/p>\n<p>Secretaria Institut Rafael Casanova<\/p>\n","protected":false},"excerpt":{"rendered":"<p>INFORMACI\u00d3 IMPORTANT. PAGAMENTS<br \/>\nBenvolgudes fam\u00edlies,<br \/>\nA partir d\u2019ara tots els pagaments de l\u00b4Institut es faran a trav\u00e9s de l\u2019aplicaci\u00f3 ieduca tokapp. La mateixa que teniu instal\u00b7lada als vostres dispositius m\u00f2bils per veure l\u2019expedient dels vostres fills i les vostres filles.<br \/>\n\u00c9s un proc\u00e9s molt intu\u00eftiu, rebreu la notificaci\u00f3&hellip;  <a href=\"https:\/\/agora.xtec.cat\/iesrafaelcasanova\/2-secretaria\/pagaments-rebuts-del-centre\/\" title=\"Read Pagaments rebuts del centre\">Llegeix m\u00e9s\u00bb<\/a><\/p>\n","protected":false},"author":1,"featured_media":0,"parent":8586,"menu_order":50,"comment_status":"closed","ping_status":"closed","template":"page-templates\/side-menu.php","meta":{"_bbp_topic_count":0,"_bbp_reply_count":0,"_bbp_total_topic_count":0,"_bbp_total_reply_count":0,"_bbp_voice_count":0,"_bbp_anonymous_reply_count":0,"_bbp_topic_count_hidden":0,"_bbp_reply_count_hidden":0,"_bbp_forum_subforum_count":0,"footnotes":""},"class_list":["post-9987","page","type-page","status-publish","hentry"],"post_mailing_queue_ids":[],"_links":{"self":[{"href":"https:\/\/agora.xtec.cat\/iesrafaelcasanova\/wp-json\/wp\/v2\/pages\/9987","targetHints":{"allow":["GET"]}}],"collection":[{"href":"https:\/\/agora.xtec.cat\/iesrafaelcasanova\/wp-json\/wp\/v2\/pages"}],"about":[{"href":"https:\/\/agora.xtec.cat\/iesrafaelcasanova\/wp-json\/wp\/v2\/types\/page"}],"author":[{"embeddable":true,"href":"https:\/\/agora.xtec.cat\/iesrafaelcasanova\/wp-json\/wp\/v2\/users\/1"}],"replies":[{"embeddable":true,"href":"https:\/\/agora.xtec.cat\/iesrafaelcasanova\/wp-json\/wp\/v2\/comments?post=9987"}],"version-history":[{"count":6,"href":"https:\/\/agora.xtec.cat\/iesrafaelcasanova\/wp-json\/wp\/v2\/pages\/9987\/revisions"}],"predecessor-version":[{"id":10167,"href":"https:\/\/agora.xtec.cat\/iesrafaelcasanova\/wp-json\/wp\/v2\/pages\/9987\/revisions\/10167"}],"up":[{"embeddable":true,"href":"https:\/\/agora.xtec.cat\/iesrafaelcasanova\/wp-json\/wp\/v2\/pages\/8586"}],"wp:attachment":[{"href":"https:\/\/agora.xtec.cat\/iesrafaelcasanova\/wp-json\/wp\/v2\/media?parent=9987"}],"curies":[{"name":"wp","href":"https:\/\/api.w.org\/{rel}","templated":true}]}}