{"id":554,"date":"2018-07-10T05:49:22","date_gmt":"2018-07-10T03:49:22","guid":{"rendered":"http:\/\/agora.xtec.cat\/iesrafaelcasanova\/?page_id=554"},"modified":"2026-02-23T13:03:59","modified_gmt":"2026-02-23T12:03:59","slug":"orientacio","status":"publish","type":"page","link":"https:\/\/agora.xtec.cat\/iesrafaelcasanova\/3-departaments-didactics\/orientacio\/","title":{"rendered":"Orientaci\u00f3 acad\u00e8mica"},"content":{"rendered":"<table class=\" aligncenter\" style=\"width: 529px;\" border=\"0\">\n<tbody>\n<tr style=\"height: 49px;\">\n<td style=\"width: 521px; height: 49px;\" colspan=\"2\">\n<h5 style=\"text-align: center;\"><strong>Professorat del departament<\/strong><\/h5>\n<\/td>\n<\/tr>\n<tr style=\"height: 159px;\">\n<td style=\"width: 149px; height: 159px;\">\u00a0<img decoding=\"async\" src=\"https:\/\/agora.xtec.cat\/iescasablancas\/wp-content\/uploads\/usu917\/2016\/02\/ooorientacio.png\" alt=\"ooorientacio\" \/><\/td>\n<td style=\"width: 372px; height: 159px;\">Ana Cruz \u2013 <em>Cap de departament<\/em><\/p>\n<p>Cristina Chalmeta \u2013 <em>Tutora de 3r d&#8217;ESO<\/em><\/p>\n<p>Pedro L\u00f3pez \u2013 <em>Tutor de 2n d&#8217;ESO\u00a0<\/em><\/p>\n<p>Cristina Escribano \u2013 <em>Aula d&#8217;acollida<\/em><\/p>\n<p>Georgina Lamiel \u2013 <em>Aula d&#8217;acollida<\/em><\/td>\n<\/tr>\n<\/tbody>\n<\/table>\n<p>El departament d&#8217;Orientaci\u00f3 acad\u00e8mica us ha preparat aquesta presentaci\u00f3 per saber quines opcions existeixen despr\u00e9s de l&#8217;ESO (cliqueu a sobre de la imatge):<\/p>\n<p><a href=\"https:\/\/docs.google.com\/presentation\/d\/1X0zp6HfhDEMOiqBKC61WdwXdZHiGDbj8TrRb1CS1_Iw\/edit?usp=sharing\"><img loading=\"lazy\" decoding=\"async\" class=\"alignnone wp-image-7488\" src=\"https:\/\/agora.xtec.cat\/iesrafaelcasanova\/wp-content\/uploads\/usu156\/2022\/02\/orientacio.jpg\" alt=\"\" width=\"577\" height=\"394\" srcset=\"https:\/\/agora.xtec.cat\/iesrafaelcasanova\/wp-content\/uploads\/usu156\/2022\/02\/orientacio.jpg 949w, https:\/\/agora.xtec.cat\/iesrafaelcasanova\/wp-content\/uploads\/usu156\/2022\/02\/orientacio-300x205.jpg 300w, https:\/\/agora.xtec.cat\/iesrafaelcasanova\/wp-content\/uploads\/usu156\/2022\/02\/orientacio-768x524.jpg 768w\" sizes=\"auto, (max-width: 577px) 100vw, 577px\" \/><\/a><\/p>\n<p>&nbsp;<\/p>\n","protected":false},"excerpt":{"rendered":"<p>Professorat del departament<\/p>\n<p>\u00a0<br \/>\nAna Cruz \u2013 Cap de departament<br \/>\nCristina Chalmeta \u2013 Tutora de 3r d&#8217;ESO<br \/>\nPedro L\u00f3pez \u2013 Tutor de 2n d&#8217;ESO\u00a0<br \/>\nCristina Escribano \u2013 Aula d&#8217;acollida<br \/>\nGeorgina Lamiel \u2013 Aula d&#8217;acollida<\/p>\n<p>El departament d&#8217;Orientaci\u00f3 acad\u00e8mica us ha preparat aquesta presentaci\u00f3 per saber quines opcions existeixen despr\u00e9s de l&#8217;ESO (cliqueu&hellip;  <a href=\"https:\/\/agora.xtec.cat\/iesrafaelcasanova\/3-departaments-didactics\/orientacio\/\" title=\"Read Orientaci\u00f3 acad\u00e8mica\">Llegeix m\u00e9s\u00bb<\/a><\/p>\n","protected":false},"author":1,"featured_media":0,"parent":526,"menu_order":0,"comment_status":"closed","ping_status":"closed","template":"","meta":{"_bbp_topic_count":0,"_bbp_reply_count":0,"_bbp_total_topic_count":0,"_bbp_total_reply_count":0,"_bbp_voice_count":0,"_bbp_anonymous_reply_count":0,"_bbp_topic_count_hidden":0,"_bbp_reply_count_hidden":0,"_bbp_forum_subforum_count":0,"footnotes":""},"class_list":["post-554","page","type-page","status-publish","hentry"],"post_mailing_queue_ids":[],"_links":{"self":[{"href":"https:\/\/agora.xtec.cat\/iesrafaelcasanova\/wp-json\/wp\/v2\/pages\/554","targetHints":{"allow":["GET"]}}],"collection":[{"href":"https:\/\/agora.xtec.cat\/iesrafaelcasanova\/wp-json\/wp\/v2\/pages"}],"about":[{"href":"https:\/\/agora.xtec.cat\/iesrafaelcasanova\/wp-json\/wp\/v2\/types\/page"}],"author":[{"embeddable":true,"href":"https:\/\/agora.xtec.cat\/iesrafaelcasanova\/wp-json\/wp\/v2\/users\/1"}],"replies":[{"embeddable":true,"href":"https:\/\/agora.xtec.cat\/iesrafaelcasanova\/wp-json\/wp\/v2\/comments?post=554"}],"version-history":[{"count":7,"href":"https:\/\/agora.xtec.cat\/iesrafaelcasanova\/wp-json\/wp\/v2\/pages\/554\/revisions"}],"predecessor-version":[{"id":11986,"href":"https:\/\/agora.xtec.cat\/iesrafaelcasanova\/wp-json\/wp\/v2\/pages\/554\/revisions\/11986"}],"up":[{"embeddable":true,"href":"https:\/\/agora.xtec.cat\/iesrafaelcasanova\/wp-json\/wp\/v2\/pages\/526"}],"wp:attachment":[{"href":"https:\/\/agora.xtec.cat\/iesrafaelcasanova\/wp-json\/wp\/v2\/media?parent=554"}],"curies":[{"name":"wp","href":"https:\/\/api.w.org\/{rel}","templated":true}]}}