{"id":548,"date":"2018-07-10T05:47:42","date_gmt":"2018-07-10T03:47:42","guid":{"rendered":"http:\/\/agora.xtec.cat\/iesrafaelcasanova\/?page_id=548"},"modified":"2025-08-30T14:35:23","modified_gmt":"2025-08-30T12:35:23","slug":"educacio-fisica","status":"publish","type":"page","link":"https:\/\/agora.xtec.cat\/iesrafaelcasanova\/3-departaments-didactics\/educacio-fisica\/","title":{"rendered":"Educaci\u00f3 f\u00edsica"},"content":{"rendered":"<table class=\" aligncenter\" style=\"width: 529px;\" border=\"0\">\n<tbody>\n<tr style=\"height: 49px;\">\n<td style=\"width: 521px; height: 49px;\" colspan=\"2\">\n<h5 style=\"text-align: center;\"><strong>Professorat del departament<\/strong><\/h5>\n<\/td>\n<\/tr>\n<tr style=\"height: 247px;\">\n<td style=\"width: 149px; height: 247px;\">\u00a0<img decoding=\"async\" src=\"https:\/\/agora.xtec.cat\/iescasablancas\/wp-content\/uploads\/usu917\/2016\/02\/edfisica.png\" alt=\"edfisica\" \/><\/td>\n<td style=\"width: 372px; height: 247px;\">Oriol Masip \u2013 <em>Cap de departament i de l&#8217;\u00e0mbit d&#8217;expressi\u00f3<\/em><\/p>\n<p>Ely Estadella\u00a0 \u2013 <em>Coordinadora de 4t ESO<\/em><\/p>\n<p>Diego Fontecha<\/p>\n<p>Ver\u00f2nica \u00daber<\/p>\n<p>&nbsp;<\/p>\n<p>&nbsp;<\/td>\n<\/tr>\n<\/tbody>\n<\/table>\n<p>&nbsp;<\/p>\n<p><a href=\"https:\/\/agora.xtec.cat\/iesrafaelcasanova\/wp-content\/uploads\/usu156\/2025\/02\/CRITERIS-DAVALUACIO-EDUCACIO-FISICA-1.pdf\">Criteris d&#8217;avaluaci\u00f3 d&#8217;educaci\u00f3 f\u00edsica (curs 2024-2025)<\/a><\/p>\n","protected":false},"excerpt":{"rendered":"<p>Professorat del departament<\/p>\n<p>\u00a0<br \/>\nOriol Masip \u2013 Cap de departament i de l&#8217;\u00e0mbit d&#8217;expressi\u00f3<br \/>\nEly Estadella\u00a0 \u2013 Coordinadora de 4t ESO<br \/>\nDiego Fontecha<br \/>\nVer\u00f2nica \u00daber<br \/>\n&nbsp;<br \/>\n&nbsp;<\/p>\n<p>&nbsp;<br \/>\n<a href=\"https:\/\/agora.xtec.cat\/iesrafaelcasanova\/wp-content\/uploads\/usu156\/2025\/02\/CRITERIS-DAVALUACIO-EDUCACIO-FISICA-1.pdf\">Criteris d&#8217;avaluaci\u00f3 d&#8217;educaci\u00f3 f\u00edsica (curs 2024-2025)<\/a><\/p>\n","protected":false},"author":1,"featured_media":0,"parent":526,"menu_order":0,"comment_status":"closed","ping_status":"closed","template":"","meta":{"_bbp_topic_count":0,"_bbp_reply_count":0,"_bbp_total_topic_count":0,"_bbp_total_reply_count":0,"_bbp_voice_count":0,"_bbp_anonymous_reply_count":0,"_bbp_topic_count_hidden":0,"_bbp_reply_count_hidden":0,"_bbp_forum_subforum_count":0,"footnotes":""},"class_list":["post-548","page","type-page","status-publish","hentry"],"post_mailing_queue_ids":[],"_links":{"self":[{"href":"https:\/\/agora.xtec.cat\/iesrafaelcasanova\/wp-json\/wp\/v2\/pages\/548","targetHints":{"allow":["GET"]}}],"collection":[{"href":"https:\/\/agora.xtec.cat\/iesrafaelcasanova\/wp-json\/wp\/v2\/pages"}],"about":[{"href":"https:\/\/agora.xtec.cat\/iesrafaelcasanova\/wp-json\/wp\/v2\/types\/page"}],"author":[{"embeddable":true,"href":"https:\/\/agora.xtec.cat\/iesrafaelcasanova\/wp-json\/wp\/v2\/users\/1"}],"replies":[{"embeddable":true,"href":"https:\/\/agora.xtec.cat\/iesrafaelcasanova\/wp-json\/wp\/v2\/comments?post=548"}],"version-history":[{"count":6,"href":"https:\/\/agora.xtec.cat\/iesrafaelcasanova\/wp-json\/wp\/v2\/pages\/548\/revisions"}],"predecessor-version":[{"id":11738,"href":"https:\/\/agora.xtec.cat\/iesrafaelcasanova\/wp-json\/wp\/v2\/pages\/548\/revisions\/11738"}],"up":[{"embeddable":true,"href":"https:\/\/agora.xtec.cat\/iesrafaelcasanova\/wp-json\/wp\/v2\/pages\/526"}],"wp:attachment":[{"href":"https:\/\/agora.xtec.cat\/iesrafaelcasanova\/wp-json\/wp\/v2\/media?parent=548"}],"curies":[{"name":"wp","href":"https:\/\/api.w.org\/{rel}","templated":true}]}}