{"id":534,"date":"2018-07-10T05:44:40","date_gmt":"2018-07-10T03:44:40","guid":{"rendered":"http:\/\/agora.xtec.cat\/iesrafaelcasanova\/?page_id=534"},"modified":"2025-08-30T13:11:12","modified_gmt":"2025-08-30T11:11:12","slug":"llengues-estrangeres","status":"publish","type":"page","link":"https:\/\/agora.xtec.cat\/iesrafaelcasanova\/3-departaments-didactics\/llengues-estrangeres\/","title":{"rendered":"Lleng\u00fces estrangeres"},"content":{"rendered":"<p>&nbsp;<\/p>\n<table class=\" aligncenter\" style=\"width: 529px;\" border=\"0\">\n<tbody>\n<tr style=\"height: 49px;\">\n<td style=\"width: 523px; height: 49px;\" colspan=\"2\">\n<h5 style=\"text-align: center;\"><strong>Professorat del departament<\/strong><\/h5>\n<\/td>\n<\/tr>\n<tr style=\"height: 247px;\">\n<td style=\"width: 150px; height: 247px;\">\u00a0<img decoding=\"async\" src=\"https:\/\/agora.xtec.cat\/insaltafulla\/wp-content\/uploads\/usu206\/group-avatars\/8\/06bd749ca5e2e786410b1062dc26aad5-bpfull.png\" \/><\/td>\n<td style=\"width: 371px; height: 247px;\">Diana M\u00e9ntrida \u00a0\u2013 <em>Cap de departament i de l&#8217;\u00e0mbit de lleng\u00fces estrangeres<\/em><\/p>\n<p>Cristina Armario \u2013 <em>Coordinadora pedag\u00f2gica<\/em><\/p>\n<p>Anna Baginska<\/p>\n<p>Xavier Esc\u00e1nez \u2013 <em>Tutor de 1r d&#8217;ESO<\/em><\/p>\n<p>Laia Fuentes \u2013 <i>Professora de franc\u00e8s<\/i><\/p>\n<p>Mar\u00eda Jos\u00e9 Jim\u00e9nez \u2013 <i>Coordinadora de 2n d&#8217;ESO\u00a0<\/i><\/p>\n<p>Miguel Lozano<\/p>\n<p>\u00c0lex Mart\u00edn \u2013 <em><i>Coordinador de 3r d&#8217;ESO\u00a0<\/i><\/em><\/p>\n<p>Natalia Orte\u00a0 \u2013 <i>Cap d&#8217;estudis<\/i><\/p>\n<p>Marina Ponce\u00a0 \u2013 <i>Professora d&#8217;alemany i tutora de 1r d&#8217;ESO<\/i><\/td>\n<\/tr>\n<\/tbody>\n<\/table>\n<p>&nbsp;<\/p>\n<p style=\"text-align: justify;\"><strong>LES OPTATIVES DE FRANC\u00c8S I ALEMANY<\/strong><\/p>\n<p>Aqu\u00ed podreu con\u00e8ixer la distribuci\u00f3 hor\u00e0ria d&#8217;aquestes mat\u00e8ries, la metodologia emprada\u00a0i les activitats que es realitzen.<\/p>\n<p style=\"text-align: left;\">\u00a0 \u00a0 \u00a0 \u00a0 \u00a0 \u00a0 \u00a0 \u00a0 \u00a0 \u00a0 \u00a0 \u00a0 \u00a0 \u00a0 \u00a0 <a href=\"https:\/\/agora.xtec.cat\/iesrafaelcasanova\/wp-content\/uploads\/usu156\/2023\/07\/OPTATIVA-DE-FRANCES-2023-2024-1.pdf\">Optativa de franc\u00e8s<\/a>\u00a0 \u00a0 \u00a0 \u00a0 \u00a0 \u00a0 \u00a0 \u00a0 \u00a0 \u00a0 \u00a0 \u00a0 \u00a0 \u00a0 \u00a0 \u00a0 \u00a0 \u00a0 \u00a0 \u00a0 \u00a0 \u00a0 \u00a0 \u00a0 \u00a0 \u00a0 \u00a0 \u00a0 \u00a0 \u00a0<a href=\"https:\/\/agora.xtec.cat\/iesrafaelcasanova\/wp-content\/uploads\/usu156\/2019\/09\/Loptativa-dalemany-text-web.pdf\">Optativa d&#8217;alemany<\/a><\/p>\n<p style=\"text-align: left;\"><a href=\"https:\/\/agora.xtec.cat\/iesrafaelcasanova\/wp-content\/uploads\/usu156\/2018\/07\/franc\u00e8s-e1541653106456.jpg\"><img loading=\"lazy\" decoding=\"async\" class=\"alignleft wp-image-874\" src=\"https:\/\/agora.xtec.cat\/iesrafaelcasanova\/wp-content\/uploads\/usu156\/2018\/07\/franc\u00e8s-e1541653106456.jpg\" alt=\"\" width=\"401\" height=\"250\" \/><\/a><img loading=\"lazy\" decoding=\"async\" class=\"wp-image-1370 alignleft\" src=\"https:\/\/agora.xtec.cat\/iesrafaelcasanova\/wp-content\/uploads\/usu156\/2018\/11\/neuschwanstein-castle-1646683_1920.jpg\" alt=\"\" width=\"341\" height=\"228\" srcset=\"https:\/\/agora.xtec.cat\/iesrafaelcasanova\/wp-content\/uploads\/usu156\/2018\/11\/neuschwanstein-castle-1646683_1920.jpg 1920w, https:\/\/agora.xtec.cat\/iesrafaelcasanova\/wp-content\/uploads\/usu156\/2018\/11\/neuschwanstein-castle-1646683_1920-300x200.jpg 300w, https:\/\/agora.xtec.cat\/iesrafaelcasanova\/wp-content\/uploads\/usu156\/2018\/11\/neuschwanstein-castle-1646683_1920-768x513.jpg 768w, https:\/\/agora.xtec.cat\/iesrafaelcasanova\/wp-content\/uploads\/usu156\/2018\/11\/neuschwanstein-castle-1646683_1920-1024x684.jpg 1024w\" sizes=\"auto, (max-width: 341px) 100vw, 341px\" \/><\/p>\n<p style=\"text-align: justify;\"><em>\u00a0 \u00a0 \u00a0 \u00a0 \u00a0 \u00a0 \u00a0 \u00a0 \u00a0 \u00a0 \u00a0 \u00a0 \u00a0 \u00a0 \u00a0 \u00a0 \u00a0 \u00a0 \u00a0 \u00a0 \u00a0 \u00a0 \u00a0 \u00a0 \u00a0 \u00a0<\/em><\/p>\n<p>&nbsp;<\/p>\n<p>&nbsp;<\/p>\n<p>&nbsp;<\/p>\n<p style=\"text-align: left;\"><em>\u00a0 \u00a0 \u00a0 \u00a0 \u00a0 \u00a0 \u00a0 \u00a0 \u00a0 \u00a0 \u00a0 \u00a0 \u00a0<\/em><em>\u00a0 \u00a0 \u00a0 \u00a0 \u00a0 \u00a0 \u00a0 \u00a0 \u00a0 \u00a0 \u00a0 \u00a0 \u00a0 \u00a0 \u00a0 \u00a0 \u00a0 \u00a0 \u00a0 \u00a0 \u00a0 \u00a0 <\/em><\/p>\n<p style=\"text-align: center;\"><em>Fotos: Pixabay CC0 Creative Commons<\/em><\/p>\n<p>&nbsp;<\/p>\n<p style=\"color: #444444;\"><b>RECURSOS DE LLENG\u00dcES ESTRANGERES<\/b><\/p>\n<p>Si voleu treballar des de casa aut\u00f2nomament per repassar, preparar-vos alguna prova o simplement passar una bona estona, consulteu el nostre recull de <a href=\"https:\/\/agora.xtec.cat\/iesrafaelcasanova\/wp-content\/uploads\/usu156\/2019\/05\/RECURSOS-Lleng\u00fces-estrangeres.pdf\">RECURSOS (Lleng\u00fces estrangeres)<\/a>.<\/p>\n<p>&nbsp;<\/p>\n<p><a href=\"https:\/\/agora.xtec.cat\/iesrafaelcasanova\/wp-content\/uploads\/usu156\/2025\/02\/Criteris-davaluacio-dangles-curs-2024-2025.pdf\">Criteris d&#8217;avaluaci\u00f3 d&#8217;angl\u00e8s (curs 2024-2025)<\/a><\/p>\n<p><a href=\"https:\/\/agora.xtec.cat\/iesrafaelcasanova\/wp-content\/uploads\/usu156\/2025\/02\/Criteris-davaluacio-de-frances-curs-2024-2025.pdf\">Criteris d&#8217;avaluaci\u00f3 de franc\u00e8s (curs 2024-2025)<\/a><\/p>\n<p><a href=\"https:\/\/agora.xtec.cat\/iesrafaelcasanova\/wp-content\/uploads\/usu156\/2025\/02\/Criteris-davaluacio-dalemany-curs-2024-2025.pdf\">Criteris d&#8217;avaluaci\u00f3 d&#8217;alemany (curs 2024-2025)<\/a><\/p>\n","protected":false},"excerpt":{"rendered":"<p>&nbsp;<\/p>\n<p>Professorat del departament<\/p>\n<p>\u00a0<br \/>\nDiana M\u00e9ntrida \u00a0\u2013 Cap de departament i de l&#8217;\u00e0mbit de lleng\u00fces estrangeres<br \/>\nCristina Armario \u2013 Coordinadora pedag\u00f2gica<br \/>\nAnna Baginska<br \/>\nXavier Esc\u00e1nez \u2013 Tutor de 1r d&#8217;ESO<br \/>\nLaia Fuentes \u2013 Professora de franc\u00e8s<br \/>\nMar\u00eda Jos\u00e9 Jim\u00e9nez \u2013 Coordinadora de 2n d&#8217;ESO\u00a0<br \/>\nMiguel Lozano<br \/>\n\u00c0lex Mart\u00edn \u2013 Coordinador de 3r d&#8217;ESO\u00a0<br \/>\nNatalia Orte\u00a0&hellip;  <a href=\"https:\/\/agora.xtec.cat\/iesrafaelcasanova\/3-departaments-didactics\/llengues-estrangeres\/\" title=\"Read Lleng\u00fces estrangeres\">Llegeix m\u00e9s\u00bb<\/a><\/p>\n","protected":false},"author":1,"featured_media":0,"parent":526,"menu_order":0,"comment_status":"closed","ping_status":"closed","template":"","meta":{"_bbp_topic_count":0,"_bbp_reply_count":0,"_bbp_total_topic_count":0,"_bbp_total_reply_count":0,"_bbp_voice_count":0,"_bbp_anonymous_reply_count":0,"_bbp_topic_count_hidden":0,"_bbp_reply_count_hidden":0,"_bbp_forum_subforum_count":0,"footnotes":""},"class_list":["post-534","page","type-page","status-publish","hentry"],"post_mailing_queue_ids":[],"_links":{"self":[{"href":"https:\/\/agora.xtec.cat\/iesrafaelcasanova\/wp-json\/wp\/v2\/pages\/534","targetHints":{"allow":["GET"]}}],"collection":[{"href":"https:\/\/agora.xtec.cat\/iesrafaelcasanova\/wp-json\/wp\/v2\/pages"}],"about":[{"href":"https:\/\/agora.xtec.cat\/iesrafaelcasanova\/wp-json\/wp\/v2\/types\/page"}],"author":[{"embeddable":true,"href":"https:\/\/agora.xtec.cat\/iesrafaelcasanova\/wp-json\/wp\/v2\/users\/1"}],"replies":[{"embeddable":true,"href":"https:\/\/agora.xtec.cat\/iesrafaelcasanova\/wp-json\/wp\/v2\/comments?post=534"}],"version-history":[{"count":7,"href":"https:\/\/agora.xtec.cat\/iesrafaelcasanova\/wp-json\/wp\/v2\/pages\/534\/revisions"}],"predecessor-version":[{"id":11716,"href":"https:\/\/agora.xtec.cat\/iesrafaelcasanova\/wp-json\/wp\/v2\/pages\/534\/revisions\/11716"}],"up":[{"embeddable":true,"href":"https:\/\/agora.xtec.cat\/iesrafaelcasanova\/wp-json\/wp\/v2\/pages\/526"}],"wp:attachment":[{"href":"https:\/\/agora.xtec.cat\/iesrafaelcasanova\/wp-json\/wp\/v2\/media?parent=534"}],"curies":[{"name":"wp","href":"https:\/\/api.w.org\/{rel}","templated":true}]}}