{"id":52,"date":"2014-09-17T16:58:07","date_gmt":"2014-09-17T14:58:07","guid":{"rendered":"http:\/\/agora.xtec.cat\/iesrafaelcasanova\/?page_id=52"},"modified":"2025-10-31T14:17:26","modified_gmt":"2025-10-31T13:17:26","slug":"calendari-del-curs","status":"publish","type":"page","link":"https:\/\/agora.xtec.cat\/iesrafaelcasanova\/linstitut\/calendari-del-curs\/","title":{"rendered":"Calendari del curs 2025-2026"},"content":{"rendered":"<ul>\n<li><strong>Inici de curs per a l\u2019ESO<\/strong>: Dilluns, 8 de setembre de 2025.<\/li>\n<li><strong>Inici de curs per al Batxillerat<\/strong>: Divendres, 12 de setembre de 2025.<\/li>\n<li><strong>Final de curs<\/strong>:\n<ul>\n<li>Les activitats escolars a l\u2019ESO i a 1r de Batxillerat finalitzen el 19 de juny de 2026.<\/li>\n<li>Les activitats d\u2019avaluaci\u00f3 ordin\u00e0ria de l\u2019alumnat de 2n de Batxillerat s\u2019han de programar a cada centre segons les necessitats derivades de la seva inscripci\u00f3 al procediment d\u2019acc\u00e9s als estudis universitaris.<\/li>\n<\/ul>\n<\/li>\n<li><strong>Vacances escolars i dies festius<\/strong>:\n<ul>\n<li><strong>Nadal<\/strong>: del 20 de desembre de 2025 al 7 de gener de 2026, ambd\u00f3s inclosos.<\/li>\n<li><strong>Setmana Santa<\/strong>: del 28 de mar\u00e7 al 6 d\u2019abril de 2026, ambd\u00f3s inclosos.<\/li>\n<li><strong>Festes laborals<\/strong>:\n<ul>\n<li>Dijous, 11 de setembre de 2025.<\/li>\n<li>Dilluns, 8 de desembre de 2025.<\/li>\n<li>Divendres, 1 de maig de 2026.<\/li>\n<\/ul>\n<\/li>\n<li><strong>Festes locals de Sant Boi<\/strong>:\n<ul>\n<li>Diumenge, 7 de desembre de 2025.<\/li>\n<li>Dimecres, 20 de maig de 2026.<\/li>\n<\/ul>\n<\/li>\n<li><strong>Festes de lliure disposici\u00f3<\/strong>:\n<ul>\n<li>Divendres, 31 d&#8217;octubre de 2025.<\/li>\n<li>Dilluns, 3 de novembre de 2025.<\/li>\n<li>Divendres, 5 de desembre de 2025.<\/li>\n<li>Dilluns 16 de febrer de 2026.<\/li>\n<li>Dilluns, 25 de maig de 2026.<\/li>\n<\/ul>\n<\/li>\n<\/ul>\n<\/li>\n<\/ul>\n<ul>\n<li><strong>Darreres dues setmanes del curs 2025-2026:<\/strong>\n<ul>\n<li>D\u2019acord amb l&#8217;ORDRE EDF\/72\/2025, de 15 de maig, per la qual s\u2019estableix el calendari escolar del curs 2025-2026 per als centres educatius no universitaris de Catalunya, el Consell Escolar ha aprovat per unanimitat reduir una hora di\u00e0ria a partir del dia 8 de juny de 2026. Per tant, a partir del dilluns 8 de juny de 2026, incl\u00f2s, l&#8217;alumnat finalitzar\u00e0 les classes a les 13:45 hores.<\/li>\n<\/ul>\n<\/li>\n<\/ul>\n<p><strong>REFER\u00c8NCIES<\/strong><\/p>\n<ul>\n<li>Ordre EDF\/72\/2025, de 15 de maig, per la qual s\u2019estableix el calendari escolar del curs 2025-2026 per als centres educatius no universitaris de Catalunya (DOGC n\u00fam. 9417 de 21.5.2025).<\/li>\n<li>Calendari oficial de festes laborals i locals a Catalunya per a l\u2019any 2025 (<a href=\"https:\/\/portaldogc.gencat.cat\/utilsEADOP\/PDF\/9151\/2025340.pdf\" target=\"_blank\" rel=\"noopener\">acc\u00e9s<\/a>).<\/li>\n<li>Calendari oficial de festes laborals i locals a Catalunya per a l\u2019any 2026 (<a href=\"https:\/\/portaljuridic.gencat.cat\/ca\/detalls\/noticia\/calendari_festes_laborals_catalunya_2026\">acc\u00e9s<\/a>).<\/li>\n<\/ul>\n","protected":false},"excerpt":{"rendered":"<ul>\n<li>Inici de curs per a l\u2019ESO: Dilluns, 8 de setembre de 2025.<\/li>\n<li>Inici de curs per al Batxillerat: Divendres, 12 de setembre de 2025.<\/li>\n<li>Final de curs:\n<ul>\n<li>Les activitats escolars a l\u2019ESO i a 1r de Batxillerat finalitzen el 19 de juny de 2026.<\/li>\n<li>Les activitats d\u2019avaluaci\u00f3 ordin\u00e0ria de&hellip;  <a href=\"https:\/\/agora.xtec.cat\/iesrafaelcasanova\/linstitut\/calendari-del-curs\/\" title=\"Read Calendari del curs 2025-2026\">Llegeix m\u00e9s\u00bb<\/a><br \/>\n","protected":false},"author":1,"featured_media":0,"parent":19,"menu_order":50,"comment_status":"closed","ping_status":"closed","template":"page-templates\/side-menu.php","meta":{"_bbp_topic_count":0,"_bbp_reply_count":0,"_bbp_total_topic_count":0,"_bbp_total_reply_count":0,"_bbp_voice_count":0,"_bbp_anonymous_reply_count":0,"_bbp_topic_count_hidden":0,"_bbp_reply_count_hidden":0,"_bbp_forum_subforum_count":0,"footnotes":""},"class_list":["post-52","page","type-page","status-publish","hentry"],"post_mailing_queue_ids":[],"_links":{"self":[{"href":"https:\/\/agora.xtec.cat\/iesrafaelcasanova\/wp-json\/wp\/v2\/pages\/52","targetHints":{"allow":["GET"]}}],"collection":[{"href":"https:\/\/agora.xtec.cat\/iesrafaelcasanova\/wp-json\/wp\/v2\/pages"}],"about":[{"href":"https:\/\/agora.xtec.cat\/iesrafaelcasanova\/wp-json\/wp\/v2\/types\/page"}],"author":[{"embeddable":true,"href":"https:\/\/agora.xtec.cat\/iesrafaelcasanova\/wp-json\/wp\/v2\/users\/1"}],"replies":[{"embeddable":true,"href":"https:\/\/agora.xtec.cat\/iesrafaelcasanova\/wp-json\/wp\/v2\/comments?post=52"}],"version-history":[{"count":6,"href":"https:\/\/agora.xtec.cat\/iesrafaelcasanova\/wp-json\/wp\/v2\/pages\/52\/revisions"}],"predecessor-version":[{"id":11834,"href":"https:\/\/agora.xtec.cat\/iesrafaelcasanova\/wp-json\/wp\/v2\/pages\/52\/revisions\/11834"}],"up":[{"embeddable":true,"href":"https:\/\/agora.xtec.cat\/iesrafaelcasanova\/wp-json\/wp\/v2\/pages\/19"}],"wp:attachment":[{"href":"https:\/\/agora.xtec.cat\/iesrafaelcasanova\/wp-json\/wp\/v2\/media?parent=52"}],"curies":[{"name":"wp","href":"https:\/\/api.w.org\/{rel}","templated":true}]}}