{"id":474,"date":"2018-07-09T08:59:31","date_gmt":"2018-07-09T06:59:31","guid":{"rendered":"http:\/\/agora.xtec.cat\/iesrafaelcasanova\/?page_id=474"},"modified":"2023-07-24T10:29:49","modified_gmt":"2023-07-24T08:29:49","slug":"escoltam","status":"publish","type":"page","link":"https:\/\/agora.xtec.cat\/iesrafaelcasanova\/3-projectes-del-centre\/escoltam\/","title":{"rendered":"Escolta&#8217;m"},"content":{"rendered":"<div style=\"text-align: justify;\">\n<p><img decoding=\"async\" class=\"aligncenter\" src=\"http:\/\/serveiseducatius.xtec.cat\/vallesoccidental8\/wp-content\/uploads\/usu1103\/2016\/09\/escoltam.jpg\" alt=\"Resultat d'imatges de projecte escolta'm\" \/><\/p>\n<p style=\"text-align: center;\"><em>Foto: ICE UB<\/em><\/p>\n<p>L&#8217; <a href=\"http:\/\/www.gencat.cat\/benestarsocialifamilia\/publica\/butlletiDGAIA\/num51\/projecte_escoltam.htm\">Escolta&#8217;m<\/a> \u00e9s un projecte de tutoria individualitzada que est\u00e0 emmarcat en el PAT (Pla d&#8217;Acci\u00f3 Tutorial). Vam iniciar aquest projecte l\u2019any 2011-2012 i a hores d&#8217;ara hi participa tot l&#8217;alumnat d&#8217;ESO. Consisteix en qu\u00e8, de manera rotat\u00f2ria, grups de 3 o 4 alumnes fan conversa de forma lliure amb el tutor o la tutora amb la finalitat de crear un espai de confian\u00e7a i vinculaci\u00f3. L&#8217;objectiu \u00e9s millorar la conviv\u00e8ncia a l&#8217;aula i, en general, al centre educatiu i millorar els aprenentatges de l&#8217;alumnat.<\/p>\n<p><strong>Professora responsable del projecte: Anna Llop.<\/strong><\/p>\n<\/div>\n","protected":false},"excerpt":{"rendered":"<p>Foto: ICE UB<br \/>\nL&#8217; <a href=\"http:\/\/www.gencat.cat\/benestarsocialifamilia\/publica\/butlletiDGAIA\/num51\/projecte_escoltam.htm\">Escolta&#8217;m<\/a> \u00e9s un projecte de tutoria individualitzada que est\u00e0 emmarcat en el PAT (Pla d&#8217;Acci\u00f3 Tutorial). Vam iniciar aquest projecte l\u2019any 2011-2012 i a hores d&#8217;ara hi participa tot l&#8217;alumnat d&#8217;ESO. Consisteix en qu\u00e8, de manera rotat\u00f2ria, grups de 3 o&hellip;  <a href=\"https:\/\/agora.xtec.cat\/iesrafaelcasanova\/3-projectes-del-centre\/escoltam\/\" title=\"Read Escolta&#8217;m\">Llegeix m\u00e9s\u00bb<\/a><\/p>\n","protected":false},"author":1,"featured_media":0,"parent":427,"menu_order":80,"comment_status":"closed","ping_status":"closed","template":"","meta":{"_bbp_topic_count":0,"_bbp_reply_count":0,"_bbp_total_topic_count":0,"_bbp_total_reply_count":0,"_bbp_voice_count":0,"_bbp_anonymous_reply_count":0,"_bbp_topic_count_hidden":0,"_bbp_reply_count_hidden":0,"_bbp_forum_subforum_count":0,"footnotes":""},"class_list":["post-474","page","type-page","status-publish","hentry"],"post_mailing_queue_ids":[],"_links":{"self":[{"href":"https:\/\/agora.xtec.cat\/iesrafaelcasanova\/wp-json\/wp\/v2\/pages\/474","targetHints":{"allow":["GET"]}}],"collection":[{"href":"https:\/\/agora.xtec.cat\/iesrafaelcasanova\/wp-json\/wp\/v2\/pages"}],"about":[{"href":"https:\/\/agora.xtec.cat\/iesrafaelcasanova\/wp-json\/wp\/v2\/types\/page"}],"author":[{"embeddable":true,"href":"https:\/\/agora.xtec.cat\/iesrafaelcasanova\/wp-json\/wp\/v2\/users\/1"}],"replies":[{"embeddable":true,"href":"https:\/\/agora.xtec.cat\/iesrafaelcasanova\/wp-json\/wp\/v2\/comments?post=474"}],"version-history":[{"count":3,"href":"https:\/\/agora.xtec.cat\/iesrafaelcasanova\/wp-json\/wp\/v2\/pages\/474\/revisions"}],"predecessor-version":[{"id":9773,"href":"https:\/\/agora.xtec.cat\/iesrafaelcasanova\/wp-json\/wp\/v2\/pages\/474\/revisions\/9773"}],"up":[{"embeddable":true,"href":"https:\/\/agora.xtec.cat\/iesrafaelcasanova\/wp-json\/wp\/v2\/pages\/427"}],"wp:attachment":[{"href":"https:\/\/agora.xtec.cat\/iesrafaelcasanova\/wp-json\/wp\/v2\/media?parent=474"}],"curies":[{"name":"wp","href":"https:\/\/api.w.org\/{rel}","templated":true}]}}