{"id":470,"date":"2018-07-09T08:58:44","date_gmt":"2018-07-09T06:58:44","guid":{"rendered":"http:\/\/agora.xtec.cat\/iesrafaelcasanova\/?page_id=470"},"modified":"2026-04-20T09:55:54","modified_gmt":"2026-04-20T07:55:54","slug":"pla-lector","status":"publish","type":"page","link":"https:\/\/agora.xtec.cat\/iesrafaelcasanova\/pla-lector\/","title":{"rendered":"Pla Lector del Centre (PLEC) i Biblioteca"},"content":{"rendered":"<p>El PLA LECTOR del centre es va iniciar el curs 2009-2010 amb el curs de 1r d\u2019ESO. Aquest primer PLA LECTOR pretenia despertar el gust per la lectura (GULE) dedicant 30\u2019 de la lectura preferida pel nostre alumnat.<\/p>\n<p>Avui, 15 anys despr\u00e9s, la comissi\u00f3 biblioteca es planteja nous reptes, destacant:<\/p>\n<ul>\n<li>Mantindre el GULE els 30\u2019 diaris creant espais de di\u00e0leg, recomanacions lectores i espais de creativitat.<\/li>\n<li>Revisar, modificar i ampliar el nostre PLA LECTOR.<\/li>\n<li>Crear un espai agradable de lectura, escriptura i creativitat, on tothom pugui desenvolupar la seva imaginaci\u00f3 i viure milers de vides en una sola. Per a portar a terme aquest objectiu, estem fent una gran neteja, una nova distribuci\u00f3 d\u2019espais i una bona esporga.<\/li>\n<li>Actualitzar el nostre cat\u00e0leg de pr\u00e9stec, passant d\u2019Ep\u00e8rgam a Polaris.<\/li>\n<\/ul>\n<p style=\"text-align: justify;\"><img loading=\"lazy\" decoding=\"async\" class=\"alignnone wp-image-622 aligncenter\" src=\"http:\/\/agora.xtec.cat\/iesrafaelcasanova\/wp-content\/uploads\/usu156\/2018\/07\/Biblioteca.jpg\" alt=\"\" width=\"493\" height=\"493\" srcset=\"https:\/\/agora.xtec.cat\/iesrafaelcasanova\/wp-content\/uploads\/usu156\/2018\/07\/Biblioteca.jpg 926w, https:\/\/agora.xtec.cat\/iesrafaelcasanova\/wp-content\/uploads\/usu156\/2018\/07\/Biblioteca-150x150.jpg 150w, https:\/\/agora.xtec.cat\/iesrafaelcasanova\/wp-content\/uploads\/usu156\/2018\/07\/Biblioteca-300x300.jpg 300w, https:\/\/agora.xtec.cat\/iesrafaelcasanova\/wp-content\/uploads\/usu156\/2018\/07\/Biblioteca-768x768.jpg 768w\" sizes=\"auto, (max-width: 493px) 100vw, 493px\" \/><\/p>\n<p>En aquest espai s\u2019han de respectar les seg\u00fcents <strong>normes<\/strong>:<\/p>\n<ul>\n<li aria-level=\"1\">A la biblioteca s\u2019ha d\u2019estar en <strong>silenci<\/strong> i mantenir un ambient d\u2019estudi i treball.<\/li>\n<li aria-level=\"1\">S\u2019ha de respectar l\u2019espai, el mobiliari i els llibres.<\/li>\n<li aria-level=\"1\">No est\u00e0 perm\u00e8s ni menjar, ni beure.<\/li>\n<li aria-level=\"1\">S\u2019han de deixar les cadires ben posades.<\/li>\n<li aria-level=\"1\">El pr\u00e9stec es fa nom\u00e9s a les hores del pati.<\/li>\n<li aria-level=\"1\">\u00c9s imprescindible apuntar-se al full d\u2019assist\u00e8ncia.<\/li>\n<li aria-level=\"1\">Els llibres prestats s\u2019han de retornar al responsable de la biblioteca.<\/li>\n<li aria-level=\"1\">Els llibres que consulteu a la biblioteca s\u2019han de retornar a la capsa.<\/li>\n<\/ul>\n<p>&nbsp;<\/p>\n<p><strong>Horari d\u2019obertura (curs 2025 &#8211; 2026)<\/strong><\/p>\n<ul>\n<li style=\"list-style-type: none;\">\n<ul>\n<li aria-level=\"2\">Dimarts i dijous: 3r i 4t d\u00b4ESO<\/li>\n<li aria-level=\"2\">Dimecres i divendres: 1r i 2n d\u00b4 ESO<\/li>\n<li aria-level=\"2\">Batxillerat pot accedir tots els dies.<\/li>\n<\/ul>\n<\/li>\n<\/ul>\n<p><strong>Comissi\u00f3 de biblioteca:<\/strong> Silveria Mart\u00ednez, Victoria Moreno, Marisa Yuste, Eva Baza, Nerea M\u00e9ndez, Alberto Losilla, Cristina Armario, Antonia Vera, Cristina Mart\u00ednez, Anna Baginska.<\/p>\n","protected":false},"excerpt":{"rendered":"<p>El PLA LECTOR del centre es va iniciar el curs 2009-2010 amb el curs de 1r d\u2019ESO. Aquest primer PLA LECTOR pretenia despertar el gust per la lectura (GULE) dedicant 30\u2019 de la lectura preferida pel nostre alumnat.<br \/>\nAvui, 15 anys despr\u00e9s, la comissi\u00f3 biblioteca es&hellip;  <a href=\"https:\/\/agora.xtec.cat\/iesrafaelcasanova\/pla-lector\/\" title=\"Read Pla Lector del Centre (PLEC) i Biblioteca\">Llegeix m\u00e9s\u00bb<\/a><\/p>\n","protected":false},"author":1,"featured_media":0,"parent":0,"menu_order":140,"comment_status":"closed","ping_status":"closed","template":"","meta":{"_bbp_topic_count":0,"_bbp_reply_count":0,"_bbp_total_topic_count":0,"_bbp_total_reply_count":0,"_bbp_voice_count":0,"_bbp_anonymous_reply_count":0,"_bbp_topic_count_hidden":0,"_bbp_reply_count_hidden":0,"_bbp_forum_subforum_count":0,"footnotes":""},"class_list":["post-470","page","type-page","status-publish","hentry"],"post_mailing_queue_ids":[],"_links":{"self":[{"href":"https:\/\/agora.xtec.cat\/iesrafaelcasanova\/wp-json\/wp\/v2\/pages\/470","targetHints":{"allow":["GET"]}}],"collection":[{"href":"https:\/\/agora.xtec.cat\/iesrafaelcasanova\/wp-json\/wp\/v2\/pages"}],"about":[{"href":"https:\/\/agora.xtec.cat\/iesrafaelcasanova\/wp-json\/wp\/v2\/types\/page"}],"author":[{"embeddable":true,"href":"https:\/\/agora.xtec.cat\/iesrafaelcasanova\/wp-json\/wp\/v2\/users\/1"}],"replies":[{"embeddable":true,"href":"https:\/\/agora.xtec.cat\/iesrafaelcasanova\/wp-json\/wp\/v2\/comments?post=470"}],"version-history":[{"count":6,"href":"https:\/\/agora.xtec.cat\/iesrafaelcasanova\/wp-json\/wp\/v2\/pages\/470\/revisions"}],"predecessor-version":[{"id":12068,"href":"https:\/\/agora.xtec.cat\/iesrafaelcasanova\/wp-json\/wp\/v2\/pages\/470\/revisions\/12068"}],"wp:attachment":[{"href":"https:\/\/agora.xtec.cat\/iesrafaelcasanova\/wp-json\/wp\/v2\/media?parent=470"}],"curies":[{"name":"wp","href":"https:\/\/api.w.org\/{rel}","templated":true}]}}