{"id":468,"date":"2018-07-09T08:58:25","date_gmt":"2018-07-09T06:58:25","guid":{"rendered":"http:\/\/agora.xtec.cat\/iesrafaelcasanova\/?page_id=468"},"modified":"2023-07-24T10:29:00","modified_gmt":"2023-07-24T08:29:00","slug":"delf-scolaire","status":"publish","type":"page","link":"https:\/\/agora.xtec.cat\/iesrafaelcasanova\/3-projectes-del-centre\/delf-scolaire\/","title":{"rendered":"DELF scolaire"},"content":{"rendered":"<p><a href=\"http:\/\/agora.xtec.cat\/iesrafaelcasanova\/wp-content\/uploads\/usu156\/2018\/07\/CIEP-DELF-scolaire.png\"><img loading=\"lazy\" decoding=\"async\" class=\"wp-image-638 aligncenter\" src=\"http:\/\/agora.xtec.cat\/iesrafaelcasanova\/wp-content\/uploads\/usu156\/2018\/07\/CIEP-DELF-scolaire.png\" alt=\"\" width=\"510\" height=\"508\" srcset=\"https:\/\/agora.xtec.cat\/iesrafaelcasanova\/wp-content\/uploads\/usu156\/2018\/07\/CIEP-DELF-scolaire.png 909w, https:\/\/agora.xtec.cat\/iesrafaelcasanova\/wp-content\/uploads\/usu156\/2018\/07\/CIEP-DELF-scolaire-150x150.png 150w, https:\/\/agora.xtec.cat\/iesrafaelcasanova\/wp-content\/uploads\/usu156\/2018\/07\/CIEP-DELF-scolaire-300x300.png 300w, https:\/\/agora.xtec.cat\/iesrafaelcasanova\/wp-content\/uploads\/usu156\/2018\/07\/CIEP-DELF-scolaire-768x765.png 768w\" sizes=\"auto, (max-width: 510px) 100vw, 510px\" \/><\/a><\/p>\n<p style=\"text-align: justify;\">El\u00a0<strong>DELF (Dipl\u00f4me d\u2019Etudes en Langue Fran\u00e7aise)<\/strong>\u00a0i el\u00a0<strong>DALF (Dipl\u00f4me Approfondi de Langue Fran\u00e7aise)<\/strong>\u00a0s\u00f3n diplomes oficials de llengua francesa atorgats pel\u00a0Minist\u00e8re de l&#8217;\u00c9ducation Nationale franc\u00e8s\u00a0i dissenyats seguint les directrius del Marc Com\u00fa de Refer\u00e8ncia per les Lleng\u00fces. S\u00f3n diplomes reconeguts internacionalment i tenen una validesa permanent.<\/p>\n<p style=\"text-align: justify;\">Des del curs 2017-2018, el\u00a0seminari de franc\u00e8s prepara l&#8217;alumnat de l&#8217;institut Rafael Casanova\u00a0per presentar-se a l&#8217;examen del <a href=\"https:\/\/www.delfscolaire.cat\/\">DELF scolaire<\/a>, una prova en qu\u00e8 s&#8217;avaluen les quatre destresses de comunicaci\u00f3: comprensi\u00f3 i expressi\u00f3 oral, comprensi\u00f3 i expressi\u00f3 escrita. Des de llavors, hem presentat alumnes a diferents ex\u00e0mens, majorit\u00e0riament al DELF A2 i DELF B1, per\u00f2 tamb\u00e9 al DELF B2 i al DALF C1, obtenint en totes les edicions un 100 % d&#8217;aprovats.<\/p>\n<p><strong>Professora responsable: Vicky Santolaria.<\/strong><\/p>\n<div><\/div>\n","protected":false},"excerpt":{"rendered":"<p><a href=\"http:\/\/agora.xtec.cat\/iesrafaelcasanova\/wp-content\/uploads\/usu156\/2018\/07\/CIEP-DELF-scolaire.png\"><\/a><br \/>\nEl\u00a0DELF (Dipl\u00f4me d\u2019Etudes en Langue Fran\u00e7aise)\u00a0i el\u00a0DALF (Dipl\u00f4me Approfondi de Langue Fran\u00e7aise)\u00a0s\u00f3n diplomes oficials de llengua francesa atorgats pel\u00a0Minist\u00e8re de l&#8217;\u00c9ducation Nationale franc\u00e8s\u00a0i dissenyats seguint les directrius del Marc Com\u00fa de Refer\u00e8ncia per les Lleng\u00fces. S\u00f3n diplomes reconeguts internacionalment i tenen una validesa permanent.<br \/>\nDes&hellip;  <a href=\"https:\/\/agora.xtec.cat\/iesrafaelcasanova\/3-projectes-del-centre\/delf-scolaire\/\" title=\"Read DELF scolaire\">Llegeix m\u00e9s\u00bb<\/a><\/p>\n","protected":false},"author":1,"featured_media":0,"parent":427,"menu_order":70,"comment_status":"closed","ping_status":"closed","template":"","meta":{"_bbp_topic_count":0,"_bbp_reply_count":0,"_bbp_total_topic_count":0,"_bbp_total_reply_count":0,"_bbp_voice_count":0,"_bbp_anonymous_reply_count":0,"_bbp_topic_count_hidden":0,"_bbp_reply_count_hidden":0,"_bbp_forum_subforum_count":0,"footnotes":""},"class_list":["post-468","page","type-page","status-publish","hentry"],"post_mailing_queue_ids":[],"_links":{"self":[{"href":"https:\/\/agora.xtec.cat\/iesrafaelcasanova\/wp-json\/wp\/v2\/pages\/468","targetHints":{"allow":["GET"]}}],"collection":[{"href":"https:\/\/agora.xtec.cat\/iesrafaelcasanova\/wp-json\/wp\/v2\/pages"}],"about":[{"href":"https:\/\/agora.xtec.cat\/iesrafaelcasanova\/wp-json\/wp\/v2\/types\/page"}],"author":[{"embeddable":true,"href":"https:\/\/agora.xtec.cat\/iesrafaelcasanova\/wp-json\/wp\/v2\/users\/1"}],"replies":[{"embeddable":true,"href":"https:\/\/agora.xtec.cat\/iesrafaelcasanova\/wp-json\/wp\/v2\/comments?post=468"}],"version-history":[{"count":4,"href":"https:\/\/agora.xtec.cat\/iesrafaelcasanova\/wp-json\/wp\/v2\/pages\/468\/revisions"}],"predecessor-version":[{"id":9772,"href":"https:\/\/agora.xtec.cat\/iesrafaelcasanova\/wp-json\/wp\/v2\/pages\/468\/revisions\/9772"}],"up":[{"embeddable":true,"href":"https:\/\/agora.xtec.cat\/iesrafaelcasanova\/wp-json\/wp\/v2\/pages\/427"}],"wp:attachment":[{"href":"https:\/\/agora.xtec.cat\/iesrafaelcasanova\/wp-json\/wp\/v2\/media?parent=468"}],"curies":[{"name":"wp","href":"https:\/\/api.w.org\/{rel}","templated":true}]}}