{"id":455,"date":"2018-07-09T08:56:06","date_gmt":"2018-07-09T06:56:06","guid":{"rendered":"http:\/\/agora.xtec.cat\/iesrafaelcasanova\/?page_id=455"},"modified":"2022-12-22T18:22:58","modified_gmt":"2022-12-22T17:22:58","slug":"activitats-esportives","status":"publish","type":"page","link":"https:\/\/agora.xtec.cat\/iesrafaelcasanova\/3-projectes-del-centre\/activitats-esportives\/","title":{"rendered":"Patis saludables"},"content":{"rendered":"<p style=\"text-align: center;\"><a href=\"https:\/\/agora.xtec.cat\/iesrafaelcasanova\/wp-content\/uploads\/usu156\/2018\/10\/pcee.jpg\"><img loading=\"lazy\" decoding=\"async\" class=\"alignnone size-full wp-image-1299\" src=\"https:\/\/agora.xtec.cat\/iesrafaelcasanova\/wp-content\/uploads\/usu156\/2018\/10\/pcee.jpg\" alt=\"\" width=\"354\" height=\"242\" srcset=\"https:\/\/agora.xtec.cat\/iesrafaelcasanova\/wp-content\/uploads\/usu156\/2018\/10\/pcee.jpg 354w, https:\/\/agora.xtec.cat\/iesrafaelcasanova\/wp-content\/uploads\/usu156\/2018\/10\/pcee-300x205.jpg 300w\" sizes=\"auto, (max-width: 354px) 100vw, 354px\" \/><\/a><\/p>\n<p style=\"text-align: center;\"><em>Fotografia: Pla Catal\u00e0 d&#8217;Esport a l&#8217;escola<\/em><\/p>\n<p>La necessitat d&#8217;aquest projecte va sorgir a principis del curs 2017-2018 amb la voluntat que el nostre centre colabor\u00e9s amb els objectius del Pla Catal\u00e0 d\u00b4Esport a l\u00b4escola.<\/p>\n<p>El Govern de la Generalitat de Catalunya va creure necess\u00e0ria la impulsi\u00f3 d&#8217;un\u00a0 Pla d Esport a l\u00b4escola en base a l&#8217;an\u00e0lisi d&#8217;una s\u00e8rie de circumst\u00e0ncies entre les quals podem destacar les seg\u00fcents:<\/p>\n<p>-\u00cdndex molt redu\u00eft de participaci\u00f3 de l&#8217;alumnat en l&#8217;esport escolar.<\/p>\n<p>-Increment dels h\u00e0bits sedentaris i de l&#8217;obesitat, amb una incid\u00e8ncia preocupant en la poblaci\u00f3 infantil i juvenil.<\/p>\n<p>-Demanda social creixent en mat\u00e8ria de salut i benestar.<\/p>\n<p>Per\u00f2 quins s\u00f3n els objectius d&#8217;aquest pla? Posar a l&#8217;abast de tots els alumnes de prim\u00e0ria i secund\u00e0ria la pr\u00e0ctica d&#8217;activitats f\u00edsiques i esportives, i aprofitar el gran potencial d&#8217;aquestes activitats per contribuir a la formaci\u00f3 personal i c\u00edvica dels nostres infants i joves.<\/p>\n<p>M\u00e9s concretament, podem destacar els objectius seg\u00fcents:<\/p>\n<p>-Incrementar la participaci\u00f3 en activitats f\u00edsiques i esportives de l&#8217;alumnat dels centres educatius de prim\u00e0ria i de secund\u00e0ria, amb una incid\u00e8ncia especial en el col\u00b7lectiu de noies.<\/p>\n<p>-Aprofitar el gran potencial educatiu i formatiu de les activitats f\u00edsiques i esportives, cercant la participaci\u00f3 per damunt de la competitivitat.<\/p>\n<p>-Potenciar la funci\u00f3 integradora i de cohesi\u00f3 social de l&#8217;esport escolar, facilitant l&#8217;acc\u00e9s de tots els nens i nenes a la pr\u00e0ctica esportiva escolar, i en especial dels nouvinguts.<\/p>\n<p>-Contribuir mitjan\u00e7ant la pr\u00e0ctica esportiva a la formaci\u00f3 en valors com la toler\u00e0ncia, el respecte als altres i a les regles, la confian\u00e7a en un mateix, l&#8217;esfor\u00e7 de superaci\u00f3, l&#8217;autocr\u00edtica, l&#8217;autonomia, la capacitat de decisi\u00f3, l&#8217;autogesti\u00f3, la cooperaci\u00f3, el treball en equip, entre d&#8217;altres.<\/p>\n<p>-Fomentar la pr\u00e0ctica regular d&#8217;activitats f\u00edsiques i esportives i l&#8217;adquisici\u00f3 d&#8217;h\u00e0bits saludables que contribueixin a un millor benestar.<\/p>\n<p>-Formar joves en els valors ciutadans mitjan\u00e7ant la seva participaci\u00f3 activa en la gesti\u00f3 de les activitats i\/o associacions esportives escolars de nova creaci\u00f3.<\/p>\n<p>Des del nostre Institut portem a terme aquest projecte amb la col\u00b7laboraci\u00f3 de l&#8217;alumnat de 4t ESO involucrat al &#8220;Servei comunitari&#8221;, sense la col\u00b7laboraci\u00f3 dels quals no seria possible.<\/p>\n<p><strong>Professor responsable: \u00d3scar Sevillano.<\/strong><\/p>\n<p>&nbsp;<\/p>\n","protected":false},"excerpt":{"rendered":"<p><a href=\"https:\/\/agora.xtec.cat\/iesrafaelcasanova\/wp-content\/uploads\/usu156\/2018\/10\/pcee.jpg\"><\/a><br \/>\nFotografia: Pla Catal\u00e0 d&#8217;Esport a l&#8217;escola<br \/>\nLa necessitat d&#8217;aquest projecte va sorgir a principis del curs 2017-2018 amb la voluntat que el nostre centre colabor\u00e9s amb els objectius del Pla Catal\u00e0 d\u00b4Esport a l\u00b4escola.<br \/>\nEl Govern de la Generalitat de Catalunya va creure necess\u00e0ria la impulsi\u00f3&hellip;  <a href=\"https:\/\/agora.xtec.cat\/iesrafaelcasanova\/3-projectes-del-centre\/activitats-esportives\/\" title=\"Read Patis saludables\">Llegeix m\u00e9s\u00bb<\/a><\/p>\n","protected":false},"author":1,"featured_media":0,"parent":427,"menu_order":130,"comment_status":"closed","ping_status":"closed","template":"","meta":{"_bbp_topic_count":0,"_bbp_reply_count":0,"_bbp_total_topic_count":0,"_bbp_total_reply_count":0,"_bbp_voice_count":0,"_bbp_anonymous_reply_count":0,"_bbp_topic_count_hidden":0,"_bbp_reply_count_hidden":0,"_bbp_forum_subforum_count":0,"footnotes":""},"class_list":["post-455","page","type-page","status-publish","hentry"],"post_mailing_queue_ids":[],"_links":{"self":[{"href":"https:\/\/agora.xtec.cat\/iesrafaelcasanova\/wp-json\/wp\/v2\/pages\/455","targetHints":{"allow":["GET"]}}],"collection":[{"href":"https:\/\/agora.xtec.cat\/iesrafaelcasanova\/wp-json\/wp\/v2\/pages"}],"about":[{"href":"https:\/\/agora.xtec.cat\/iesrafaelcasanova\/wp-json\/wp\/v2\/types\/page"}],"author":[{"embeddable":true,"href":"https:\/\/agora.xtec.cat\/iesrafaelcasanova\/wp-json\/wp\/v2\/users\/1"}],"replies":[{"embeddable":true,"href":"https:\/\/agora.xtec.cat\/iesrafaelcasanova\/wp-json\/wp\/v2\/comments?post=455"}],"version-history":[{"count":4,"href":"https:\/\/agora.xtec.cat\/iesrafaelcasanova\/wp-json\/wp\/v2\/pages\/455\/revisions"}],"predecessor-version":[{"id":8946,"href":"https:\/\/agora.xtec.cat\/iesrafaelcasanova\/wp-json\/wp\/v2\/pages\/455\/revisions\/8946"}],"up":[{"embeddable":true,"href":"https:\/\/agora.xtec.cat\/iesrafaelcasanova\/wp-json\/wp\/v2\/pages\/427"}],"wp:attachment":[{"href":"https:\/\/agora.xtec.cat\/iesrafaelcasanova\/wp-json\/wp\/v2\/media?parent=455"}],"curies":[{"name":"wp","href":"https:\/\/api.w.org\/{rel}","templated":true}]}}