{"id":420,"date":"2018-07-09T08:18:39","date_gmt":"2018-07-09T06:18:39","guid":{"rendered":"http:\/\/agora.xtec.cat\/iesrafaelcasanova\/?page_id=420"},"modified":"2026-02-23T13:00:48","modified_gmt":"2026-02-23T12:00:48","slug":"organigrama-2018-2019","status":"publish","type":"page","link":"https:\/\/agora.xtec.cat\/iesrafaelcasanova\/linstitut\/organigrama-2018-2019\/","title":{"rendered":"Equip hum\u00e0 (curs 2025-2026)"},"content":{"rendered":"<p><b>Equip directiu<\/b><\/p>\n<ul>\n<li><b>Direcci\u00f3<\/b>: Ariadna Daura Lujan<\/li>\n<li><b>Cap d&#8217;estudis<\/b>: Natalia Orte Castillo<\/li>\n<li><b>Secretaria<\/b>: Toni Zan\u00f3n Ferr\u00fas<\/li>\n<li><b>Coordinaci\u00f3 pedag\u00f2gica<\/b>: Cristina Armario Jurado<\/li>\n<li><b>Coordinacions d&#8217;ESO:<br \/>\n<\/b><\/li>\n<li>1r d&#8217;ESO: Ana Montero S\u00e1nchez<\/li>\n<li>2n d&#8217;ESO: Mar\u00eda Jos\u00e9 Jim\u00e9nez Reina<\/li>\n<li>3r d&#8217;ESO: \u00c1lex Mart\u00edn Torres<\/li>\n<li>4t d&#8217;ESO: Ely Estadella Marigo<\/li>\n<li><b>Coordinaci\u00f3 de Batxillerat<\/b>: Mireia Murillo Moreno<\/li>\n<li><strong>Coordinaci\u00f3 Digital:<\/strong> \u00c1lex Barrag\u00e1n Ratia<\/li>\n<\/ul>\n<ul>\n<li><strong>Coordinaci\u00f3 centre formador d&#8217;alumnat en pr\u00e0ctiques del M\u00e0ster de Secund\u00e0ria: <\/strong>Eva Baza Ruiz<\/li>\n<li><strong>Coordinaci\u00f3 de coeducaci\u00f3:<\/strong> Guillermo Rojo Dommering<\/li>\n<li><strong>Inform\u00e0tica<\/strong>: Toni Belenguer Salmer\u00f3n<\/li>\n<li><strong>P\u00e0gina web i Instagram: <\/strong>N\u00faria Masclans Man\u00e9n<\/li>\n<li><strong>Google Classroom:<\/strong> N\u00faria Masclans Man\u00e9n<\/li>\n<li><strong>Riscos laborals: <\/strong>Oriol Masip Montserrat<\/li>\n<li><strong>Farmaciola:\u00a0<\/strong>Oriol Masip Montserrat<\/li>\n<li><strong>Mediaci\u00f3:<\/strong> Ernesto Guerola Adell<\/li>\n<\/ul>\n<p><strong>Caps d&#8217;\u00e0mbit<\/strong><\/p>\n<p><strong>\u00c0MBIT CIENTIFICOTECNOL\u00d2GIC<\/strong>: Miquel Jim\u00e9nez Amaya<br \/>\n\u25cf Tecnologia: Toni Belenguer Salmer\u00f3n<br \/>\n\u25cf F\u00edsica i Qu\u00edmica: Miquel Jim\u00e9nez Amaya<br \/>\n\u25cf Ci\u00e8ncies Naturals: Dani Perals Bertomeu<\/p>\n<p><strong>\u00c0MBIT LING\u00dc\u00cdSTIC<\/strong>:<br \/>\n\u25cf Catal\u00e0: Vict\u00f2ria Moreno Vicente<br \/>\n\u25cf Castell\u00e0: Raquel Boix Bellido<\/p>\n<p><strong>\u00c0MBIT LLENG\u00dcES ESTRANGERES:<\/strong> Diana M\u00e9ntrida Garc\u00eda del Rinc\u00f3n<\/p>\n<p><strong>\u00c0MBIT ORIENTACI\u00d3:<\/strong> Ana Cruz Mart\u00ednez<\/p>\n<p><strong>\u00c0MBIT EXPRESSI\u00d3: <\/strong>Oriol Masip Montserrat<\/p>\n<p>\u25cf Visual i pl\u00e0stica: Daniel Segura Massip<br \/>\n\u25cf M\u00fasica: Maria Mart\u00ed Aguilera<br \/>\n\u25cf Educaci\u00f3 F\u00edsica: Oriol Masip Montserrat<\/p>\n<p><strong>\u00c0MBIT SOCIAL:<\/strong> Guillermo Rojo Dommering<br \/>\n<strong>\u00c0MBIT MATEM\u00c0TIC:<\/strong> Ricardo Ballester Sim\u00f3<\/p>\n<p><strong>EAP: <\/strong>Susana Sabid\u00f3 i Laia Flores<\/p>\n<p><strong>Personal no docent:<\/strong><\/p>\n<ul>\n<li><strong>Administraci\u00f3:<\/strong> Vicky Sans Hern\u00e1ndez i Xavi Mart\u00ednez Fr\u00edas<\/li>\n<li><strong>Consergeria:<\/strong> Pedro Donoso Zazo i Montse Checa Mart\u00edn<\/li>\n<li><strong>Personal de neteja:<\/strong> M. Carmen Mu\u00f1oz C\u00e1ceres<\/li>\n<li><strong>Personal de manteniment: <\/strong>Francesc Mill\u00e0s<\/li>\n<li><b>Educadora d&#8217;Educaci\u00f3 Especial (SIEI)<\/b><b>:<\/b>\u00a0Mari Carmen Acosta<\/li>\n<\/ul>\n<p>&nbsp;<\/p>\n<p><strong>Tutories:<\/strong><\/p>\n<p><b>Cal concertar entrevista pr\u00e8viament trucant al centre o deixant nota a consergeria (entre par\u00e8ntesi trobareu l&#8217;hora d&#8217;atenci\u00f3 a les fam\u00edlies)<\/b><b>.<\/b><\/p>\n<p><b>PRIMER D&#8217;ESO<\/b><\/p>\n<p><b>E11: <\/b>Xavi Esc\u00e1nez <em>(dijous de 11.45 a 12.45 h)<\/em><\/p>\n<p><b>E12: <\/b>Fanny Rusin\u00e9s <em>(dilluns de 12.45 a 13.45 h)<\/em><\/p>\n<p><b>E13: <\/b>N\u00faria Masclans <em>(dimecres de 12.45 a 13.45 h)<\/em><\/p>\n<p><b>E14: <\/b>Silveria Mart\u00ednez <em>(dilluns de 12.45 a 13.45 h)<\/em><\/p>\n<p><b>E15: <\/b>Emma Pel\u00e1ez <em>(dilluns de 12.45 a 13.45 h)<\/em><\/p>\n<p><b>E16: <\/b>Nerea M\u00e9ndez <em>(dilluns de 11.45 a 12.45 h)<\/em><\/p>\n<p><b>E17: <\/b>Marina Ponce <em>(dimecres de 12.45 a 13.45 h)<\/em><b><\/b><\/p>\n<p><b>SEGON D&#8217;ESO<\/b><\/p>\n<p><b>E21:<\/b> Carlos Juan <em>(divendres de 11.45 a 12.45 h)<\/em><\/p>\n<p><b>E22: <\/b>Eva Baza \u00a0<em>(dijous de 11.45 a 12.45 h)<\/em><\/p>\n<p><b>E23: <\/b>Ernesto Guerola <em>(dijous de 12.45 a 13.45 h)<\/em><\/p>\n<p><b>E24: <\/b>Laura Mu\u00ed\u00f1os <em>(dimecres de 09.15 a 10.15 h)<\/em><\/p>\n<p><b>E25: <\/b>Cristina Mart\u00ednez <em>(dimecres de 09.15 a 10.15 h)<\/em><\/p>\n<p><b>E26: <\/b>Albert Marc\u00e9 <em>(divendres de 09.15 a 10.15 h)<\/em><\/p>\n<p><b>E27: <\/b>Pedro L\u00f3pez <em>(dimarts de 11.45 a 12.45 h)<\/em><\/p>\n<p><b>TERCER D&#8217;ESO<\/b><\/p>\n<p><b>E31: <\/b>Lara Bag\u00e1n <em>(dilluns de 11.45 a 12.45 h)<\/em><\/p>\n<p><b>E32:<\/b> N\u00faria Conesa <em>(dilluns de 12.45 a 13.45 h)<\/em><\/p>\n<p><b>E33: <\/b>\u00c1ngel M\u00ednguez <em>(dijous de 12.45 a 13.45 h)<\/em><\/p>\n<p><b>E34: <\/b>Nieves Garrido <em>(divendres de 12.45 a 13.45 h)<\/em><\/p>\n<p><b>E35: <\/b>Pep Badia <em>(dilluns de 11.45 a 12.45 h)<\/em><\/p>\n<p><b>E36: <\/b>V\u00edctor Guirado <em>(dilluns de 11.45 a 12.45 h)<\/em><\/p>\n<p><strong>E37: <\/strong>Cristina Chalmeta <em>(dijous de 12.45 a 13.45 h)<\/em><\/p>\n<p><b>QUART D&#8217;ESO<\/b><\/p>\n<p><b>E41: <\/b>Joan Josep Pallar\u00e8s <em>(dimarts de 11.45 a 12.45 h)<\/em><\/p>\n<p><b>E42: <\/b>Germinal S\u00e1nchez <em>(dimarts de 11.45 a 12.45 h)<\/em><\/p>\n<p><b>E43: <\/b>Arnau Tamarit <em>(dimecres de 10.15 a 11.15 h)<\/em><\/p>\n<p><b>E44: <\/b>Alberto Losilla <em>(divendres de 11.45 a 12.45 h)<\/em><\/p>\n<p><b>E45: <\/b>N\u00faria T\u00fanica <em>(dimecres de 10.15 a 11.15 h)<\/em><\/p>\n<p><strong>E46: <\/strong>Vanessa Atencia <em>(divendres de 10.15 a 11.15 h)<\/em><\/p>\n<p><b>BATXILLERAT<\/b><\/p>\n<p><b>B51: <\/b>Marisa Yuste <em>(dijous de 12.45 a 13.45 h)<\/em><\/p>\n<p><b>B52: <\/b>Raquel Boix <em>(dimecres de 09.15 a 10.15 h)<\/em><\/p>\n<p><strong>B53: <\/strong>Renzo Cicutto <em>(divendres de 10.15 a 11.15 h)<\/em><\/p>\n<p><strong>B61: <\/strong>Eddie Hern\u00e1ndez <em>(dimecres de 11.45 a 12.45 h)<\/em><\/p>\n<p><b>B62: <\/b>Olga Ruiz <em>(dimecres de 11.45 a 12.45 h)<\/em><\/p>\n<p>&nbsp;<\/p>\n<p><b>Aula d&#8217;acollida:<\/b> Georgina Lamiel <em>(dijous de 11.45 a 12.45 h)<\/em><\/p>\n<p><strong>SIEI:<\/strong> N\u00faria Mimbrero <em>(dijous de 11.45 a 12.45 h)<\/em><\/p>\n<p>&nbsp;<\/p>\n<p><strong>Atenci\u00f3: per con\u00e8ixer el nom de tot el professorat que forma part del nostre centre educatiu, consulteu l&#8217;apartat &#8220;Departaments did\u00e0ctics&#8221;.<\/strong><\/p>\n","protected":false},"excerpt":{"rendered":"<p>Equip directiu<\/p>\n<ul>\n<li>Direcci\u00f3: Ariadna Daura Lujan<\/li>\n<li>Cap d&#8217;estudis: Natalia Orte Castillo<\/li>\n<li>Secretaria: Toni Zan\u00f3n Ferr\u00fas<\/li>\n<li>Coordinaci\u00f3 pedag\u00f2gica: Cristina Armario Jurado<\/li>\n<li>Coordinacions d&#8217;ESO:\n<\/li>\n<li>1r d&#8217;ESO: Ana Montero S\u00e1nchez<\/li>\n<li>2n d&#8217;ESO: Mar\u00eda Jos\u00e9 Jim\u00e9nez Reina<\/li>\n<li>3r d&#8217;ESO: \u00c1lex Mart\u00edn Torres<\/li>\n<li>4t d&#8217;ESO: Ely Estadella Marigo<\/li>\n<li>Coordinaci\u00f3 de Batxillerat: Mireia Murillo Moreno<\/li>\n<li>Coordinaci\u00f3 Digital: \u00c1lex Barrag\u00e1n Ratia<\/li>\n<\/ul>\n<ul>\n<li>Coordinaci\u00f3 centre formador&hellip;  <a href=\"https:\/\/agora.xtec.cat\/iesrafaelcasanova\/linstitut\/organigrama-2018-2019\/\" title=\"Read Equip hum\u00e0 (curs 2025-2026)\">Llegeix m\u00e9s\u00bb<\/a><br \/>\n","protected":false},"author":1,"featured_media":0,"parent":19,"menu_order":60,"comment_status":"closed","ping_status":"closed","template":"page-templates\/side-menu.php","meta":{"_bbp_topic_count":0,"_bbp_reply_count":0,"_bbp_total_topic_count":0,"_bbp_total_reply_count":0,"_bbp_voice_count":0,"_bbp_anonymous_reply_count":0,"_bbp_topic_count_hidden":0,"_bbp_reply_count_hidden":0,"_bbp_forum_subforum_count":0,"footnotes":""},"class_list":["post-420","page","type-page","status-publish","hentry"],"post_mailing_queue_ids":[],"_links":{"self":[{"href":"https:\/\/agora.xtec.cat\/iesrafaelcasanova\/wp-json\/wp\/v2\/pages\/420","targetHints":{"allow":["GET"]}}],"collection":[{"href":"https:\/\/agora.xtec.cat\/iesrafaelcasanova\/wp-json\/wp\/v2\/pages"}],"about":[{"href":"https:\/\/agora.xtec.cat\/iesrafaelcasanova\/wp-json\/wp\/v2\/types\/page"}],"author":[{"embeddable":true,"href":"https:\/\/agora.xtec.cat\/iesrafaelcasanova\/wp-json\/wp\/v2\/users\/1"}],"replies":[{"embeddable":true,"href":"https:\/\/agora.xtec.cat\/iesrafaelcasanova\/wp-json\/wp\/v2\/comments?post=420"}],"version-history":[{"count":6,"href":"https:\/\/agora.xtec.cat\/iesrafaelcasanova\/wp-json\/wp\/v2\/pages\/420\/revisions"}],"predecessor-version":[{"id":11985,"href":"https:\/\/agora.xtec.cat\/iesrafaelcasanova\/wp-json\/wp\/v2\/pages\/420\/revisions\/11985"}],"up":[{"embeddable":true,"href":"https:\/\/agora.xtec.cat\/iesrafaelcasanova\/wp-json\/wp\/v2\/pages\/19"}],"wp:attachment":[{"href":"https:\/\/agora.xtec.cat\/iesrafaelcasanova\/wp-json\/wp\/v2\/media?parent=420"}],"curies":[{"name":"wp","href":"https:\/\/api.w.org\/{rel}","templated":true}]}}