{"id":3069,"date":"2019-07-26T12:34:23","date_gmt":"2019-07-26T10:34:23","guid":{"rendered":"http:\/\/agora.xtec.cat\/iesrafaelcasanova\/?page_id=3069"},"modified":"2025-12-18T09:54:14","modified_gmt":"2025-12-18T08:54:14","slug":"grup-dexperimentacio-per-al-plurilinguisme-gep","status":"publish","type":"page","link":"https:\/\/agora.xtec.cat\/iesrafaelcasanova\/3-projectes-del-centre\/grup-dexperimentacio-per-al-plurilinguisme-gep\/","title":{"rendered":"Projectes Europeus"},"content":{"rendered":"<p style=\"text-align: center;\"><a href=\"https:\/\/agora.xtec.cat\/iesrafaelcasanova\/wp-content\/uploads\/usu156\/2023\/07\/CETE.jpg\"><br \/>\n<img loading=\"lazy\" decoding=\"async\" class=\"wp-image-9768 alignleft\" src=\"https:\/\/agora.xtec.cat\/iesrafaelcasanova\/wp-content\/uploads\/usu156\/2023\/07\/CETE.jpg\" alt=\"\" width=\"166\" height=\"152\" srcset=\"https:\/\/agora.xtec.cat\/iesrafaelcasanova\/wp-content\/uploads\/usu156\/2023\/07\/CETE.jpg 834w, https:\/\/agora.xtec.cat\/iesrafaelcasanova\/wp-content\/uploads\/usu156\/2023\/07\/CETE-300x275.jpg 300w, https:\/\/agora.xtec.cat\/iesrafaelcasanova\/wp-content\/uploads\/usu156\/2023\/07\/CETE-768x704.jpg 768w\" sizes=\"auto, (max-width: 166px) 100vw, 166px\" \/><\/a><\/p>\n<p align=\"justify\"><span style=\"font-family: Arial, sans-serif;\">L\u2019Institut Rafael Casanova participa<\/span><span style=\"font-family: Arial, sans-serif;\">\u00a0activament en el <\/span><span style=\"font-family: Arial, sans-serif;\"><b>Projecte GEP<\/b><\/span><span style=\"font-family: Arial, sans-serif;\"> des del curs 2019. El GEP (Generaci\u00f3 Pluriling\u00fce) \u00e9s un programa d\u2019innovaci\u00f3 edu<\/span><span style=\"font-family: Arial, sans-serif;\">ca<\/span><span style=\"font-family: Arial, sans-serif;\">tiva que promou<\/span><span style=\"font-family: Arial, sans-serif;\"><span style=\"font-size: medium;\"> l\u2019increment del temps d\u2019exposici\u00f3 de l\u2019alumnat a les lleng\u00fces estrangeres curriculars <\/span><\/span><span style=\"font-family: Arial, sans-serif;\"><span style=\"font-size: medium;\">(en aquest cas l&#8217;angl\u00e8s). Al nostre centre ho fem des de diferents mat\u00e8ries (Ci\u00e8ncies Naturals i Educaci\u00f3 F\u00edsica des de l&#8217;inici, a les quals s&#8217;hi han afegit darrerament M\u00fasica i Ci\u00e8ncies Socials) <\/span><\/span><span style=\"font-family: Arial, sans-serif;\"><span style=\"font-size: medium;\">a tots els nivells d\u2019ESO i primer de Batxillerat, aplicant a l\u2019aula metodologies per l\u2019aprenentatge integrat de continguts i llengua estrangera (AICLE).<\/span><\/span><\/p>\n<p align=\"justify\"><span style=\"color: #333333;\"><span style=\"font-family: Arial, sans-serif;\"><span style=\"font-size: medium;\">La finalitat d\u2019aquest programa \u00e9s millorar la compet\u00e8ncia en lleng\u00fces estrangeres de l\u2019alumnat, afavorint el seu creixement acad\u00e8mic i posterior inserci\u00f3 laboral, i capacitant-lo per interactuar amb el m\u00f3n en diverses lleng\u00fces i de manera cr\u00edtica.<\/span><\/span><\/span><\/p>\n<p align=\"justify\"><span style=\"font-family: Arial, sans-serif;\"><span style=\"font-size: medium;\"><span style=\"color: #333333;\">P<\/span><span style=\"color: #333333;\">er aquest motiu, <\/span><span style=\"color: #333333;\">seguim treballant<\/span><span style=\"color: #333333;\"> per aconseguir els nostres objectiu<\/span><span style=\"color: #333333;\">s.<\/span><span style=\"color: #333333;\"> Aquest curs 2025-2026, <\/span><span style=\"color: #333333;\">l\u2019institut Rafael Casanova<\/span><span style=\"color: #333333;\"> ha estat seleccionat per participar <\/span><span style=\"color: #333333;\">en un pla de millora subvencionat per la UE per desenvolupar els objectius de l\u2019acreditaci\u00f3 <\/span><span style=\"color: #333333;\"><b>Erasmus + <\/b><\/span><span style=\"color: #333333;\">en l\u2019\u00e0mbit escolar.<\/span><b> <\/b><span style=\"color: #333333;\">La finalitat ser\u00e0 incorporar noves metodologies i estrat\u00e8gies amb atenci\u00f3 a les nostres necessitats educatives mitjan\u00e7ant l\u2019observaci\u00f3 i coordinaci\u00f3 amb altres centres de la UE.<\/span><\/span><\/span><\/p>\n<p align=\"justify\"><span style=\"font-family: Arial, sans-serif;\"><span style=\"font-size: medium;\"><span style=\"color: #333333;\">C<\/span><span style=\"color: #333333;\">om a centre, volem que cada recurs que s\u2019ofereix al nostre alumnat sigui per fomentar l\u2019exposici\u00f3 a les lleng\u00fces estrangeres amb un aprenentatge col\u00b7laboratiu i significatiu.<\/span><\/span><\/span><\/p>\n<p align=\"center\"><span style=\"color: #333333;\"><span style=\"font-family: Arial, sans-serif;\"><span style=\"font-size: medium;\"><b>LET\u2019S KEEP WORKING FOR OUR STUDENTS!<\/b><\/span><\/span><\/span><\/p>\n<p style=\"text-align: left;\" align=\"center\"><strong>Professorat responsable del projecte: Mar\u00eda Jos\u00e9 Jim\u00e9nez, Ariadna Daura i Dani Perals.<\/strong><\/p>\n<p style=\"text-align: left;\" align=\"center\"><a href=\"https:\/\/sites.google.com\/xtec.cat\/languageprojectsinsrc?usp=sharing\">Aqu\u00ed<\/a> podeu veure els projectes europeus que estem fent amb el nostre alumnat en aquests moments.<\/p>\n<p style=\"text-align: left;\" align=\"center\">Teniu a la vostra disposici\u00f3 l&#8217;adre\u00e7a <strong>ceteplus@insrafaelcasanova.cat<\/strong> per qualsevol consulta.<\/p>\n<p style=\"text-align: left;\" align=\"center\"><a href=\"https:\/\/sites.google.com\/xtec.cat\/languageprojectsinsrc?usp=sharing\"><img loading=\"lazy\" decoding=\"async\" class=\"alignnone size-large wp-image-11900\" src=\"https:\/\/agora.xtec.cat\/iesrafaelcasanova\/wp-content\/uploads\/usu156\/2025\/12\/Language-projects-1024x283.png\" alt=\"\" width=\"1024\" height=\"283\" srcset=\"https:\/\/agora.xtec.cat\/iesrafaelcasanova\/wp-content\/uploads\/usu156\/2025\/12\/Language-projects-1024x283.png 1024w, https:\/\/agora.xtec.cat\/iesrafaelcasanova\/wp-content\/uploads\/usu156\/2025\/12\/Language-projects-300x83.png 300w, https:\/\/agora.xtec.cat\/iesrafaelcasanova\/wp-content\/uploads\/usu156\/2025\/12\/Language-projects-768x212.png 768w, https:\/\/agora.xtec.cat\/iesrafaelcasanova\/wp-content\/uploads\/usu156\/2025\/12\/Language-projects-1536x424.png 1536w, https:\/\/agora.xtec.cat\/iesrafaelcasanova\/wp-content\/uploads\/usu156\/2025\/12\/Language-projects.png 1596w\" sizes=\"auto, (max-width: 1024px) 100vw, 1024px\" \/><\/a><\/p>\n","protected":false},"excerpt":{"rendered":"<p><a href=\"https:\/\/agora.xtec.cat\/iesrafaelcasanova\/wp-content\/uploads\/usu156\/2023\/07\/CETE.jpg\"><br \/>\n<\/a><br \/>\nL\u2019Institut Rafael Casanova participa\u00a0activament en el Projecte GEP des del curs 2019. El GEP (Generaci\u00f3 Pluriling\u00fce) \u00e9s un programa d\u2019innovaci\u00f3 educativa que promou l\u2019increment del temps d\u2019exposici\u00f3 de l\u2019alumnat a les lleng\u00fces estrangeres curriculars (en aquest cas l&#8217;angl\u00e8s). Al nostre centre ho fem des&hellip;  <a href=\"https:\/\/agora.xtec.cat\/iesrafaelcasanova\/3-projectes-del-centre\/grup-dexperimentacio-per-al-plurilinguisme-gep\/\" title=\"Read Projectes Europeus\">Llegeix m\u00e9s\u00bb<\/a><\/p>\n","protected":false},"author":1,"featured_media":0,"parent":427,"menu_order":115,"comment_status":"closed","ping_status":"closed","template":"","meta":{"_bbp_topic_count":0,"_bbp_reply_count":0,"_bbp_total_topic_count":0,"_bbp_total_reply_count":0,"_bbp_voice_count":0,"_bbp_anonymous_reply_count":0,"_bbp_topic_count_hidden":0,"_bbp_reply_count_hidden":0,"_bbp_forum_subforum_count":0,"footnotes":""},"class_list":["post-3069","page","type-page","status-publish","hentry"],"post_mailing_queue_ids":[],"_links":{"self":[{"href":"https:\/\/agora.xtec.cat\/iesrafaelcasanova\/wp-json\/wp\/v2\/pages\/3069","targetHints":{"allow":["GET"]}}],"collection":[{"href":"https:\/\/agora.xtec.cat\/iesrafaelcasanova\/wp-json\/wp\/v2\/pages"}],"about":[{"href":"https:\/\/agora.xtec.cat\/iesrafaelcasanova\/wp-json\/wp\/v2\/types\/page"}],"author":[{"embeddable":true,"href":"https:\/\/agora.xtec.cat\/iesrafaelcasanova\/wp-json\/wp\/v2\/users\/1"}],"replies":[{"embeddable":true,"href":"https:\/\/agora.xtec.cat\/iesrafaelcasanova\/wp-json\/wp\/v2\/comments?post=3069"}],"version-history":[{"count":6,"href":"https:\/\/agora.xtec.cat\/iesrafaelcasanova\/wp-json\/wp\/v2\/pages\/3069\/revisions"}],"predecessor-version":[{"id":11901,"href":"https:\/\/agora.xtec.cat\/iesrafaelcasanova\/wp-json\/wp\/v2\/pages\/3069\/revisions\/11901"}],"up":[{"embeddable":true,"href":"https:\/\/agora.xtec.cat\/iesrafaelcasanova\/wp-json\/wp\/v2\/pages\/427"}],"wp:attachment":[{"href":"https:\/\/agora.xtec.cat\/iesrafaelcasanova\/wp-json\/wp\/v2\/media?parent=3069"}],"curies":[{"name":"wp","href":"https:\/\/api.w.org\/{rel}","templated":true}]}}