{"id":1292,"date":"2018-10-30T12:19:32","date_gmt":"2018-10-30T11:19:32","guid":{"rendered":"http:\/\/agora.xtec.cat\/iesrafaelcasanova\/?page_id=1292"},"modified":"2022-09-29T10:10:09","modified_gmt":"2022-09-29T08:10:09","slug":"hort","status":"publish","type":"page","link":"https:\/\/agora.xtec.cat\/iesrafaelcasanova\/3-projectes-del-centre\/hort\/","title":{"rendered":"Hort"},"content":{"rendered":"<p style=\"text-align: justify;\">Durant el curs 2022-2023, l\u2019alumnat del grup E-46, conjuntament amb alumnat de la SIEI (Suport Intensiu per a l\u2019Escolaritzaci\u00f3 Inclusiva) i mitjan\u00e7ant el treball cooperatiu i vivencial, conrearan i cuidaran l&#8217;hort de l&#8217;Institut Rafael Casanova a ra\u00f3 d&#8217;entre dues i quatre hores setmanals. Tanmateix, aprendran a transmetre aprenentatges i a observar els canvis de la natura.<\/p>\n","protected":false},"excerpt":{"rendered":"<p>Durant el curs 2022-2023, l\u2019alumnat del grup E-46, conjuntament amb alumnat de la SIEI (Suport Intensiu per a l\u2019Escolaritzaci\u00f3 Inclusiva) i mitjan\u00e7ant el treball cooperatiu i vivencial, conrearan i cuidaran l&#8217;hort de l&#8217;Institut Rafael Casanova a ra\u00f3 d&#8217;entre dues i quatre hores setmanals. Tanmateix, aprendran&hellip;  <a href=\"https:\/\/agora.xtec.cat\/iesrafaelcasanova\/3-projectes-del-centre\/hort\/\" title=\"Read Hort\">Llegeix m\u00e9s\u00bb<\/a><\/p>\n","protected":false},"author":1,"featured_media":0,"parent":427,"menu_order":110,"comment_status":"closed","ping_status":"closed","template":"","meta":{"_bbp_topic_count":0,"_bbp_reply_count":0,"_bbp_total_topic_count":0,"_bbp_total_reply_count":0,"_bbp_voice_count":0,"_bbp_anonymous_reply_count":0,"_bbp_topic_count_hidden":0,"_bbp_reply_count_hidden":0,"_bbp_forum_subforum_count":0,"footnotes":""},"class_list":["post-1292","page","type-page","status-publish","hentry"],"post_mailing_queue_ids":[],"_links":{"self":[{"href":"https:\/\/agora.xtec.cat\/iesrafaelcasanova\/wp-json\/wp\/v2\/pages\/1292","targetHints":{"allow":["GET"]}}],"collection":[{"href":"https:\/\/agora.xtec.cat\/iesrafaelcasanova\/wp-json\/wp\/v2\/pages"}],"about":[{"href":"https:\/\/agora.xtec.cat\/iesrafaelcasanova\/wp-json\/wp\/v2\/types\/page"}],"author":[{"embeddable":true,"href":"https:\/\/agora.xtec.cat\/iesrafaelcasanova\/wp-json\/wp\/v2\/users\/1"}],"replies":[{"embeddable":true,"href":"https:\/\/agora.xtec.cat\/iesrafaelcasanova\/wp-json\/wp\/v2\/comments?post=1292"}],"version-history":[{"count":4,"href":"https:\/\/agora.xtec.cat\/iesrafaelcasanova\/wp-json\/wp\/v2\/pages\/1292\/revisions"}],"predecessor-version":[{"id":8501,"href":"https:\/\/agora.xtec.cat\/iesrafaelcasanova\/wp-json\/wp\/v2\/pages\/1292\/revisions\/8501"}],"up":[{"embeddable":true,"href":"https:\/\/agora.xtec.cat\/iesrafaelcasanova\/wp-json\/wp\/v2\/pages\/427"}],"wp:attachment":[{"href":"https:\/\/agora.xtec.cat\/iesrafaelcasanova\/wp-json\/wp\/v2\/media?parent=1292"}],"curies":[{"name":"wp","href":"https:\/\/api.w.org\/{rel}","templated":true}]}}