{"id":8944,"date":"2025-02-07T15:51:13","date_gmt":"2025-02-07T14:51:13","guid":{"rendered":"https:\/\/agora.xtec.cat\/iesrafaelcampalans\/?page_id=8944"},"modified":"2025-06-03T16:39:43","modified_gmt":"2025-06-03T14:39:43","slug":"politica-de-qualitat","status":"publish","type":"page","link":"https:\/\/agora.xtec.cat\/iesrafaelcampalans\/politica-de-qualitat\/","title":{"rendered":"Pol\u00edtica de Qualitat"},"content":{"rendered":"<h3 style=\"text-align: center;\"><strong>LA POL\u00cdTICA DE QUALITAT<\/strong><\/h3>\n<p><span style=\"font-weight: 400;\">A partir de la missi\u00f3 de l\u2019Institut Rafael Campalans ens comprometem, d\u2019una banda, a complir amb les disposicions legals i normatives vigents, i de l\u2019altra a treballar a partir d\u2019una planificaci\u00f3 estrat\u00e8gica basada en la consecuci\u00f3 d\u2019objectius de qualitat i regulada amb mecanismes d\u2019autoavaluaci\u00f3 que ens permetin disposar de marges de millora i optimitzaci\u00f3 dels processos.<\/span><\/p>\n<p><span style=\"font-weight: 400;\">Aix\u00ed doncs, la direcci\u00f3 de l\u2019Institut Rafael Campalans d\u2019Angl\u00e8s estableix una pol\u00edtica de centre alineada amb la qualitat que s\u2019encamina a complir amb aquesta missi\u00f3 i, alhora i sempre seguint el Projecte Educatiu de Centre (PEC), fer possible la nostra visi\u00f3: arribar a ser centre de refer\u00e8ncia, integrat en l\u2019entorn, impulsor i dinamitzador de la formaci\u00f3 en valors, i capa\u00e7 de donar resposta eficient a les necessitats dels nostres grups d\u2019inter\u00e8s \u2013l\u2019alumnat, les fam\u00edlies, el personal del centre, el teixit social, cultural i econ\u00f2mic de la zona, i l\u2019administraci\u00f3\u2013. D\u2019aquesta manera cerquem satisfer tant els mandats que se\u2019ns adrecen com a instituci\u00f3 dins del marc d\u2019un projecte col\u00b7lectiu de pa\u00eds com les necessitats individuals de les persones amb i per a les quals treballem, Tot plegat en un marc de confian\u00e7a, clima de treball positiu, autoexig\u00e8ncia en les accions pedag\u00f2giques, organitzatives i de gesti\u00f3, i excel\u00b7l\u00e8ncia en els resultats.<\/span><\/p>\n<p><span style=\"font-weight: 400;\">La present pol\u00edtica de qualitat de l\u2019Institut Rafael Campalans estableix l\u2019eix a partir del qual es prenen les decisions relatives a la consecuci\u00f3 de la certificaci\u00f3 ISO 9001 en el marc d\u2019homologaci\u00f3 internacional i excel\u00b7l\u00e8ncia del Projecte de Qualitat i Millora Cont\u00ednua (PQiMC) del Departament d\u2019Ensenyament de la Generalitat de Catalunya, i, a tal efecte, \u00e9s coneguda i aplicada per tots els estaments, grups, c\u00e0rrecs i persones de l\u2019organitzaci\u00f3, aix\u00ed com revisada peri\u00f2dicament per tal que sempre s\u2019adeq\u00fci a la realitat del centre i dels seus clients, i possibiliti un sistema de processos accessible, integrador i basat en principis coneguts i coherents. D\u2019aquesta manera, a l\u2019Institut Rafael Campalans treballem amb la qualitat com a element vertebrador i l\u2019excel\u00b7l\u00e8ncia com a horitz\u00f3.<\/span><\/p>\n<p>Text del PEC 2019.<\/p>\n<h3 style=\"text-align: center;\"><strong>ABAST DE LA POL\u00cdTICA DE QUALITAT<\/strong><\/h3>\n<p>L\u2019abast de la pol\u00edtica de qualitat del centre educatiu Rafael Campalans inclou tots els nivells d\u2019ensenyament impartits: ESO, Batxiller i Cicles de Grau Mitj\u00e0 i Superior, aix\u00ed com els serveis complementaris i les activitats extraescolars. Aquesta pol\u00edtica s\u2019aplica a tot el personal docent i PAS, l\u2019alumnat i les seves fam\u00edlies, garantint el compliment dels requisits legals i el comprom\u00eds amb la millora cont\u00ednua, per garantir la satisfacci\u00f3 dels grups d&#8217;inter\u00e8s.<\/p>\n<p><strong>Exclusions<\/strong>: En aquest sistema no est\u00e0 previst aplicar el punt 8.3 de la norma ISO 9001, referent al disseny i desenvolupament de productes i serveis, ja que l\u2019estructura, els continguts i els recursos necessaris per impartir els cursos reglats s\u00f3n establerts per l\u2019administraci\u00f3 educativa competent.<\/p>\n<p>&nbsp;<\/p>\n<h3 style=\"text-align: center;\"><strong>PROJECTE QUALITAT I MILLORA CONTINUA<\/strong><\/h3>\n<p>Garantir la qualitat en els processos i procediments d\u2019un centre educatiu \u00e9s essencial per assegurar un servei eficient, equitatiu i orientat a l\u2019excel\u00b7l\u00e8ncia educativa. La qualitat no nom\u00e9s implica el compliment de normatives i est\u00e0ndards, sin\u00f3 tamb\u00e9 la millora cont\u00ednua de la gesti\u00f3 pedag\u00f2gica, administrativa i organitzativa.<\/p>\n<p>En aquest sentit, establir processos clars i ben estructurats permet optimitzar els recursos, millorar la coordinaci\u00f3 entre els diferents agents educatius i garantir un entorn d\u2019aprenentatge segur i estimulant per a l\u2019alumnat. A m\u00e9s, un sistema de qualitat afavoreix la detecci\u00f3 de punts de millora, fomentant l\u2019adaptabilitat i la innovaci\u00f3 en la pr\u00e0ctica docent.<\/p>\n<p>Per aquesta ra\u00f3, el nostre centre forma part del <strong>Projecte de Qualitat i Millora Cont\u00ednua\u00a0 (PQiMC) i,<\/strong> dins aquest marc, el centre t\u00e9 certificaci\u00f3 en la norma <strong>ISO 9001:2015<\/strong>, un referent internacional en sistemes de gesti\u00f3 de la qualitat.<a href=\"https:\/\/agora.xtec.cat\/iesrafaelcampalans\/wp-content\/uploads\/usu1643\/2025\/04\/iso9001.png\"><img loading=\"lazy\" decoding=\"async\" class=\"alignnone wp-image-9110 aligncenter\" src=\"https:\/\/agora.xtec.cat\/iesrafaelcampalans\/wp-content\/uploads\/usu1643\/2025\/04\/iso9001-1024x488.png\" alt=\"\" width=\"258\" height=\"123\" srcset=\"https:\/\/agora.xtec.cat\/iesrafaelcampalans\/wp-content\/uploads\/usu1643\/2025\/04\/iso9001-1024x488.png 1024w, https:\/\/agora.xtec.cat\/iesrafaelcampalans\/wp-content\/uploads\/usu1643\/2025\/04\/iso9001-300x143.png 300w, https:\/\/agora.xtec.cat\/iesrafaelcampalans\/wp-content\/uploads\/usu1643\/2025\/04\/iso9001-768x366.png 768w, https:\/\/agora.xtec.cat\/iesrafaelcampalans\/wp-content\/uploads\/usu1643\/2025\/04\/iso9001.png 1319w\" sizes=\"auto, (max-width: 258px) 100vw, 258px\" \/><\/a><\/p>\n<p>&nbsp;<\/p>\n<p>L\u2019aplicaci\u00f3 d\u2019eines d\u2019avaluaci\u00f3 i seguiment en els procediments permet mesurar l\u2019impacte de les accions desenvolupades, facilitant la presa de decisions basada en evid\u00e8ncies. Aix\u00f2 es tradueix en una major satisfacci\u00f3 de la comunitat educativa i en una educaci\u00f3 de m\u00e9s qualitat, que respongui a les necessitats actuals i futures dels estudiants.<\/p>\n<p>Per tant, el comprom\u00eds amb la qualitat en un centre educatiu \u00e9s un factor clau per assolir l\u2019excel\u00b7l\u00e8ncia i garantir un model educatiu sostenible, equitatiu i adaptat a les demandes de la societat.<\/p>\n<p>&nbsp;<\/p>\n<p>&nbsp;<\/p>\n","protected":false},"excerpt":{"rendered":"<p>LA POL\u00cdTICA DE QUALITAT A partir de la missi\u00f3 de l\u2019Institut Rafael Campalans ens comprometem, d\u2019una banda, a complir amb les disposicions legals i normatives vigents, i de l\u2019altra a treballar a partir d\u2019una planificaci\u00f3 estrat\u00e8gica basada en la consecuci\u00f3 d\u2019objectius de qualitat i regulada amb mecanismes d\u2019autoavaluaci\u00f3 que ens permetin disposar de marges de [&hellip;]<\/p>\n","protected":false},"author":25,"featured_media":0,"parent":0,"menu_order":0,"comment_status":"closed","ping_status":"closed","template":"","meta":{"_bbp_topic_count":0,"_bbp_reply_count":0,"_bbp_total_topic_count":0,"_bbp_total_reply_count":0,"_bbp_voice_count":0,"_bbp_anonymous_reply_count":0,"_bbp_topic_count_hidden":0,"_bbp_reply_count_hidden":0,"_bbp_forum_subforum_count":0,"site-sidebar-layout":"default","site-content-layout":"","ast-site-content-layout":"","site-content-style":"default","site-sidebar-style":"default","ast-global-header-display":"","ast-banner-title-visibility":"","ast-main-header-display":"","ast-hfb-above-header-display":"","ast-hfb-below-header-display":"","ast-hfb-mobile-header-display":"","site-post-title":"","ast-breadcrumbs-content":"","ast-featured-img":"","footer-sml-layout":"","theme-transparent-header-meta":"","adv-header-id-meta":"","stick-header-meta":"","header-above-stick-meta":"","header-main-stick-meta":"","header-below-stick-meta":"","astra-migrate-meta-layouts":"default","ast-page-background-enabled":"default","ast-page-background-meta":{"desktop":{"background-color":"var(--ast-global-color-4)","background-image":"","background-repeat":"repeat","background-position":"center center","background-size":"auto","background-attachment":"scroll","background-type":"","background-media":"","overlay-type":"","overlay-color":"","overlay-opacity":"","overlay-gradient":""},"tablet":{"background-color":"","background-image":"","background-repeat":"repeat","background-position":"center center","background-size":"auto","background-attachment":"scroll","background-type":"","background-media":"","overlay-type":"","overlay-color":"","overlay-opacity":"","overlay-gradient":""},"mobile":{"background-color":"","background-image":"","background-repeat":"repeat","background-position":"center center","background-size":"auto","background-attachment":"scroll","background-type":"","background-media":"","overlay-type":"","overlay-color":"","overlay-opacity":"","overlay-gradient":""}},"ast-content-background-meta":{"desktop":{"background-color":"var(--ast-global-color-5)","background-image":"","background-repeat":"repeat","background-position":"center center","background-size":"auto","background-attachment":"scroll","background-type":"","background-media":"","overlay-type":"","overlay-color":"","overlay-opacity":"","overlay-gradient":""},"tablet":{"background-color":"var(--ast-global-color-5)","background-image":"","background-repeat":"repeat","background-position":"center center","background-size":"auto","background-attachment":"scroll","background-type":"","background-media":"","overlay-type":"","overlay-color":"","overlay-opacity":"","overlay-gradient":""},"mobile":{"background-color":"var(--ast-global-color-5)","background-image":"","background-repeat":"repeat","background-position":"center center","background-size":"auto","background-attachment":"scroll","background-type":"","background-media":"","overlay-type":"","overlay-color":"","overlay-opacity":"","overlay-gradient":""}},"footnotes":""},"class_list":["post-8944","page","type-page","status-publish","hentry"],"post_mailing_queue_ids":[],"_links":{"self":[{"href":"https:\/\/agora.xtec.cat\/iesrafaelcampalans\/wp-json\/wp\/v2\/pages\/8944","targetHints":{"allow":["GET"]}}],"collection":[{"href":"https:\/\/agora.xtec.cat\/iesrafaelcampalans\/wp-json\/wp\/v2\/pages"}],"about":[{"href":"https:\/\/agora.xtec.cat\/iesrafaelcampalans\/wp-json\/wp\/v2\/types\/page"}],"author":[{"embeddable":true,"href":"https:\/\/agora.xtec.cat\/iesrafaelcampalans\/wp-json\/wp\/v2\/users\/25"}],"replies":[{"embeddable":true,"href":"https:\/\/agora.xtec.cat\/iesrafaelcampalans\/wp-json\/wp\/v2\/comments?post=8944"}],"version-history":[{"count":3,"href":"https:\/\/agora.xtec.cat\/iesrafaelcampalans\/wp-json\/wp\/v2\/pages\/8944\/revisions"}],"predecessor-version":[{"id":9111,"href":"https:\/\/agora.xtec.cat\/iesrafaelcampalans\/wp-json\/wp\/v2\/pages\/8944\/revisions\/9111"}],"wp:attachment":[{"href":"https:\/\/agora.xtec.cat\/iesrafaelcampalans\/wp-json\/wp\/v2\/media?parent=8944"}],"curies":[{"name":"wp","href":"https:\/\/api.w.org\/{rel}","templated":true}]}}