{"id":81,"date":"2014-09-18T10:38:05","date_gmt":"2014-09-18T08:38:05","guid":{"rendered":"http:\/\/agora.xtec.cat\/iesrafaelcampalans\/?page_id=81"},"modified":"2026-01-22T18:59:57","modified_gmt":"2026-01-22T17:59:57","slug":"secretaria","status":"publish","type":"page","link":"https:\/\/agora.xtec.cat\/iesrafaelcampalans\/serveis\/secretaria\/","title":{"rendered":"Consergeria"},"content":{"rendered":"<p><img loading=\"lazy\" decoding=\"async\" class=\"alignnone size-full wp-image-2054\" src=\"http:\/\/agora.xtec.cat\/iesrafaelcampalans\/wp-content\/uploads\/usu1643\/2014\/09\/secreconser.jpg\" alt=\"\" width=\"1000\" height=\"200\" srcset=\"https:\/\/agora.xtec.cat\/iesrafaelcampalans\/wp-content\/uploads\/usu1643\/2014\/09\/secreconser.jpg 1000w, https:\/\/agora.xtec.cat\/iesrafaelcampalans\/wp-content\/uploads\/usu1643\/2014\/09\/secreconser-300x60.jpg 300w, https:\/\/agora.xtec.cat\/iesrafaelcampalans\/wp-content\/uploads\/usu1643\/2014\/09\/secreconser-768x154.jpg 768w\" sizes=\"auto, (max-width: 1000px) 100vw, 1000px\" \/><\/p>\n<p style=\"text-align: justify;\">Consergeria i Secretaria s\u00f3n les unitats des de les quals s\u2019articula la feina del Personal d\u2019Administraci\u00f3 i Serveis (PAS) del centre, essencial per al nostre bon funcionament. Una part d\u2019aquesta feina implica l\u2019atenci\u00f3 al p\u00fablic en aspectes diversos.<\/p>\n<h4 style=\"text-align: justify;\">Consergeria<\/h4>\n<p style=\"text-align: justify;\">Entre d\u2019altres, els serveis d\u2019atenci\u00f3 al p\u00fablic de Consergeria impliquen el control d&#8217;acc\u00e9s a les instal\u00b7lacions del centre, la rebuda als visitants i la seva orientaci\u00f3 entre les persones i espais de\u00a0l&#8217;Institut, l\u2019atenci\u00f3 telef\u00f2nica i la derivaci\u00f3 de trucades, la justificaci\u00f3 de les faltes d&#8217;assist\u00e8ncia, la copisteria, la rebuda de transportistes i subministradors&#8230;<\/p>\n<p style=\"text-align: justify;\">L&#8217;horari d&#8217;atenci\u00f3 al p\u00fablic de la Consergeria del centre \u00e9s:<\/p>\n<ul style=\"text-align: justify;\">\n<li>De dilluns a dijous, de 8.00 a 21 h.<\/li>\n<li>Divendres de 8.00 a 19.00h.<\/li>\n<\/ul>\n","protected":false},"excerpt":{"rendered":"<p>Consergeria i Secretaria s\u00f3n les unitats des de les quals s\u2019articula la feina del Personal d\u2019Administraci\u00f3 i Serveis (PAS) del centre, essencial per al nostre bon funcionament. Una part d\u2019aquesta feina implica l\u2019atenci\u00f3 al p\u00fablic en aspectes diversos. Consergeria Entre d\u2019altres, els serveis d\u2019atenci\u00f3 al p\u00fablic de Consergeria impliquen el control d&#8217;acc\u00e9s a les instal\u00b7lacions [&hellip;]<\/p>\n","protected":false},"author":1,"featured_media":0,"parent":63,"menu_order":20,"comment_status":"closed","ping_status":"closed","template":"","meta":{"_bbp_topic_count":0,"_bbp_reply_count":0,"_bbp_total_topic_count":0,"_bbp_total_reply_count":0,"_bbp_voice_count":0,"_bbp_anonymous_reply_count":0,"_bbp_topic_count_hidden":0,"_bbp_reply_count_hidden":0,"_bbp_forum_subforum_count":0,"site-sidebar-layout":"default","site-content-layout":"","ast-site-content-layout":"default","site-content-style":"default","site-sidebar-style":"default","ast-global-header-display":"","ast-banner-title-visibility":"","ast-main-header-display":"","ast-hfb-above-header-display":"","ast-hfb-below-header-display":"","ast-hfb-mobile-header-display":"","site-post-title":"","ast-breadcrumbs-content":"","ast-featured-img":"","footer-sml-layout":"","theme-transparent-header-meta":"","adv-header-id-meta":"","stick-header-meta":"","header-above-stick-meta":"","header-main-stick-meta":"","header-below-stick-meta":"","astra-migrate-meta-layouts":"set","ast-page-background-enabled":"default","ast-page-background-meta":{"desktop":{"background-color":"var(--ast-global-color-4)","background-image":"","background-repeat":"repeat","background-position":"center center","background-size":"auto","background-attachment":"scroll","background-type":"","background-media":"","overlay-type":"","overlay-color":"","overlay-opacity":"","overlay-gradient":""},"tablet":{"background-color":"","background-image":"","background-repeat":"repeat","background-position":"center center","background-size":"auto","background-attachment":"scroll","background-type":"","background-media":"","overlay-type":"","overlay-color":"","overlay-opacity":"","overlay-gradient":""},"mobile":{"background-color":"","background-image":"","background-repeat":"repeat","background-position":"center center","background-size":"auto","background-attachment":"scroll","background-type":"","background-media":"","overlay-type":"","overlay-color":"","overlay-opacity":"","overlay-gradient":""}},"ast-content-background-meta":{"desktop":{"background-color":"var(--ast-global-color-5)","background-image":"","background-repeat":"repeat","background-position":"center center","background-size":"auto","background-attachment":"scroll","background-type":"","background-media":"","overlay-type":"","overlay-color":"","overlay-opacity":"","overlay-gradient":""},"tablet":{"background-color":"var(--ast-global-color-5)","background-image":"","background-repeat":"repeat","background-position":"center center","background-size":"auto","background-attachment":"scroll","background-type":"","background-media":"","overlay-type":"","overlay-color":"","overlay-opacity":"","overlay-gradient":""},"mobile":{"background-color":"var(--ast-global-color-5)","background-image":"","background-repeat":"repeat","background-position":"center center","background-size":"auto","background-attachment":"scroll","background-type":"","background-media":"","overlay-type":"","overlay-color":"","overlay-opacity":"","overlay-gradient":""}},"footnotes":""},"class_list":["post-81","page","type-page","status-publish","hentry"],"post_mailing_queue_ids":[],"_links":{"self":[{"href":"https:\/\/agora.xtec.cat\/iesrafaelcampalans\/wp-json\/wp\/v2\/pages\/81","targetHints":{"allow":["GET"]}}],"collection":[{"href":"https:\/\/agora.xtec.cat\/iesrafaelcampalans\/wp-json\/wp\/v2\/pages"}],"about":[{"href":"https:\/\/agora.xtec.cat\/iesrafaelcampalans\/wp-json\/wp\/v2\/types\/page"}],"author":[{"embeddable":true,"href":"https:\/\/agora.xtec.cat\/iesrafaelcampalans\/wp-json\/wp\/v2\/users\/1"}],"replies":[{"embeddable":true,"href":"https:\/\/agora.xtec.cat\/iesrafaelcampalans\/wp-json\/wp\/v2\/comments?post=81"}],"version-history":[{"count":5,"href":"https:\/\/agora.xtec.cat\/iesrafaelcampalans\/wp-json\/wp\/v2\/pages\/81\/revisions"}],"predecessor-version":[{"id":10069,"href":"https:\/\/agora.xtec.cat\/iesrafaelcampalans\/wp-json\/wp\/v2\/pages\/81\/revisions\/10069"}],"up":[{"embeddable":true,"href":"https:\/\/agora.xtec.cat\/iesrafaelcampalans\/wp-json\/wp\/v2\/pages\/63"}],"wp:attachment":[{"href":"https:\/\/agora.xtec.cat\/iesrafaelcampalans\/wp-json\/wp\/v2\/media?parent=81"}],"curies":[{"name":"wp","href":"https:\/\/api.w.org\/{rel}","templated":true}]}}