{"id":7985,"date":"2024-03-08T12:05:03","date_gmt":"2024-03-08T11:05:03","guid":{"rendered":"https:\/\/agora.xtec.cat\/iesrafaelcampalans\/?page_id=7985"},"modified":"2025-10-08T10:20:00","modified_gmt":"2025-10-08T08:20:00","slug":"tramits-i-gestions","status":"publish","type":"page","link":"https:\/\/agora.xtec.cat\/iesrafaelcampalans\/secretaria\/tramits-i-gestions\/","title":{"rendered":"Tr\u00e0mits i gestions"},"content":{"rendered":"<h3><strong>Sol\u00b7licitud de certificat nivell de catal\u00e0<br \/>\n<\/strong><\/h3>\n<ul>\n<li style=\"text-align: justify;\">Els centres p\u00fablics d\u2019Educaci\u00f3 Secund\u00e0ria de Catalunya poden expedir certificats d\u2019equival\u00e8ncia del nivell de Catal\u00e0 a l\u2019alumnat que ho sol\u00b7liciti i acompleixi les condicions establertes per la normativa\u00a0<a class=\"FW_titBullet2 FW_sLinkVermellNegreta\" href=\"http:\/\/dogc.gencat.cat\/ca\/pdogc_canals_interns\/pdogc_resultats_fitxa\/?action=fitxa&amp;documentId=519344\" target=\"_blank\" rel=\"noopener\">(ORDRE VCP\/233\/2010, de 12 d\u2019abril, de modificaci\u00f3 de l\u2019Ordre VCP\/491\/2009, de 12 de novembre, per la qual es refonen i s\u2019actualitzen els t\u00edtols, diplomes i certificats equivalents als certificats de coneixements de catal\u00e0 de la Secretaria de Pol\u00edtica Ling\u00fc\u00edstica (DOGC n\u00fam. 5511, de 23.11.2009).\u00a0<span class=\"dogc-color\">(DOGC\u00a0 n\u00fam.\u00a0 5610 \u00a0publicat el \u00a019\/04\/2010)<\/span><\/a><\/li>\n<li style=\"text-align: justify;\">Ho poden demanar les persones nascudes a partir de l\u2019any 1972 que volen obtenir aquest reconeixement i l\u2019itinerari educatiu de les quals s\u2019hagi portat a terme \u00edntegrament a Catalunya o, parcialment, a d\u2019altres territoris on el catal\u00e0 hi fos llengua curricular i avaluable, de manera\u00a0<strong>que\u00a0s\u2019hagi acabat obtenint la titulaci\u00f3 al sistema educatiu de Catalunya<\/strong>. Aix\u00ed doncs, la primera promoci\u00f3 escolar que t\u00e9 dret a demanar aquest reconeixement \u00e9s la que va comen\u00e7ar el primer any de l\u2019educaci\u00f3 general b\u00e0sica (EGB) el curs 1978-1979, a partir del qual l\u2019ensenyament del catal\u00e0 va ser oficial al sistema educatiu de Catalunya, tal com s\u2019estableix al\u00a0<a title=\"Reial Decret 2092\/1978, de 23 de juny\" href=\"https:\/\/www.boe.es\/buscar\/doc.php?id=BOE-A-1978-22729\" target=\"_blank\" rel=\"noopener\">Reial decret 2092\/1978, de 23 de juny<\/a>.<\/li>\n<li style=\"text-align: justify;\">La persona interessada ha d\u2019emplenar\u00a0la\u00a0<a href=\"https:\/\/agora.xtec.cat\/iesesteveterradas\/wp-content\/uploads\/usu855\/Sol%C2%B7licitud-equival%C3%A8ncia-nivell-B2-C1.pdf\"><em>sol\u00b7licitud<\/em><\/a>\u00a0i portar-la a la Secretaria amb la seg\u00fcent documentaci\u00f3 per comprovar el compliment dels requisits:<\/li>\n<\/ul>\n<p><img loading=\"lazy\" decoding=\"async\" class=\"alignleft wp-image-11283 size-full\" src=\"https:\/\/agora.xtec.cat\/iesesteveterradas\/wp-content\/uploads\/usu855\/S_Taula-catala-B-1.jpg\" sizes=\"auto, (max-width: 768px) 100vw, 768px\" srcset=\"https:\/\/agora.xtec.cat\/iesesteveterradas\/wp-content\/uploads\/usu855\/S_Taula-catala-B-1.jpg 768w, https:\/\/agora.xtec.cat\/iesesteveterradas\/wp-content\/uploads\/usu855\/S_Taula-catala-B-1-300x136.jpg 300w\" alt=\"\" width=\"768\" height=\"347\" \/><\/p>\n<p>&nbsp;<\/p>\n<p>&nbsp;<\/p>\n<p>&nbsp;<\/p>\n<p>&nbsp;<\/p>\n<p>&nbsp;<\/p>\n<p>&nbsp;<\/p>\n<p>&nbsp;<\/p>\n<p>&nbsp;<\/p>\n<p><img loading=\"lazy\" decoding=\"async\" class=\"alignleft wp-image-11284 size-full\" src=\"https:\/\/agora.xtec.cat\/iesesteveterradas\/wp-content\/uploads\/usu855\/S_Taula-catala-C.jpg\" sizes=\"auto, (max-width: 767px) 100vw, 767px\" srcset=\"https:\/\/agora.xtec.cat\/iesesteveterradas\/wp-content\/uploads\/usu855\/S_Taula-catala-C.jpg 767w, https:\/\/agora.xtec.cat\/iesesteveterradas\/wp-content\/uploads\/usu855\/S_Taula-catala-C-300x260.jpg 300w\" alt=\"\" width=\"767\" height=\"665\" \/><\/p>\n<p>&nbsp;<\/p>\n<p>&nbsp;<\/p>\n<p>&nbsp;<\/p>\n<p>&nbsp;<\/p>\n<p>&nbsp;<\/p>\n<p>&nbsp;<\/p>\n<p>&nbsp;<\/p>\n<p>&nbsp;<\/p>\n<p>&nbsp;<\/p>\n<p>&nbsp;<\/p>\n<p>&nbsp;<\/p>\n<p>&nbsp;<\/p>\n<p>&nbsp;<\/p>\n<p>&nbsp;<\/p>\n<p>&nbsp;<\/p>\n<p><sub><em>(*)<a href=\"https:\/\/agora.xtec.cat\/iesesteveterradas\/wp-content\/uploads\/usu855\/S_Acreditatiu-catala_model.pdf\" target=\"_blank\" rel=\"noopener\"><strong>Certificat acreditatiu<\/strong><\/a>\u00a0d\u2019haver estat escolaritzat a Catalunya sense haver tingut exempci\u00f3 de catal\u00e0 i on consti els anys escolaritzats i la mat\u00e8ria de llengua catalana aprovada.<\/em><\/sub><\/p>\n<h3><strong>Sol\u00b7licitud de t\u00edtol acad\u00e8mic<\/strong><\/h3>\n<ul>\n<li style=\"text-align: justify;\">Passar personalment per Secretaria de l\u2019Institut per gestionar el resguard de pagament del t\u00edtol, heu de portar el vostre DNI i la documentaci\u00f3 acreditativa si teniu dret a alguna de les bonificacions.<\/li>\n<li style=\"text-align: justify;\">En el pagament de l\u2019import de totes les taxes i els preus p\u00fablics s\u2019estableixen les\u00a0bonificacions i exempcions generals\u00a0seg\u00fcents:<\/li>\n<\/ul>\n<p><strong>Bonificaci\u00f3 del 50%<\/strong>\u00a0de l\u2019import\u00a0per a:<\/p>\n<ul>\n<li>membres de fam\u00edlia nombrosa de categoria general i<\/li>\n<li>membres de fam\u00edlies monoparentals.<\/li>\n<\/ul>\n<p><strong>Exempci\u00f3 del 100%<\/strong>\u00a0del pagament per a:<\/p>\n<ul>\n<li>membres de fam\u00edlia nombrosa de categoria especial,<\/li>\n<li>v\u00edctimes del terrorisme (i els seus c\u00f2njuges i els seus fills),<\/li>\n<li>persones amb discapacitat igual o superior al 33% i<\/li>\n<li>infants o adolescents en acolliment familiar.<\/li>\n<\/ul>\n<h3><strong>Lliurament de t\u00edtol acad\u00e8mic<\/strong><\/h3>\n<ul>\n<li>Passar personalment per Secretaria de l\u2019Institut amb el vostre DNI i el\u00a0<strong>resguard del t\u00edtol<\/strong>.<\/li>\n<\/ul>\n<h3><strong>Homologaci\u00f3 de t\u00edtols estrangers<\/strong><\/h3>\n<ul>\n<li><em>Normativa i documentaci\u00f3 a la web del\u00a0<a href=\"http:\/\/queestudiar.gencat.cat\/ca\/homologacio\/\">Departament d\u2019Educaci\u00f3<\/a>.<\/em><\/li>\n<\/ul>\n","protected":false},"excerpt":{"rendered":"<p>Sol\u00b7licitud de certificat nivell de catal\u00e0 Els centres p\u00fablics d\u2019Educaci\u00f3 Secund\u00e0ria de Catalunya poden expedir certificats d\u2019equival\u00e8ncia del nivell de Catal\u00e0 a l\u2019alumnat que ho sol\u00b7liciti i acompleixi les condicions establertes per la normativa\u00a0(ORDRE VCP\/233\/2010, de 12 d\u2019abril, de modificaci\u00f3 de l\u2019Ordre VCP\/491\/2009, de 12 de novembre, per la qual es refonen i s\u2019actualitzen els [&hellip;]<\/p>\n","protected":false},"author":5,"featured_media":0,"parent":6506,"menu_order":2,"comment_status":"closed","ping_status":"closed","template":"","meta":{"_bbp_topic_count":0,"_bbp_reply_count":0,"_bbp_total_topic_count":0,"_bbp_total_reply_count":0,"_bbp_voice_count":0,"_bbp_anonymous_reply_count":0,"_bbp_topic_count_hidden":0,"_bbp_reply_count_hidden":0,"_bbp_forum_subforum_count":0,"site-sidebar-layout":"default","site-content-layout":"","ast-site-content-layout":"","site-content-style":"default","site-sidebar-style":"default","ast-global-header-display":"","ast-banner-title-visibility":"","ast-main-header-display":"","ast-hfb-above-header-display":"","ast-hfb-below-header-display":"","ast-hfb-mobile-header-display":"","site-post-title":"","ast-breadcrumbs-content":"","ast-featured-img":"","footer-sml-layout":"","theme-transparent-header-meta":"","adv-header-id-meta":"","stick-header-meta":"","header-above-stick-meta":"","header-main-stick-meta":"","header-below-stick-meta":"","astra-migrate-meta-layouts":"default","ast-page-background-enabled":"default","ast-page-background-meta":{"desktop":{"background-color":"var(--ast-global-color-4)","background-image":"","background-repeat":"repeat","background-position":"center center","background-size":"auto","background-attachment":"scroll","background-type":"","background-media":"","overlay-type":"","overlay-color":"","overlay-opacity":"","overlay-gradient":""},"tablet":{"background-color":"","background-image":"","background-repeat":"repeat","background-position":"center center","background-size":"auto","background-attachment":"scroll","background-type":"","background-media":"","overlay-type":"","overlay-color":"","overlay-opacity":"","overlay-gradient":""},"mobile":{"background-color":"","background-image":"","background-repeat":"repeat","background-position":"center center","background-size":"auto","background-attachment":"scroll","background-type":"","background-media":"","overlay-type":"","overlay-color":"","overlay-opacity":"","overlay-gradient":""}},"ast-content-background-meta":{"desktop":{"background-color":"var(--ast-global-color-5)","background-image":"","background-repeat":"repeat","background-position":"center center","background-size":"auto","background-attachment":"scroll","background-type":"","background-media":"","overlay-type":"","overlay-color":"","overlay-opacity":"","overlay-gradient":""},"tablet":{"background-color":"var(--ast-global-color-5)","background-image":"","background-repeat":"repeat","background-position":"center center","background-size":"auto","background-attachment":"scroll","background-type":"","background-media":"","overlay-type":"","overlay-color":"","overlay-opacity":"","overlay-gradient":""},"mobile":{"background-color":"var(--ast-global-color-5)","background-image":"","background-repeat":"repeat","background-position":"center center","background-size":"auto","background-attachment":"scroll","background-type":"","background-media":"","overlay-type":"","overlay-color":"","overlay-opacity":"","overlay-gradient":""}},"footnotes":""},"class_list":["post-7985","page","type-page","status-publish","hentry"],"post_mailing_queue_ids":[],"_links":{"self":[{"href":"https:\/\/agora.xtec.cat\/iesrafaelcampalans\/wp-json\/wp\/v2\/pages\/7985","targetHints":{"allow":["GET"]}}],"collection":[{"href":"https:\/\/agora.xtec.cat\/iesrafaelcampalans\/wp-json\/wp\/v2\/pages"}],"about":[{"href":"https:\/\/agora.xtec.cat\/iesrafaelcampalans\/wp-json\/wp\/v2\/types\/page"}],"author":[{"embeddable":true,"href":"https:\/\/agora.xtec.cat\/iesrafaelcampalans\/wp-json\/wp\/v2\/users\/5"}],"replies":[{"embeddable":true,"href":"https:\/\/agora.xtec.cat\/iesrafaelcampalans\/wp-json\/wp\/v2\/comments?post=7985"}],"version-history":[{"count":4,"href":"https:\/\/agora.xtec.cat\/iesrafaelcampalans\/wp-json\/wp\/v2\/pages\/7985\/revisions"}],"predecessor-version":[{"id":7999,"href":"https:\/\/agora.xtec.cat\/iesrafaelcampalans\/wp-json\/wp\/v2\/pages\/7985\/revisions\/7999"}],"up":[{"embeddable":true,"href":"https:\/\/agora.xtec.cat\/iesrafaelcampalans\/wp-json\/wp\/v2\/pages\/6506"}],"wp:attachment":[{"href":"https:\/\/agora.xtec.cat\/iesrafaelcampalans\/wp-json\/wp\/v2\/media?parent=7985"}],"curies":[{"name":"wp","href":"https:\/\/api.w.org\/{rel}","templated":true}]}}