{"id":7983,"date":"2024-03-08T12:04:44","date_gmt":"2024-03-08T11:04:44","guid":{"rendered":"https:\/\/agora.xtec.cat\/iesrafaelcampalans\/?page_id=7983"},"modified":"2024-03-08T21:20:10","modified_gmt":"2024-03-08T20:20:10","slug":"impresos","status":"publish","type":"page","link":"https:\/\/agora.xtec.cat\/iesrafaelcampalans\/secretaria\/impresos\/","title":{"rendered":"Impresos"},"content":{"rendered":"<p>Es recomanable descarregar i desar el document al vostre dispositiu i despr\u00e9s obrir-lo i emplenar-lo.<\/p>\n<ul>\n<li><em><a href=\"https:\/\/drive.google.com\/file\/d\/1skN6DpJR4VIpeJ2kabqIoE66syXqSobP\/view?usp=drive_link\" target=\"_blank\" rel=\"noopener\">Sol\u00b7licitud de t\u00edtol<\/a><\/em><\/li>\n<li><em><a href=\"https:\/\/drive.google.com\/file\/d\/10-LVwrkTO9nejGodhgHT-pmrKB0N-fFC\/view?usp=drive_link\" target=\"_blank\" rel=\"noopener\">Sol\u00b7licitud de duplicat de t\u00edtol<\/a><\/em><\/li>\n<li><em><a href=\"https:\/\/drive.google.com\/file\/d\/1iuQLXU0sTwlSPFjS6XSlUpPCgCrW4bxI\/view?usp=drive_link\" target=\"_blank\" rel=\"noopener\">Sol\u00b7licitud de reconeixement de l\u2019equival\u00e8ncia del nivell B2\/C1<\/a><\/em><\/li>\n<li><em><a href=\"https:\/\/drive.google.com\/file\/d\/1Y3Uk-qH0tdw-tK4ZRanrFBMTqMNubSdX\/view?usp=drive_link\">Sol\u00b7licitud inscripci\u00f3 GESO<\/a><\/em><\/li>\n<li><em><a href=\"https:\/\/drive.google.com\/file\/d\/17-sdKOV_P8q1n5P7NVRc2jNKZR_PPADe\/view?usp=drive_link\" target=\"_blank\" rel=\"noopener\">Exempci\u00f3 de la formaci\u00f3 en centres de Treball (FCT)<\/a><\/em><\/li>\n<li><em><a href=\"https:\/\/drive.google.com\/file\/d\/10PFldeingYQtS7Wof85GqhZ73qXHe3ZM\/view?usp=drive_link\" target=\"_blank\" rel=\"noopener\">Comprom\u00eds DUAL<\/a><\/em><\/li>\n<li><em><a href=\"https:\/\/drive.google.com\/file\/d\/1Itre0NwjlSTLGin_VA4Q7LvT3VjjH0YV\/view?usp=drive_link\" target=\"_blank\" rel=\"noopener\">Autoritzaci\u00f3 sortides<\/a><\/em><\/li>\n<\/ul>\n","protected":false},"excerpt":{"rendered":"<p>Es recomanable descarregar i desar el document al vostre dispositiu i despr\u00e9s obrir-lo i emplenar-lo. Sol\u00b7licitud de t\u00edtol Sol\u00b7licitud de duplicat de t\u00edtol Sol\u00b7licitud de reconeixement de l\u2019equival\u00e8ncia del nivell B2\/C1 Sol\u00b7licitud inscripci\u00f3 GESO Exempci\u00f3 de la formaci\u00f3 en centres de Treball (FCT) Comprom\u00eds DUAL Autoritzaci\u00f3 sortides<\/p>\n","protected":false},"author":5,"featured_media":0,"parent":6506,"menu_order":0,"comment_status":"closed","ping_status":"closed","template":"","meta":{"_bbp_topic_count":0,"_bbp_reply_count":0,"_bbp_total_topic_count":0,"_bbp_total_reply_count":0,"_bbp_voice_count":0,"_bbp_anonymous_reply_count":0,"_bbp_topic_count_hidden":0,"_bbp_reply_count_hidden":0,"_bbp_forum_subforum_count":0,"site-sidebar-layout":"default","site-content-layout":"","ast-site-content-layout":"","site-content-style":"default","site-sidebar-style":"default","ast-global-header-display":"","ast-banner-title-visibility":"","ast-main-header-display":"","ast-hfb-above-header-display":"","ast-hfb-below-header-display":"","ast-hfb-mobile-header-display":"","site-post-title":"","ast-breadcrumbs-content":"","ast-featured-img":"","footer-sml-layout":"","theme-transparent-header-meta":"","adv-header-id-meta":"","stick-header-meta":"","header-above-stick-meta":"","header-main-stick-meta":"","header-below-stick-meta":"","astra-migrate-meta-layouts":"default","ast-page-background-enabled":"default","ast-page-background-meta":{"desktop":{"background-color":"var(--ast-global-color-4)","background-image":"","background-repeat":"repeat","background-position":"center center","background-size":"auto","background-attachment":"scroll","background-type":"","background-media":"","overlay-type":"","overlay-color":"","overlay-opacity":"","overlay-gradient":""},"tablet":{"background-color":"","background-image":"","background-repeat":"repeat","background-position":"center center","background-size":"auto","background-attachment":"scroll","background-type":"","background-media":"","overlay-type":"","overlay-color":"","overlay-opacity":"","overlay-gradient":""},"mobile":{"background-color":"","background-image":"","background-repeat":"repeat","background-position":"center center","background-size":"auto","background-attachment":"scroll","background-type":"","background-media":"","overlay-type":"","overlay-color":"","overlay-opacity":"","overlay-gradient":""}},"ast-content-background-meta":{"desktop":{"background-color":"var(--ast-global-color-5)","background-image":"","background-repeat":"repeat","background-position":"center center","background-size":"auto","background-attachment":"scroll","background-type":"","background-media":"","overlay-type":"","overlay-color":"","overlay-opacity":"","overlay-gradient":""},"tablet":{"background-color":"var(--ast-global-color-5)","background-image":"","background-repeat":"repeat","background-position":"center center","background-size":"auto","background-attachment":"scroll","background-type":"","background-media":"","overlay-type":"","overlay-color":"","overlay-opacity":"","overlay-gradient":""},"mobile":{"background-color":"var(--ast-global-color-5)","background-image":"","background-repeat":"repeat","background-position":"center center","background-size":"auto","background-attachment":"scroll","background-type":"","background-media":"","overlay-type":"","overlay-color":"","overlay-opacity":"","overlay-gradient":""}},"footnotes":""},"class_list":["post-7983","page","type-page","status-publish","hentry"],"post_mailing_queue_ids":[],"_links":{"self":[{"href":"https:\/\/agora.xtec.cat\/iesrafaelcampalans\/wp-json\/wp\/v2\/pages\/7983","targetHints":{"allow":["GET"]}}],"collection":[{"href":"https:\/\/agora.xtec.cat\/iesrafaelcampalans\/wp-json\/wp\/v2\/pages"}],"about":[{"href":"https:\/\/agora.xtec.cat\/iesrafaelcampalans\/wp-json\/wp\/v2\/types\/page"}],"author":[{"embeddable":true,"href":"https:\/\/agora.xtec.cat\/iesrafaelcampalans\/wp-json\/wp\/v2\/users\/5"}],"replies":[{"embeddable":true,"href":"https:\/\/agora.xtec.cat\/iesrafaelcampalans\/wp-json\/wp\/v2\/comments?post=7983"}],"version-history":[{"count":4,"href":"https:\/\/agora.xtec.cat\/iesrafaelcampalans\/wp-json\/wp\/v2\/pages\/7983\/revisions"}],"predecessor-version":[{"id":8002,"href":"https:\/\/agora.xtec.cat\/iesrafaelcampalans\/wp-json\/wp\/v2\/pages\/7983\/revisions\/8002"}],"up":[{"embeddable":true,"href":"https:\/\/agora.xtec.cat\/iesrafaelcampalans\/wp-json\/wp\/v2\/pages\/6506"}],"wp:attachment":[{"href":"https:\/\/agora.xtec.cat\/iesrafaelcampalans\/wp-json\/wp\/v2\/media?parent=7983"}],"curies":[{"name":"wp","href":"https:\/\/api.w.org\/{rel}","templated":true}]}}