{"id":7863,"date":"2024-02-05T09:32:28","date_gmt":"2024-02-05T08:32:28","guid":{"rendered":"https:\/\/agora.xtec.cat\/iesrafaelcampalans\/?page_id=7863"},"modified":"2026-01-28T14:39:55","modified_gmt":"2026-01-28T13:39:55","slug":"portes-obertes","status":"publish","type":"page","link":"https:\/\/agora.xtec.cat\/iesrafaelcampalans\/secretaria\/portes-obertes\/","title":{"rendered":"Portes obertes"},"content":{"rendered":"<p style=\"text-align: justify;\">Aquest any obrirem les nostres portes per explicar-vos el nostre projecte educatiu, mostrar-vos les nostres instal\u00b7lacions i con\u00e8ixer el nostre equip hum\u00e0, el proper\u00a0<strong>dissabte 7 de mar\u00e7<\/strong>\u00a0<strong>de 2026<\/strong>. Hi haur\u00e0 diverses sessions de mat\u00ed per l&#8217;ESO (10h a 12h) i una per Batxillerat (11.00h).<\/p>\n<p style=\"text-align: justify;\">\u00c9s necessari que us registreu a la que vulgueu assistir:<\/p>\n<table style=\"border-collapse: collapse; width: 100%;\">\n<tbody>\n<tr>\n<td style=\"width: 50%;\"><a href=\"https:\/\/docs.google.com\/forms\/d\/e\/1FAIpQLSccB8yb9GDuJZoVf4RIU8oqpajdewINI5zNH709NztJumPJBA\/viewform\"><strong>Enlla\u00e7 inscripci\u00f3 telem\u00e0tica ESO<\/strong><\/a><\/td>\n<td style=\"width: 50%;\"><a href=\"https:\/\/docs.google.com\/forms\/d\/e\/1FAIpQLSc_LlJy8XkI2rkqgBUmjxLfvKZ2toTzc84aOIHq6UM3rD7Z5g\/viewform?usp=pp_url\">Enlla\u00e7 inscripci\u00f3 telem\u00e0tica Batxillerat<\/a><\/td>\n<\/tr>\n<\/tbody>\n<\/table>\n<p class=\"has-vivid-red-color has-text-color has-link-color has-medium-font-size wp-elements-119a454af2a6f2c267a3c87e51d6cdf8\">\n<p>Si teniu qualsevol dubte o consulta, ens la podeu fer arribar via mail:<\/p>\n<p><a href=\"mailto:administracio@institutcampalans.net\">administracio@institutcampalans.net<\/a><\/p>\n<p style=\"text-align: justify;\">El\u00a0<strong>per\u00edode de preinscripci\u00f3<\/strong> d&#8217;<strong>ESO \u00e9s del<\/strong> <span style=\"background-color: rgba(0, 0, 0, 0); font-size: 1rem;\"><strong>6 al 18 de mar\u00e7<\/strong> i de <\/span><strong><span style=\"background-color: rgba(0, 0, 0, 0); font-size: 1rem;\">BATXILLERAT del 9 al 16 d\u2019abril de 2026<\/span><\/strong>, i anirem publicant la informaci\u00f3 referent al proc\u00e9s en quan el Departament d\u2019Educaci\u00f3 actualitzi les dades.<\/p>\n<p><a href=\"https:\/\/preinscripcio.gencat.cat\/ca\/inici\/\"><strong>P\u00e0gina web del Departament d\u2019Educaci\u00f3 (Preinscripci\u00f3)<\/strong><\/a><\/p>\n","protected":false},"excerpt":{"rendered":"<p>Aquest any obrirem les nostres portes per explicar-vos el nostre projecte educatiu, mostrar-vos les nostres instal\u00b7lacions i con\u00e8ixer el nostre equip hum\u00e0, el proper\u00a0dissabte 7 de mar\u00e7\u00a0de 2026. Hi haur\u00e0 diverses sessions de mat\u00ed per l&#8217;ESO (10h a 12h) i una per Batxillerat (11.00h). \u00c9s necessari que us registreu a la que vulgueu assistir: Enlla\u00e7 [&hellip;]<\/p>\n","protected":false},"author":5,"featured_media":0,"parent":6506,"menu_order":70,"comment_status":"closed","ping_status":"closed","template":"","meta":{"_bbp_topic_count":0,"_bbp_reply_count":0,"_bbp_total_topic_count":0,"_bbp_total_reply_count":0,"_bbp_voice_count":0,"_bbp_anonymous_reply_count":0,"_bbp_topic_count_hidden":0,"_bbp_reply_count_hidden":0,"_bbp_forum_subforum_count":0,"site-sidebar-layout":"default","site-content-layout":"","ast-site-content-layout":"default","site-content-style":"default","site-sidebar-style":"default","ast-global-header-display":"","ast-banner-title-visibility":"","ast-main-header-display":"","ast-hfb-above-header-display":"","ast-hfb-below-header-display":"","ast-hfb-mobile-header-display":"","site-post-title":"","ast-breadcrumbs-content":"","ast-featured-img":"","footer-sml-layout":"","theme-transparent-header-meta":"","adv-header-id-meta":"","stick-header-meta":"","header-above-stick-meta":"","header-main-stick-meta":"","header-below-stick-meta":"","astra-migrate-meta-layouts":"set","ast-page-background-enabled":"default","ast-page-background-meta":{"desktop":{"background-color":"var(--ast-global-color-4)","background-image":"","background-repeat":"repeat","background-position":"center center","background-size":"auto","background-attachment":"scroll","background-type":"","background-media":"","overlay-type":"","overlay-color":"","overlay-opacity":"","overlay-gradient":""},"tablet":{"background-color":"","background-image":"","background-repeat":"repeat","background-position":"center center","background-size":"auto","background-attachment":"scroll","background-type":"","background-media":"","overlay-type":"","overlay-color":"","overlay-opacity":"","overlay-gradient":""},"mobile":{"background-color":"","background-image":"","background-repeat":"repeat","background-position":"center center","background-size":"auto","background-attachment":"scroll","background-type":"","background-media":"","overlay-type":"","overlay-color":"","overlay-opacity":"","overlay-gradient":""}},"ast-content-background-meta":{"desktop":{"background-color":"var(--ast-global-color-5)","background-image":"","background-repeat":"repeat","background-position":"center center","background-size":"auto","background-attachment":"scroll","background-type":"","background-media":"","overlay-type":"","overlay-color":"","overlay-opacity":"","overlay-gradient":""},"tablet":{"background-color":"var(--ast-global-color-5)","background-image":"","background-repeat":"repeat","background-position":"center center","background-size":"auto","background-attachment":"scroll","background-type":"","background-media":"","overlay-type":"","overlay-color":"","overlay-opacity":"","overlay-gradient":""},"mobile":{"background-color":"var(--ast-global-color-5)","background-image":"","background-repeat":"repeat","background-position":"center center","background-size":"auto","background-attachment":"scroll","background-type":"","background-media":"","overlay-type":"","overlay-color":"","overlay-opacity":"","overlay-gradient":""}},"footnotes":""},"class_list":["post-7863","page","type-page","status-publish","hentry"],"post_mailing_queue_ids":[],"_links":{"self":[{"href":"https:\/\/agora.xtec.cat\/iesrafaelcampalans\/wp-json\/wp\/v2\/pages\/7863","targetHints":{"allow":["GET"]}}],"collection":[{"href":"https:\/\/agora.xtec.cat\/iesrafaelcampalans\/wp-json\/wp\/v2\/pages"}],"about":[{"href":"https:\/\/agora.xtec.cat\/iesrafaelcampalans\/wp-json\/wp\/v2\/types\/page"}],"author":[{"embeddable":true,"href":"https:\/\/agora.xtec.cat\/iesrafaelcampalans\/wp-json\/wp\/v2\/users\/5"}],"replies":[{"embeddable":true,"href":"https:\/\/agora.xtec.cat\/iesrafaelcampalans\/wp-json\/wp\/v2\/comments?post=7863"}],"version-history":[{"count":3,"href":"https:\/\/agora.xtec.cat\/iesrafaelcampalans\/wp-json\/wp\/v2\/pages\/7863\/revisions"}],"predecessor-version":[{"id":10080,"href":"https:\/\/agora.xtec.cat\/iesrafaelcampalans\/wp-json\/wp\/v2\/pages\/7863\/revisions\/10080"}],"up":[{"embeddable":true,"href":"https:\/\/agora.xtec.cat\/iesrafaelcampalans\/wp-json\/wp\/v2\/pages\/6506"}],"wp:attachment":[{"href":"https:\/\/agora.xtec.cat\/iesrafaelcampalans\/wp-json\/wp\/v2\/media?parent=7863"}],"curies":[{"name":"wp","href":"https:\/\/api.w.org\/{rel}","templated":true}]}}