{"id":7125,"date":"2023-06-08T12:42:33","date_gmt":"2023-06-08T10:42:33","guid":{"rendered":"https:\/\/agora.xtec.cat\/iesrafaelcampalans\/?page_id=7125"},"modified":"2025-07-15T13:07:01","modified_gmt":"2025-07-15T11:07:01","slug":"dam","status":"publish","type":"page","link":"https:\/\/agora.xtec.cat\/iesrafaelcampalans\/estudis\/cicles-formatius\/dam\/","title":{"rendered":"Desenvolupament d\u2019Aplicacions Multiplataforma amb perfil professional en Videojocs i Oci Digital (CFPS ICB2)"},"content":{"rendered":"\n<p>Aquests estudis postobligatoris capaciten per desenvolupar, implantar, documentar i mantenir aplicacions inform\u00e0tiques multiplataforma, utilitzant tecnologies i entorns de desenvolupament espec\u00edfics, garantint l&#8217;acc\u00e9s a les dades de forma segura i complint els criteris d&#8217;usabilitat i qualitat exigides en els est\u00e0ndards establerts.<\/p>\n\n\n\n<p>Tenen una durada de 2.000 hores (1.485 lectives en un centre educatiu i 515 de pr\u00e0ctiques en un centre de treball) distribu\u00efdes en <strong>dos cursos<\/strong>&nbsp;acad\u00e8mics.<\/p>\n\n\n\n<div class=\"wp-block-getwid-tabs\" data-active-tab=\"0\"><ul class=\"wp-block-getwid-tabs__nav-links\"><\/ul>\n<div class=\"wp-block-getwid-tabs__nav-link\"><span class=\"wp-block-getwid-tabs__title-wrapper\"><a href=\"#\"><span class=\"wp-block-getwid-tabs__title\">Continguts<\/span><\/a><\/span><\/div><div class=\"wp-block-getwid-tabs__tab-content-wrapper\"><div class=\"wp-block-getwid-tabs__tab-content\">\n<h5 class=\"wp-block-heading\">1r curs (com\u00fa amb <a href=\"http:\/\/agora.xtec.cat\/iesrafaelcampalans\/estudis\/daw\/\">1r DAW<\/a>)<\/h5>\n\n\n\n<ul class=\"wp-block-list\">\n<li>0373. Llenguatges de marques i sistemes de gesti\u00f3 d\u2019informaci\u00f3 (66 hores)<\/li>\n\n\n\n<li>0483. Sistemes inform\u00e0tics (99 hores)<\/li>\n\n\n\n<li>0484. Bases de dades (110 hores)<\/li>\n\n\n\n<li>0485. Programaci\u00f3 (165 hores)<\/li>\n\n\n\n<li>0486. Acc\u00e9s a dades (66 hores)<\/li>\n\n\n\n<li>0487. Entorns de desenvolupament (55 hores)<\/li>\n\n\n\n<li>0179. Angl\u00e8s professional (66 hores)<\/li>\n\n\n\n<li>1665. Digitalitzaci\u00f3 aplicada als sectors productius (33 hores)<\/li>\n\n\n\n<li>1708. Sostenibilitat aplicada al sistema productius (33 hores)<\/li>\n\n\n\n<li>1709. Itinerari personal per a l&#8217;ocupabilitat I (99 hores)<\/li>\n\n\n\n<li>C040. Game Design (33 hores)<\/li>\n\n\n\n<li>C041. Disseny 2D i 3D (66 hores)<\/li>\n<\/ul>\n\n\n\n<h5 class=\"wp-block-heading\">2n curs<\/h5>\n\n\n\n<ul class=\"wp-block-list\">\n<li><span style=\"font-weight: 400;\">0488.<\/span>&nbsp;Desenvolupament d&#8217;interf\u00edcies (66 hores)<\/li>\n\n\n\n<li><span style=\"font-weight: 400;\">0489.<\/span>&nbsp;Programaci\u00f3 multim\u00e8dia i dispositius m\u00f2bils (66 hores)<\/li>\n\n\n\n<li><span style=\"font-weight: 400;\">0490.<\/span>&nbsp;Programaci\u00f3 de serveis i processos (44 hores)<\/li>\n\n\n\n<li><span style=\"font-weight: 400;\">0491.<\/span>&nbsp;Sistemes de gesti\u00f3 empresarial (44 hores)<\/li>\n\n\n\n<li>C042. Programaci\u00f3 de videojocs 2D i 3D (110 hores)<\/li>\n\n\n\n<li><span style=\"font-weight: 400;\">1710. Itinerari personal per a l&#8217;ocupabilitat II<\/span> (66 hores)<\/li>\n\n\n\n<li><span style=\"font-weight: 400;\">0492. Projecte intermodular de desenvolupament d&#8217;aplicacions multiplataforma<\/span> (198 hores)<\/li>\n<\/ul>\n<\/div><\/div>\n\n\n\n<div class=\"wp-block-getwid-tabs__nav-link\"><span class=\"wp-block-getwid-tabs__title-wrapper\"><a href=\"#\"><span class=\"wp-block-getwid-tabs__title\">Marc horari<\/span><\/a><\/span><\/div><div class=\"wp-block-getwid-tabs__tab-content-wrapper\"><div class=\"wp-block-getwid-tabs__tab-content\">\n<h5 class=\"wp-block-heading\">1r curs<\/h5>\n\n\n\n<ul class=\"wp-block-list\">\n<li>De dilluns a dijous: de 15:00 a 21:00<\/li>\n\n\n\n<li>Divendres: de 15:00 a 19:10<\/li>\n<\/ul>\n\n\n\n<h5 class=\"wp-block-heading\">2n curs<\/h5>\n\n\n\n<ul class=\"wp-block-list\">\n<li>De dimarts a dijous: de 15:00 a 21:00<\/li>\n\n\n\n<li>Divendres: de 15:00 a 19:10<\/li>\n<\/ul>\n<\/div><\/div>\n\n\n\n<div class=\"wp-block-getwid-tabs__nav-link\"><span class=\"wp-block-getwid-tabs__title-wrapper\"><a href=\"#\"><span class=\"wp-block-getwid-tabs__title\">Preus<\/span><\/a><\/span><\/div><div class=\"wp-block-getwid-tabs__tab-content-wrapper\"><div class=\"wp-block-getwid-tabs__tab-content\">\n<p>Els<strong>&nbsp;imports de la matr\u00edcula<\/strong>&nbsp;per als centres dependents del Departament d&#8217;Ensenyament s\u00f3n:<\/p>\n\n\n\n<ul class=\"wp-block-list\">\n<li>per m\u00f2dul professional: 65 euros<\/li>\n\n\n\n<li>per m\u00f2dul de formaci\u00f3 en centres de treball (FCT): 25 euros<\/li>\n\n\n\n<li>import m\u00e0xim a pagar per curs: 360 euros<\/li>\n<\/ul>\n\n\n\n<p><em>Consulteu els sup\u00f2sits d&#8217;exempcions i bonificacions generals i espec\u00edfiques a l&#8217;apartat de&nbsp;<strong><a title=\"V\u00e9s a 'Matr\u00edcula dels cicles formatius de grau superior impartits en els centres dependents del Departament d'Ensenyament'\" href=\"http:\/\/ensenyament.gencat.cat\/ca\/departament\/normativa\/taxes-preus-publics\/preu-public\/\" target=\"_blank\" rel=\"noopener noreferrer\">preus p\u00fablics<\/a><\/strong>.<\/em><\/p>\n\n\n\n<p><strong>Altres imports<\/strong> addicionals:<\/p>\n\n\n\n<ul class=\"wp-block-list\">\n<li>per asseguran\u00e7a escolar: 1,12 euros<\/li>\n\n\n\n<li>per material (fotoc\u00f2pies d\u2019ex\u00e0mens i exercicis, llic\u00e8ncies de programari, equipament d\u2019aula, concursos, premis, ordinadors de substituci\u00f3)\n<ul class=\"wp-block-list\">\n<li>1 o 2 m\u00f2duls: 25 euros<\/li>\n\n\n\n<li>3 o 4 m\u00f2duls: 45 euros<\/li>\n\n\n\n<li>M\u00e9s de 4 m\u00f2duls: 60 euros<\/li>\n<\/ul>\n<\/li>\n<\/ul>\n<\/div><\/div>\n\n\n\n<div class=\"wp-block-getwid-tabs__nav-link\"><span class=\"wp-block-getwid-tabs__title-wrapper\"><a href=\"#\"><span class=\"wp-block-getwid-tabs__title\">Sortides acad\u00e8miques<\/span><\/a><\/span><\/div><div class=\"wp-block-getwid-tabs__tab-content-wrapper\"><div class=\"wp-block-getwid-tabs__tab-content\">\n<p>Amb aquests estudis s&#8217;obt\u00e9 el t\u00edtol de t\u00e8cnic superior o t\u00e8cnica superior, que permet accedir a qualsevol estudi universitari oficial de grau. Les persones que s&#8217;han graduat en un cicle formatiu de grau superior poden obtenir la convalidaci\u00f3 de cr\u00e8dits universitaris ECTS.<\/p>\n\n\n\n<p>Per a m\u00e9s informaci\u00f3, consulteu el&nbsp;<a href=\"http:\/\/universitats.gencat.cat\/ca\/que_puc_fer\/estudiant_cicles\/\" target=\"_blank\" rel=\"noopener noreferrer\">Canal Universitats<\/a><\/p>\n<\/div><\/div>\n\n\n\n<div class=\"wp-block-getwid-tabs__nav-link\"><span class=\"wp-block-getwid-tabs__title-wrapper\"><a href=\"#\"><span class=\"wp-block-getwid-tabs__title\">Sortides professionals<\/span><\/a><\/span><\/div><div class=\"wp-block-getwid-tabs__tab-content-wrapper\"><div class=\"wp-block-getwid-tabs__tab-content\">\n<p>La superaci\u00f3 d&#8217;aquest cicle formatiu permet accedir al&nbsp;<strong>m\u00f3n laboral<\/strong>&nbsp;com a:<\/p>\n\n\n\n<ul class=\"wp-block-list\">\n<li>t\u00e8cnic o t\u00e8cnica en desenvolupament d&#8217;aplicacions inform\u00e0tiques de prop\u00f2sit general i en l&#8217;\u00e0mbit de l&#8217;entreteniment i de la inform\u00e0tica m\u00f2bil<\/li>\n\n\n\n<li>t\u00e8cnic o t\u00e8cnica en desenvolupament d&#8217;aplicacions inform\u00e0tiques per a la gesti\u00f3 empresarial i de negocis<\/li>\n<\/ul>\n<\/div><\/div>\n<\/div>\n\n\n\n<p><\/p>\n","protected":false},"excerpt":{"rendered":"<p>Aquests estudis postobligatoris capaciten per desenvolupar, implantar, documentar i mantenir aplicacions inform\u00e0tiques multiplataforma, utilitzant tecnologies i entorns de desenvolupament espec\u00edfics, garantint l&#8217;acc\u00e9s a les dades de forma segura i complint els criteris d&#8217;usabilitat i qualitat exigides en els est\u00e0ndards establerts. Tenen una durada de 2.000 hores (1.485 lectives en un centre educatiu i 515 de [&hellip;]<\/p>\n","protected":false},"author":5,"featured_media":0,"parent":7109,"menu_order":10,"comment_status":"closed","ping_status":"closed","template":"","meta":{"_bbp_topic_count":0,"_bbp_reply_count":0,"_bbp_total_topic_count":0,"_bbp_total_reply_count":0,"_bbp_voice_count":0,"_bbp_anonymous_reply_count":0,"_bbp_topic_count_hidden":0,"_bbp_reply_count_hidden":0,"_bbp_forum_subforum_count":0,"site-sidebar-layout":"default","site-content-layout":"","ast-site-content-layout":"default","site-content-style":"default","site-sidebar-style":"default","ast-global-header-display":"","ast-banner-title-visibility":"","ast-main-header-display":"","ast-hfb-above-header-display":"","ast-hfb-below-header-display":"","ast-hfb-mobile-header-display":"","site-post-title":"","ast-breadcrumbs-content":"","ast-featured-img":"","footer-sml-layout":"","theme-transparent-header-meta":"","adv-header-id-meta":"","stick-header-meta":"","header-above-stick-meta":"","header-main-stick-meta":"","header-below-stick-meta":"","astra-migrate-meta-layouts":"set","ast-page-background-enabled":"default","ast-page-background-meta":{"desktop":{"background-color":"var(--ast-global-color-4)","background-image":"","background-repeat":"repeat","background-position":"center center","background-size":"auto","background-attachment":"scroll","background-type":"","background-media":"","overlay-type":"","overlay-color":"","overlay-opacity":"","overlay-gradient":""},"tablet":{"background-color":"","background-image":"","background-repeat":"repeat","background-position":"center center","background-size":"auto","background-attachment":"scroll","background-type":"","background-media":"","overlay-type":"","overlay-color":"","overlay-opacity":"","overlay-gradient":""},"mobile":{"background-color":"","background-image":"","background-repeat":"repeat","background-position":"center center","background-size":"auto","background-attachment":"scroll","background-type":"","background-media":"","overlay-type":"","overlay-color":"","overlay-opacity":"","overlay-gradient":""}},"ast-content-background-meta":{"desktop":{"background-color":"var(--ast-global-color-5)","background-image":"","background-repeat":"repeat","background-position":"center center","background-size":"auto","background-attachment":"scroll","background-type":"","background-media":"","overlay-type":"","overlay-color":"","overlay-opacity":"","overlay-gradient":""},"tablet":{"background-color":"var(--ast-global-color-5)","background-image":"","background-repeat":"repeat","background-position":"center center","background-size":"auto","background-attachment":"scroll","background-type":"","background-media":"","overlay-type":"","overlay-color":"","overlay-opacity":"","overlay-gradient":""},"mobile":{"background-color":"var(--ast-global-color-5)","background-image":"","background-repeat":"repeat","background-position":"center center","background-size":"auto","background-attachment":"scroll","background-type":"","background-media":"","overlay-type":"","overlay-color":"","overlay-opacity":"","overlay-gradient":""}},"footnotes":""},"class_list":["post-7125","page","type-page","status-publish","hentry"],"post_mailing_queue_ids":[],"_links":{"self":[{"href":"https:\/\/agora.xtec.cat\/iesrafaelcampalans\/wp-json\/wp\/v2\/pages\/7125","targetHints":{"allow":["GET"]}}],"collection":[{"href":"https:\/\/agora.xtec.cat\/iesrafaelcampalans\/wp-json\/wp\/v2\/pages"}],"about":[{"href":"https:\/\/agora.xtec.cat\/iesrafaelcampalans\/wp-json\/wp\/v2\/types\/page"}],"author":[{"embeddable":true,"href":"https:\/\/agora.xtec.cat\/iesrafaelcampalans\/wp-json\/wp\/v2\/users\/5"}],"replies":[{"embeddable":true,"href":"https:\/\/agora.xtec.cat\/iesrafaelcampalans\/wp-json\/wp\/v2\/comments?post=7125"}],"version-history":[{"count":6,"href":"https:\/\/agora.xtec.cat\/iesrafaelcampalans\/wp-json\/wp\/v2\/pages\/7125\/revisions"}],"predecessor-version":[{"id":9665,"href":"https:\/\/agora.xtec.cat\/iesrafaelcampalans\/wp-json\/wp\/v2\/pages\/7125\/revisions\/9665"}],"up":[{"embeddable":true,"href":"https:\/\/agora.xtec.cat\/iesrafaelcampalans\/wp-json\/wp\/v2\/pages\/7109"}],"wp:attachment":[{"href":"https:\/\/agora.xtec.cat\/iesrafaelcampalans\/wp-json\/wp\/v2\/media?parent=7125"}],"curies":[{"name":"wp","href":"https:\/\/api.w.org\/{rel}","templated":true}]}}