{"id":7123,"date":"2023-06-08T12:42:21","date_gmt":"2023-06-08T10:42:21","guid":{"rendered":"https:\/\/agora.xtec.cat\/iesrafaelcampalans\/?page_id=7123"},"modified":"2025-07-15T13:35:53","modified_gmt":"2025-07-15T11:35:53","slug":"smx","status":"publish","type":"page","link":"https:\/\/agora.xtec.cat\/iesrafaelcampalans\/estudis\/cicles-formatius\/smx\/","title":{"rendered":"Sistemes Microinform\u00e0tics i Xarxes (CFPM IC10)"},"content":{"rendered":"\n<p>Aquests estudis postobligatoris capaciten per instal\u00b7lar i mantenir serveis de xarxes fixes i m\u00f2bils, serveis d\u2019Internet i sistemes inform\u00e0tics i tamb\u00e9 per prestar suport als usuaris i usu\u00e0ries.<\/p>\n\n\n\n<p><span style=\"font-weight: 400;\">En el <strong>nostre cicle<\/strong>, a m\u00e9s, t\u2019iniciar\u00e0s en el m\u00f3n de la <strong>programaci\u00f3 d\u2019aplicacions<\/strong>.<\/span><\/p>\n\n\n\n<p>Tenen una durada de 2.000 hores (1.485 lectives en un centre educatiu i 515 pr\u00e0ctiques en un centre de treball) distribu\u00efdes en <strong>dos cursos<\/strong> acad\u00e8mics.<\/p>\n\n\n\n<div class=\"wp-block-getwid-tabs\" data-active-tab=\"0\"><ul class=\"wp-block-getwid-tabs__nav-links\"><\/ul>\n<div class=\"wp-block-getwid-tabs__nav-link\"><span class=\"wp-block-getwid-tabs__title-wrapper\"><a href=\"#\"><span class=\"wp-block-getwid-tabs__title\">Continguts<\/span><\/a><\/span><\/div><div class=\"wp-block-getwid-tabs__tab-content-wrapper\"><div class=\"wp-block-getwid-tabs__tab-content\">\n<h5 class=\"wp-block-heading\">1r curs<\/h5>\n\n\n\n<ul class=\"wp-block-list\">\n<li>0156. Angl\u00e8s professional (66 hores)<\/li>\n\n\n\n<li>0221. Muntatge i manteniment d\u2019equips (132 hores)<\/li>\n\n\n\n<li>0222. Sistemes operatius monolloc (99 hores)<\/li>\n\n\n\n<li>0223. Aplicacions ofim\u00e0tiques (99 hores)<\/li>\n\n\n\n<li>0225. Xarxes locals (132 hores)<\/li>\n\n\n\n<li>0228. Aplicacions web (66 hores)<\/li>\n\n\n\n<li>1664. Digitalitzaci\u00f3 aplicada als sectors productius (33 hores)<\/li>\n\n\n\n<li>1708. Sostenibilitat aplicada al sistema productiu (33 hores)<\/li>\n\n\n\n<li>1709. Itinerari personal per a l&#8217;ocupabilitat I (99 hores)<\/li>\n\n\n\n<li>OPT1SMX. Creaci\u00f3 de p\u00e0gines web (M\u00f2dul optatiu de centre) (33 hores)<\/li>\n<\/ul>\n\n\n\n<h5 class=\"wp-block-heading\">2n curs<\/h5>\n\n\n\n<div class=\"wp-block-group is-layout-constrained wp-block-group-is-layout-constrained\">\n<ul class=\"wp-block-list\">\n<li>0224. Sistemes operatius en xarxa (132 hores)<\/li>\n\n\n\n<li>0226. Seguretat inform\u00e0tica (99 hores)<\/li>\n\n\n\n<li>0227. Serveis de xarxa (132 hores)<\/li>\n\n\n\n<li>1710. Itinerari personal per a l&#8217;ocupabilitat II (66 hores)<\/li>\n\n\n\n<li>1713. Projecte intermodular (198 hores)<\/li>\n\n\n\n<li>OPT2SMX. Programaci\u00f3 b\u00e0sica (M\u00f2dul optatiu de centre) (66 hores)<\/li>\n<\/ul>\n<\/div>\n<\/div><\/div>\n\n\n\n<div class=\"wp-block-getwid-tabs__nav-link\"><span class=\"wp-block-getwid-tabs__title-wrapper\"><a href=\"#\"><span class=\"wp-block-getwid-tabs__title\">Marc horari<\/span><\/a><\/span><\/div><div class=\"wp-block-getwid-tabs__tab-content-wrapper\"><div class=\"wp-block-getwid-tabs__tab-content\">\n<h5 class=\"wp-block-heading\">1r SMX<\/h5>\n\n\n\n<ul class=\"wp-block-list\">\n<li>De dilluns a divendres: de 8:40 a 14:00<\/li>\n<\/ul>\n\n\n\n<h5 class=\"wp-block-heading\">2n SMX<\/h5>\n\n\n\n<ul class=\"wp-block-list\">\n<li>De dimarts a dijous: de 15:00 a 21:00<\/li>\n\n\n\n<li>Divendres: de 15:00 a 19:10<\/li>\n<\/ul>\n<\/div><\/div>\n\n\n\n<div class=\"wp-block-getwid-tabs__nav-link\"><span class=\"wp-block-getwid-tabs__title-wrapper\"><a href=\"#\"><span class=\"wp-block-getwid-tabs__title\">Preus<\/span><\/a><\/span><\/div><div class=\"wp-block-getwid-tabs__tab-content-wrapper\"><div class=\"wp-block-getwid-tabs__tab-content\">\n<ul class=\"wp-block-list\">\n<li>per material (fotoc\u00f2pies d\u2019ex\u00e0mens i exercicis, llic\u00e8ncies de programari, equipament d\u2019aula, concursos, premis, ordinadors de substituci\u00f3): \n<ul class=\"wp-block-list\">\n<li>1 o 2 m\u00f2duls: 25 euros<\/li>\n\n\n\n<li>3 o 4 m\u00f2duls: 45 euros<\/li>\n\n\n\n<li>M\u00e9s de 4 m\u00f2duls: 60 euros<\/li>\n<\/ul>\n<\/li>\n\n\n\n<li>per asseguran\u00e7a escolar: 1,12 euros<\/li>\n<\/ul>\n<\/div><\/div>\n\n\n\n<div class=\"wp-block-getwid-tabs__nav-link\"><span class=\"wp-block-getwid-tabs__title-wrapper\"><a href=\"#\"><span class=\"wp-block-getwid-tabs__title\">Sortides acad\u00e8miques<\/span><\/a><\/span><\/div><div class=\"wp-block-getwid-tabs__tab-content-wrapper\"><div class=\"wp-block-getwid-tabs__tab-content\">\n<p>Amb aquests estudis s&#8217;obt\u00e9 el t\u00edtol de&nbsp;<strong>t\u00e8cnic o t\u00e8cnica<\/strong>, que permet accedir:<\/p>\n\n\n\n<ul class=\"wp-block-list\">\n<li>al batxillerat,<\/li>\n\n\n\n<li>a un cicle de grau superior de formaci\u00f3 professional<\/li>\n<\/ul>\n<\/div><\/div>\n\n\n\n<div class=\"wp-block-getwid-tabs__nav-link\"><span class=\"wp-block-getwid-tabs__title-wrapper\"><a href=\"#\"><span class=\"wp-block-getwid-tabs__title\">Sortides professionals<\/span><\/a><\/span><\/div><div class=\"wp-block-getwid-tabs__tab-content-wrapper\"><div class=\"wp-block-getwid-tabs__tab-content\">\n<p>La superaci\u00f3 d&#8217;aquest cicle formatiu permet accedir al&nbsp;<strong>m\u00f3n laboral<\/strong>&nbsp;com a:<\/p>\n\n\n\n<ul class=\"wp-block-list\">\n<li>t\u00e8cnic instal\u00b7lador i reparador o t\u00e8cnica instal\u00b7ladora i reparadora d&#8217;equips inform\u00e0tics;<\/li>\n\n\n\n<li>t\u00e8cnic o t\u00e8cnica en manteniment de sistemes inform\u00e0tics;<\/li>\n\n\n\n<li>t\u00e8cnic o t\u00e8cnica en manteniment de serveis d&#8217;Internet;<\/li>\n\n\n\n<li>t\u00e8cnic o t\u00e8cnica de suport inform\u00e0tic;<\/li>\n\n\n\n<li>t\u00e8cnic o t\u00e8cnica de xarxes de dades;<\/li>\n\n\n\n<li>t\u00e8cnic o t\u00e8cnica en vendes de TIC per a sectors industrials;<\/li>\n\n\n\n<li>reparador o reparadora de perif\u00e8rics de sistemes microinform\u00e0tics;<\/li>\n\n\n\n<li>comercial de microinform\u00e0tica;<\/li>\n\n\n\n<li>operador o operadora de teleassist\u00e8ncia, i<\/li>\n\n\n\n<li>operador o operadora de sistemes.<\/li>\n<\/ul>\n\n\n\n<p><\/p>\n<\/div><\/div>\n<\/div>\n\n\n\n<p><\/p>\n","protected":false},"excerpt":{"rendered":"<p>Aquests estudis postobligatoris capaciten per instal\u00b7lar i mantenir serveis de xarxes fixes i m\u00f2bils, serveis d\u2019Internet i sistemes inform\u00e0tics i tamb\u00e9 per prestar suport als usuaris i usu\u00e0ries. En el nostre cicle, a m\u00e9s, t\u2019iniciar\u00e0s en el m\u00f3n de la programaci\u00f3 d\u2019aplicacions. Tenen una durada de 2.000 hores (1.485 lectives en un centre educatiu i [&hellip;]<\/p>\n","protected":false},"author":5,"featured_media":0,"parent":7109,"menu_order":0,"comment_status":"closed","ping_status":"closed","template":"","meta":{"_bbp_topic_count":0,"_bbp_reply_count":0,"_bbp_total_topic_count":0,"_bbp_total_reply_count":0,"_bbp_voice_count":0,"_bbp_anonymous_reply_count":0,"_bbp_topic_count_hidden":0,"_bbp_reply_count_hidden":0,"_bbp_forum_subforum_count":0,"site-sidebar-layout":"default","site-content-layout":"","ast-site-content-layout":"default","site-content-style":"default","site-sidebar-style":"default","ast-global-header-display":"","ast-banner-title-visibility":"","ast-main-header-display":"","ast-hfb-above-header-display":"","ast-hfb-below-header-display":"","ast-hfb-mobile-header-display":"","site-post-title":"","ast-breadcrumbs-content":"","ast-featured-img":"","footer-sml-layout":"","theme-transparent-header-meta":"","adv-header-id-meta":"","stick-header-meta":"","header-above-stick-meta":"","header-main-stick-meta":"","header-below-stick-meta":"","astra-migrate-meta-layouts":"set","ast-page-background-enabled":"default","ast-page-background-meta":{"desktop":{"background-color":"var(--ast-global-color-4)","background-image":"","background-repeat":"repeat","background-position":"center center","background-size":"auto","background-attachment":"scroll","background-type":"","background-media":"","overlay-type":"","overlay-color":"","overlay-opacity":"","overlay-gradient":""},"tablet":{"background-color":"","background-image":"","background-repeat":"repeat","background-position":"center center","background-size":"auto","background-attachment":"scroll","background-type":"","background-media":"","overlay-type":"","overlay-color":"","overlay-opacity":"","overlay-gradient":""},"mobile":{"background-color":"","background-image":"","background-repeat":"repeat","background-position":"center center","background-size":"auto","background-attachment":"scroll","background-type":"","background-media":"","overlay-type":"","overlay-color":"","overlay-opacity":"","overlay-gradient":""}},"ast-content-background-meta":{"desktop":{"background-color":"var(--ast-global-color-5)","background-image":"","background-repeat":"repeat","background-position":"center center","background-size":"auto","background-attachment":"scroll","background-type":"","background-media":"","overlay-type":"","overlay-color":"","overlay-opacity":"","overlay-gradient":""},"tablet":{"background-color":"var(--ast-global-color-5)","background-image":"","background-repeat":"repeat","background-position":"center center","background-size":"auto","background-attachment":"scroll","background-type":"","background-media":"","overlay-type":"","overlay-color":"","overlay-opacity":"","overlay-gradient":""},"mobile":{"background-color":"var(--ast-global-color-5)","background-image":"","background-repeat":"repeat","background-position":"center center","background-size":"auto","background-attachment":"scroll","background-type":"","background-media":"","overlay-type":"","overlay-color":"","overlay-opacity":"","overlay-gradient":""}},"footnotes":""},"class_list":["post-7123","page","type-page","status-publish","hentry"],"post_mailing_queue_ids":[],"_links":{"self":[{"href":"https:\/\/agora.xtec.cat\/iesrafaelcampalans\/wp-json\/wp\/v2\/pages\/7123","targetHints":{"allow":["GET"]}}],"collection":[{"href":"https:\/\/agora.xtec.cat\/iesrafaelcampalans\/wp-json\/wp\/v2\/pages"}],"about":[{"href":"https:\/\/agora.xtec.cat\/iesrafaelcampalans\/wp-json\/wp\/v2\/types\/page"}],"author":[{"embeddable":true,"href":"https:\/\/agora.xtec.cat\/iesrafaelcampalans\/wp-json\/wp\/v2\/users\/5"}],"replies":[{"embeddable":true,"href":"https:\/\/agora.xtec.cat\/iesrafaelcampalans\/wp-json\/wp\/v2\/comments?post=7123"}],"version-history":[{"count":6,"href":"https:\/\/agora.xtec.cat\/iesrafaelcampalans\/wp-json\/wp\/v2\/pages\/7123\/revisions"}],"predecessor-version":[{"id":9671,"href":"https:\/\/agora.xtec.cat\/iesrafaelcampalans\/wp-json\/wp\/v2\/pages\/7123\/revisions\/9671"}],"up":[{"embeddable":true,"href":"https:\/\/agora.xtec.cat\/iesrafaelcampalans\/wp-json\/wp\/v2\/pages\/7109"}],"wp:attachment":[{"href":"https:\/\/agora.xtec.cat\/iesrafaelcampalans\/wp-json\/wp\/v2\/media?parent=7123"}],"curies":[{"name":"wp","href":"https:\/\/api.w.org\/{rel}","templated":true}]}}