{"id":7117,"date":"2023-06-08T12:40:54","date_gmt":"2023-06-08T10:40:54","guid":{"rendered":"https:\/\/agora.xtec.cat\/iesrafaelcampalans\/?page_id=7117"},"modified":"2026-03-08T21:53:09","modified_gmt":"2026-03-08T20:53:09","slug":"4t-eso","status":"publish","type":"page","link":"https:\/\/agora.xtec.cat\/iesrafaelcampalans\/estudis\/eso\/4t-eso\/","title":{"rendered":"4t ESO"},"content":{"rendered":"<ul style=\"list-style-type: circle;\">\n<li>\n<h4><a href=\"https:\/\/drive.google.com\/file\/d\/1HLh-fnC63I_bxiLBuB1HDCw0kZY_h7vz\/view?usp=drive_link\">Sortides Curs 2025-2026<\/a><\/h4>\n<\/li>\n<li>\n<h4><a href=\"https:\/\/drive.google.com\/file\/d\/1y4JgqldkvDr7lYp6DuVqtKIoyFBOiQit\/view?usp=drive_link\">Presentaci\u00f3 de la Reuni\u00f3 amb les fam\u00edlies<\/a><\/h4>\n<\/li>\n<li>\n<h4>Horaris grups:<\/h4>\n<ul>\n<li><a href=\"https:\/\/drive.google.com\/file\/d\/1l6-nHJbFVroEq_AUd_d6KuMSWF3myBFe\/view?usp=drive_link\">4t ESO A<\/a><\/li>\n<li><a href=\"https:\/\/drive.google.com\/file\/d\/1M6oz0Uik06MbtvuGEVy-i3iVEOhnCjLy\/view?usp=drive_link\">4t ESO B<\/a><\/li>\n<li><a href=\"https:\/\/drive.google.com\/file\/d\/1qTv4wRcWBSTQhlvXTRUEvRRGCNQ5vLhB\/view?usp=drive_link\">4t ESO C<\/a><\/li>\n<\/ul>\n<\/li>\n<li>\n<h4><a href=\"https:\/\/drive.google.com\/file\/d\/1ugf8RMjKmXClRtITF-F6MeSEK2-_l3Bd\/view?usp=sharing\">Llibre d&#8217;estil<\/a><\/h4>\n<ul style=\"list-style-type: circle;\">\n<li><a href=\"https:\/\/drive.google.com\/file\/d\/1huIcsB97-kCOAyPJ8vwjbXp1YmuL7q8R\/view?usp=sharing\">Infografia del llibre d&#8217;estil<\/a><\/li>\n<\/ul>\n<\/li>\n<li>\n<h4>Carta de juny (fam\u00edlies): <a href=\"https:\/\/drive.google.com\/file\/d\/1kkMD2TOPacTYFmoAU7mFFls-E909EMGP\/view?usp=sharing\" target=\"_blank\" rel=\"noopener\">4t d&#8217;ESO<\/a><\/h4>\n<\/li>\n<li>\n<h4>Recomanacions de lectura i deures d&#8217;estiu:<\/h4>\n<\/li>\n<\/ul>\n<table style=\"width: 93.9899%; height: 36px;\">\n<tbody>\n<tr style=\"height: 36px;\">\n<td style=\"height: 36px; width: 16.7167%; text-align: center;\"><strong><a href=\"https:\/\/drive.google.com\/file\/d\/1CmbhTWcJLcF73FPcUCYFHcR6uTv0v_uq\/view?usp=drive_link\">LLENGUA CATALANA<\/a>\u00a0<\/strong><\/td>\n<td style=\"height: 36px; width: 18.3932%; text-align: center;\"><strong><a href=\"https:\/\/drive.google.com\/file\/d\/1CCR2qVdTRe2RyI6dol1_98OC-xmR-rli\/view?usp=drive_link\">LENGUA CASTELLANA <\/a><\/strong><strong><a href=\"https:\/\/drive.google.com\/file\/d\/1CCR2qVdTRe2RyI6dol1_98OC-xmR-rli\/view?usp=drive_link\">\u00a03r i 4t ESO<\/a><\/strong><\/td>\n<td style=\"height: 36px; width: 14.1225%; text-align: center;\"><strong><a href=\"https:\/\/drive.google.com\/file\/d\/16AL1d_-jABRwWjW5JmGcDiSePEp7T6Tj\/view?usp=drive_link\">ENGLISH<\/a><\/strong><a href=\"https:\/\/drive.google.com\/file\/d\/1etH7TtR0pJ856vMqfpaUKs5aABzjCMIR\/view?usp=drive_link\"><strong>Tips to practice English<\/strong><\/a><\/td>\n<td style=\"height: 36px; width: 13.4595%; text-align: center;\"><strong><a href=\"https:\/\/drive.google.com\/file\/d\/1xalNgO8zpML1pANK_QG33kKBNTs2KBHq\/view?usp=drive_link\">FRAN\u00c7AIS<\/a><\/strong><\/td>\n<\/tr>\n<\/tbody>\n<\/table>\n<ul style=\"list-style-type: circle;\">\n<li class=\"entry-title\">\n<h4>Tria de mat\u00e8ries optatives de 4t d\u2019ESO \u2013 Curs 2025-2026<\/h4>\n<\/li>\n<\/ul>\n<p style=\"text-align: justify;\">En aquesta\u00a0<a href=\"https:\/\/drive.google.com\/file\/d\/1GLe-hmuJ97T3OJxhYZ9Jei7n1_CVoM6j\/view?usp=sharing\"><strong>Guia orientativa<\/strong><\/a> disposeu de la informaci\u00f3 per triar les mat\u00e8ries optatives de 4t d\u2019ESO que el\/la vostre\/a fill\/a estudiar\u00e0 el curs vinent 2025-2026. L\u2019alumnat ja ha rebut l\u2019assessorament per part de la coordinaci\u00f3 pedag\u00f2gica del centre. \u00c9s important que parleu amb el\/la vostre\/a fill\/a per tal de consensuar l\u2019elecci\u00f3 d\u2019aquestes mat\u00e8ries d\u2019acord amb els estudis que vulgui fer en un futur pr\u00f2xim.<\/p>\n","protected":false},"excerpt":{"rendered":"<p>Sortides Curs 2025-2026 Presentaci\u00f3 de la Reuni\u00f3 amb les fam\u00edlies Horaris grups: 4t ESO A 4t ESO B 4t ESO C Llibre d&#8217;estil Infografia del llibre d&#8217;estil Carta de juny (fam\u00edlies): 4t d&#8217;ESO Recomanacions de lectura i deures d&#8217;estiu: LLENGUA CATALANA\u00a0 LENGUA CASTELLANA \u00a03r i 4t ESO ENGLISHTips to practice English FRAN\u00c7AIS Tria de mat\u00e8ries [&hellip;]<\/p>\n","protected":false},"author":5,"featured_media":0,"parent":7105,"menu_order":0,"comment_status":"closed","ping_status":"closed","template":"","meta":{"_bbp_topic_count":0,"_bbp_reply_count":0,"_bbp_total_topic_count":0,"_bbp_total_reply_count":0,"_bbp_voice_count":0,"_bbp_anonymous_reply_count":0,"_bbp_topic_count_hidden":0,"_bbp_reply_count_hidden":0,"_bbp_forum_subforum_count":0,"site-sidebar-layout":"default","site-content-layout":"","ast-site-content-layout":"default","site-content-style":"default","site-sidebar-style":"default","ast-global-header-display":"","ast-banner-title-visibility":"","ast-main-header-display":"","ast-hfb-above-header-display":"","ast-hfb-below-header-display":"","ast-hfb-mobile-header-display":"","site-post-title":"","ast-breadcrumbs-content":"","ast-featured-img":"","footer-sml-layout":"","theme-transparent-header-meta":"","adv-header-id-meta":"","stick-header-meta":"","header-above-stick-meta":"","header-main-stick-meta":"","header-below-stick-meta":"","astra-migrate-meta-layouts":"set","ast-page-background-enabled":"default","ast-page-background-meta":{"desktop":{"background-color":"var(--ast-global-color-4)","background-image":"","background-repeat":"repeat","background-position":"center center","background-size":"auto","background-attachment":"scroll","background-type":"","background-media":"","overlay-type":"","overlay-color":"","overlay-opacity":"","overlay-gradient":""},"tablet":{"background-color":"","background-image":"","background-repeat":"repeat","background-position":"center center","background-size":"auto","background-attachment":"scroll","background-type":"","background-media":"","overlay-type":"","overlay-color":"","overlay-opacity":"","overlay-gradient":""},"mobile":{"background-color":"","background-image":"","background-repeat":"repeat","background-position":"center center","background-size":"auto","background-attachment":"scroll","background-type":"","background-media":"","overlay-type":"","overlay-color":"","overlay-opacity":"","overlay-gradient":""}},"ast-content-background-meta":{"desktop":{"background-color":"var(--ast-global-color-5)","background-image":"","background-repeat":"repeat","background-position":"center center","background-size":"auto","background-attachment":"scroll","background-type":"","background-media":"","overlay-type":"","overlay-color":"","overlay-opacity":"","overlay-gradient":""},"tablet":{"background-color":"var(--ast-global-color-5)","background-image":"","background-repeat":"repeat","background-position":"center center","background-size":"auto","background-attachment":"scroll","background-type":"","background-media":"","overlay-type":"","overlay-color":"","overlay-opacity":"","overlay-gradient":""},"mobile":{"background-color":"var(--ast-global-color-5)","background-image":"","background-repeat":"repeat","background-position":"center center","background-size":"auto","background-attachment":"scroll","background-type":"","background-media":"","overlay-type":"","overlay-color":"","overlay-opacity":"","overlay-gradient":""}},"footnotes":""},"class_list":["post-7117","page","type-page","status-publish","hentry"],"post_mailing_queue_ids":[],"_links":{"self":[{"href":"https:\/\/agora.xtec.cat\/iesrafaelcampalans\/wp-json\/wp\/v2\/pages\/7117","targetHints":{"allow":["GET"]}}],"collection":[{"href":"https:\/\/agora.xtec.cat\/iesrafaelcampalans\/wp-json\/wp\/v2\/pages"}],"about":[{"href":"https:\/\/agora.xtec.cat\/iesrafaelcampalans\/wp-json\/wp\/v2\/types\/page"}],"author":[{"embeddable":true,"href":"https:\/\/agora.xtec.cat\/iesrafaelcampalans\/wp-json\/wp\/v2\/users\/5"}],"replies":[{"embeddable":true,"href":"https:\/\/agora.xtec.cat\/iesrafaelcampalans\/wp-json\/wp\/v2\/comments?post=7117"}],"version-history":[{"count":6,"href":"https:\/\/agora.xtec.cat\/iesrafaelcampalans\/wp-json\/wp\/v2\/pages\/7117\/revisions"}],"predecessor-version":[{"id":10274,"href":"https:\/\/agora.xtec.cat\/iesrafaelcampalans\/wp-json\/wp\/v2\/pages\/7117\/revisions\/10274"}],"up":[{"embeddable":true,"href":"https:\/\/agora.xtec.cat\/iesrafaelcampalans\/wp-json\/wp\/v2\/pages\/7105"}],"wp:attachment":[{"href":"https:\/\/agora.xtec.cat\/iesrafaelcampalans\/wp-json\/wp\/v2\/media?parent=7117"}],"curies":[{"name":"wp","href":"https:\/\/api.w.org\/{rel}","templated":true}]}}