{"id":7115,"date":"2023-06-08T12:39:18","date_gmt":"2023-06-08T10:39:18","guid":{"rendered":"https:\/\/agora.xtec.cat\/iesrafaelcampalans\/?page_id=7115"},"modified":"2026-03-08T21:52:11","modified_gmt":"2026-03-08T20:52:11","slug":"3r-eso","status":"publish","type":"page","link":"https:\/\/agora.xtec.cat\/iesrafaelcampalans\/estudis\/eso\/3r-eso\/","title":{"rendered":"3r ESO"},"content":{"rendered":"<ul style=\"list-style-type: circle;\">\n<li>\n<h4><a href=\"https:\/\/drive.google.com\/file\/d\/1YOwLwFjrqIQbLV8bJFNNU-qigh5QASRX\/view?usp=drive_link\">Sortides Curs 2025-2026<\/a><\/h4>\n<\/li>\n<li>\n<h4><a href=\"https:\/\/drive.google.com\/file\/d\/1t4qDQbq0tEurPWndjdHVl1z-mVwWDCTU\/view?usp=drive_link\">Presentaci\u00f3 de la Reuni\u00f3 amb les fam\u00edlies<\/a><\/h4>\n<\/li>\n<li>\n<h4>Horaris grups:<\/h4>\n<ul style=\"list-style-type: circle;\">\n<li><a href=\"https:\/\/drive.google.com\/file\/d\/1bNsXxmZmXjcF-qTFsGth9zejOplaXQe9\/view?usp=drive_link\">3r ESO A<\/a><\/li>\n<li><a href=\"https:\/\/drive.google.com\/file\/d\/1I_wwFrdFdmKaV4jrLAqw41NzeweauutM\/view?usp=drive_link\">3r ESO B<\/a><\/li>\n<li><a href=\"https:\/\/drive.google.com\/file\/d\/1huEqL0uXByJN4ksjkJ7wbf6uMl-H6hF8\/view?usp=drive_link\">3r ESO C<\/a><\/li>\n<li><a href=\"https:\/\/drive.google.com\/file\/d\/1e29miS4HyAyehmrCqTP9RhDKdeYdEZXq\/view?usp=drive_link\">3r ESO D<\/a><\/li>\n<\/ul>\n<\/li>\n<li>\n<h4><a href=\"https:\/\/drive.google.com\/file\/d\/1ugf8RMjKmXClRtITF-F6MeSEK2-_l3Bd\/view?usp=sharing\">Llibre d&#8217;estil<\/a><\/h4>\n<ul style=\"list-style-type: circle;\">\n<li><a href=\"https:\/\/drive.google.com\/file\/d\/1huIcsB97-kCOAyPJ8vwjbXp1YmuL7q8R\/view?usp=sharing\">Infografia del llibre d&#8217;estil<\/a><\/li>\n<\/ul>\n<\/li>\n<li>\n<h4>Carta de juny (fam\u00edlies): <a href=\"https:\/\/drive.google.com\/file\/d\/1n_a1tbQRDwIodq_R0uIUwH4DGPzytS44\/view?usp=sharing\" target=\"_blank\" rel=\"noopener\">3r d&#8217;ESO<\/a><\/h4>\n<\/li>\n<li>\n<h4>Dossiers de rep\u00e0s i\/o recuperaci\u00f3 estiu 2025:<\/h4>\n<table style=\"width: 96.1323%; height: 98px;\">\n<tbody>\n<tr style=\"height: 49px;\">\n<td style=\"width: 10.455%; height: 49px;\"><strong><a href=\"https:\/\/drive.google.com\/file\/d\/1a6b4_hv5IfibhVKswZS0TU9eumuEBC8l\/view?usp=drive_link\">Llengua Catalana<\/a><\/strong><\/td>\n<td style=\"width: 11.1998%; height: 49px;\"><strong><a href=\"https:\/\/drive.google.com\/file\/d\/1CERMAKAAgSM8C3CyUIybxzYrxmX52WKJ\/view?usp=drive_link\">Llengua castellana<\/a><\/strong><\/td>\n<td style=\"width: 17.071%; height: 49px;\"><strong><a href=\"https:\/\/drive.google.com\/file\/d\/1i3mDyQ4kvbeW16JRHoWqPyELW04nfjFV\/view?usp=drive_link\">English<\/a><\/strong><a href=\"https:\/\/drive.google.com\/file\/d\/1etH7TtR0pJ856vMqfpaUKs5aABzjCMIR\/view?usp=drive_link\">Tips to practice Engl<strong>ish<\/strong><\/a><\/td>\n<td style=\"width: 10.849%;\"><a href=\"https:\/\/drive.google.com\/file\/d\/1Q-ML__47V3Zg0G90GCEZXCi_Bfgja-dy\/view?usp=sharing\"><strong>Fran\u00e7ais<\/strong><\/a><\/td>\n<td style=\"width: 2.66432%; height: 49px;\"><strong><a href=\"https:\/\/drive.google.com\/file\/d\/1HyybcVK6-fJsQ_h7HOo1iQxes2rbdX4e\/view?usp=drive_link\">Ci\u00e8ncies socials<\/a><\/strong><\/td>\n<td style=\"width: 18.4818%;\"><a href=\"https:\/\/drive.google.com\/file\/d\/1S-VeN1cFwHCS0eSGkyXQdb7W6Su7aJvB\/view?usp=drive_link\">F\u00edsica i Qu\u00edmica<\/a><a href=\"https:\/\/drive.google.com\/file\/d\/12kd13skQ-yHoZzFaK2qHRhbbm_h5LGHa\/view?usp=drive_link\">Biologia i Geologia<\/a><a href=\"https:\/\/drive.google.com\/file\/d\/117Ddcmf3rgNEy3aJekVElJZt5OadeEN4\/view?usp=drive_link\">Tecnologia i digitalitzaci\u00f3<\/a><a href=\"https:\/\/drive.google.com\/file\/d\/13Dtt5CXUYEP4SOfz0JjoqgrfwYvRoyCH\/view?usp=drive_link\">Projectes<\/a><\/td>\n<td style=\"height: 49px; text-align: center; width: 14.0141%;\" colspan=\"4\"><a href=\"https:\/\/drive.google.com\/file\/d\/1hQW4VXZ9eNAelZiuLE9m2MAh-KZk9zmy\/view?usp=drive_link\">Cultura Cl\u00e0ssica<\/a><\/td>\n<td style=\"width: 19.9889%; text-align: center;\"><a href=\"https:\/\/drive.google.com\/file\/d\/1PqmJB5zvvICqdQmJUR-X9dzXNFlTxIqO\/view?usp=drive_link\">Matem\u00e0tiques<\/a><\/td>\n<\/tr>\n<\/tbody>\n<\/table>\n<p>Recomanacions de lectura d&#8217;estiu:<\/li>\n<\/ul>\n<table style=\"width: 95.7942%; height: 36px;\">\n<tbody>\n<tr style=\"height: 36px;\">\n<td style=\"height: 36px; width: 23.1724%; text-align: center;\"><strong><a href=\"https:\/\/drive.google.com\/file\/d\/1CmbhTWcJLcF73FPcUCYFHcR6uTv0v_uq\/view?usp=drive_link\">LLENGUA CATALANA<\/a><\/strong><\/td>\n<td style=\"height: 36px; width: 32.3172%; text-align: center;\"><strong><a href=\"https:\/\/drive.google.com\/file\/d\/1CCR2qVdTRe2RyI6dol1_98OC-xmR-rli\/view?usp=drive_link\">LENGUA CASTELLANA <\/a><\/strong><strong><a href=\"https:\/\/drive.google.com\/file\/d\/1CCR2qVdTRe2RyI6dol1_98OC-xmR-rli\/view?usp=drive_link\">\u00a03r i 4t ESO<\/a><\/strong><\/td>\n<td style=\"height: 36px; width: 21.365%; text-align: center;\"><strong><a href=\"https:\/\/drive.google.com\/file\/d\/16AL1d_-jABRwWjW5JmGcDiSePEp7T6Tj\/view?usp=drive_link\">ENGLISH<\/a><\/strong><\/td>\n<td style=\"height: 36px; width: 21.365%; text-align: center;\"><strong><a href=\"https:\/\/drive.google.com\/file\/d\/1FKIFD1bK13QhPWeyLpx_6Wrbsxm7j7oG\/view?usp=drive_link\">FRAN\u00c7AIS<\/a><\/strong><\/td>\n<\/tr>\n<\/tbody>\n<\/table>\n<ul style=\"list-style-type: circle;\">\n<li class=\"entry-title\">\n<h4>Tria de mat\u00e8ries optatives de 3r d\u2019ESO \u2013 Curs 2025-2026<\/h4>\n<\/li>\n<\/ul>\n<p style=\"text-align: justify;\">En aquesta\u00a0<a href=\"https:\/\/drive.google.com\/file\/d\/16xAJMG0WweYoYaCjMZtEFA-5se9R203M\/view?usp=sharing\"><strong>Guia orientativa<\/strong><\/a> disposeu de la informaci\u00f3 per triar les mat\u00e8ries optatives de 3r d\u2019ESO que el\/la vostre\/a fill\/a estudiar\u00e0 el curs vinent 2025-2026. L\u2019alumnat ja ha rebut l\u2019assessorament per part de la coordinaci\u00f3 pedag\u00f2gica del centre. \u00c9s important que parleu amb el\/la vostre\/a fill\/a per tal de consensuar l\u2019elecci\u00f3 d\u2019aquestes mat\u00e8ries d\u2019acord amb els estudis que vulgui fer en un futur pr\u00f2xim.<\/p>\n","protected":false},"excerpt":{"rendered":"<p>Sortides Curs 2025-2026 Presentaci\u00f3 de la Reuni\u00f3 amb les fam\u00edlies Horaris grups: 3r ESO A 3r ESO B 3r ESO C 3r ESO D Llibre d&#8217;estil Infografia del llibre d&#8217;estil Carta de juny (fam\u00edlies): 3r d&#8217;ESO Dossiers de rep\u00e0s i\/o recuperaci\u00f3 estiu 2025: Llengua Catalana Llengua castellana EnglishTips to practice English Fran\u00e7ais Ci\u00e8ncies socials F\u00edsica [&hellip;]<\/p>\n","protected":false},"author":5,"featured_media":0,"parent":7105,"menu_order":0,"comment_status":"closed","ping_status":"closed","template":"","meta":{"_bbp_topic_count":0,"_bbp_reply_count":0,"_bbp_total_topic_count":0,"_bbp_total_reply_count":0,"_bbp_voice_count":0,"_bbp_anonymous_reply_count":0,"_bbp_topic_count_hidden":0,"_bbp_reply_count_hidden":0,"_bbp_forum_subforum_count":0,"site-sidebar-layout":"default","site-content-layout":"","ast-site-content-layout":"default","site-content-style":"default","site-sidebar-style":"default","ast-global-header-display":"","ast-banner-title-visibility":"","ast-main-header-display":"","ast-hfb-above-header-display":"","ast-hfb-below-header-display":"","ast-hfb-mobile-header-display":"","site-post-title":"","ast-breadcrumbs-content":"","ast-featured-img":"","footer-sml-layout":"","theme-transparent-header-meta":"","adv-header-id-meta":"","stick-header-meta":"","header-above-stick-meta":"","header-main-stick-meta":"","header-below-stick-meta":"","astra-migrate-meta-layouts":"set","ast-page-background-enabled":"default","ast-page-background-meta":{"desktop":{"background-color":"var(--ast-global-color-4)","background-image":"","background-repeat":"repeat","background-position":"center center","background-size":"auto","background-attachment":"scroll","background-type":"","background-media":"","overlay-type":"","overlay-color":"","overlay-opacity":"","overlay-gradient":""},"tablet":{"background-color":"","background-image":"","background-repeat":"repeat","background-position":"center center","background-size":"auto","background-attachment":"scroll","background-type":"","background-media":"","overlay-type":"","overlay-color":"","overlay-opacity":"","overlay-gradient":""},"mobile":{"background-color":"","background-image":"","background-repeat":"repeat","background-position":"center center","background-size":"auto","background-attachment":"scroll","background-type":"","background-media":"","overlay-type":"","overlay-color":"","overlay-opacity":"","overlay-gradient":""}},"ast-content-background-meta":{"desktop":{"background-color":"var(--ast-global-color-5)","background-image":"","background-repeat":"repeat","background-position":"center center","background-size":"auto","background-attachment":"scroll","background-type":"","background-media":"","overlay-type":"","overlay-color":"","overlay-opacity":"","overlay-gradient":""},"tablet":{"background-color":"var(--ast-global-color-5)","background-image":"","background-repeat":"repeat","background-position":"center center","background-size":"auto","background-attachment":"scroll","background-type":"","background-media":"","overlay-type":"","overlay-color":"","overlay-opacity":"","overlay-gradient":""},"mobile":{"background-color":"var(--ast-global-color-5)","background-image":"","background-repeat":"repeat","background-position":"center center","background-size":"auto","background-attachment":"scroll","background-type":"","background-media":"","overlay-type":"","overlay-color":"","overlay-opacity":"","overlay-gradient":""}},"footnotes":""},"class_list":["post-7115","page","type-page","status-publish","hentry"],"post_mailing_queue_ids":[],"_links":{"self":[{"href":"https:\/\/agora.xtec.cat\/iesrafaelcampalans\/wp-json\/wp\/v2\/pages\/7115","targetHints":{"allow":["GET"]}}],"collection":[{"href":"https:\/\/agora.xtec.cat\/iesrafaelcampalans\/wp-json\/wp\/v2\/pages"}],"about":[{"href":"https:\/\/agora.xtec.cat\/iesrafaelcampalans\/wp-json\/wp\/v2\/types\/page"}],"author":[{"embeddable":true,"href":"https:\/\/agora.xtec.cat\/iesrafaelcampalans\/wp-json\/wp\/v2\/users\/5"}],"replies":[{"embeddable":true,"href":"https:\/\/agora.xtec.cat\/iesrafaelcampalans\/wp-json\/wp\/v2\/comments?post=7115"}],"version-history":[{"count":6,"href":"https:\/\/agora.xtec.cat\/iesrafaelcampalans\/wp-json\/wp\/v2\/pages\/7115\/revisions"}],"predecessor-version":[{"id":10273,"href":"https:\/\/agora.xtec.cat\/iesrafaelcampalans\/wp-json\/wp\/v2\/pages\/7115\/revisions\/10273"}],"up":[{"embeddable":true,"href":"https:\/\/agora.xtec.cat\/iesrafaelcampalans\/wp-json\/wp\/v2\/pages\/7105"}],"wp:attachment":[{"href":"https:\/\/agora.xtec.cat\/iesrafaelcampalans\/wp-json\/wp\/v2\/media?parent=7115"}],"curies":[{"name":"wp","href":"https:\/\/api.w.org\/{rel}","templated":true}]}}