{"id":7113,"date":"2023-06-08T12:39:05","date_gmt":"2023-06-08T10:39:05","guid":{"rendered":"https:\/\/agora.xtec.cat\/iesrafaelcampalans\/?page_id=7113"},"modified":"2026-03-08T21:51:44","modified_gmt":"2026-03-08T20:51:44","slug":"2n-eso","status":"publish","type":"page","link":"https:\/\/agora.xtec.cat\/iesrafaelcampalans\/estudis\/eso\/2n-eso\/","title":{"rendered":"2n ESO"},"content":{"rendered":"<ul>\n<li>\n<h4><a href=\"https:\/\/drive.google.com\/file\/d\/1W3K2lnVGz2CTWulrOr-2iMoO7ghlCKBP\/view?usp=drive_link\">Sortides Curs 2025-2026<\/a><\/h4>\n<\/li>\n<li>\n<h4><a href=\"https:\/\/drive.google.com\/file\/d\/12Ppu0Vr9P2R7YJC9TF5OUSal2c4aUMsc\/view?usp=drive_link\">Presentaci\u00f3 de la Reuni\u00f3 amb les fam\u00edlies<\/a><\/h4>\n<\/li>\n<li>\n<h4>Horaris grups:<\/h4>\n<ul style=\"list-style-type: circle;\">\n<li><a href=\"https:\/\/drive.google.com\/file\/d\/109J2towINV8y-g6cl-d96yeZSX6GDUz_\/view?usp=drive_link\">2n ESO A<\/a><\/li>\n<li><a href=\"https:\/\/drive.google.com\/file\/d\/1mln9XFblZq-5rUhZzUfcEAGKIBgpVNkA\/view?usp=drive_link\">2n ESO B<\/a><\/li>\n<li><a href=\"https:\/\/drive.google.com\/file\/d\/1ll4i0_g5z529wLiCEJGQpG8KDUegsy9M\/view?usp=drive_link\">2n ESO C<\/a><\/li>\n<\/ul>\n<\/li>\n<\/ul>\n<ul style=\"list-style-type: circle;\">\n<li>\n<h4><a href=\"https:\/\/drive.google.com\/file\/d\/1q4dr6a7jd9IYLGUcjotw5MFNUU8wS1A-\/view?usp=sharing\">Llibre d&#8217;estil<\/a><\/h4>\n<ul style=\"list-style-type: circle;\">\n<li><a href=\"https:\/\/drive.google.com\/file\/d\/1huIcsB97-kCOAyPJ8vwjbXp1YmuL7q8R\/view?usp=sharing\">Infografia del llibre d&#8217;estil<\/a><\/li>\n<\/ul>\n<\/li>\n<li>\n<h4>Carta de juny (fam\u00edlies): <a href=\"https:\/\/drive.google.com\/file\/d\/1H2mggN5l15mv0zINeZNT0l5Xw4pKJYPU\/view?usp=sharing\" target=\"_blank\" rel=\"noopener\">2n d&#8217;ESO<\/a><\/h4>\n<\/li>\n<li>\n<h4>Projecte <a href=\"https:\/\/drive.google.com\/file\/d\/1FcGHEeqlyHgxXRvl2z-2R7jfQnhqTPGi\/view?usp=sharing\">R\u00e0dio<\/a><\/h4>\n<\/li>\n<\/ul>\n<h4>Dossiers de rep\u00e0s i\/o recuperaci\u00f3 estiu 2025:<\/h4>\n<table style=\"width: 95.494%; height: 49px;\">\n<tbody>\n<tr style=\"height: 49px;\">\n<td style=\"width: 15.2167%; height: 49px;\"><strong><a href=\"https:\/\/drive.google.com\/file\/d\/1g8OTslWd-a90LHkMtepLbsfbnKmroM3y\/view?usp=drive_link\">Llengua Catalana<\/a><\/strong><\/td>\n<td style=\"width: 15.3015%; height: 49px;\"><strong><a href=\"https:\/\/drive.google.com\/file\/d\/1YOzKKjBzo1pJqpdF19YWELA8VonK0p3p\/view?usp=drive_link\">Llengua castellana<\/a><\/strong><\/td>\n<td style=\"width: 20.5241%; height: 49px;\"><strong><a href=\"https:\/\/drive.google.com\/file\/d\/1hu3oUdWllTPqijlcNJ7ohLlr3h5r84fg\/view?usp=drive_link\">English<\/a><\/strong><a href=\"https:\/\/drive.google.com\/file\/d\/1etH7TtR0pJ856vMqfpaUKs5aABzjCMIR\/view?usp=drive_link\">Tips to practice Engl<strong>ish<\/strong><\/a><\/td>\n<td style=\"width: 19.6791%; height: 49px;\"><strong><a href=\"https:\/\/drive.google.com\/file\/d\/17tu9VUiXQn2e-5L-wa0lyYq5cKZPAlIN\/view?usp=drive_link\">Fran\u00e7ais<\/a><\/strong><\/td>\n<td style=\"height: 49px; width: 15.3502%;\" colspan=\"4\"><strong><a href=\"https:\/\/drive.google.com\/file\/d\/1rPvJp0UvIDRJTZkZeRPTisxQ_PKSM-1U\/view?usp=drive_link\">Ci\u00e8ncies socials<\/a><\/strong><\/td>\n<td style=\"width: 1.10835%; text-align: center; height: 49px;\"><a href=\"https:\/\/drive.google.com\/file\/d\/1QS2qzZYLSfbxbXjeDk4nSbagOU2n7BX9\/view?usp=drive_link\"><strong>Matem\u00e0tiques<\/strong><\/a>Acabar Posa\u00b4t a punt matem\u00e0tic<\/td>\n<td style=\"width: 57.8788%; text-align: center; height: 49px;\"><a href=\"https:\/\/drive.google.com\/file\/d\/1h9V61-iN_2pH5sIk6MvLOfpd3MD93Yv6\/view?usp=drive_link\"><strong>F\u00edsica i Qu\u00edmica<\/strong><\/a><strong><a href=\"https:\/\/drive.google.com\/file\/d\/1kz3C4143QJ1jRvIUFlqGAZv-wNUtWIam\/view?usp=drive_link\">Tecnologia i digitalitzaci\u00f3<\/a><\/strong><\/td>\n<\/tr>\n<\/tbody>\n<\/table>\n<h4>Recomanacions de lectura d&#8217;estiu:<\/h4>\n<table style=\"width: 95.7942%; height: 10px;\">\n<tbody>\n<tr style=\"height: 36px;\">\n<td style=\"height: 10px; width: 23.1724%; text-align: center;\"><strong><a href=\"https:\/\/drive.google.com\/file\/d\/1CmbhTWcJLcF73FPcUCYFHcR6uTv0v_uq\/view?usp=drive_link\">LLENGUA CATALANA<\/a><\/strong><\/td>\n<td style=\"height: 10px; width: 32.3172%; text-align: center;\"><strong><a href=\"https:\/\/drive.google.com\/file\/d\/1f2kqDZ2ArPhGbcRN9iBEZoLYRVUhqOQA\/view?usp=drive_link\">LENGUA CASTELLANA <\/a><\/strong><strong><a href=\"https:\/\/drive.google.com\/file\/d\/1f2kqDZ2ArPhGbcRN9iBEZoLYRVUhqOQA\/view?usp=drive_link\">1r i 2n ESO<\/a><\/strong><\/td>\n<td style=\"height: 10px; width: 21.365%; text-align: center;\"><strong><a href=\"https:\/\/drive.google.com\/file\/d\/16AL1d_-jABRwWjW5JmGcDiSePEp7T6Tj\/view?usp=drive_link\">ENGLISH<\/a><\/strong><\/td>\n<td style=\"height: 10px; width: 21.365%; text-align: center;\"><strong><a href=\"https:\/\/drive.google.com\/file\/d\/1xalNgO8zpML1pANK_QG33kKBNTs2KBHq\/view?usp=drive_link\">FRAN\u00c7AIS<\/a><\/strong><\/td>\n<\/tr>\n<\/tbody>\n<\/table>\n<ul style=\"list-style-type: circle;\">\n<li>\n<h4>Mat\u00e8ries optatives de 2n d\u2019ESO \u2013 Curs 2025-2026<\/h4>\n<\/li>\n<\/ul>\n<p style=\"text-align: justify;\">En aquesta\u00a0<a href=\"https:\/\/drive.google.com\/file\/d\/1_9Z0Kzw2RegMohYw6tK2-hkUBhABv8mT\/view?usp=sharing\"><strong>Guia orientativa<\/strong><\/a> disposeu de la informaci\u00f3 per triar les mat\u00e8ries optatives de 2n d\u2019ESO que el\/la vostre\/a fill\/a estudiar\u00e0 el curs vinent 2025-2026. L\u2019alumnat ja ha rebut l\u2019assessorament per part de la coordinaci\u00f3 pedag\u00f2gica del centre. \u00c9s important que parleu amb el\/la vostre\/a fill\/a per tal de consensuar l\u2019elecci\u00f3 d\u2019aquestes mat\u00e8ries d\u2019acord amb els estudis que vulgui fer en un futur pr\u00f2xim.<\/p>\n","protected":false},"excerpt":{"rendered":"<p>Sortides Curs 2025-2026 Presentaci\u00f3 de la Reuni\u00f3 amb les fam\u00edlies Horaris grups: 2n ESO A 2n ESO B 2n ESO C Llibre d&#8217;estil Infografia del llibre d&#8217;estil Carta de juny (fam\u00edlies): 2n d&#8217;ESO Projecte R\u00e0dio Dossiers de rep\u00e0s i\/o recuperaci\u00f3 estiu 2025: Llengua Catalana Llengua castellana EnglishTips to practice English Fran\u00e7ais Ci\u00e8ncies socials Matem\u00e0tiquesAcabar Posa\u00b4t [&hellip;]<\/p>\n","protected":false},"author":5,"featured_media":0,"parent":7105,"menu_order":0,"comment_status":"closed","ping_status":"closed","template":"","meta":{"_bbp_topic_count":0,"_bbp_reply_count":0,"_bbp_total_topic_count":0,"_bbp_total_reply_count":0,"_bbp_voice_count":0,"_bbp_anonymous_reply_count":0,"_bbp_topic_count_hidden":0,"_bbp_reply_count_hidden":0,"_bbp_forum_subforum_count":0,"site-sidebar-layout":"default","site-content-layout":"","ast-site-content-layout":"default","site-content-style":"default","site-sidebar-style":"default","ast-global-header-display":"","ast-banner-title-visibility":"","ast-main-header-display":"","ast-hfb-above-header-display":"","ast-hfb-below-header-display":"","ast-hfb-mobile-header-display":"","site-post-title":"","ast-breadcrumbs-content":"","ast-featured-img":"","footer-sml-layout":"","theme-transparent-header-meta":"","adv-header-id-meta":"","stick-header-meta":"","header-above-stick-meta":"","header-main-stick-meta":"","header-below-stick-meta":"","astra-migrate-meta-layouts":"set","ast-page-background-enabled":"default","ast-page-background-meta":{"desktop":{"background-color":"var(--ast-global-color-4)","background-image":"","background-repeat":"repeat","background-position":"center center","background-size":"auto","background-attachment":"scroll","background-type":"","background-media":"","overlay-type":"","overlay-color":"","overlay-opacity":"","overlay-gradient":""},"tablet":{"background-color":"","background-image":"","background-repeat":"repeat","background-position":"center center","background-size":"auto","background-attachment":"scroll","background-type":"","background-media":"","overlay-type":"","overlay-color":"","overlay-opacity":"","overlay-gradient":""},"mobile":{"background-color":"","background-image":"","background-repeat":"repeat","background-position":"center center","background-size":"auto","background-attachment":"scroll","background-type":"","background-media":"","overlay-type":"","overlay-color":"","overlay-opacity":"","overlay-gradient":""}},"ast-content-background-meta":{"desktop":{"background-color":"var(--ast-global-color-5)","background-image":"","background-repeat":"repeat","background-position":"center center","background-size":"auto","background-attachment":"scroll","background-type":"","background-media":"","overlay-type":"","overlay-color":"","overlay-opacity":"","overlay-gradient":""},"tablet":{"background-color":"var(--ast-global-color-5)","background-image":"","background-repeat":"repeat","background-position":"center center","background-size":"auto","background-attachment":"scroll","background-type":"","background-media":"","overlay-type":"","overlay-color":"","overlay-opacity":"","overlay-gradient":""},"mobile":{"background-color":"var(--ast-global-color-5)","background-image":"","background-repeat":"repeat","background-position":"center center","background-size":"auto","background-attachment":"scroll","background-type":"","background-media":"","overlay-type":"","overlay-color":"","overlay-opacity":"","overlay-gradient":""}},"footnotes":""},"class_list":["post-7113","page","type-page","status-publish","hentry"],"post_mailing_queue_ids":[],"_links":{"self":[{"href":"https:\/\/agora.xtec.cat\/iesrafaelcampalans\/wp-json\/wp\/v2\/pages\/7113","targetHints":{"allow":["GET"]}}],"collection":[{"href":"https:\/\/agora.xtec.cat\/iesrafaelcampalans\/wp-json\/wp\/v2\/pages"}],"about":[{"href":"https:\/\/agora.xtec.cat\/iesrafaelcampalans\/wp-json\/wp\/v2\/types\/page"}],"author":[{"embeddable":true,"href":"https:\/\/agora.xtec.cat\/iesrafaelcampalans\/wp-json\/wp\/v2\/users\/5"}],"replies":[{"embeddable":true,"href":"https:\/\/agora.xtec.cat\/iesrafaelcampalans\/wp-json\/wp\/v2\/comments?post=7113"}],"version-history":[{"count":6,"href":"https:\/\/agora.xtec.cat\/iesrafaelcampalans\/wp-json\/wp\/v2\/pages\/7113\/revisions"}],"predecessor-version":[{"id":10272,"href":"https:\/\/agora.xtec.cat\/iesrafaelcampalans\/wp-json\/wp\/v2\/pages\/7113\/revisions\/10272"}],"up":[{"embeddable":true,"href":"https:\/\/agora.xtec.cat\/iesrafaelcampalans\/wp-json\/wp\/v2\/pages\/7105"}],"wp:attachment":[{"href":"https:\/\/agora.xtec.cat\/iesrafaelcampalans\/wp-json\/wp\/v2\/media?parent=7113"}],"curies":[{"name":"wp","href":"https:\/\/api.w.org\/{rel}","templated":true}]}}