{"id":7111,"date":"2023-06-08T12:38:52","date_gmt":"2023-06-08T10:38:52","guid":{"rendered":"https:\/\/agora.xtec.cat\/iesrafaelcampalans\/?page_id=7111"},"modified":"2026-03-08T21:50:55","modified_gmt":"2026-03-08T20:50:55","slug":"1r-eso","status":"publish","type":"page","link":"https:\/\/agora.xtec.cat\/iesrafaelcampalans\/estudis\/eso\/1r-eso\/","title":{"rendered":"1r ESO"},"content":{"rendered":"<ul style=\"list-style-type: circle;\">\n<li>\n<h4><a href=\"https:\/\/drive.google.com\/file\/d\/12Nh6M6HKbgjPBCU7KsAkBe_BvUzh2tG_\/view?usp=drive_link\">Sortides curs 2025-2026<\/a><\/h4>\n<\/li>\n<li>\n<h4><a href=\"https:\/\/view.genially.com\/68c690ffaa13aa26242bd385\/presentation-colonies-astronomiques-1r-eso\">Col\u00f2nies astron\u00f2miques a Albany\u00e0 (25 i 26 de setembre)<\/a><\/h4>\n<\/li>\n<li>\n<h4><a href=\"https:\/\/drive.google.com\/file\/d\/1uoLBDc5-TjzmPJ34Mn3RMeJd5-cnWRPy\/view?usp=sharing\">Presentaci\u00f3 de la Reuni\u00f3 amb les fam\u00edlies<\/a><\/h4>\n<\/li>\n<li>\n<h4>Horaris grups:<\/h4>\n<ul style=\"list-style-type: circle;\">\n<li><a href=\"https:\/\/drive.google.com\/file\/d\/1HhnnwfDRYwSFeCTC6nCtK1GB05sgijTh\/view?usp=drive_link\">1r ESO A<\/a><\/li>\n<li><a href=\"https:\/\/drive.google.com\/file\/d\/1sitqzO0sjLBSUqyX48VXusfmzjlv7Qut\/view?usp=drive_link\">1r ESO B<\/a><\/li>\n<li><a href=\"https:\/\/drive.google.com\/file\/d\/1lRv1AlZDF4h--z1dAbAWmyh32-qv9EF6\/view?usp=drive_link\">1r ESO C<\/a><\/li>\n<li><a href=\"https:\/\/drive.google.com\/file\/d\/1LrDaALC2lRaVlN4XXUOvjZzX0-D6uHnN\/view?usp=drive_link\">1r ESO D<\/a><\/li>\n<\/ul>\n<\/li>\n<li>\n<h4><a href=\"https:\/\/drive.google.com\/file\/d\/1q4dr6a7jd9IYLGUcjotw5MFNUU8wS1A-\/view?usp=sharing\">Llibre d&#8217;estil<\/a><\/h4>\n<ul style=\"list-style-type: circle;\">\n<li><a href=\"https:\/\/drive.google.com\/file\/d\/1huIcsB97-kCOAyPJ8vwjbXp1YmuL7q8R\/view?usp=sharing\">Infografia del llibre d&#8217;estil<\/a><\/li>\n<\/ul>\n<\/li>\n<li>\n<h4>Carta de juny (fam\u00edlies): <a href=\"https:\/\/drive.google.com\/file\/d\/1muioItTNBh1syWMh7X32HctYJEklPBt3\/view?usp=sharing\" target=\"_blank\" rel=\"noopener\">1r d&#8217;ESO<\/a><\/h4>\n<\/li>\n<\/ul>\n<h4>Dossiers de rep\u00e0s i\/o recuperaci\u00f3 estiu 2025:<\/h4>\n<table style=\"width: 96.5056%; height: 98px;\">\n<tbody>\n<tr style=\"height: 49px;\">\n<td style=\"width: 14.9455%; height: 49px; text-align: center;\"><strong><a href=\"https:\/\/drive.google.com\/file\/d\/1HefUs95G3DDuxqlnthmqvJhBggqlAId-\/view?usp=sharing\">Llengua Catalana<\/a><\/strong><\/td>\n<td style=\"width: 16.9321%; height: 49px; text-align: center;\"><strong><a href=\"https:\/\/drive.google.com\/file\/d\/1jfaoggpED1MRVtYy2jLgHuvQuI-coghL\/view?usp=sharing\">Llengua castellana<\/a><\/strong><\/td>\n<td style=\"width: 22.8163%; height: 49px; text-align: center;\"><strong><a href=\"https:\/\/drive.google.com\/file\/d\/1gAugRTXvchzcndN-RjR-xmPt1JMhRq2X\/view?usp=sharing\">English<\/a><\/strong><strong><a href=\"https:\/\/drive.google.com\/file\/d\/1etH7TtR0pJ856vMqfpaUKs5aABzjCMIR\/view?usp=drive_link\">Tips to practice English<\/a><\/strong><\/td>\n<td style=\"width: 16.0275%; height: 49px; text-align: center;\"><strong><a href=\"https:\/\/drive.google.com\/file\/d\/1udXnRAMyOxBAV3T43lriWhXqbz7m38m1\/view?usp=sharing\">Fran\u00e7ais<\/a><\/strong><\/td>\n<td style=\"height: 49px; text-align: center; width: 13.3762%;\" colspan=\"4\"><strong><a href=\"https:\/\/drive.google.com\/file\/d\/14xcZpVYjFBPR9xjGDCAWPFKCAiBuqU4v\/view?usp=sharing\">Ci\u00e8ncies socials<\/a><\/strong><\/td>\n<td style=\"width: 1.03842%; text-align: center;\"><a href=\"https:\/\/drive.google.com\/file\/d\/1Fw_gYFhl5qvGYGVYEV8Gyrc_rhgnuoJ8\/view?usp=sharing\"><strong>Matem\u00e0tiques<\/strong><\/a><\/td>\n<td style=\"width: 37.6289%; text-align: center;\"><strong><a href=\"https:\/\/drive.google.com\/file\/d\/1jI6QTQO-u_V24N_ZVobJPfBZfFwSWc7q\/view?usp=sharing\">Biologia<\/a><\/strong><strong><a href=\"https:\/\/drive.google.com\/file\/d\/1mrRJhKQMxs6Ts3t4LY3U07CTjYDFfs-P\/view?usp=sharing\">Tecnologia i digitalitzaci\u00f3<\/a><\/strong><\/td>\n<\/tr>\n<\/tbody>\n<\/table>\n<h4><span style=\"font-family: inherit; font-size: 1em;\">Recomanacions de lectura d&#8217;estiu:<\/span><\/h4>\n<table style=\"width: 95.7942%; height: 10px;\">\n<tbody>\n<tr style=\"height: 36px;\">\n<td style=\"height: 10px; width: 23.1724%; text-align: center;\"><strong><a href=\"https:\/\/drive.google.com\/file\/d\/1CmbhTWcJLcF73FPcUCYFHcR6uTv0v_uq\/view?usp=drive_link\">LLENGUA CATALANA<\/a><\/strong><\/td>\n<td style=\"height: 10px; width: 32.3172%; text-align: center;\"><strong><a href=\"https:\/\/drive.google.com\/file\/d\/1f2kqDZ2ArPhGbcRN9iBEZoLYRVUhqOQA\/view?usp=drive_link\">LENGUA CASTELLANA <\/a><\/strong><strong><a href=\"https:\/\/drive.google.com\/file\/d\/1f2kqDZ2ArPhGbcRN9iBEZoLYRVUhqOQA\/view?usp=drive_link\">1r i 2n ESO<\/a><\/strong><\/td>\n<td style=\"height: 10px; width: 21.365%; text-align: center;\"><strong><a href=\"https:\/\/drive.google.com\/file\/d\/16AL1d_-jABRwWjW5JmGcDiSePEp7T6Tj\/view?usp=drive_link\">ENGLISH<\/a><\/strong><\/td>\n<td style=\"height: 10px; width: 21.365%; text-align: center;\"><strong><a href=\"https:\/\/drive.google.com\/file\/d\/1xalNgO8zpML1pANK_QG33kKBNTs2KBHq\/view?usp=drive_link\">FRAN\u00c7AIS<\/a><\/strong><\/td>\n<\/tr>\n<\/tbody>\n<\/table>\n<ul style=\"list-style-type: circle;\">\n<li>\n<h4>Projectes: <a href=\"https:\/\/drive.google.com\/file\/d\/1cj6OIC66AFhnsQ_p8uPhTd7aRAUVWR3d\/view?usp=drive_link\">Stop-Motion i Geolocalitzaci\u00f3<\/a><\/h4>\n<h4><\/h4>\n<h4>Tria de mat\u00e8ries optatives de 1r d\u2019ESO \u2013 Curs 2025-2026<\/h4>\n<\/li>\n<\/ul>\n<p style=\"text-align: justify;\">En aquesta <strong><a href=\"https:\/\/drive.google.com\/file\/d\/1zqCKw5EJon4UVMuGFvbRdprqlbcNR66g\/view?usp=drive_link\">Guia orientativa<\/a><\/strong> disposeu de la informaci\u00f3 per triar les mat\u00e8ries optatives de 1r d\u2019ESO que el\/la vostre\/a fill\/a estudiar\u00e0 el curs vinent 2025-2026. L\u2019alumnat ja ha rebut l\u2019assessorament per part de la coordinaci\u00f3 pedag\u00f2gica del centre. \u00c9s important que parleu amb el\/la vostre\/a fill\/a per tal de consensuar l\u2019elecci\u00f3 d\u2019aquestes mat\u00e8ries d\u2019acord amb els estudis que vulgui fer en un futur pr\u00f2xim.<\/p>\n","protected":false},"excerpt":{"rendered":"<p>Sortides curs 2025-2026 Col\u00f2nies astron\u00f2miques a Albany\u00e0 (25 i 26 de setembre) Presentaci\u00f3 de la Reuni\u00f3 amb les fam\u00edlies Horaris grups: 1r ESO A 1r ESO B 1r ESO C 1r ESO D Llibre d&#8217;estil Infografia del llibre d&#8217;estil Carta de juny (fam\u00edlies): 1r d&#8217;ESO Dossiers de rep\u00e0s i\/o recuperaci\u00f3 estiu 2025: Llengua Catalana Llengua [&hellip;]<\/p>\n","protected":false},"author":5,"featured_media":0,"parent":7105,"menu_order":0,"comment_status":"closed","ping_status":"closed","template":"","meta":{"_bbp_topic_count":0,"_bbp_reply_count":0,"_bbp_total_topic_count":0,"_bbp_total_reply_count":0,"_bbp_voice_count":0,"_bbp_anonymous_reply_count":0,"_bbp_topic_count_hidden":0,"_bbp_reply_count_hidden":0,"_bbp_forum_subforum_count":0,"site-sidebar-layout":"default","site-content-layout":"","ast-site-content-layout":"default","site-content-style":"default","site-sidebar-style":"default","ast-global-header-display":"","ast-banner-title-visibility":"","ast-main-header-display":"","ast-hfb-above-header-display":"","ast-hfb-below-header-display":"","ast-hfb-mobile-header-display":"","site-post-title":"","ast-breadcrumbs-content":"","ast-featured-img":"","footer-sml-layout":"","theme-transparent-header-meta":"","adv-header-id-meta":"","stick-header-meta":"","header-above-stick-meta":"","header-main-stick-meta":"","header-below-stick-meta":"","astra-migrate-meta-layouts":"set","ast-page-background-enabled":"default","ast-page-background-meta":{"desktop":{"background-color":"var(--ast-global-color-4)","background-image":"","background-repeat":"repeat","background-position":"center center","background-size":"auto","background-attachment":"scroll","background-type":"","background-media":"","overlay-type":"","overlay-color":"","overlay-opacity":"","overlay-gradient":""},"tablet":{"background-color":"","background-image":"","background-repeat":"repeat","background-position":"center center","background-size":"auto","background-attachment":"scroll","background-type":"","background-media":"","overlay-type":"","overlay-color":"","overlay-opacity":"","overlay-gradient":""},"mobile":{"background-color":"","background-image":"","background-repeat":"repeat","background-position":"center center","background-size":"auto","background-attachment":"scroll","background-type":"","background-media":"","overlay-type":"","overlay-color":"","overlay-opacity":"","overlay-gradient":""}},"ast-content-background-meta":{"desktop":{"background-color":"var(--ast-global-color-5)","background-image":"","background-repeat":"repeat","background-position":"center center","background-size":"auto","background-attachment":"scroll","background-type":"","background-media":"","overlay-type":"","overlay-color":"","overlay-opacity":"","overlay-gradient":""},"tablet":{"background-color":"var(--ast-global-color-5)","background-image":"","background-repeat":"repeat","background-position":"center center","background-size":"auto","background-attachment":"scroll","background-type":"","background-media":"","overlay-type":"","overlay-color":"","overlay-opacity":"","overlay-gradient":""},"mobile":{"background-color":"var(--ast-global-color-5)","background-image":"","background-repeat":"repeat","background-position":"center center","background-size":"auto","background-attachment":"scroll","background-type":"","background-media":"","overlay-type":"","overlay-color":"","overlay-opacity":"","overlay-gradient":""}},"footnotes":""},"class_list":["post-7111","page","type-page","status-publish","hentry"],"post_mailing_queue_ids":[],"_links":{"self":[{"href":"https:\/\/agora.xtec.cat\/iesrafaelcampalans\/wp-json\/wp\/v2\/pages\/7111","targetHints":{"allow":["GET"]}}],"collection":[{"href":"https:\/\/agora.xtec.cat\/iesrafaelcampalans\/wp-json\/wp\/v2\/pages"}],"about":[{"href":"https:\/\/agora.xtec.cat\/iesrafaelcampalans\/wp-json\/wp\/v2\/types\/page"}],"author":[{"embeddable":true,"href":"https:\/\/agora.xtec.cat\/iesrafaelcampalans\/wp-json\/wp\/v2\/users\/5"}],"replies":[{"embeddable":true,"href":"https:\/\/agora.xtec.cat\/iesrafaelcampalans\/wp-json\/wp\/v2\/comments?post=7111"}],"version-history":[{"count":6,"href":"https:\/\/agora.xtec.cat\/iesrafaelcampalans\/wp-json\/wp\/v2\/pages\/7111\/revisions"}],"predecessor-version":[{"id":10271,"href":"https:\/\/agora.xtec.cat\/iesrafaelcampalans\/wp-json\/wp\/v2\/pages\/7111\/revisions\/10271"}],"up":[{"embeddable":true,"href":"https:\/\/agora.xtec.cat\/iesrafaelcampalans\/wp-json\/wp\/v2\/pages\/7105"}],"wp:attachment":[{"href":"https:\/\/agora.xtec.cat\/iesrafaelcampalans\/wp-json\/wp\/v2\/media?parent=7111"}],"curies":[{"name":"wp","href":"https:\/\/api.w.org\/{rel}","templated":true}]}}