{"id":7109,"date":"2023-06-08T12:38:25","date_gmt":"2023-06-08T10:38:25","guid":{"rendered":"https:\/\/agora.xtec.cat\/iesrafaelcampalans\/?page_id=7109"},"modified":"2026-04-17T13:10:42","modified_gmt":"2026-04-17T11:10:42","slug":"cicles-formatius","status":"publish","type":"page","link":"https:\/\/agora.xtec.cat\/iesrafaelcampalans\/estudis\/cicles-formatius\/","title":{"rendered":"Cicles formatius"},"content":{"rendered":"\n<div class=\"wp-block-group is-horizontal is-content-justification-right is-nowrap is-layout-flex wp-container-core-group-is-layout-1 wp-block-group-is-layout-flex\" style=\"margin-top:0;margin-bottom:0;padding-top:0;padding-right:0;padding-bottom:0;padding-left:0\">\n<figure class=\"wp-block-image size-full is-resized\" style=\"margin-top:0\"><a href=\"http:\/\/elservidor.cat\"><img loading=\"lazy\" decoding=\"async\" width=\"553\" height=\"107\" src=\"https:\/\/agora.xtec.cat\/iesrafaelcampalans\/wp-content\/uploads\/usu1643\/2026\/04\/elservidor.png\" alt=\"\" class=\"wp-image-10460\" style=\"width:auto;height:40px\" srcset=\"https:\/\/agora.xtec.cat\/iesrafaelcampalans\/wp-content\/uploads\/usu1643\/2026\/04\/elservidor.png 553w, https:\/\/agora.xtec.cat\/iesrafaelcampalans\/wp-content\/uploads\/usu1643\/2026\/04\/elservidor-300x58.png 300w\" sizes=\"auto, (max-width: 553px) 100vw, 553px\" \/><\/a><\/figure>\n\n\n\n<figure class=\"wp-block-image size-large is-resized wp-container-content-1\" style=\"margin-top:0;margin-right:var(--wp--preset--spacing--60);margin-bottom:0;margin-left:var(--wp--preset--spacing--60)\"><a href=\"https:\/\/www.youtube.com\/channel\/UCeLIOobhKFdQB5oZxeIMrSw\"><img decoding=\"async\" src=\"https:\/\/upload.wikimedia.org\/wikipedia\/commons\/e\/e1\/Logo_of_YouTube_%282015-2017%29.svg\" alt=\"\" style=\"width:auto;height:40px\"\/><\/a><\/figure>\n<\/div>\n\n\n\n<p style=\"border-style:none;border-width:0px;margin-top:0;margin-bottom:0;padding-top:0;padding-bottom:0\">Els cicles formatius que oferim a l&#8217;Institut Rafael Campalans s\u00f3n:<\/p>\n\n\n\n<ul style=\"margin-top:var(--wp--preset--spacing--20);margin-bottom:var(--wp--preset--spacing--20);padding-top:0;padding-bottom:0\" class=\"wp-block-list\">\n<li>Cicle formatiu de Grau Mitj\u00e0:\n<ul class=\"wp-block-list\">\n<li>SMX: <a href=\"https:\/\/agora.xtec.cat\/iesrafaelcampalans\/estudis\/cicles-formatius\/smx\/\">Sistemes Microinform\u00e0tics i Xarxes<\/a> (CFPM IC10)<\/li>\n<\/ul>\n<\/li>\n\n\n\n<li>Cicles formatius de Grau Superior:\n<ul class=\"wp-block-list\">\n<li>DAM*: <a href=\"http:\/\/agora.xtec.cat\/iesrafaelcampalans\/estudis\/dam\">Desenvolupament d&#8217;Aplicacions Multiplataforma<\/a> amb perfil professional en Videojocs i Oci Digital (CFPS ICB2)<\/li>\n\n\n\n<li>DAW*: <a href=\"http:\/\/agora.xtec.cat\/iesrafaelcampalans\/estudis\/daw\">Desenvolupament d&#8217;Aplicacions Web<\/a> (CFPS ICC0)<\/li>\n<\/ul>\n<\/li>\n<\/ul>\n\n\n\n<div class=\"wp-block-group is-layout-constrained wp-container-core-group-is-layout-2 wp-block-group-is-layout-constrained\" style=\"margin-top:0;margin-bottom:0;padding-top:0;padding-bottom:0\">\n<p style=\"border-radius:10px;margin-top:0;margin-right:0;margin-bottom:0;margin-left:0\">*<em>El primer curs \u00e9s com\u00fa per als cicles de DAM i DAW. <\/em><\/p>\n\n\n\n<p style=\"border-radius:10px;margin-top:0;margin-right:0;margin-bottom:0;margin-left:0\"><em>Cal matricular-se a primer de DAM i a segon triar si es vol continuar amb DAM o  DAW.<\/em><\/p>\n<\/div>\n\n\n\n<div style=\"height:40px\" aria-hidden=\"true\" class=\"wp-block-spacer\"><\/div>\n\n\n\n<h4 class=\"wp-block-heading\">Presentacions de la Jornada de Portes Obertes (15\/04\/2026)<\/h4>\n\n\n\n<div class=\"wp-block-group is-content-justification-center is-nowrap is-layout-flex wp-container-core-group-is-layout-3 wp-block-group-is-layout-flex\" style=\"margin-top:0;margin-bottom:0;padding-top:0;padding-bottom:0\">\n<figure class=\"wp-block-image aligncenter size-large is-resized has-custom-border is-style-default\"><a href=\"https:\/\/docs.google.com\/presentation\/d\/1sEeOgTtgB2sxW4RD9fsv2V5GyfBzdVrEAuDb4TpCmRE\/present\"><img loading=\"lazy\" decoding=\"async\" width=\"1024\" height=\"571\" src=\"https:\/\/agora.xtec.cat\/iesrafaelcampalans\/wp-content\/uploads\/usu1643\/2026\/04\/Captura-de-pantalla-2026-04-16-102053-1024x571.png\" alt=\"\" class=\"wp-image-10403\" style=\"border-radius:5px;width:360px\" srcset=\"https:\/\/agora.xtec.cat\/iesrafaelcampalans\/wp-content\/uploads\/usu1643\/2026\/04\/Captura-de-pantalla-2026-04-16-102053-1024x571.png 1024w, https:\/\/agora.xtec.cat\/iesrafaelcampalans\/wp-content\/uploads\/usu1643\/2026\/04\/Captura-de-pantalla-2026-04-16-102053-300x167.png 300w, https:\/\/agora.xtec.cat\/iesrafaelcampalans\/wp-content\/uploads\/usu1643\/2026\/04\/Captura-de-pantalla-2026-04-16-102053-768x428.png 768w, https:\/\/agora.xtec.cat\/iesrafaelcampalans\/wp-content\/uploads\/usu1643\/2026\/04\/Captura-de-pantalla-2026-04-16-102053-1536x856.png 1536w, https:\/\/agora.xtec.cat\/iesrafaelcampalans\/wp-content\/uploads\/usu1643\/2026\/04\/Captura-de-pantalla-2026-04-16-102053.png 1920w\" sizes=\"auto, (max-width: 1024px) 100vw, 1024px\" \/><\/a><\/figure>\n\n\n\n<figure class=\"wp-block-image aligncenter size-large is-resized has-custom-border\"><a href=\"https:\/\/docs.google.com\/presentation\/d\/1s7gxbjbQsWocCzg7xfX3SxqfaqzyAJlZYY10TD3BSqc\/present\"><img loading=\"lazy\" decoding=\"async\" width=\"1024\" height=\"571\" src=\"https:\/\/agora.xtec.cat\/iesrafaelcampalans\/wp-content\/uploads\/usu1643\/2026\/04\/Captura-de-pantalla-2026-04-16-102037-1024x571.png\" alt=\"\" class=\"wp-image-10404\" style=\"border-radius:5px;width:360px\" srcset=\"https:\/\/agora.xtec.cat\/iesrafaelcampalans\/wp-content\/uploads\/usu1643\/2026\/04\/Captura-de-pantalla-2026-04-16-102037-1024x571.png 1024w, https:\/\/agora.xtec.cat\/iesrafaelcampalans\/wp-content\/uploads\/usu1643\/2026\/04\/Captura-de-pantalla-2026-04-16-102037-300x167.png 300w, https:\/\/agora.xtec.cat\/iesrafaelcampalans\/wp-content\/uploads\/usu1643\/2026\/04\/Captura-de-pantalla-2026-04-16-102037-768x428.png 768w, https:\/\/agora.xtec.cat\/iesrafaelcampalans\/wp-content\/uploads\/usu1643\/2026\/04\/Captura-de-pantalla-2026-04-16-102037-1536x856.png 1536w, https:\/\/agora.xtec.cat\/iesrafaelcampalans\/wp-content\/uploads\/usu1643\/2026\/04\/Captura-de-pantalla-2026-04-16-102037.png 1920w\" sizes=\"auto, (max-width: 1024px) 100vw, 1024px\" \/><\/a><\/figure>\n<\/div>\n\n\n\n<div style=\"height:40px\" aria-hidden=\"true\" class=\"wp-block-spacer\"><\/div>\n\n\n\n<h4 class=\"wp-block-heading\">Informaci\u00f3 d&#8217;inter\u00e8s<a href=\"https:\/\/www.youtube.com\/channel\/UCeLIOobhKFdQB5oZxeIMrSw\"><\/a><\/h4>\n\n\n\n<div class=\"wp-block-getwid-tabs\" data-active-tab=\"none\"><ul class=\"wp-block-getwid-tabs__nav-links\"><\/ul>\n<div class=\"wp-block-getwid-tabs__nav-link\"><span class=\"wp-block-getwid-tabs__title-wrapper\"><a href=\"#\"><span class=\"wp-block-getwid-tabs__title\">Curs 2025-2026<\/span><\/a><\/span><\/div><div class=\"wp-block-getwid-tabs__tab-content-wrapper\"><div class=\"wp-block-getwid-tabs__tab-content\">\n<ul class=\"wp-block-list\">\n<li><a href=\"https:\/\/drive.google.com\/file\/d\/1dq1rdPrGKgT7qGOkYNg1g6EeWL8O2Dpz\/view\">Calendari del curs<\/a><\/li>\n\n\n\n<li><a href=\"https:\/\/docs.google.com\/document\/d\/1UUgyHr77njTjzfYQYpoKr26Zz89bR9XnR6bM7IzCYXI\/export?format=pdf\">Carta Juliol 2025<\/a><\/li>\n\n\n\n<li><a href=\"https:\/\/drive.google.com\/file\/d\/1YxhYi2HHTsI9vS6ANxDflxX60ZYCnKHp\/view?usp=sharing\">Sortides<\/a><\/li>\n\n\n\n<li><a href=\"https:\/\/docs.google.com\/document\/d\/17MFtEtm-rKw7-cDRph66yozuMyS79c1wVzSzKAJk1NQ\/export?format=pdf\">Ordinadors recomanats<\/a><\/li>\n\n\n\n<li><a href=\"https:\/\/docs.google.com\/document\/d\/1fAmnBL55s296ppFe_S1TaAzInN1suVBn76XxDgVUKb4\/export?format=pdf\">Horaris<\/a><\/li>\n\n\n\n<li>Reuni\u00f3 amb les fam\u00edlies (16 de setembre)\n<ul class=\"wp-block-list\">\n<li><a href=\"https:\/\/docs.google.com\/presentation\/d\/1Fw2BmO9w5wAFFr6XzQfwaztiUgzOfQvnfAyJuRtKrzA\" data-type=\"link\" data-id=\"https:\/\/docs.google.com\/presentation\/d\/1Fw2BmO9w5wAFFr6XzQfwaztiUgzOfQvnfAyJuRtKrzA\">1r SMX<\/a><\/li>\n\n\n\n<li><a href=\"https:\/\/docs.google.com\/presentation\/d\/1DDvk7A90iTfnZednwOVg0SIqx3gzJ4uEHB6gLAPO2sw\" data-type=\"link\" data-id=\"https:\/\/docs.google.com\/presentation\/d\/1DDvk7A90iTfnZednwOVg0SIqx3gzJ4uEHB6gLAPO2sw\">2n SMX<\/a><\/li>\n<\/ul>\n<\/li>\n<\/ul>\n<\/div><\/div>\n\n\n\n<div class=\"wp-block-getwid-tabs__nav-link\"><span class=\"wp-block-getwid-tabs__title-wrapper\"><a href=\"#\"><span class=\"wp-block-getwid-tabs__title\">Normativa<\/span><\/a><\/span><\/div><div class=\"wp-block-getwid-tabs__tab-content-wrapper\"><div class=\"wp-block-getwid-tabs__tab-content\">\n<ul class=\"wp-block-list\">\n<li><a href=\"https:\/\/docs.google.com\/document\/d\/1J0p9I101SBpFEq8PMwvEyGrwtquV-_nsTvnSX_i8g3M\/export?format=pdf\">Concrecions curriculars i criteris d&#8217;avaluaci\u00f3 i promoci\u00f3<\/a><\/li>\n<\/ul>\n<\/div><\/div>\n\n\n\n<div class=\"wp-block-getwid-tabs__nav-link\"><span class=\"wp-block-getwid-tabs__title-wrapper\"><a href=\"#\"><span class=\"wp-block-getwid-tabs__title\">Autoritzacions<\/span><\/a><\/span><\/div><div class=\"wp-block-getwid-tabs__tab-content-wrapper\"><div class=\"wp-block-getwid-tabs__tab-content\">\n<ul class=\"wp-block-list\">\n<li><a href=\"https:\/\/docs.google.com\/document\/d\/1ud-bySY4BrufVKrz8YQh1aRrONf9GN2FdoeqYJ2wLsw\/export?format=pdf\">Autoritzaci\u00f3 d\u2019arribades i sortides fora d\u2019horari<\/a><\/li>\n\n\n\n<li><a href=\"https:\/\/docs.google.com\/document\/d\/1cIt0lVCucTy7ZS6_56rHUlYXlpM8weEydce3UzzAjf8\/export?format=pdf\">Autoritzaci\u00f3 de contacte amb pares o tutors<\/a><\/li>\n\n\n\n<li><a href=\"https:\/\/drive.google.com\/file\/d\/1KqbhVcJaTYW6s2lAhkff1toj7wfAbaSe\/view\">Autoritzaci\u00f3 de cessi\u00f3 de dades per a l\u2019orientaci\u00f3 en situacions d\u2019absentisme i abandonament d\u2019estudis<\/a> (Usuari xtec)<\/li>\n<\/ul>\n<\/div><\/div>\n<\/div>\n\n\n\n<div class=\"wp-block-group ocultar-bloc has-pale-cyan-blue-background-color has-background is-layout-constrained wp-container-core-group-is-layout-4 wp-block-group-is-layout-constrained\" style=\"border-radius:10px;min-height:0px;margin-top:0;margin-bottom:0;padding-top:var(--wp--preset--spacing--30);padding-right:var(--wp--preset--spacing--30);padding-bottom:var(--wp--preset--spacing--30);padding-left:var(--wp--preset--spacing--30)\">\n<h2 class=\"wp-block-heading\">Portes obertes<\/h2>\n\n\n\n<div class=\"wp-block-columns is-layout-flex wp-container-core-columns-is-layout-1 wp-block-columns-is-layout-flex\">\n<div class=\"wp-block-column is-layout-flow wp-block-column-is-layout-flow\" style=\"flex-basis:1%\">\n<div class=\"wp-block-getwid-icon\"><div class=\"wp-block-getwid-icon__wrapper has-text-color has-ast-global-color-1-color\" style=\"font-size:20px;padding:0px\"><i class=\"far fa-calendar-alt\"><\/i><\/div><\/div>\n<\/div>\n\n\n\n<div class=\"wp-block-column is-layout-flow wp-block-column-is-layout-flow\" style=\"flex-basis:99%\">\n<p style=\"margin-top:0;margin-right:0;margin-bottom:0;margin-left:0;padding-top:0;padding-right:0;padding-bottom:0;padding-left:0\">Dimecres 15 d&#8217;abril<\/p>\n<\/div>\n<\/div>\n\n\n\n<div class=\"wp-block-columns is-layout-flex wp-container-core-columns-is-layout-2 wp-block-columns-is-layout-flex\">\n<div class=\"wp-block-column is-layout-flow wp-block-column-is-layout-flow\" style=\"flex-basis:1%\">\n<div class=\"wp-block-getwid-icon\"><div class=\"wp-block-getwid-icon__wrapper has-text-color has-ast-global-color-1-color\" style=\"font-size:20px;padding:0px\"><i class=\"far fa-clock\"><\/i><\/div><\/div>\n<\/div>\n\n\n\n<div class=\"wp-block-column is-layout-flow wp-block-column-is-layout-flow\" style=\"flex-basis:99%\">\n<p style=\"margin-top:0;margin-right:0;margin-bottom:0;margin-left:0;padding-top:0;padding-right:0;padding-bottom:0;padding-left:0\">De 8 a 9 del vespre<\/p>\n<\/div>\n<\/div>\n\n\n\n<div style=\"height:20px\" aria-hidden=\"true\" class=\"wp-block-spacer\"><\/div>\n\n\n\n<p style=\"border-style:none;border-width:0px;padding-top:0;padding-right:0;padding-bottom:0;padding-left:0\">Les portes obertes es realitzen en format presencial i telem\u00e0tic; podeu triar el que us resulti m\u00e9s convenient:<\/p>\n\n\n\n<div class=\"wp-block-columns is-layout-flex wp-container-core-columns-is-layout-3 wp-block-columns-is-layout-flex\" style=\"margin-top:0;margin-bottom:0;padding-top:0;padding-bottom:0\">\n<div class=\"wp-block-column has-vivid-cyan-blue-background-color has-background is-layout-flow wp-container-core-column-is-layout-5 wp-block-column-is-layout-flow\" style=\"border-style:none;border-width:0px;border-radius:10px;padding-top:var(--wp--preset--spacing--20);padding-right:var(--wp--preset--spacing--20);padding-bottom:var(--wp--preset--spacing--20);padding-left:var(--wp--preset--spacing--20);flex-basis:40%\">\n<h5 class=\"wp-block-heading has-text-align-center\" style=\"border-radius:0px;padding-top:var(--wp--preset--spacing--30);padding-bottom:var(--wp--preset--spacing--30)\"><strong>Presencial<\/strong><\/h5>\n\n\n\n<p style=\"border-style:none;border-width:0px\">Pla\u00e7a del Remei, 1<br>17160 Angl\u00e8s<\/p>\n<\/div>\n\n\n\n<div class=\"wp-block-column has-vivid-cyan-blue-background-color has-background is-layout-flow wp-container-core-column-is-layout-6 wp-block-column-is-layout-flow\" style=\"border-style:none;border-width:0px;border-radius:10px;padding-top:var(--wp--preset--spacing--20);padding-right:var(--wp--preset--spacing--20);padding-bottom:var(--wp--preset--spacing--20);padding-left:var(--wp--preset--spacing--20)\">\n<h5 class=\"wp-block-heading has-text-align-center\" style=\"padding-top:var(--wp--preset--spacing--30);padding-bottom:var(--wp--preset--spacing--30)\"><strong>Telem\u00e0tic<\/strong><\/h5>\n\n\n\n<p style=\"border-style:none;border-width:0px;margin-top:0;margin-bottom:0;padding-top:0;padding-bottom:0\">Grau mitj\u00e0<\/p>\n\n\n\n<ul style=\"border-style:none;border-width:0px;margin-top:0;margin-bottom:0;padding-top:0;padding-bottom:0\" class=\"wp-block-list\">\n<li class=\"has-white-color has-text-color has-link-color wp-elements-6f65ffd0f020605f25c948a40a2837c9\"><a href=\"https:\/\/meet.google.com\/qxf-nbqp-gcf\" data-type=\"link\" data-id=\"https:\/\/meet.google.com\/qxf-nbqp-gcf\">Sistemes Microinform\u00e0tics i Xarxes<\/a> (SMX)<\/li>\n<\/ul>\n\n\n\n<div style=\"height:20px\" aria-hidden=\"true\" class=\"wp-block-spacer\"><\/div>\n\n\n\n<p style=\"margin-top:0;margin-bottom:0;padding-top:0;padding-bottom:0\">Grau superior: <\/p>\n\n\n\n<ul style=\"border-style:none;border-width:0px;margin-top:0;margin-bottom:0;padding-top:0;padding-bottom:0\" class=\"wp-block-list\">\n<li class=\"has-white-color has-text-color has-link-color wp-elements-030fd806eae240cd186b9c417de5e09e\"><a href=\"https:\/\/meet.google.com\/nau-epcg-mos\">Desenvolupament d&#8217;Aplicacions Multiplataforma<\/a> (DAM)<\/li>\n\n\n\n<li class=\"has-white-color has-text-color has-link-color wp-elements-fca0af4fee5d4b63a5aa80666d17d16d\"><a href=\"https:\/\/meet.google.com\/nau-epcg-mos\">Desenvolupament d&#8217;Aplicacions Web<\/a> (DAW)<\/li>\n<\/ul>\n\n\n\n<div style=\"height:20px\" aria-hidden=\"true\" class=\"wp-block-spacer\"><\/div>\n\n\n\n<p style=\"margin-top:0;margin-bottom:0;padding-top:0;padding-bottom:0\"><em>Clicant al nom del cicle s&#8217;accedeix a l&#8217;enlla\u00e7 de la reuni\u00f3.<\/em><\/p>\n<\/div>\n<\/div>\n<\/div>\n","protected":false},"excerpt":{"rendered":"<p>Els cicles formatius que oferim a l&#8217;Institut Rafael Campalans s\u00f3n: *El primer curs \u00e9s com\u00fa per als cicles de DAM i DAW. Cal matricular-se a primer de DAM i a segon triar si es vol continuar amb DAM o DAW. Presentacions de la Jornada de Portes Obertes (15\/04\/2026) Informaci\u00f3 d&#8217;inter\u00e8s Portes obertes Dimecres 15 d&#8217;abril [&hellip;]<\/p>\n","protected":false},"author":5,"featured_media":0,"parent":7103,"menu_order":20,"comment_status":"closed","ping_status":"closed","template":"","meta":{"_bbp_topic_count":0,"_bbp_reply_count":0,"_bbp_total_topic_count":0,"_bbp_total_reply_count":0,"_bbp_voice_count":0,"_bbp_anonymous_reply_count":0,"_bbp_topic_count_hidden":0,"_bbp_reply_count_hidden":0,"_bbp_forum_subforum_count":0,"site-sidebar-layout":"default","site-content-layout":"","ast-site-content-layout":"default","site-content-style":"default","site-sidebar-style":"default","ast-global-header-display":"","ast-banner-title-visibility":"","ast-main-header-display":"","ast-hfb-above-header-display":"","ast-hfb-below-header-display":"","ast-hfb-mobile-header-display":"","site-post-title":"","ast-breadcrumbs-content":"","ast-featured-img":"","footer-sml-layout":"","theme-transparent-header-meta":"default","adv-header-id-meta":"","stick-header-meta":"","header-above-stick-meta":"","header-main-stick-meta":"","header-below-stick-meta":"","astra-migrate-meta-layouts":"set","ast-page-background-enabled":"default","ast-page-background-meta":{"desktop":{"background-color":"var(--ast-global-color-4)","background-image":"","background-repeat":"repeat","background-position":"center center","background-size":"auto","background-attachment":"scroll","background-type":"","background-media":"","overlay-type":"","overlay-color":"","overlay-opacity":"","overlay-gradient":""},"tablet":{"background-color":"","background-image":"","background-repeat":"repeat","background-position":"center center","background-size":"auto","background-attachment":"scroll","background-type":"","background-media":"","overlay-type":"","overlay-color":"","overlay-opacity":"","overlay-gradient":""},"mobile":{"background-color":"","background-image":"","background-repeat":"repeat","background-position":"center center","background-size":"auto","background-attachment":"scroll","background-type":"","background-media":"","overlay-type":"","overlay-color":"","overlay-opacity":"","overlay-gradient":""}},"ast-content-background-meta":{"desktop":{"background-color":"var(--ast-global-color-5)","background-image":"","background-repeat":"repeat","background-position":"center center","background-size":"auto","background-attachment":"scroll","background-type":"","background-media":"","overlay-type":"","overlay-color":"","overlay-opacity":"","overlay-gradient":""},"tablet":{"background-color":"var(--ast-global-color-5)","background-image":"","background-repeat":"repeat","background-position":"center center","background-size":"auto","background-attachment":"scroll","background-type":"","background-media":"","overlay-type":"","overlay-color":"","overlay-opacity":"","overlay-gradient":""},"mobile":{"background-color":"var(--ast-global-color-5)","background-image":"","background-repeat":"repeat","background-position":"center center","background-size":"auto","background-attachment":"scroll","background-type":"","background-media":"","overlay-type":"","overlay-color":"","overlay-opacity":"","overlay-gradient":""}},"footnotes":""},"class_list":["post-7109","page","type-page","status-publish","hentry"],"post_mailing_queue_ids":[],"_links":{"self":[{"href":"https:\/\/agora.xtec.cat\/iesrafaelcampalans\/wp-json\/wp\/v2\/pages\/7109","targetHints":{"allow":["GET"]}}],"collection":[{"href":"https:\/\/agora.xtec.cat\/iesrafaelcampalans\/wp-json\/wp\/v2\/pages"}],"about":[{"href":"https:\/\/agora.xtec.cat\/iesrafaelcampalans\/wp-json\/wp\/v2\/types\/page"}],"author":[{"embeddable":true,"href":"https:\/\/agora.xtec.cat\/iesrafaelcampalans\/wp-json\/wp\/v2\/users\/5"}],"replies":[{"embeddable":true,"href":"https:\/\/agora.xtec.cat\/iesrafaelcampalans\/wp-json\/wp\/v2\/comments?post=7109"}],"version-history":[{"count":6,"href":"https:\/\/agora.xtec.cat\/iesrafaelcampalans\/wp-json\/wp\/v2\/pages\/7109\/revisions"}],"predecessor-version":[{"id":10480,"href":"https:\/\/agora.xtec.cat\/iesrafaelcampalans\/wp-json\/wp\/v2\/pages\/7109\/revisions\/10480"}],"up":[{"embeddable":true,"href":"https:\/\/agora.xtec.cat\/iesrafaelcampalans\/wp-json\/wp\/v2\/pages\/7103"}],"wp:attachment":[{"href":"https:\/\/agora.xtec.cat\/iesrafaelcampalans\/wp-json\/wp\/v2\/media?parent=7109"}],"curies":[{"name":"wp","href":"https:\/\/api.w.org\/{rel}","templated":true}]}}