{"id":7105,"date":"2023-06-08T12:37:39","date_gmt":"2023-06-08T10:37:39","guid":{"rendered":"https:\/\/agora.xtec.cat\/iesrafaelcampalans\/?page_id=7105"},"modified":"2024-09-08T12:47:54","modified_gmt":"2024-09-08T10:47:54","slug":"eso","status":"publish","type":"page","link":"https:\/\/agora.xtec.cat\/iesrafaelcampalans\/estudis\/eso\/","title":{"rendered":"ESO"},"content":{"rendered":"<ul style=\"list-style-type: circle;\">\n<li>\n<h4>Descripci\u00f3<\/h4>\n<\/li>\n<\/ul>\n<p style=\"text-align: justify;\"><span style=\"font-family: inherit; font-size: 1em; text-align: justify;\">L\u2019etapa d\u2019educaci\u00f3 secund\u00e0ria obligat\u00f2ria (ESO) compr\u00e8n els ensenyaments que tots els alumnes han de cursar obligat\u00f2riament quan acaben l\u2019educaci\u00f3 prim\u00e0ria; aquesta etapa consta de quatre cursos acad\u00e8mics que els alumnes comencen normalment l\u2019any que compleixen 12 anys i acaben als 16.\u00a0<\/span><\/p>\n<p style=\"text-align: justify;\">Aquesta etapa t\u00e9 com a finalitat possibilitar que tots els alumnes puguin accedir als elements b\u00e0sics de la cultura en el marc d&#8217;un desenvolupament personal que consolidi la formaci\u00f3 instrumental de l&#8217;ensenyament primari i completi la formaci\u00f3 cultural, a la vegada que els permetin accedir a estudis posteriors i al m\u00f3n laboral.<\/p>\n<ul style=\"list-style-type: circle;\">\n<li>\n<h4>Horari<\/h4>\n<\/li>\n<\/ul>\n<p style=\"text-align: justify;\">Les classes s\u00f3n de 55 minuts i hi ha un esbarjo de trenta minuts despr\u00e9s de la tercera classe en el cas de 1r i 2n i 30 minuts de lectura en el cas de 3r i 4t que despr\u00e9s s&#8217;inverteix. Els alumnes han de fer un total de 30 hores setmanals.<\/p>\n<table style=\"height: 92px; width: 50%;\" border=\"2\" width=\"50%\" cellspacing=\"0\" cellpadding=\"0\">\n<tbody>\n<tr style=\"height: 10px;\">\n<td style=\"height: 10px; width: 38.7707%;\" width=\"82\">\n<div align=\"center\"><b>ESO<\/b><\/div>\n<\/td>\n<td style=\"height: 10px; width: 15.9921%;\" bgcolor=\"#FFFF99\" width=\"96\">\n<div align=\"center\"><i>dilluns<\/i><\/div>\n<\/td>\n<td style=\"height: 10px; width: 14.1357%;\" bgcolor=\"#FFFF99\" width=\"91\">\n<div align=\"center\"><i>dimarts<\/i><\/div>\n<\/td>\n<td style=\"height: 10px; width: 14.6114%;\" bgcolor=\"#FFFF99\" width=\"90\">\n<div align=\"center\"><i>dimecres<\/i><\/div>\n<\/td>\n<td style=\"height: 10px; width: 28.2088%;\" bgcolor=\"#FFFF99\" width=\"89\">\n<div align=\"center\"><i>dijous<\/i><\/div>\n<\/td>\n<td style=\"height: 10px; width: 133.589%;\" bgcolor=\"#FFFF99\" width=\"85\">\n<div align=\"center\"><i>divendres<\/i><\/div>\n<\/td>\n<\/tr>\n<tr style=\"height: 10px;\">\n<td style=\"height: 10px; width: 38.7707%;\" bgcolor=\"#FFFF99\" width=\"82\">08.15-09.10<\/td>\n<td style=\"height: 10px; width: 15.9921%;\" bgcolor=\"#CCCCCC\" width=\"96\"><\/td>\n<td style=\"height: 10px; width: 14.1357%;\" bgcolor=\"#CCCCCC\" width=\"91\"><\/td>\n<td style=\"height: 10px; width: 14.6114%;\" bgcolor=\"#CCCCCC\" width=\"90\"><\/td>\n<td style=\"height: 10px; width: 28.2088%;\" bgcolor=\"#CCCCCC\" width=\"89\"><\/td>\n<td style=\"height: 10px; width: 133.589%;\" bgcolor=\"#CCCCCC\" width=\"85\"><\/td>\n<\/tr>\n<tr style=\"height: 10px;\">\n<td style=\"height: 10px; width: 38.7707%;\" bgcolor=\"#FFFF99\" width=\"82\">09.10-10.05<\/td>\n<td style=\"height: 10px; width: 15.9921%;\" bgcolor=\"#CCCCCC\" width=\"96\"><\/td>\n<td style=\"height: 10px; width: 14.1357%;\" bgcolor=\"#CCCCCC\" width=\"91\"><\/td>\n<td style=\"height: 10px; width: 14.6114%;\" bgcolor=\"#CCCCCC\" width=\"90\"><\/td>\n<td style=\"height: 10px; width: 28.2088%;\" bgcolor=\"#CCCCCC\" width=\"89\"><\/td>\n<td style=\"height: 10px; width: 133.589%;\" bgcolor=\"#CCCCCC\" width=\"85\"><\/td>\n<\/tr>\n<tr style=\"height: 12px;\">\n<td style=\"height: 12px; width: 38.7707%;\" bgcolor=\"#FFFF99\" width=\"82\">10.05-11.00<\/td>\n<td style=\"height: 12px; width: 15.9921%;\" bgcolor=\"#CCCCCC\" width=\"96\"><\/td>\n<td style=\"height: 12px; width: 14.1357%;\" bgcolor=\"#CCCCCC\" width=\"91\"><\/td>\n<td style=\"height: 12px; width: 14.6114%;\" bgcolor=\"#CCCCCC\" width=\"90\"><\/td>\n<td style=\"height: 12px; width: 28.2088%;\" bgcolor=\"#CCCCCC\" width=\"89\"><\/td>\n<td style=\"height: 12px; width: 133.589%;\" bgcolor=\"#CCCCCC\" width=\"85\"><\/td>\n<\/tr>\n<tr style=\"height: 10px;\">\n<td style=\"height: 10px; width: 38.7707%;\" bgcolor=\"#FFFF99\" width=\"82\">11.00-11.30<\/td>\n<td style=\"height: 10px; width: 206.537%;\" colspan=\"5\" bgcolor=\"#336600\" width=\"96\">\n<div align=\"center\"><span style=\"color: #ffffff;\">Pati (1r i 2n ESO) \/ Lectura (3r i 4t ESO)<\/span><\/div>\n<\/td>\n<\/tr>\n<tr style=\"height: 10px;\">\n<td style=\"height: 10px; width: 38.7707%;\" bgcolor=\"#FFFF99\" width=\"82\">11.30-12.00<\/td>\n<td style=\"height: 10px; width: 206.537%;\" colspan=\"5\" bgcolor=\"#336600\" width=\"96\">\n<div align=\"center\"><span style=\"color: #ffffff;\">Pati (3r i 4t ESO) \/ Lectura (1r i 2n ESO)<\/span><\/div>\n<\/td>\n<\/tr>\n<tr style=\"height: 56px;\">\n<td style=\"width: 38.7707%; height: 10px;\" bgcolor=\"#FFFF99\" width=\"82\">12.00-13.55<\/td>\n<td style=\"width: 15.9921%; height: 10px;\" bgcolor=\"#CCCCCC\" width=\"96\"><\/td>\n<td style=\"width: 14.1357%; height: 10px;\" bgcolor=\"#CCCCCC\" width=\"91\"><\/td>\n<td style=\"width: 14.6114%; height: 10px;\" bgcolor=\"#CCCCCC\" width=\"90\"><\/td>\n<td style=\"width: 28.2088%; height: 10px;\" bgcolor=\"#CCCCCC\" width=\"89\"><\/td>\n<td style=\"width: 133.589%; height: 10px;\" bgcolor=\"#CCCCCC\" width=\"85\"><\/td>\n<\/tr>\n<tr style=\"height: 53px;\">\n<td style=\"width: 38.7707%; height: 10px;\" bgcolor=\"#FFFF99\" width=\"82\">13.55-14.50<\/td>\n<td style=\"width: 15.9921%; height: 10px;\" bgcolor=\"#CCCCCC\" width=\"96\"><\/td>\n<td style=\"width: 14.1357%; height: 10px;\" bgcolor=\"#CCCCCC\" width=\"91\"><\/td>\n<td style=\"width: 14.6114%; height: 10px;\" bgcolor=\"#CCCCCC\" width=\"90\"><\/td>\n<td style=\"width: 28.2088%; height: 10px;\" bgcolor=\"#CCCCCC\" width=\"89\"><\/td>\n<td style=\"width: 133.589%; height: 10px;\" bgcolor=\"#CCCCCC\" width=\"85\"><\/td>\n<\/tr>\n<tr style=\"height: 42px;\">\n<td style=\"width: 38.7707%; height: 10px;\" bgcolor=\"#FFFF99\" width=\"82\">14.50-15.45<\/td>\n<td style=\"width: 15.9921%; height: 10px;\" bgcolor=\"#CCCCCC\" width=\"96\"><\/td>\n<td style=\"width: 14.1357%; height: 10px;\" bgcolor=\"#CCCCCC\" width=\"91\"><\/td>\n<td style=\"width: 14.6114%; height: 10px;\" bgcolor=\"#CCCCCC\" width=\"90\"><\/td>\n<td style=\"width: 28.2088%; height: 10px;\" bgcolor=\"#CCCCCC\" width=\"89\"><\/td>\n<td style=\"width: 133.589%; height: 10px;\" bgcolor=\"#CCCCCC\" width=\"85\"><\/td>\n<\/tr>\n<\/tbody>\n<\/table>\n<ul style=\"list-style-type: circle;\">\n<li>\n<h4>Organitzaci\u00f3<\/h4>\n<\/li>\n<\/ul>\n<p>L\u2019educaci\u00f3 secund\u00e0ria obligat\u00f2ria (ESO) s\u2019organitza en diferents mat\u00e8ries comunes i optatives que els vostres fills han d\u2019estudiar al llarg dels quatre cursos.<\/p>\n<p style=\"text-align: justify;\">Els dos primers cursos faciliten la transici\u00f3 dels vostres fills cap a la nova etapa potenciant la seva autonomia i enfortint els h\u00e0bits de treball. Els dos \u00faltims cursos de l\u2019etapa consoliden el proc\u00e9s de l\u2019adquisici\u00f3 de les compet\u00e8ncies i preparen per a la continu\u00eftat cap a estudis posteriors, posant l\u2019accent en l\u2019orientaci\u00f3 educativa.<\/p>\n<p style=\"text-align: justify;\">A tots els cursos els vostres fills tenen assignat un tutor o tutora encarregat d\u2019orientar-los.<\/p>\n<ul style=\"list-style-type: circle;\">\n<li>\n<h4>Avaluaci\u00f3<\/h4>\n<\/li>\n<\/ul>\n<p style=\"text-align: justify;\">L\u2019avaluaci\u00f3 t\u00e9 la finalitat d\u2019ajudar l\u2019alumne a ser m\u00e9s competent i d\u2019acompanyar-lo per millorar el proc\u00e9s d\u2019aprenentatge. Tamb\u00e9 serveix per comprovar el grau d\u2019assoliment de les compet\u00e8ncies.<\/p>\n<p style=\"text-align: justify;\">L\u2019avaluaci\u00f3 a l\u2019ESO \u00e9s cont\u00ednua. T\u00e9 en compte el proc\u00e9s i l\u2019evoluci\u00f3 dels alumnes al llarg del trimestre i de tot el curs.<\/p>\n<p style=\"text-align: justify;\">A final de trimestre i a final de curs rebreu un informe d\u2019avaluaci\u00f3 amb les valoracions de cada mat\u00e8ria i comentaris sobre el seguiment educatiu dels vostres fills.<\/p>\n<p style=\"text-align: justify;\">Les qualificacions finals de cada curs seran per mat\u00e8ries i faran refer\u00e8ncia al grau d\u2019assoliment de les compet\u00e8ncies corresponents, encara que les mat\u00e8ries s\u2019imparteixin agrupades en \u00e0mbits o projectes globalitzadors. Tamb\u00e9 s\u2019avaluar\u00e0 el grau d\u2019assoliment de les compet\u00e8ncies dels \u00e0mbits transversals (\u00e0mbit digital i \u00e0mbit personal i social).<\/p>\n<p style=\"text-align: justify;\">Les qualificacions expressen el grau d\u2019assoliment de les compet\u00e8ncies en termes qualitatius:<\/p>\n<p style=\"text-align: justify;\">AE: assoliment excel\u00b7lent<\/p>\n<p>AN: assoliment notable<\/p>\n<p>AS: assoliment satisfactori<\/p>\n<p>NA: no assoliment (quan no s\u2019han assolit els nivells competencials establerts)<\/p>\n<p>Cada qualificaci\u00f3 va acompanyada de comentaris personalitzats i amb indicacions per millorar.<\/p>\n<p>Al final de l\u2019etapa, rebreu un document del consell orientador amb recomanacions sobre l\u2019itinerari postobligatori i\/o professionalitzador.<\/p>\n<p style=\"text-align: justify;\">En el cas que el vostre fill o filla no hagi assolit els nivells competencials en alguna mat\u00e8ria (no assoliment) a l\u2019avaluaci\u00f3 final ordin\u00e0ria, podr\u00e0 assolir-los a l\u2019avaluaci\u00f3 final extraordin\u00e0ria o al llarg del curs seg\u00fcent.<\/p>\n<p style=\"text-align: justify;\">Perqu\u00e8 els vostres fills puguin passar de curs han d\u2019haver assolit els nivells competencials establerts en totes les mat\u00e8ries, encara que poden passar al curs seg\u00fcent amb dues mat\u00e8ries amb avaluaci\u00f3 negativa. En alguns casos excepcionals i en determinades circumst\u00e0ncies, l\u2019equip docent pot decidir que un alumne amb tres mat\u00e8ries amb avaluaci\u00f3 negativa passi de curs.<\/p>\n<ul style=\"list-style-type: circle;\">\n<li>\n<h4>Canvi d\u2019etapa<\/h4>\n<\/li>\n<\/ul>\n<p style=\"text-align: justify;\">Un cop acabada l\u2019ESO, si els vostres fills han assolit tots els nivells competencials establerts de l\u2019etapa obtenen el t\u00edtol de graduat en educaci\u00f3 secund\u00e0ria obligat\u00f2ria.<\/p>\n<p style=\"text-align: justify;\">En cas que el vostre fill o filla no obtingui el graduat, ha de rebre un certificat d\u2019escolaritzaci\u00f3 on hi consti els anys, les mat\u00e8ries cursades, les qualificacions obtingudes i el consell orientador.<\/p>\n<p style=\"text-align: justify;\">Si el vostre fill o filla fa 18 anys, edat m\u00e0xima per continuar a l\u2019etapa d\u2019ESO, i no ha superat totes les mat\u00e8ries, disposa, durant els dos anys seg\u00fcents, d\u2019una convocat\u00f2ria anual amb una prova per superar les mat\u00e8ries amb avaluaci\u00f3 negativa, sempre que no siguin m\u00e9s de cinc. Les proves es fan al centre on ha estudiat l\u2019ESO.<\/p>\n<p style=\"text-align: justify;\">Amb el t\u00edtol de graduat en educaci\u00f3 secund\u00e0ria obligat\u00f2ria els vostres fills poden accedir al batxillerat, als cicles formatius de grau mitj\u00e0 de formaci\u00f3 professional, als d\u2019ensenyaments art\u00edstics, als d\u2019ensenyaments esportius i al m\u00f3n laboral.<\/p>\n<p style=\"text-align: justify;\">Si no obtenen el t\u00edtol de graduat poden matricular-se a un programa de formaci\u00f3 i inserci\u00f3 (PFI) que els prepara per incorporar-se al m\u00f3n laboral. Tamb\u00e9 poden preparar la prova d\u2019acc\u00e9s a la formaci\u00f3 professional de grau mitj\u00e0.<\/p>\n<h3>Deures de rep\u00e0s i recomanacions per l&#8217;estiu 2024<\/h3>\n<table style=\"border-collapse: collapse; width: 84%; height: 192px;\">\n<tbody>\n<tr style=\"height: 115px;\">\n<td style=\"width: 20.1515%; text-align: center; height: 115px;\">\n<h4 style=\"text-align: justify;\"><a href=\"https:\/\/agora.xtec.cat\/iesrafaelcampalans\/estudis\/eso\/1r-eso\/\"><img loading=\"lazy\" decoding=\"async\" class=\"aligncenter\" src=\"http:\/\/agora.xtec.cat\/iesmaragall\/wp-content\/uploads\/usu1613\/2014\/09\/1rESO-1.gif\" width=\"153\" height=\"153\" \/><\/a><\/h4>\n<\/td>\n<td style=\"width: 19.6666%; text-align: center; height: 115px;\">\n<h4><a href=\"https:\/\/agora.xtec.cat\/iesrafaelcampalans\/estudis\/eso\/2n-eso\/\"><img loading=\"lazy\" decoding=\"async\" class=\"aligncenter\" src=\"http:\/\/agora.xtec.cat\/iesmaragall\/wp-content\/uploads\/usu1613\/2014\/09\/2n-1.gif\" alt=\"2n ESO Poeta Maragall\" width=\"150\" height=\"150\" \/><\/a><\/h4>\n<\/td>\n<td style=\"width: 20.0152%; text-align: center; height: 115px;\"><a href=\"https:\/\/agora.xtec.cat\/iesrafaelcampalans\/estudis\/eso\/3r-eso\/\"><img loading=\"lazy\" decoding=\"async\" class=\"aligncenter\" src=\"http:\/\/agora.xtec.cat\/iesmaragall\/wp-content\/uploads\/usu1613\/2014\/09\/3r-1.gif\" alt=\"3r ESO\" width=\"150\" height=\"150\" \/><\/a><\/td>\n<td style=\"width: 20.2576%; text-align: center; height: 115px;\"><a href=\"https:\/\/agora.xtec.cat\/iesrafaelcampalans\/estudis\/eso\/4t-eso\/\"><img loading=\"lazy\" decoding=\"async\" class=\"aligncenter\" src=\"http:\/\/agora.xtec.cat\/iesmaragall\/wp-content\/uploads\/usu1613\/2014\/09\/4t-1.gif\" alt=\"4t ESO\" width=\"150\" height=\"150\" \/><\/a><\/td>\n<\/tr>\n<\/tbody>\n<\/table>\n<p>&nbsp;<\/p>\n","protected":false},"excerpt":{"rendered":"<p>Descripci\u00f3 L\u2019etapa d\u2019educaci\u00f3 secund\u00e0ria obligat\u00f2ria (ESO) compr\u00e8n els ensenyaments que tots els alumnes han de cursar obligat\u00f2riament quan acaben l\u2019educaci\u00f3 prim\u00e0ria; aquesta etapa consta de quatre cursos acad\u00e8mics que els alumnes comencen normalment l\u2019any que compleixen 12 anys i acaben als 16.\u00a0 Aquesta etapa t\u00e9 com a finalitat possibilitar que tots els alumnes puguin accedir [&hellip;]<\/p>\n","protected":false},"author":5,"featured_media":0,"parent":7103,"menu_order":0,"comment_status":"closed","ping_status":"closed","template":"","meta":{"_bbp_topic_count":0,"_bbp_reply_count":0,"_bbp_total_topic_count":0,"_bbp_total_reply_count":0,"_bbp_voice_count":0,"_bbp_anonymous_reply_count":0,"_bbp_topic_count_hidden":0,"_bbp_reply_count_hidden":0,"_bbp_forum_subforum_count":0,"site-sidebar-layout":"default","site-content-layout":"","ast-site-content-layout":"","site-content-style":"default","site-sidebar-style":"default","ast-global-header-display":"","ast-banner-title-visibility":"","ast-main-header-display":"","ast-hfb-above-header-display":"","ast-hfb-below-header-display":"","ast-hfb-mobile-header-display":"","site-post-title":"","ast-breadcrumbs-content":"","ast-featured-img":"","footer-sml-layout":"","theme-transparent-header-meta":"","adv-header-id-meta":"","stick-header-meta":"","header-above-stick-meta":"","header-main-stick-meta":"","header-below-stick-meta":"","astra-migrate-meta-layouts":"default","ast-page-background-enabled":"default","ast-page-background-meta":{"desktop":{"background-color":"var(--ast-global-color-4)","background-image":"","background-repeat":"repeat","background-position":"center center","background-size":"auto","background-attachment":"scroll","background-type":"","background-media":"","overlay-type":"","overlay-color":"","overlay-opacity":"","overlay-gradient":""},"tablet":{"background-color":"","background-image":"","background-repeat":"repeat","background-position":"center center","background-size":"auto","background-attachment":"scroll","background-type":"","background-media":"","overlay-type":"","overlay-color":"","overlay-opacity":"","overlay-gradient":""},"mobile":{"background-color":"","background-image":"","background-repeat":"repeat","background-position":"center center","background-size":"auto","background-attachment":"scroll","background-type":"","background-media":"","overlay-type":"","overlay-color":"","overlay-opacity":"","overlay-gradient":""}},"ast-content-background-meta":{"desktop":{"background-color":"var(--ast-global-color-5)","background-image":"","background-repeat":"repeat","background-position":"center center","background-size":"auto","background-attachment":"scroll","background-type":"","background-media":"","overlay-type":"","overlay-color":"","overlay-opacity":"","overlay-gradient":""},"tablet":{"background-color":"var(--ast-global-color-5)","background-image":"","background-repeat":"repeat","background-position":"center center","background-size":"auto","background-attachment":"scroll","background-type":"","background-media":"","overlay-type":"","overlay-color":"","overlay-opacity":"","overlay-gradient":""},"mobile":{"background-color":"var(--ast-global-color-5)","background-image":"","background-repeat":"repeat","background-position":"center center","background-size":"auto","background-attachment":"scroll","background-type":"","background-media":"","overlay-type":"","overlay-color":"","overlay-opacity":"","overlay-gradient":""}},"footnotes":""},"class_list":["post-7105","page","type-page","status-publish","hentry"],"post_mailing_queue_ids":[],"_links":{"self":[{"href":"https:\/\/agora.xtec.cat\/iesrafaelcampalans\/wp-json\/wp\/v2\/pages\/7105","targetHints":{"allow":["GET"]}}],"collection":[{"href":"https:\/\/agora.xtec.cat\/iesrafaelcampalans\/wp-json\/wp\/v2\/pages"}],"about":[{"href":"https:\/\/agora.xtec.cat\/iesrafaelcampalans\/wp-json\/wp\/v2\/types\/page"}],"author":[{"embeddable":true,"href":"https:\/\/agora.xtec.cat\/iesrafaelcampalans\/wp-json\/wp\/v2\/users\/5"}],"replies":[{"embeddable":true,"href":"https:\/\/agora.xtec.cat\/iesrafaelcampalans\/wp-json\/wp\/v2\/comments?post=7105"}],"version-history":[{"count":4,"href":"https:\/\/agora.xtec.cat\/iesrafaelcampalans\/wp-json\/wp\/v2\/pages\/7105\/revisions"}],"predecessor-version":[{"id":8546,"href":"https:\/\/agora.xtec.cat\/iesrafaelcampalans\/wp-json\/wp\/v2\/pages\/7105\/revisions\/8546"}],"up":[{"embeddable":true,"href":"https:\/\/agora.xtec.cat\/iesrafaelcampalans\/wp-json\/wp\/v2\/pages\/7103"}],"wp:attachment":[{"href":"https:\/\/agora.xtec.cat\/iesrafaelcampalans\/wp-json\/wp\/v2\/media?parent=7105"}],"curies":[{"name":"wp","href":"https:\/\/api.w.org\/{rel}","templated":true}]}}