{"id":6532,"date":"2023-03-06T09:56:45","date_gmt":"2023-03-06T08:56:45","guid":{"rendered":"https:\/\/agora.xtec.cat\/iesrafaelcampalans\/?page_id=6532"},"modified":"2024-03-08T12:12:49","modified_gmt":"2024-03-08T11:12:49","slug":"beques-i-ajuts","status":"publish","type":"page","link":"https:\/\/agora.xtec.cat\/iesrafaelcampalans\/secretaria\/beques-i-ajuts\/","title":{"rendered":"Beques i ajuts"},"content":{"rendered":"<header class=\"entry-header\">\n<h3 class=\"entry-title\"><\/h3>\n<\/header>\n<div class=\"entry-content\">\n<h3 class=\"titulo-capcalera\"><strong>Beques per a ensenyaments postobligatoris no universitaris<\/strong><\/h3>\n<p>Per alumnat que cursa els seg\u00fcents\u00a0<strong>ensenyaments postobligatoris<\/strong>:<\/p>\n<ul class=\"llista-especial\">\n<li>Primer i segon curs de batxillerat<\/li>\n<li>Formaci\u00f3 professional de grau mitj\u00e0 i de grau superior<\/li>\n<li>Ensenyaments art\u00edstics professionals<\/li>\n<li>Ensenyaments esportius<\/li>\n<li>Ensenyaments art\u00edstics superiors<\/li>\n<li>Estudis religiosos superiors<\/li>\n<li>Estudis d\u2019idiomes en escoles oficials (inclosa la modalitat de dist\u00e0ncia)<\/li>\n<li>Cursos d\u2019acc\u00e9s i cursos de preparaci\u00f3 per a les proves d\u2019acc\u00e9s a la formaci\u00f3 professional i cursos de formaci\u00f3 espec\u00edfics per a l\u2019acc\u00e9s als cicles de grau mitj\u00e0 i de grau superior impartits en centres p\u00fablics i en centres privats<\/li>\n<li>Formaci\u00f3 professional b\u00e0sica<\/li>\n<\/ul>\n<p><em>M\u00e9s informaci\u00f3 i tr\u00e0mit\u00a0<a href=\"http:\/\/web.gencat.cat\/ca\/tramits\/tramits-temes\/Beques-de-caracter-general-per-a-estudis-postobligatoris?category=7449fd1c-a82c-11e3-a972-000c29052e2c\" target=\"_blank\" rel=\"noopener\">aqu\u00ed<\/a><\/em><\/p>\n<h3><\/h3>\n<h3 class=\"titulo-capcalera\"><strong>Ajuts per alumnat amb necessitat espec\u00edfica de suport educatiu<\/strong><\/h3>\n<p>Ajuts individualitzats convocats pel Ministeri d\u2019Educaci\u00f3 i Formaci\u00f3 Professional per alumnat amb necessitat espec\u00edfica de suport educatiu.<\/p>\n<p><em>M\u00e9s informaci\u00f3 i tr\u00e0mit\u00a0<a href=\"http:\/\/web.gencat.cat\/ca\/tramits\/tramits-temes\/358-ajuts-ministerio-NEE?category=bd1b6d64-ca6f-11e5-8c48-005056924a59\" target=\"_blank\" rel=\"noopener\">aqu\u00ed<\/a><\/em><\/p>\n<\/div>\n","protected":false},"excerpt":{"rendered":"<p>Beques per a ensenyaments postobligatoris no universitaris Per alumnat que cursa els seg\u00fcents\u00a0ensenyaments postobligatoris: Primer i segon curs de batxillerat Formaci\u00f3 professional de grau mitj\u00e0 i de grau superior Ensenyaments art\u00edstics professionals Ensenyaments esportius Ensenyaments art\u00edstics superiors Estudis religiosos superiors Estudis d\u2019idiomes en escoles oficials (inclosa la modalitat de dist\u00e0ncia) Cursos d\u2019acc\u00e9s i cursos de [&hellip;]<\/p>\n","protected":false},"author":5,"featured_media":0,"parent":6506,"menu_order":60,"comment_status":"closed","ping_status":"closed","template":"","meta":{"_bbp_topic_count":0,"_bbp_reply_count":0,"_bbp_total_topic_count":0,"_bbp_total_reply_count":0,"_bbp_voice_count":0,"_bbp_anonymous_reply_count":0,"_bbp_topic_count_hidden":0,"_bbp_reply_count_hidden":0,"_bbp_forum_subforum_count":0,"site-sidebar-layout":"default","site-content-layout":"","ast-site-content-layout":"","site-content-style":"default","site-sidebar-style":"default","ast-global-header-display":"","ast-banner-title-visibility":"","ast-main-header-display":"","ast-hfb-above-header-display":"","ast-hfb-below-header-display":"","ast-hfb-mobile-header-display":"","site-post-title":"","ast-breadcrumbs-content":"","ast-featured-img":"","footer-sml-layout":"","theme-transparent-header-meta":"","adv-header-id-meta":"","stick-header-meta":"","header-above-stick-meta":"","header-main-stick-meta":"","header-below-stick-meta":"","astra-migrate-meta-layouts":"default","ast-page-background-enabled":"default","ast-page-background-meta":{"desktop":{"background-color":"var(--ast-global-color-4)","background-image":"","background-repeat":"repeat","background-position":"center center","background-size":"auto","background-attachment":"scroll","background-type":"","background-media":"","overlay-type":"","overlay-color":"","overlay-opacity":"","overlay-gradient":""},"tablet":{"background-color":"","background-image":"","background-repeat":"repeat","background-position":"center center","background-size":"auto","background-attachment":"scroll","background-type":"","background-media":"","overlay-type":"","overlay-color":"","overlay-opacity":"","overlay-gradient":""},"mobile":{"background-color":"","background-image":"","background-repeat":"repeat","background-position":"center center","background-size":"auto","background-attachment":"scroll","background-type":"","background-media":"","overlay-type":"","overlay-color":"","overlay-opacity":"","overlay-gradient":""}},"ast-content-background-meta":{"desktop":{"background-color":"var(--ast-global-color-5)","background-image":"","background-repeat":"repeat","background-position":"center center","background-size":"auto","background-attachment":"scroll","background-type":"","background-media":"","overlay-type":"","overlay-color":"","overlay-opacity":"","overlay-gradient":""},"tablet":{"background-color":"var(--ast-global-color-5)","background-image":"","background-repeat":"repeat","background-position":"center center","background-size":"auto","background-attachment":"scroll","background-type":"","background-media":"","overlay-type":"","overlay-color":"","overlay-opacity":"","overlay-gradient":""},"mobile":{"background-color":"var(--ast-global-color-5)","background-image":"","background-repeat":"repeat","background-position":"center center","background-size":"auto","background-attachment":"scroll","background-type":"","background-media":"","overlay-type":"","overlay-color":"","overlay-opacity":"","overlay-gradient":""}},"footnotes":""},"class_list":["post-6532","page","type-page","status-publish","hentry"],"post_mailing_queue_ids":[],"_links":{"self":[{"href":"https:\/\/agora.xtec.cat\/iesrafaelcampalans\/wp-json\/wp\/v2\/pages\/6532","targetHints":{"allow":["GET"]}}],"collection":[{"href":"https:\/\/agora.xtec.cat\/iesrafaelcampalans\/wp-json\/wp\/v2\/pages"}],"about":[{"href":"https:\/\/agora.xtec.cat\/iesrafaelcampalans\/wp-json\/wp\/v2\/types\/page"}],"author":[{"embeddable":true,"href":"https:\/\/agora.xtec.cat\/iesrafaelcampalans\/wp-json\/wp\/v2\/users\/5"}],"replies":[{"embeddable":true,"href":"https:\/\/agora.xtec.cat\/iesrafaelcampalans\/wp-json\/wp\/v2\/comments?post=6532"}],"version-history":[{"count":3,"href":"https:\/\/agora.xtec.cat\/iesrafaelcampalans\/wp-json\/wp\/v2\/pages\/6532\/revisions"}],"predecessor-version":[{"id":6549,"href":"https:\/\/agora.xtec.cat\/iesrafaelcampalans\/wp-json\/wp\/v2\/pages\/6532\/revisions\/6549"}],"up":[{"embeddable":true,"href":"https:\/\/agora.xtec.cat\/iesrafaelcampalans\/wp-json\/wp\/v2\/pages\/6506"}],"wp:attachment":[{"href":"https:\/\/agora.xtec.cat\/iesrafaelcampalans\/wp-json\/wp\/v2\/media?parent=6532"}],"curies":[{"name":"wp","href":"https:\/\/api.w.org\/{rel}","templated":true}]}}