{"id":6523,"date":"2023-03-06T09:52:45","date_gmt":"2023-03-06T08:52:45","guid":{"rendered":"https:\/\/agora.xtec.cat\/iesrafaelcampalans\/?page_id=6523"},"modified":"2026-03-25T12:20:07","modified_gmt":"2026-03-25T11:20:07","slug":"pfi","status":"publish","type":"page","link":"https:\/\/agora.xtec.cat\/iesrafaelcampalans\/secretaria\/preinscripcio-i-matricula\/pfi\/","title":{"rendered":"Programes de Formaci\u00f3 i Inserci\u00f3 (PFI)"},"content":{"rendered":"<header class=\"entry-header\">\n<h3 class=\"entry-title\">Calendari<\/h3>\n<\/header>\n<div class=\"entry-content\">\n<p><strong>Preinscripci\u00f3<\/strong><\/p>\n<ul>\n<li>Difusi\u00f3 de l\u2019oferta inicial:\u00a0<strong>30 d\u2019abril de 2026<br \/>\n<\/strong><\/li>\n<li>Presentaci\u00f3 i\/o modificaci\u00f3 de sol\u00b7licituds: <strong>del 4 al 13 de maig de 2026<\/strong><\/li>\n<li>Presentaci\u00f3 de documentaci\u00f3:<strong> fins al 14 de maig de 2026<\/strong><\/li>\n<li>Entrevistes d\u2019orientaci\u00f3 i valoraci\u00f3: <strong>del 4 al 26 de maig de 2026<\/strong>\u00a0\u00a0(el centre us confirmar\u00e0 la data concreta)<\/li>\n<li>Publicaci\u00f3 llista amb puntuaci\u00f3 provisional: <strong>28 de maig de 2026<\/strong><\/li>\n<li>Presentaci\u00f3 de reclamacions: <strong>del 28 de maig al 3 de juny de 2026<\/strong><strong><br \/>\n<\/strong><\/li>\n<li>Publicaci\u00f3 llista amb puntuaci\u00f3 definitiva, resoltes les reclamacions:\u00a0<strong>8 de juny de 2026<\/strong><\/li>\n<li>Sorteig del n\u00famero de desempat:\u00a0<strong>8 de juny de 2026<\/strong>, a les 11 hores<\/li>\n<li>Publicaci\u00f3 llista ordenada:\u00a0<strong>11 de juny de 2026<br \/>\n<\/strong><\/li>\n<li>Ampliaci\u00f3 peticions (per sol\u00b7licituds sense assignaci\u00f3): <strong>del 25 al 29 de juny de 2026<\/strong><\/li>\n<li>Difusi\u00f3 de l\u2019oferta final: <strong>3 de juliol de 2026<\/strong><\/li>\n<li>Publicaci\u00f3 llista d\u2019alumnat adm\u00e8s i llista d\u2019espera: <strong>3 de juliol de 2026<\/strong><\/li>\n<\/ul>\n<p><strong>Matr\u00edcula<\/strong><\/p>\n<ul>\n<li>Per\u00edode de matricula: <strong>del 6 a l\u201910 de juliol de 2026<\/strong><\/li>\n<\/ul>\n<h3><strong>Documentaci\u00f3 i criteris de prioritat<\/strong><\/h3>\n<p id=\"FW_bloc_9be7a269-55e8-11e4-aafa-000c29f68999_1\" class=\"FW_ancora\"><strong>Documentaci\u00f3 identificativa<\/strong><\/p>\n<div class=\"FW_sArticleFoto\">\n<div class=\"FW_sEditPro\">\n<p>Tots els sol\u00b7licitants<strong>\u00a0<\/strong>han de presentar:<\/p>\n<ul>\n<li>Original i c\u00f2pia del DNI, NIE o passaport\u00a0vigent. Si es tracta d\u2019estrangers comunitaris, document d\u2019identitat del pa\u00eds d\u2019origen.<\/li>\n<\/ul>\n<p>Si el sol\u00b7licitant\u00a0\u00e9s\u00a0<strong>menor d\u2019edat<\/strong>\u00a0tamb\u00e9 ha de presentar:<\/p>\n<ul>\n<li style=\"text-align: justify;\">La certificaci\u00f3 electr\u00f2nica de la inscripci\u00f3 de naixement o l\u2019original i fotoc\u00f2pia del\u00a0<strong>llibre de fam\u00edlia<\/strong>\u00a0o altres documents relatius a la filiaci\u00f3. Si est\u00e0 en situaci\u00f3 d\u2019acolliment en fam\u00edlia o instituci\u00f3, la resoluci\u00f3 d\u2019acolliment del Departament de Drets Socials.<\/li>\n<li style=\"text-align: justify;\">Original i c\u00f2pia del DNI de la persona sol\u00b7licitant (pare, mare, tutor o tutora o guardador o guardadora de fet) o, si \u00e9s\u00a0estrangera, la targeta de resid\u00e8ncia on consta el NIE, o del passaport. Si es tracta d\u2019estrangers comunitaris, document d\u2019identitat del pa\u00eds d\u2019origen.<\/li>\n<li style=\"text-align: justify;\">De manera extraordin\u00e0ria i \u00fanicament a efectes de preinscripci\u00f3, les dades d\u2019identificaci\u00f3 o de filiaci\u00f3 de les persones estrangeres es poden acreditar amb la documentaci\u00f3 alternativa que la persona pugui aportar. Tanmateix, la matr\u00edcula estar\u00e0 condicionada a la presentaci\u00f3 de la documentaci\u00f3 identificativa establerta en els par\u00e0grafs anteriors.<\/li>\n<\/ul>\n<p style=\"text-align: justify;\">En cas d\u2019al\u00b7legar la condici\u00f3 de discapacitat de l\u2019alumne\/a s\u2019ha de presentar la targeta acreditativa, de la discapacitat, vigent.<\/p>\n<\/div>\n<\/div>\n<p id=\"FW_bloc_9be7a269-55e8-11e4-aafa-000c29f68999_2\" class=\"FW_ancora\"><strong>Criteris de prioritat<\/strong><\/p>\n<div class=\"FW_sArticleFoto\">\n<div class=\"FW_sEditPro\">\n<ul>\n<li><strong>Proximitat del domicili<\/strong><\/li>\n<\/ul>\n<p style=\"text-align: justify;\">La proximitat del domicili al lloc on es cursa el PFI es considera segons les \u00e0rees d\u2019influ\u00e8ncia que determinen els Serveis Territorials del Departament d\u2019Educaci\u00f3 o el Consorci d\u2019Educaci\u00f3 de Barcelona:<\/p>\n<p style=\"text-align: justify;\">\u2013 Quan el domicili es troba dins l\u2019\u00e0rea d\u2019influ\u00e8ncia 1 del centre:\u00a0<strong>30 punts<\/strong>.<br \/>\n\u2013 Quan el domicili es troba dins l\u2019\u00e0rea d\u2019influ\u00e8ncia 2 del centre, per\u00f2 no en la zona educativa 1:\u00a0<strong>15 punts<\/strong>.<\/p>\n<ul style=\"text-align: justify;\">\n<li><strong>Participaci\u00f3 per primera vegada en un PFI o en d\u2019altres equivalents<\/strong><\/li>\n<\/ul>\n<p dir=\"ltr\" style=\"text-align: justify;\">\u2013 Quan el\u00a0sol\u00b7licitant no ha cursat un PQPI, ni un PFI, ni un cicle de formaci\u00f3 professional:\u00a0<strong>20 punts<\/strong>.<\/p>\n<ul>\n<li><strong>Anys d\u2019escolaritzaci\u00f3 d\u2019ESO<\/strong><\/li>\n<\/ul>\n<p>\u2013 Per cada curs:\u00a0<strong>5 punts<\/strong>.<\/p>\n<ul>\n<li><strong>\u00daltim curs d\u2019ESO<\/strong><\/li>\n<\/ul>\n<p>\u2013 Quart:\u00a0<strong>20 punts<\/strong>.<br \/>\n\u2013 Tercer:\u00a0<strong>10 punts<\/strong>.<br \/>\n\u2013 Segon:\u00a0<strong>5 punts<\/strong>.<\/p>\n<ul>\n<li><strong>Entrevista<\/strong><\/li>\n<\/ul>\n<p style=\"text-align: justify;\">Els alumnes\u00a0fan una entrevista en qu\u00e8 es valora\u00a0l\u2019adequaci\u00f3 del programa a la seva situaci\u00f3, els seus\u00a0interessos, motivaci\u00f3 i aptituds aix\u00ed com la seva manca d\u2019experi\u00e8ncia laboral.\u00a0Pel resultat de l\u2019entrevista:\u00a0<strong>0 punts o 10, 20 o 30 punts<\/strong>.<\/p>\n<p style=\"text-align: justify;\">L\u2019<strong>alumnat nouvinguts<\/strong>\u00a0que no ha estat escolaritzat a l\u2019ESO, en especial els alumnes menors estrangers no acompanyats (MENA), no poden acreditar la seva escolaritzaci\u00f3, per aix\u00f2 i per tal de donar un tracte no discriminatori a aquestes sol\u00b7licituds, s\u2019adaptaran de la manera seg\u00fcent:<\/p>\n<ul>\n<li style=\"text-align: justify;\">\u00a0Anys d\u2019escolaritzaci\u00f3 a l\u2019ESO: cas que el jove hagi estat matriculat en un centre de formaci\u00f3 per a persones adultes i presenti el document acreditatiu, se li comptaran\u00a0<strong>10 punts<\/strong>\u00a0si ha estat escolaritzat tot el curs i\u00a0<strong>5 punts<\/strong>\u00a0si ho ha estat parcialment.<\/li>\n<li style=\"text-align: justify;\">\u00daltim curs fet a l\u2019ESO: cas que el jove hagi estat matriculat en un centre de formaci\u00f3 per a persones adultes i acrediti el nivell I del curr\u00edculum del GESO per a persones adultes, se li comptaran\u00a0<strong>5 punts<\/strong>.<\/li>\n<\/ul>\n<\/div>\n<\/div>\n<p><a href=\"https:\/\/agora.xtec.cat\/iesrafaelcampalans\/wp-content\/uploads\/usu1643\/2023\/04\/guia-pfi-itineraris.pdf\">guia-pfi-itineraris<\/a><\/p>\n<p><em>M\u00e9s informaci\u00f3 a la web del\u00a0<a href=\"https:\/\/preinscripcio.gencat.cat\/ca\/estudis\/pfi\/inici\/\" target=\"_blank\" rel=\"noopener noreferrer\">Departament d\u2019Educaci\u00f3 i Formaci\u00f3 Professional<\/a><\/em><\/p>\n<\/div>\n","protected":false},"excerpt":{"rendered":"<p>Calendari Preinscripci\u00f3 Difusi\u00f3 de l\u2019oferta inicial:\u00a030 d\u2019abril de 2026 Presentaci\u00f3 i\/o modificaci\u00f3 de sol\u00b7licituds: del 4 al 13 de maig de 2026 Presentaci\u00f3 de documentaci\u00f3: fins al 14 de maig de 2026 Entrevistes d\u2019orientaci\u00f3 i valoraci\u00f3: del 4 al 26 de maig de 2026\u00a0\u00a0(el centre us confirmar\u00e0 la data concreta) Publicaci\u00f3 llista amb puntuaci\u00f3 provisional: [&hellip;]<\/p>\n","protected":false},"author":5,"featured_media":0,"parent":6513,"menu_order":40,"comment_status":"closed","ping_status":"closed","template":"","meta":{"_bbp_topic_count":0,"_bbp_reply_count":0,"_bbp_total_topic_count":0,"_bbp_total_reply_count":0,"_bbp_voice_count":0,"_bbp_anonymous_reply_count":0,"_bbp_topic_count_hidden":0,"_bbp_reply_count_hidden":0,"_bbp_forum_subforum_count":0,"site-sidebar-layout":"default","site-content-layout":"","ast-site-content-layout":"default","site-content-style":"default","site-sidebar-style":"default","ast-global-header-display":"","ast-banner-title-visibility":"","ast-main-header-display":"","ast-hfb-above-header-display":"","ast-hfb-below-header-display":"","ast-hfb-mobile-header-display":"","site-post-title":"","ast-breadcrumbs-content":"","ast-featured-img":"","footer-sml-layout":"","theme-transparent-header-meta":"","adv-header-id-meta":"","stick-header-meta":"","header-above-stick-meta":"","header-main-stick-meta":"","header-below-stick-meta":"","astra-migrate-meta-layouts":"set","ast-page-background-enabled":"default","ast-page-background-meta":{"desktop":{"background-color":"var(--ast-global-color-4)","background-image":"","background-repeat":"repeat","background-position":"center center","background-size":"auto","background-attachment":"scroll","background-type":"","background-media":"","overlay-type":"","overlay-color":"","overlay-opacity":"","overlay-gradient":""},"tablet":{"background-color":"","background-image":"","background-repeat":"repeat","background-position":"center center","background-size":"auto","background-attachment":"scroll","background-type":"","background-media":"","overlay-type":"","overlay-color":"","overlay-opacity":"","overlay-gradient":""},"mobile":{"background-color":"","background-image":"","background-repeat":"repeat","background-position":"center center","background-size":"auto","background-attachment":"scroll","background-type":"","background-media":"","overlay-type":"","overlay-color":"","overlay-opacity":"","overlay-gradient":""}},"ast-content-background-meta":{"desktop":{"background-color":"var(--ast-global-color-5)","background-image":"","background-repeat":"repeat","background-position":"center center","background-size":"auto","background-attachment":"scroll","background-type":"","background-media":"","overlay-type":"","overlay-color":"","overlay-opacity":"","overlay-gradient":""},"tablet":{"background-color":"var(--ast-global-color-5)","background-image":"","background-repeat":"repeat","background-position":"center center","background-size":"auto","background-attachment":"scroll","background-type":"","background-media":"","overlay-type":"","overlay-color":"","overlay-opacity":"","overlay-gradient":""},"mobile":{"background-color":"var(--ast-global-color-5)","background-image":"","background-repeat":"repeat","background-position":"center center","background-size":"auto","background-attachment":"scroll","background-type":"","background-media":"","overlay-type":"","overlay-color":"","overlay-opacity":"","overlay-gradient":""}},"footnotes":""},"class_list":["post-6523","page","type-page","status-publish","hentry"],"post_mailing_queue_ids":[],"_links":{"self":[{"href":"https:\/\/agora.xtec.cat\/iesrafaelcampalans\/wp-json\/wp\/v2\/pages\/6523","targetHints":{"allow":["GET"]}}],"collection":[{"href":"https:\/\/agora.xtec.cat\/iesrafaelcampalans\/wp-json\/wp\/v2\/pages"}],"about":[{"href":"https:\/\/agora.xtec.cat\/iesrafaelcampalans\/wp-json\/wp\/v2\/types\/page"}],"author":[{"embeddable":true,"href":"https:\/\/agora.xtec.cat\/iesrafaelcampalans\/wp-json\/wp\/v2\/users\/5"}],"replies":[{"embeddable":true,"href":"https:\/\/agora.xtec.cat\/iesrafaelcampalans\/wp-json\/wp\/v2\/comments?post=6523"}],"version-history":[{"count":6,"href":"https:\/\/agora.xtec.cat\/iesrafaelcampalans\/wp-json\/wp\/v2\/pages\/6523\/revisions"}],"predecessor-version":[{"id":10312,"href":"https:\/\/agora.xtec.cat\/iesrafaelcampalans\/wp-json\/wp\/v2\/pages\/6523\/revisions\/10312"}],"up":[{"embeddable":true,"href":"https:\/\/agora.xtec.cat\/iesrafaelcampalans\/wp-json\/wp\/v2\/pages\/6513"}],"wp:attachment":[{"href":"https:\/\/agora.xtec.cat\/iesrafaelcampalans\/wp-json\/wp\/v2\/media?parent=6523"}],"curies":[{"name":"wp","href":"https:\/\/api.w.org\/{rel}","templated":true}]}}