{"id":6519,"date":"2023-03-06T09:50:05","date_gmt":"2023-03-06T08:50:05","guid":{"rendered":"https:\/\/agora.xtec.cat\/iesrafaelcampalans\/?page_id=6519"},"modified":"2026-04-16T11:42:24","modified_gmt":"2026-04-16T09:42:24","slug":"cf","status":"publish","type":"page","link":"https:\/\/agora.xtec.cat\/iesrafaelcampalans\/secretaria\/preinscripcio-i-matricula\/cf\/","title":{"rendered":"Cicles formatius"},"content":{"rendered":"\n<div class=\"wp-block-getwid-accordion\" data-active-element=\"0\">\n<div class=\"wp-block-getwid-accordion__header-wrapper\"><span class=\"wp-block-getwid-accordion__header\"><a href=\"#\"><span class=\"wp-block-getwid-accordion__header-title\"><strong>Preinscripci\u00f3 per nou alumnat 2025-2026<\/strong><\/span><span class=\"wp-block-getwid-accordion__icon is-active\"><i class=\"fas fa-plus\"><\/i><\/span><span class=\"wp-block-getwid-accordion__icon is-passive\"><i class=\"fas fa-minus\"><\/i><\/span><\/a><\/span><\/div><div class=\"wp-block-getwid-accordion__content-wrapper\"><div class=\"wp-block-getwid-accordion__content\">\n<ul style=\"padding-top:0;padding-bottom:0\" class=\"wp-block-list\">\n<li class=\"has-cyan-bluish-gray-color has-text-color has-link-color wp-elements-2a8e712c584bcb0c75f5a761d2341207\" style=\"padding-top:var(--wp--preset--spacing--20);padding-bottom:var(--wp--preset--spacing--20)\">Jornada de portes obertes a l&#8217;institut Rafael Campalans: <strong>15 d&#8217;abril de 2026 a les 8 del vespre.<\/strong>\n<ul class=\"wp-block-list\">\n<li class=\"has-cyan-bluish-gray-color has-text-color has-link-color wp-elements-14bcdc022dc597a8689415c97d5856b0\">telem\u00e0tica:\n<ul class=\"wp-block-list\">\n<li>SMX: <a href=\"https:\/\/meet.google.com\/qxf-nbqp-gcf\">https:\/\/meet.google.com\/qxf-nbqp-gcf<\/a> <\/li>\n\n\n\n<li>DAM\/DAW <a href=\"https:\/\/meet.google.com\/nau-epcg-mos\">https:\/\/meet.google.com\/nau-epcg-mos<\/a><\/li>\n<\/ul>\n<\/li>\n\n\n\n<li class=\"has-cyan-bluish-gray-color has-text-color has-link-color wp-elements-86ac9826741a125865bf6f812b96a6ac\"> presencial: <a href=\"https:\/\/www.google.com\/maps\/place\/Institut+P%C3%BAblic+Rafael+Campalans\/@41.9564916,2.6311722,17z\/data=!4m12!1m6!3m5!1s0x12bad9ee7d80f6a1:0xca814d11f96f159f!2sInstitut+P%C3%BAblic+Rafael+Campalans!8m2!3d41.9564916!4d2.6333609!3m4!1s0x12bad9ee7d80f6a1:0xca814d11f96f159f!8m2!3d41.9564916!4d2.6333609?hl=ca-ES\"><span class=\"street-address\">Pla\u00e7a del Remei, 1 &#8211; Angl\u00e8s<\/span><\/a><\/li>\n<\/ul>\n<\/li>\n\n\n\n<li>Publicaci\u00f3 de l\u2019oferta inicial de places: <em><em><em><em><em><strong>22 de maig de 2026<\/strong><\/em><\/em><\/em><\/em><\/em><\/li>\n\n\n\n<li style=\"padding-top:var(--wp--preset--spacing--20);padding-bottom:var(--wp--preset--spacing--20)\">Presentaci\u00f3 de sol\u00b7licituds <a href=\"https:\/\/preinscripcio.gencat.cat\/ca\/estudis\/fp-grau-mitja\/inici\/\">grau mitj\u00e0<\/a> i <a href=\"https:\/\/preinscripcio.gencat.cat\/ca\/estudis\/fp-grau-superior\/inici\/\">grau superior<\/a> (electr\u00f2nica o de suport inform\u00e0tic): <strong>del 26 de maig a l&#8217;1 de juny de 2026<\/strong><\/li>\n\n\n\n<li style=\"padding-top:var(--wp--preset--spacing--20);padding-bottom:var(--wp--preset--spacing--20)\">Presentaci\u00f3 de documentaci\u00f3: <em><strong>del 26 de maig al 2 de juny de 2026<\/strong><\/em><\/li>\n\n\n\n<li style=\"padding-top:var(--wp--preset--spacing--20);padding-bottom:var(--wp--preset--spacing--20)\">\u200b<span style=\"font-family: inherit; font-size: 1em;\">Publicaci\u00f3 de la llista amb la puntuaci\u00f3 provisional:<strong> <\/strong><em><em><strong>29 de juny de 2026<\/strong><\/em><\/em><\/span><\/li>\n\n\n\n<li style=\"padding-top:var(--wp--preset--spacing--20);padding-bottom:var(--wp--preset--spacing--20)\">Presentaci\u00f3 de reclamacions: <em><em><strong>del 29 de juny al 2 de juliol de 2026<\/strong><\/em><\/em><\/li>\n\n\n\n<li style=\"padding-top:var(--wp--preset--spacing--20);padding-bottom:var(--wp--preset--spacing--20)\">Sorteig del n\u00famero per al desempat: <em><em><em><strong>6 de juliol de 2026<\/strong><\/em><\/em><\/em> <\/li>\n\n\n\n<li style=\"padding-top:var(--wp--preset--spacing--20);padding-bottom:var(--wp--preset--spacing--20)\">Publicaci\u00f3 de llistes amb el barem un cop resoltes les reclamacions: <em><em><em><em><strong>7 de juliol de 2026<\/strong><\/em><\/em><\/em><\/em><\/li>\n\n\n\n<li style=\"padding-top:var(--wp--preset--spacing--20);padding-bottom:var(--wp--preset--spacing--20)\">Publicaci\u00f3 de l\u2019oferta final de places: <em><em><em><em><em><strong>10 de juliol de 2026<\/strong><\/em><\/em><\/em><\/em><\/em><\/li>\n<\/ul>\n\n\n\n<p><em>A mesura que disposem de m\u00e9s informaci\u00f3 sobre el calendari i el proc\u00e9s de matriculaci\u00f3 dels cicles formatius, anirem actualitzant aquesta p\u00e0gina.<\/em><\/p>\n<\/div><\/div>\n\n\n\n<div class=\"wp-block-getwid-accordion__header-wrapper\"><span class=\"wp-block-getwid-accordion__header\"><a href=\"#\"><span class=\"wp-block-getwid-accordion__header-title\"><strong>Matr\u00edcula per nou alumnat 2025-2026<\/strong><\/span><span class=\"wp-block-getwid-accordion__icon is-active\"><i class=\"fas fa-plus\"><\/i><\/span><span class=\"wp-block-getwid-accordion__icon is-passive\"><i class=\"fas fa-minus\"><\/i><\/span><\/a><\/span><\/div><div class=\"wp-block-getwid-accordion__content-wrapper\"><div class=\"wp-block-getwid-accordion__content\">\n<p>Si has estat adm\u00e8s en algunes de les fases cal a dins el termini:<\/p>\n\n\n\n<ol class=\"wp-block-list\">\n<li><strong><a href=\"https:\/\/ctti.queue-it.net\/?c=ctti&amp;e=qpreinscripcioapexpr\">Confirma la pla\u00e7a telem\u00e0ticament<\/a><\/strong>.<\/li>\n\n\n\n<li>Una vegada confirmada l&#8217;acceptaci\u00f3 de la pla\u00e7a envia la seg\u00fcent documentaci\u00f3 al correu <a href=\"mailto:administracio@institutcampalans.net\">administracio@institutcampalans.net<\/a>:\n<ul class=\"wp-block-list\">\n<li>Full de la <a href=\"https:\/\/drive.google.com\/file\/d\/1R9q6xihxc-M8pKwk6_pcHllseAWRBNUL\/view?usp=drive_link\">sol\u00b7licitud de matr\u00edcula<\/a><\/li>\n\n\n\n<li>DNI de l\u2019alumne\/a<\/li>\n\n\n\n<li>DNI dels tutors (si \u00e9s menor d\u2019edat)<\/li>\n\n\n\n<li>Targeta sanit\u00e0ria de l\u2019alumne\/a<\/li>\n\n\n\n<li>Resguard del t\u00edtol acad\u00e8mic<\/li>\n\n\n\n<li>Certificat de notes<\/li>\n<\/ul>\n<\/li>\n\n\n\n<li>Fes els pagaments que rebreu per l&#8217;aplicaci\u00f3 TPV Escola.<\/li>\n<\/ol>\n\n\n\n<p>La matr\u00edcula estar\u00e0 completada quan s&#8217;hagin completat els 3 passos anteriors.<\/p>\n\n\n\n<h5 class=\"wp-block-heading\">Calendari<\/h5>\n\n\n\n<p><strong>Primera tanda <\/strong>(alumnat assignat a la primera opci\u00f3)<\/p>\n\n\n\n<ul class=\"wp-block-list\">\n<li>Publicaci\u00f3 de la primera tanda d\u2019assignacions: <strong>10 de juliol de 2026<\/strong><\/li>\n\n\n\n<li>Per\u00edode per confirmar la matr\u00edcula, millorar l&#8217;assignaci\u00f3 o renunciar a la pla\u00e7a assignada: <strong>del 10 al 14 de juliol de 2026<\/strong><strong>\u200b<\/strong><\/li>\n\n\n\n<li>Per\u00edode per completar la matr\u00edcula: <strong>fins al 16 de juliol a les 2 del migdia<\/strong><\/li>\n<\/ul>\n\n\n\n<p><strong>Segona tanda<\/strong><\/p>\n\n\n\n<ul class=\"wp-block-list\">\n<li>\u200bPublicaci\u00f3 de la segona tanda d\u2019assignacions: <strong>24 de juliol de 2026<\/strong><\/li>\n\n\n\n<li>Per\u00edode per confirmar la matr\u00edcula o renunciar a la pla\u00e7a assignada: <strong>del 24 al 28 de juliol de 2026<\/strong><\/li>\n\n\n\n<li>Per\u00edode per completar la matr\u00edcula: <strong><strong>fins al 29 de juliol a les 2 del migdia<\/strong><\/strong><\/li>\n<\/ul>\n\n\n\n<p><em>M\u00e9s informaci\u00f3 a la web del&nbsp;Departament d\u2019Educaci\u00f3 i Formaci\u00f3 Professional: <a href=\"https:\/\/preinscripcio.gencat.cat\/ca\/estudis\/fp-grau-mitja\/inici\/\">grau mitj\u00e0<\/a> | <a href=\"https:\/\/preinscripcio.gencat.cat\/ca\/estudis\/fp-grau-superior\/inici\/\" data-type=\"link\" data-id=\"https:\/\/preinscripcio.gencat.cat\/ca\/estudis\/fp-grau-superior\/inici\/\">grau superior<\/a><\/em><\/p>\n<\/div><\/div>\n\n\n\n<div class=\"wp-block-getwid-accordion__header-wrapper\"><span class=\"wp-block-getwid-accordion__header\"><a href=\"#\"><span class=\"wp-block-getwid-accordion__header-title\"><strong>Matr\u00edcula per continu\u00eftat 2025-2026<\/strong><\/span><span class=\"wp-block-getwid-accordion__icon is-active\"><i class=\"fas fa-plus\"><\/i><\/span><span class=\"wp-block-getwid-accordion__icon is-passive\"><i class=\"fas fa-minus\"><\/i><\/span><\/a><\/span><\/div><div class=\"wp-block-getwid-accordion__content-wrapper\"><div class=\"wp-block-getwid-accordion__content\">\n<ul class=\"wp-block-list\">\n<li>Cal fer el pagament de material i de l&#8217;asseguran\u00e7a per TPV Escola abans de <strong>dimarts 24 de juny<\/strong>.<\/li>\n\n\n\n<li>Un cop fet el pagament rebreu un missatge confirmant que la matr\u00edcula ha estat realitzada.<\/li>\n\n\n\n<li>Per qualsevol incid\u00e8ncia podeu adre\u00e7ar-vos a <a href=\"mailto:administracio@institutcampalans.net\">administracio<span class=\"\">@institutcampalans<\/span>.net<\/a><\/li>\n<\/ul>\n<\/div><\/div>\n<\/div>\n\n\n\n<p>Per qualsevol dubte o incid\u00e8ncia podeu adre\u00e7ar-vos a <a href=\"mailto:administracio@institutcampalans.net\">administracio@institutcampalans.net<\/a><\/p>\n\n\n\n<p><\/p>\n","protected":false},"excerpt":{"rendered":"<p>Per qualsevol dubte o incid\u00e8ncia podeu adre\u00e7ar-vos a administracio@institutcampalans.net<\/p>\n","protected":false},"author":5,"featured_media":0,"parent":6513,"menu_order":20,"comment_status":"closed","ping_status":"closed","template":"","meta":{"_bbp_topic_count":0,"_bbp_reply_count":0,"_bbp_total_topic_count":0,"_bbp_total_reply_count":0,"_bbp_voice_count":0,"_bbp_anonymous_reply_count":0,"_bbp_topic_count_hidden":0,"_bbp_reply_count_hidden":0,"_bbp_forum_subforum_count":0,"site-sidebar-layout":"default","site-content-layout":"","ast-site-content-layout":"default","site-content-style":"default","site-sidebar-style":"default","ast-global-header-display":"","ast-banner-title-visibility":"","ast-main-header-display":"","ast-hfb-above-header-display":"","ast-hfb-below-header-display":"","ast-hfb-mobile-header-display":"","site-post-title":"","ast-breadcrumbs-content":"","ast-featured-img":"","footer-sml-layout":"","theme-transparent-header-meta":"","adv-header-id-meta":"","stick-header-meta":"","header-above-stick-meta":"","header-main-stick-meta":"","header-below-stick-meta":"","astra-migrate-meta-layouts":"set","ast-page-background-enabled":"default","ast-page-background-meta":{"desktop":{"background-color":"var(--ast-global-color-4)","background-image":"","background-repeat":"repeat","background-position":"center center","background-size":"auto","background-attachment":"scroll","background-type":"","background-media":"","overlay-type":"","overlay-color":"","overlay-opacity":"","overlay-gradient":""},"tablet":{"background-color":"","background-image":"","background-repeat":"repeat","background-position":"center center","background-size":"auto","background-attachment":"scroll","background-type":"","background-media":"","overlay-type":"","overlay-color":"","overlay-opacity":"","overlay-gradient":""},"mobile":{"background-color":"","background-image":"","background-repeat":"repeat","background-position":"center center","background-size":"auto","background-attachment":"scroll","background-type":"","background-media":"","overlay-type":"","overlay-color":"","overlay-opacity":"","overlay-gradient":""}},"ast-content-background-meta":{"desktop":{"background-color":"var(--ast-global-color-5)","background-image":"","background-repeat":"repeat","background-position":"center center","background-size":"auto","background-attachment":"scroll","background-type":"","background-media":"","overlay-type":"","overlay-color":"","overlay-opacity":"","overlay-gradient":""},"tablet":{"background-color":"var(--ast-global-color-5)","background-image":"","background-repeat":"repeat","background-position":"center center","background-size":"auto","background-attachment":"scroll","background-type":"","background-media":"","overlay-type":"","overlay-color":"","overlay-opacity":"","overlay-gradient":""},"mobile":{"background-color":"var(--ast-global-color-5)","background-image":"","background-repeat":"repeat","background-position":"center center","background-size":"auto","background-attachment":"scroll","background-type":"","background-media":"","overlay-type":"","overlay-color":"","overlay-opacity":"","overlay-gradient":""}},"footnotes":""},"class_list":["post-6519","page","type-page","status-publish","hentry"],"post_mailing_queue_ids":[],"_links":{"self":[{"href":"https:\/\/agora.xtec.cat\/iesrafaelcampalans\/wp-json\/wp\/v2\/pages\/6519","targetHints":{"allow":["GET"]}}],"collection":[{"href":"https:\/\/agora.xtec.cat\/iesrafaelcampalans\/wp-json\/wp\/v2\/pages"}],"about":[{"href":"https:\/\/agora.xtec.cat\/iesrafaelcampalans\/wp-json\/wp\/v2\/types\/page"}],"author":[{"embeddable":true,"href":"https:\/\/agora.xtec.cat\/iesrafaelcampalans\/wp-json\/wp\/v2\/users\/5"}],"replies":[{"embeddable":true,"href":"https:\/\/agora.xtec.cat\/iesrafaelcampalans\/wp-json\/wp\/v2\/comments?post=6519"}],"version-history":[{"count":6,"href":"https:\/\/agora.xtec.cat\/iesrafaelcampalans\/wp-json\/wp\/v2\/pages\/6519\/revisions"}],"predecessor-version":[{"id":10438,"href":"https:\/\/agora.xtec.cat\/iesrafaelcampalans\/wp-json\/wp\/v2\/pages\/6519\/revisions\/10438"}],"up":[{"embeddable":true,"href":"https:\/\/agora.xtec.cat\/iesrafaelcampalans\/wp-json\/wp\/v2\/pages\/6513"}],"wp:attachment":[{"href":"https:\/\/agora.xtec.cat\/iesrafaelcampalans\/wp-json\/wp\/v2\/media?parent=6519"}],"curies":[{"name":"wp","href":"https:\/\/api.w.org\/{rel}","templated":true}]}}