{"id":6515,"date":"2023-03-06T09:47:00","date_gmt":"2023-03-06T08:47:00","guid":{"rendered":"https:\/\/agora.xtec.cat\/iesrafaelcampalans\/?page_id=6515"},"modified":"2026-04-15T16:47:33","modified_gmt":"2026-04-15T14:47:33","slug":"eso","status":"publish","type":"page","link":"https:\/\/agora.xtec.cat\/iesrafaelcampalans\/secretaria\/preinscripcio-i-matricula\/eso\/","title":{"rendered":"ESO"},"content":{"rendered":"<h2 class=\"entry-title\">Educaci\u00f3 Secund\u00e0ria Obligat\u00f2ria (ESO)<\/h2>\n<h3><strong>Calendari\u00a0<\/strong><\/h3>\n<ul>\n<li>Difusi\u00f3 de l\u2019oferta inicial: <a href=\"https:\/\/drive.google.com\/file\/d\/1wlFfCmFxLPTvcfpILerRv_O_VUHxInFh\/view?usp=drive_link\">6 de mar\u00e7 de 2026<\/a><\/li>\n<li>Presentaci\u00f3 i\/o modificaci\u00f3 de sol\u00b7licituds: 3 de mar\u00e7 de 2026<\/li>\n<li>Presentaci\u00f3 de documentaci\u00f3 acreditativa: Del 6 al 18 de mar\u00e7 de 2026<\/li>\n<li>Publicaci\u00f3 de les llistes amb barem provisional: <a href=\"https:\/\/drive.google.com\/file\/d\/10nBZSZAf9DM3lmfckrqGDrBHHzSKlyrx\/view?usp=drive_link\">15 d&#8217;abril de 2026<\/a><strong><br \/>\n<\/strong><\/li>\n<li>Presentaci\u00f3 de reclamacions: Del 15 al 20 d&#8217;abril de 2026<strong><br \/>\n<\/strong><\/li>\n<li>Publicaci\u00f3 de les llistes amb barem definitiu un cop resoltes les reclamacions: 23 d&#8217;abril de 2026<strong><br \/>\n<\/strong><\/li>\n<li>Sorteig del n\u00famero de desempat: 28 d&#8217;abril de 2026<\/li>\n<li>Publicaci\u00f3 llista ordenada definitiva: 29 d&#8217;abril de 2026<strong><br \/>\n<\/strong><\/li>\n<li>Ampliaci\u00f3 peticions per les sol\u00b7licituds de preinscripci\u00f3 sense assignaci\u00f3: Del 1 al 3 de juny de 2026<\/li>\n<li>Publicaci\u00f3 de l\u2019oferta final: 10 de juny de 2026<strong><br \/>\n<\/strong><\/li>\n<li>Publicaci\u00f3 llista d\u2019alumnat adm\u00e8s i llista d\u2019espera: 10 de juny de 2026<\/li>\n<\/ul>\n<p><strong>Matr\u00edcula<br \/>\n<\/strong><\/p>\n<ul>\n<li>Per\u00edode de matr\u00edcula: <strong>del 25 de juny al 3 de juliol<\/strong><\/li>\n<\/ul>\n<h4>M\u00e9s informaci\u00f3 sobre la preinscripci\u00f3:<\/h4>\n<p><iframe loading=\"lazy\" src=\"https:\/\/www.youtube.com\/embed\/A6Ru3PwTvPc\" width=\"346\" height=\"195\" allowfullscreen=\"allowfullscreen\" data-mce-fragment=\"1\"><\/iframe><\/p>\n<ul>\n<li><a href=\"https:\/\/preinscripcio.gencat.cat\/web\/.content\/ajuda\/guia-preinscripcio-ca.pdf\"><strong>Guia preinscripci\u00f3<\/strong><\/a><\/li>\n<\/ul>\n<p><strong>FAQS:<\/strong><\/p>\n<p style=\"text-align: justify;\">Puc fer dues sol\u00b7licituds diferents per uns mateixos estudis?\u00a0<strong>No<\/strong>, en cap cas. S\u2019ha de fer una sola sol\u00b7licitud i indicar-hi per ordre de prefer\u00e8ncia els diferents centres en els quals us interessa inscriure la vostra filla o fill fins a 10 de diferents.<\/p>\n<p style=\"text-align: justify;\">Si tinc dubtes omplint la sol\u00b7licitud, on em puc adre\u00e7ar? Podeu posar-vos en contacte telef\u00f2nic amb el centre que escolliu inscriure el vostre fill o filla en primera opci\u00f3, en horari d\u2019oficina, i us ajudaran a complimentar el proc\u00e9s.<\/p>\n<p style=\"text-align: justify;\">Com puc saber els criteris pels barems i la seva puntuaci\u00f3? Trobareu tota la informaci\u00f3 a la p\u00e0gina <a href=\"https:\/\/preinscripcio.gencat.cat\/ca\/inici\/\">https:\/\/preinscripcio.gencat.cat\/ca\/inici\/<\/a><\/p>\n<p><strong>INFORMACIONS I\/O RECOMANACIONS:<\/strong><\/p>\n<ul>\n<li style=\"text-align: justify;\">Fotografieu o escanegeu la documentaci\u00f3 en el mateix dispositiu des d\u2019on es fa la sol\u00b7licitud.<\/li>\n<li style=\"text-align: justify;\">El codi de centre del nostre institut \u00e9s 17004487, el necessitareu per indicar a quin centre voleu preinscriure-us.<\/li>\n<li style=\"text-align: justify;\">Demaneu al vostre centre actual el N\u00fam. d\u2019Identificaci\u00f3 de l\u2019alumne (IDALU) per poder lligar la sol\u00b7licitud al seu expedient acad\u00e8mic i personal.<\/li>\n<li style=\"text-align: justify;\">Cenyiu-vos al calendari establert (lliurar la sol\u00b7licitud o la documentaci\u00f3 fora de termini us fa perdre tots els drets d\u2019adscripci\u00f3 amb el risc que aix\u00f2 comporta de quedar-se sense pla\u00e7a al centre).<\/li>\n<\/ul>\n<p><em>M\u00e9s informaci\u00f3 a la web del\u00a0<a href=\"https:\/\/preinscripcio.gencat.cat\/ca\/estudis\/eso\/informat\/\">Departament d\u2019Educaci\u00f3 i Formaci\u00f3 Professional<\/a><\/em><\/p>\n","protected":false},"excerpt":{"rendered":"<p>Educaci\u00f3 Secund\u00e0ria Obligat\u00f2ria (ESO) Calendari\u00a0 Difusi\u00f3 de l\u2019oferta inicial: 6 de mar\u00e7 de 2026 Presentaci\u00f3 i\/o modificaci\u00f3 de sol\u00b7licituds: 3 de mar\u00e7 de 2026 Presentaci\u00f3 de documentaci\u00f3 acreditativa: Del 6 al 18 de mar\u00e7 de 2026 Publicaci\u00f3 de les llistes amb barem provisional: 15 d&#8217;abril de 2026 Presentaci\u00f3 de reclamacions: Del 15 al 20 d&#8217;abril [&hellip;]<\/p>\n","protected":false},"author":5,"featured_media":0,"parent":6513,"menu_order":0,"comment_status":"closed","ping_status":"closed","template":"","meta":{"_bbp_topic_count":0,"_bbp_reply_count":0,"_bbp_total_topic_count":0,"_bbp_total_reply_count":0,"_bbp_voice_count":0,"_bbp_anonymous_reply_count":0,"_bbp_topic_count_hidden":0,"_bbp_reply_count_hidden":0,"_bbp_forum_subforum_count":0,"site-sidebar-layout":"default","site-content-layout":"","ast-site-content-layout":"default","site-content-style":"default","site-sidebar-style":"default","ast-global-header-display":"","ast-banner-title-visibility":"","ast-main-header-display":"","ast-hfb-above-header-display":"","ast-hfb-below-header-display":"","ast-hfb-mobile-header-display":"","site-post-title":"","ast-breadcrumbs-content":"","ast-featured-img":"","footer-sml-layout":"","theme-transparent-header-meta":"","adv-header-id-meta":"","stick-header-meta":"","header-above-stick-meta":"","header-main-stick-meta":"","header-below-stick-meta":"","astra-migrate-meta-layouts":"set","ast-page-background-enabled":"default","ast-page-background-meta":{"desktop":{"background-color":"var(--ast-global-color-4)","background-image":"","background-repeat":"repeat","background-position":"center center","background-size":"auto","background-attachment":"scroll","background-type":"","background-media":"","overlay-type":"","overlay-color":"","overlay-opacity":"","overlay-gradient":""},"tablet":{"background-color":"","background-image":"","background-repeat":"repeat","background-position":"center center","background-size":"auto","background-attachment":"scroll","background-type":"","background-media":"","overlay-type":"","overlay-color":"","overlay-opacity":"","overlay-gradient":""},"mobile":{"background-color":"","background-image":"","background-repeat":"repeat","background-position":"center center","background-size":"auto","background-attachment":"scroll","background-type":"","background-media":"","overlay-type":"","overlay-color":"","overlay-opacity":"","overlay-gradient":""}},"ast-content-background-meta":{"desktop":{"background-color":"var(--ast-global-color-5)","background-image":"","background-repeat":"repeat","background-position":"center center","background-size":"auto","background-attachment":"scroll","background-type":"","background-media":"","overlay-type":"","overlay-color":"","overlay-opacity":"","overlay-gradient":""},"tablet":{"background-color":"var(--ast-global-color-5)","background-image":"","background-repeat":"repeat","background-position":"center center","background-size":"auto","background-attachment":"scroll","background-type":"","background-media":"","overlay-type":"","overlay-color":"","overlay-opacity":"","overlay-gradient":""},"mobile":{"background-color":"var(--ast-global-color-5)","background-image":"","background-repeat":"repeat","background-position":"center center","background-size":"auto","background-attachment":"scroll","background-type":"","background-media":"","overlay-type":"","overlay-color":"","overlay-opacity":"","overlay-gradient":""}},"footnotes":""},"class_list":["post-6515","page","type-page","status-publish","hentry"],"post_mailing_queue_ids":[],"_links":{"self":[{"href":"https:\/\/agora.xtec.cat\/iesrafaelcampalans\/wp-json\/wp\/v2\/pages\/6515","targetHints":{"allow":["GET"]}}],"collection":[{"href":"https:\/\/agora.xtec.cat\/iesrafaelcampalans\/wp-json\/wp\/v2\/pages"}],"about":[{"href":"https:\/\/agora.xtec.cat\/iesrafaelcampalans\/wp-json\/wp\/v2\/types\/page"}],"author":[{"embeddable":true,"href":"https:\/\/agora.xtec.cat\/iesrafaelcampalans\/wp-json\/wp\/v2\/users\/5"}],"replies":[{"embeddable":true,"href":"https:\/\/agora.xtec.cat\/iesrafaelcampalans\/wp-json\/wp\/v2\/comments?post=6515"}],"version-history":[{"count":6,"href":"https:\/\/agora.xtec.cat\/iesrafaelcampalans\/wp-json\/wp\/v2\/pages\/6515\/revisions"}],"predecessor-version":[{"id":10382,"href":"https:\/\/agora.xtec.cat\/iesrafaelcampalans\/wp-json\/wp\/v2\/pages\/6515\/revisions\/10382"}],"up":[{"embeddable":true,"href":"https:\/\/agora.xtec.cat\/iesrafaelcampalans\/wp-json\/wp\/v2\/pages\/6513"}],"wp:attachment":[{"href":"https:\/\/agora.xtec.cat\/iesrafaelcampalans\/wp-json\/wp\/v2\/media?parent=6515"}],"curies":[{"name":"wp","href":"https:\/\/api.w.org\/{rel}","templated":true}]}}