{"id":6506,"date":"2023-03-06T09:13:53","date_gmt":"2023-03-06T08:13:53","guid":{"rendered":"https:\/\/agora.xtec.cat\/iesrafaelcampalans\/?page_id=6506"},"modified":"2024-03-11T09:00:33","modified_gmt":"2024-03-11T08:00:33","slug":"secretaria","status":"publish","type":"page","link":"https:\/\/agora.xtec.cat\/iesrafaelcampalans\/secretaria\/","title":{"rendered":"Secretaria"},"content":{"rendered":"<p style=\"text-align: justify;\">Consergeria i Secretaria s\u00f3n les unitats des de les quals s\u2019articula la feina del Personal d\u2019Administraci\u00f3 i Serveis (PAS) del centre, essencial per al nostre bon funcionament. Una part d\u2019aquesta feina implica l\u2019atenci\u00f3 al p\u00fablic en aspectes diversos.<\/p>\n<h4>Secretaria<\/h4>\n<p style=\"text-align: justify;\">Els serveis d\u2019atenci\u00f3 al p\u00fablic de Secretaria inclouen la informaci\u00f3 sobre aspectes administratius i la tramitaci\u00f3 de documentaci\u00f3 diversa: formularis gen\u00e8rics o de sol\u00b7licitud, t\u00edtols, beques i ajuts (per a estudis, transport escolar\u2026), convalidacions i exempcions (m\u00f2duls i unitats formatives de Cicles\u2026), certificats (acad\u00e8mics, d\u2019acreditaci\u00f3 del Nivell de Catal\u00e0\u2026), preinscripcions i matr\u00edcules (ESO, Batxillerat i Cicles Formatius de Grau Mitj\u00e0 i Superior).<\/p>\n<p>L\u2019horari d\u2019atenci\u00f3 al p\u00fablic de la Secretaria del centre \u00e9s:<\/p>\n<ul>\n<li>De dilluns a dijous, de 8.30 a 15.15 h.<\/li>\n<li>Divendres, de 8.30 a 13.30 h.<\/li>\n<\/ul>\n","protected":false},"excerpt":{"rendered":"<p>Consergeria i Secretaria s\u00f3n les unitats des de les quals s\u2019articula la feina del Personal d\u2019Administraci\u00f3 i Serveis (PAS) del centre, essencial per al nostre bon funcionament. Una part d\u2019aquesta feina implica l\u2019atenci\u00f3 al p\u00fablic en aspectes diversos. Secretaria Els serveis d\u2019atenci\u00f3 al p\u00fablic de Secretaria inclouen la informaci\u00f3 sobre aspectes administratius i la tramitaci\u00f3 [&hellip;]<\/p>\n","protected":false},"author":5,"featured_media":0,"parent":0,"menu_order":20,"comment_status":"closed","ping_status":"closed","template":"","meta":{"_bbp_topic_count":0,"_bbp_reply_count":0,"_bbp_total_topic_count":0,"_bbp_total_reply_count":0,"_bbp_voice_count":0,"_bbp_anonymous_reply_count":0,"_bbp_topic_count_hidden":0,"_bbp_reply_count_hidden":0,"_bbp_forum_subforum_count":0,"site-sidebar-layout":"default","site-content-layout":"","ast-site-content-layout":"","site-content-style":"default","site-sidebar-style":"default","ast-global-header-display":"","ast-banner-title-visibility":"","ast-main-header-display":"","ast-hfb-above-header-display":"","ast-hfb-below-header-display":"","ast-hfb-mobile-header-display":"","site-post-title":"","ast-breadcrumbs-content":"","ast-featured-img":"","footer-sml-layout":"","theme-transparent-header-meta":"","adv-header-id-meta":"","stick-header-meta":"","header-above-stick-meta":"","header-main-stick-meta":"","header-below-stick-meta":"","astra-migrate-meta-layouts":"default","ast-page-background-enabled":"default","ast-page-background-meta":{"desktop":{"background-color":"var(--ast-global-color-4)","background-image":"","background-repeat":"repeat","background-position":"center center","background-size":"auto","background-attachment":"scroll","background-type":"","background-media":"","overlay-type":"","overlay-color":"","overlay-opacity":"","overlay-gradient":""},"tablet":{"background-color":"","background-image":"","background-repeat":"repeat","background-position":"center center","background-size":"auto","background-attachment":"scroll","background-type":"","background-media":"","overlay-type":"","overlay-color":"","overlay-opacity":"","overlay-gradient":""},"mobile":{"background-color":"","background-image":"","background-repeat":"repeat","background-position":"center center","background-size":"auto","background-attachment":"scroll","background-type":"","background-media":"","overlay-type":"","overlay-color":"","overlay-opacity":"","overlay-gradient":""}},"ast-content-background-meta":{"desktop":{"background-color":"var(--ast-global-color-5)","background-image":"","background-repeat":"repeat","background-position":"center center","background-size":"auto","background-attachment":"scroll","background-type":"","background-media":"","overlay-type":"","overlay-color":"","overlay-opacity":"","overlay-gradient":""},"tablet":{"background-color":"var(--ast-global-color-5)","background-image":"","background-repeat":"repeat","background-position":"center center","background-size":"auto","background-attachment":"scroll","background-type":"","background-media":"","overlay-type":"","overlay-color":"","overlay-opacity":"","overlay-gradient":""},"mobile":{"background-color":"var(--ast-global-color-5)","background-image":"","background-repeat":"repeat","background-position":"center center","background-size":"auto","background-attachment":"scroll","background-type":"","background-media":"","overlay-type":"","overlay-color":"","overlay-opacity":"","overlay-gradient":""}},"footnotes":""},"class_list":["post-6506","page","type-page","status-publish","hentry"],"post_mailing_queue_ids":[],"_links":{"self":[{"href":"https:\/\/agora.xtec.cat\/iesrafaelcampalans\/wp-json\/wp\/v2\/pages\/6506","targetHints":{"allow":["GET"]}}],"collection":[{"href":"https:\/\/agora.xtec.cat\/iesrafaelcampalans\/wp-json\/wp\/v2\/pages"}],"about":[{"href":"https:\/\/agora.xtec.cat\/iesrafaelcampalans\/wp-json\/wp\/v2\/types\/page"}],"author":[{"embeddable":true,"href":"https:\/\/agora.xtec.cat\/iesrafaelcampalans\/wp-json\/wp\/v2\/users\/5"}],"replies":[{"embeddable":true,"href":"https:\/\/agora.xtec.cat\/iesrafaelcampalans\/wp-json\/wp\/v2\/comments?post=6506"}],"version-history":[{"count":4,"href":"https:\/\/agora.xtec.cat\/iesrafaelcampalans\/wp-json\/wp\/v2\/pages\/6506\/revisions"}],"predecessor-version":[{"id":8009,"href":"https:\/\/agora.xtec.cat\/iesrafaelcampalans\/wp-json\/wp\/v2\/pages\/6506\/revisions\/8009"}],"wp:attachment":[{"href":"https:\/\/agora.xtec.cat\/iesrafaelcampalans\/wp-json\/wp\/v2\/media?parent=6506"}],"curies":[{"name":"wp","href":"https:\/\/api.w.org\/{rel}","templated":true}]}}