{"id":46,"date":"2014-09-17T16:53:45","date_gmt":"2014-09-17T14:53:45","guid":{"rendered":"http:\/\/agora.xtec.cat\/iesrafaelcampalans\/?page_id=46"},"modified":"2025-09-12T10:55:20","modified_gmt":"2025-09-12T08:55:20","slug":"organigrama","status":"publish","type":"page","link":"https:\/\/agora.xtec.cat\/iesrafaelcampalans\/linstitut\/organigrama\/","title":{"rendered":"L&#8217;equip"},"content":{"rendered":"<h4><\/h4>\n<h4><a href=\"https:\/\/agora.xtec.cat\/iesrafaelcampalans\/wp-content\/uploads\/usu1643\/2025\/04\/Organigrama.png\"><img loading=\"lazy\" decoding=\"async\" class=\"size-large wp-image-9076 aligncenter\" src=\"https:\/\/agora.xtec.cat\/iesrafaelcampalans\/wp-content\/uploads\/usu1643\/2025\/04\/Organigrama-1024x729.png\" alt=\"\" width=\"1024\" height=\"729\" srcset=\"https:\/\/agora.xtec.cat\/iesrafaelcampalans\/wp-content\/uploads\/usu1643\/2025\/04\/Organigrama-1024x729.png 1024w, https:\/\/agora.xtec.cat\/iesrafaelcampalans\/wp-content\/uploads\/usu1643\/2025\/04\/Organigrama-300x214.png 300w, https:\/\/agora.xtec.cat\/iesrafaelcampalans\/wp-content\/uploads\/usu1643\/2025\/04\/Organigrama-768x547.png 768w, https:\/\/agora.xtec.cat\/iesrafaelcampalans\/wp-content\/uploads\/usu1643\/2025\/04\/Organigrama.png 1527w\" sizes=\"auto, (max-width: 1024px) 100vw, 1024px\" \/><\/a><\/h4>\n<h4><\/h4>\n<h4>Equip Directiu<\/h4>\n<p><strong>Direcci\u00f3<\/strong>: <a href=\"https:\/\/drive.google.com\/file\/d\/1bW7-0wmrr7UO2eMdMaSKNOAURRjgKzyb\/view?usp=share_link\">Montserrat Domingo<\/a><br \/>\n<strong>Cap d\u2019estudis<\/strong>: <a href=\"https:\/\/drive.google.com\/file\/d\/1ds676G0OMUKW3dWrt1YDTfNje1UHy0v0\/view?usp=share_link\">Francesc Gil<\/a><br \/>\n<strong>Cap d\u2019estudis adjunt<\/strong>: <a href=\"https:\/\/drive.google.com\/file\/d\/1Huz0GzHbntT8PJU0mtMgwjQ7yCv_WP53\/view?usp=sharing\">Jordi Rou<\/a><br \/>\n<strong>Coordinaci\u00f3 pedag\u00f2gica<\/strong>: <a href=\"https:\/\/drive.google.com\/file\/d\/1VJ4JsYQytiKYYpWsor4NAnDS5i0sbEMX\/view?usp=share_link\">M\u00f2nica Sub\u00ed<\/a><br \/>\n<strong>Secretaria<\/strong>: <a href=\"https:\/\/drive.google.com\/file\/d\/16gkTEMS5kFPOMq9jO0jGWi24ntvg618V\/view?usp=sharing\">Sofia Pons<\/a><\/p>\n<h4>Coordinacions d&#8217;estudis<\/h4>\n<p style=\"text-align: justify;\"><strong>Coordinaci\u00f3 de 1r d\u2019ESO<\/strong>: Mariona Crous<br \/>\n<strong>Coordinaci\u00f3 de 2n d&#8217;ESO<\/strong>: Marta Monterrubio<br \/>\n<strong>Coordinaci\u00f3 de 3r d&#8217;ESO<\/strong>: Esther Segura<br \/>\n<strong>Coordinaci\u00f3 de 4t d&#8217;ESO<\/strong>: Mariella Medina<br \/>\n<strong>Coordinaci\u00f3 de Batxillerat<\/strong>: Cristina Puig<br \/>\n<strong>Cap de Seminari de Cicles<\/strong>: \u00c0ngel Prat<br \/>\n<strong>Coordinaci\u00f3 d&#8217;FP<\/strong>: Rub\u00e9n Mart\u00ednez<\/p>\n<h4>Caps d&#8217;\u00c0mbit<\/h4>\n<p><strong>Expressi\u00f3<\/strong>: Carles Cors<br \/>\n<strong>Inform\u00e0tica<\/strong>: Laia Isern<br \/>\n<strong>Orientaci\u00f3<\/strong>: M. \u00c0ngels Quintana<br \/>\n<strong>Cientificotecnol\u00f2gic<\/strong>: Anna Recasens<br \/>\n<strong>Social<\/strong>: Cristina Puig<br \/>\n<strong>Ling\u00fc\u00edstic<\/strong>: Mariona Crous<br \/>\n<strong>Matem\u00e0tic<\/strong>: Carla Mulero<\/p>\n<h4>Coordinacions<\/h4>\n<p><strong>Coordinaci\u00f3 Digital: <\/strong>Jordi Rou<br \/>\n<strong>Coordinaci\u00f3 de Qualitat: <\/strong>Mariona Crous<br \/>\n<strong>Coordinaci\u00f3 d&#8217;activitats complement\u00e0ries<\/strong>: Carles Cors<br \/>\n<strong>Coordinaci\u00f3 de patis<\/strong>: \u00c0lex del Oso i Albert Plans<br \/>\n<strong>Coordinaci\u00f3 d&#8217;escoles verdes<\/strong>: Montserrat P\u00f2rtules<br \/>\n<strong>Coordinaci\u00f3 ERASMUS +: <\/strong>Neus de Puig<br \/>\n<strong>Coordinaci\u00f3 de mediaci\u00f3 i pr\u00e0ctiques restauratives<\/strong>: Marta Monterrubio<\/p>\n<p><strong>Coordinaci\u00f3 de Riscos laborals:<\/strong> Laia Isern<\/p>\n<p><strong>Coordinaci\u00f3 de comunicaci\u00f3<\/strong>: Montserrat Domingo<strong><br \/>\n<\/strong><strong>Coordinaci\u00f3 d\u2019empresa-escola<\/strong>: Francesc Gil<br \/>\n<strong>Coordinaci\u00f3 de FCT\/ <\/strong><strong>DUAL<\/strong>: Rub\u00e9n Mart\u00ednez<strong><br \/>\nCoordinaci\u00f3 de l\u2019Associaci\u00f3 Esportiva Escolar (AEE)<\/strong>: Albert Plans<strong><br \/>\n<\/strong><strong>Coordinaci\u00f3 LIC:<\/strong> Merc\u00e8 Mitjavila<br \/>\n<strong>Coordinaci\u00f3 ATECA<\/strong>: Anna Valls<\/p>\n<p><a name=\"tutories\"><\/a><\/p>\n<h4>Tutories ESO<\/h4>\n<p><strong>1r ESO A<\/strong>: Nat\u00e0lia D\u00edez<strong><br \/>\n<\/strong><strong>1r ESO B<\/strong>: Miquel Risco<br \/>\n<b>1r ESO C<\/b>: M\u00aa \u00c0ngels Quintana<strong><br \/>\n1r ESO D: <\/strong>Merc\u00e8 Mitjavila<br \/>\n<strong>2n ESO A<\/strong>: V\u00edctor Herrero<strong><br \/>\n<\/strong><strong>2n ESO B:\u00a0 <\/strong>Pol Company<br \/>\n<strong>2n ESO C<\/strong>: Lourdes Rodr\u00edguez<br \/>\n<strong>3r ESO A<\/strong>: Sergi Barcel\u00f3<strong><br \/>\n<\/strong><strong>3r ESO B<\/strong>: Olga Ferrer<br \/>\n<b>3r ESO C<\/b>: Pol Deulofeu<strong><br \/>\n3r ESO D<\/strong>: Aleix Bombil\u00e0<br \/>\n<strong>4t ESO A<\/strong>: Carla Mulero<strong><br \/>\n<\/strong><strong>4t ESO B:<\/strong> N\u00faria Navarro<br \/>\n<strong>4t ESO C<\/strong>: Montse Ciberta<\/p>\n<h4>Tutories BATXILLERAT<\/h4>\n<p><strong>1r Batxillerat A<\/strong>: Margarida Cateura<br \/>\n<strong>2n Batxillerat A<\/strong>: Ferran Payola<br \/>\n<strong>2n Batxillerat B<\/strong>: Neus de Puig<\/p>\n<h4>Tutories CICLES FORMATIUS<\/h4>\n<p><strong>1r SMX<\/strong>: \u00c0lex Sagu\u00ed<br \/>\n<strong>2n SMX<\/strong>: Xevi Luna<br \/>\n<strong>1r DAM<\/strong>: \u00c0ngel Prat<br \/>\n<strong>2n DAM<\/strong>: Juli\u00e0 Fern\u00e0ndez<br \/>\n<strong>2n DAW<\/strong>: Xavier Bot\u00f3<\/p>\n<h4>Personal d&#8217;Administraci\u00f3 i Serveis (PAS)<\/h4>\n<p><strong>Consergeria<\/strong>: Neus Morales i Pilar Teixidor<br \/>\n<strong>Administraci\u00f3:<\/strong> Marta Masachs i Montse Herranz<\/p>\n<h4>Consell Escolar<\/h4>\n<h6><a href=\"https:\/\/agora.xtec.cat\/iesrafaelcampalans\/linstitut\/consell-escolar-2\/\">Representants per sectors de la comunitat escolar<\/a><\/h6>\n","protected":false},"excerpt":{"rendered":"<p>Equip Directiu Direcci\u00f3: Montserrat Domingo Cap d\u2019estudis: Francesc Gil Cap d\u2019estudis adjunt: Jordi Rou Coordinaci\u00f3 pedag\u00f2gica: M\u00f2nica Sub\u00ed Secretaria: Sofia Pons Coordinacions d&#8217;estudis Coordinaci\u00f3 de 1r d\u2019ESO: Mariona Crous Coordinaci\u00f3 de 2n d&#8217;ESO: Marta Monterrubio Coordinaci\u00f3 de 3r d&#8217;ESO: Esther Segura Coordinaci\u00f3 de 4t d&#8217;ESO: Mariella Medina Coordinaci\u00f3 de Batxillerat: Cristina Puig Cap de Seminari [&hellip;]<\/p>\n","protected":false},"author":1,"featured_media":0,"parent":19,"menu_order":30,"comment_status":"closed","ping_status":"closed","template":"","meta":{"_bbp_topic_count":0,"_bbp_reply_count":0,"_bbp_total_topic_count":0,"_bbp_total_reply_count":0,"_bbp_voice_count":0,"_bbp_anonymous_reply_count":0,"_bbp_topic_count_hidden":0,"_bbp_reply_count_hidden":0,"_bbp_forum_subforum_count":0,"site-sidebar-layout":"default","site-content-layout":"","ast-site-content-layout":"default","site-content-style":"default","site-sidebar-style":"default","ast-global-header-display":"","ast-banner-title-visibility":"","ast-main-header-display":"","ast-hfb-above-header-display":"","ast-hfb-below-header-display":"","ast-hfb-mobile-header-display":"","site-post-title":"","ast-breadcrumbs-content":"","ast-featured-img":"","footer-sml-layout":"","theme-transparent-header-meta":"","adv-header-id-meta":"","stick-header-meta":"","header-above-stick-meta":"","header-main-stick-meta":"","header-below-stick-meta":"","astra-migrate-meta-layouts":"set","ast-page-background-enabled":"default","ast-page-background-meta":{"desktop":{"background-color":"var(--ast-global-color-4)","background-image":"","background-repeat":"repeat","background-position":"center center","background-size":"auto","background-attachment":"scroll","background-type":"","background-media":"","overlay-type":"","overlay-color":"","overlay-opacity":"","overlay-gradient":""},"tablet":{"background-color":"","background-image":"","background-repeat":"repeat","background-position":"center center","background-size":"auto","background-attachment":"scroll","background-type":"","background-media":"","overlay-type":"","overlay-color":"","overlay-opacity":"","overlay-gradient":""},"mobile":{"background-color":"","background-image":"","background-repeat":"repeat","background-position":"center center","background-size":"auto","background-attachment":"scroll","background-type":"","background-media":"","overlay-type":"","overlay-color":"","overlay-opacity":"","overlay-gradient":""}},"ast-content-background-meta":{"desktop":{"background-color":"var(--ast-global-color-5)","background-image":"","background-repeat":"repeat","background-position":"center center","background-size":"auto","background-attachment":"scroll","background-type":"","background-media":"","overlay-type":"","overlay-color":"","overlay-opacity":"","overlay-gradient":""},"tablet":{"background-color":"var(--ast-global-color-5)","background-image":"","background-repeat":"repeat","background-position":"center center","background-size":"auto","background-attachment":"scroll","background-type":"","background-media":"","overlay-type":"","overlay-color":"","overlay-opacity":"","overlay-gradient":""},"mobile":{"background-color":"var(--ast-global-color-5)","background-image":"","background-repeat":"repeat","background-position":"center center","background-size":"auto","background-attachment":"scroll","background-type":"","background-media":"","overlay-type":"","overlay-color":"","overlay-opacity":"","overlay-gradient":""}},"footnotes":""},"class_list":["post-46","page","type-page","status-publish","hentry"],"post_mailing_queue_ids":[],"_links":{"self":[{"href":"https:\/\/agora.xtec.cat\/iesrafaelcampalans\/wp-json\/wp\/v2\/pages\/46","targetHints":{"allow":["GET"]}}],"collection":[{"href":"https:\/\/agora.xtec.cat\/iesrafaelcampalans\/wp-json\/wp\/v2\/pages"}],"about":[{"href":"https:\/\/agora.xtec.cat\/iesrafaelcampalans\/wp-json\/wp\/v2\/types\/page"}],"author":[{"embeddable":true,"href":"https:\/\/agora.xtec.cat\/iesrafaelcampalans\/wp-json\/wp\/v2\/users\/1"}],"replies":[{"embeddable":true,"href":"https:\/\/agora.xtec.cat\/iesrafaelcampalans\/wp-json\/wp\/v2\/comments?post=46"}],"version-history":[{"count":6,"href":"https:\/\/agora.xtec.cat\/iesrafaelcampalans\/wp-json\/wp\/v2\/pages\/46\/revisions"}],"predecessor-version":[{"id":9748,"href":"https:\/\/agora.xtec.cat\/iesrafaelcampalans\/wp-json\/wp\/v2\/pages\/46\/revisions\/9748"}],"up":[{"embeddable":true,"href":"https:\/\/agora.xtec.cat\/iesrafaelcampalans\/wp-json\/wp\/v2\/pages\/19"}],"wp:attachment":[{"href":"https:\/\/agora.xtec.cat\/iesrafaelcampalans\/wp-json\/wp\/v2\/media?parent=46"}],"curies":[{"name":"wp","href":"https:\/\/api.w.org\/{rel}","templated":true}]}}