{"id":2220,"date":"2017-11-30T18:48:00","date_gmt":"2017-11-30T17:48:00","guid":{"rendered":"http:\/\/agora.xtec.cat\/iesrafaelcampalans\/?page_id=2220"},"modified":"2018-07-21T19:25:12","modified_gmt":"2018-07-21T17:25:12","slug":"joventut","status":"publish","type":"page","link":"https:\/\/agora.xtec.cat\/iesrafaelcampalans\/serveis\/joventut\/","title":{"rendered":"Joventut"},"content":{"rendered":"<p style=\"text-align: justify;\">Hem cregut convenient afegir a aquest apartat de serveis el de Joventut, per donar a con\u00e8ixer els projectes i actuacions que duu a terme l\u2019Oficina Jove de la Selva al nostre Institut, a trav\u00e9s de la t\u00e8cnica de joventut compartida dels ajuntaments d\u2019Angl\u00e8s, la Cellera de Ter, Osor i Sant Juli\u00e0 del Llor i Bonmat\u00ed, la Tanit Baldiz.<\/p>\n<p style=\"text-align: justify;\">Des de fa ja uns cursos, la t\u00e8cnica de joventut entra a les aules d\u2019ESO i Batxillerat per a fer din\u00e0miques i tallers sobre diferents tem\u00e0tiques d\u2019inter\u00e8s juvenil (TIC, relacions abusives, participaci\u00f3, recerca de feina i relacions interpersonals) amb la intenci\u00f3 d\u2019obrir un espai de reflexi\u00f3 i esperit cr\u00edtic compartit. Aix\u00ed, a trav\u00e9s d\u2019una metodologia el m\u00e9s participativa i vivencial possible, es treballen habilitats psicosocials i emocionals fonamentals per la vida.<\/p>\n<p style=\"text-align: justify;\">A m\u00e9s, aquest curs, s\u2019inicia el Punt d\u2019Informaci\u00f3 i Dinamitzaci\u00f3 del pati. L\u2019objectiu d\u2019aquesta \u201cparadeta\u201d informativa i proposta d\u2019activitats l\u00fadiques, \u00e9s diversificar les opcions de coses a fer a les hores del pati, amb la idea de fer m\u00e9s ric aquest espai i millorar-ne aix\u00ed la conviv\u00e8ncia.<\/p>\n<p style=\"text-align: justify;\">D\u2019altra banda, tamb\u00e9 participa al Consell de delegats i delegades, proposa activitats espec\u00edfiques al centre i \u00e9s l\u2019encarregada d\u2019actualitzar i tenir al dia la cartellera del vest\u00edbul de l\u2019Oficina Jove de la Selva.<\/p>\n<p style=\"text-align: justify;\">La presencia de la t\u00e8cnica de joventut a l\u2019institut \u00e9s important, doncs, perqu\u00e8 els i les joves la coneguin i puguin establir-hi un vincle basat en la referencialitat i la confian\u00e7a, amb la intenci\u00f3 d\u2019acompanyar-los en aquest moment vital ple de transicions i decisions complexes.<\/p>\n<p style=\"text-align: justify;\">Podeu contactar amb ella a trav\u00e9s del<\/p>\n<ul>\n<li style=\"text-align: justify;\">correu electr\u00f2nic <a href=\"mailto:tbaldiz@selva.cat\" target=\"_blank\" rel=\"noopener noreferrer\">tbaldiz@selva.cat<\/a>,<\/li>\n<li style=\"text-align: justify;\">i del m\u00f2bil 620203300.<\/li>\n<\/ul>\n<p style=\"text-align: justify;\">I amb l\u2019Oficina Jove de la Selva a trav\u00e9s del<\/p>\n<ul>\n<li style=\"text-align: justify;\">web <a href=\"http:\/\/www.laselvajove.cat\">www.laselvajove.cat<\/a>,<\/li>\n<li style=\"text-align: justify;\">el Facebook <a href=\"https:\/\/www.facebook.com\/OJSelva\/\">https:\/\/www.facebook.com\/OJSelva\/<\/a> o <a href=\"https:\/\/www.facebook.com\/jove.selva\">https:\/\/www.facebook.com\/jove.selva<\/a>,<\/li>\n<li style=\"text-align: justify;\">el Twitter <a href=\"https:\/\/twitter.com\/ojlaselva\">https:\/\/twitter.com\/ojlaselva<\/a><\/li>\n<li style=\"text-align: justify;\">i l\u2019Instagram <a href=\"https:\/\/twitter.com\/oficinajovedelaselva\">https:\/\/twitter.com\/oficinajovedelaselva<\/a>.<\/li>\n<\/ul>\n","protected":false},"excerpt":{"rendered":"<p>Hem cregut convenient afegir a aquest apartat de serveis el de Joventut, per donar a con\u00e8ixer els projectes i actuacions que duu a terme l\u2019Oficina Jove de la Selva al nostre Institut, a trav\u00e9s de la t\u00e8cnica de joventut compartida dels ajuntaments d\u2019Angl\u00e8s, la Cellera de Ter, Osor i Sant Juli\u00e0 del Llor i Bonmat\u00ed, [&hellip;]<\/p>\n","protected":false},"author":6,"featured_media":0,"parent":63,"menu_order":30,"comment_status":"closed","ping_status":"closed","template":"","meta":{"_bbp_topic_count":0,"_bbp_reply_count":0,"_bbp_total_topic_count":0,"_bbp_total_reply_count":0,"_bbp_voice_count":0,"_bbp_anonymous_reply_count":0,"_bbp_topic_count_hidden":0,"_bbp_reply_count_hidden":0,"_bbp_forum_subforum_count":0,"site-sidebar-layout":"default","site-content-layout":"","ast-site-content-layout":"","site-content-style":"default","site-sidebar-style":"default","ast-global-header-display":"","ast-banner-title-visibility":"","ast-main-header-display":"","ast-hfb-above-header-display":"","ast-hfb-below-header-display":"","ast-hfb-mobile-header-display":"","site-post-title":"","ast-breadcrumbs-content":"","ast-featured-img":"","footer-sml-layout":"","theme-transparent-header-meta":"","adv-header-id-meta":"","stick-header-meta":"","header-above-stick-meta":"","header-main-stick-meta":"","header-below-stick-meta":"","astra-migrate-meta-layouts":"default","ast-page-background-enabled":"default","ast-page-background-meta":{"desktop":{"background-color":"var(--ast-global-color-4)","background-image":"","background-repeat":"repeat","background-position":"center center","background-size":"auto","background-attachment":"scroll","background-type":"","background-media":"","overlay-type":"","overlay-color":"","overlay-opacity":"","overlay-gradient":""},"tablet":{"background-color":"","background-image":"","background-repeat":"repeat","background-position":"center center","background-size":"auto","background-attachment":"scroll","background-type":"","background-media":"","overlay-type":"","overlay-color":"","overlay-opacity":"","overlay-gradient":""},"mobile":{"background-color":"","background-image":"","background-repeat":"repeat","background-position":"center center","background-size":"auto","background-attachment":"scroll","background-type":"","background-media":"","overlay-type":"","overlay-color":"","overlay-opacity":"","overlay-gradient":""}},"ast-content-background-meta":{"desktop":{"background-color":"var(--ast-global-color-5)","background-image":"","background-repeat":"repeat","background-position":"center center","background-size":"auto","background-attachment":"scroll","background-type":"","background-media":"","overlay-type":"","overlay-color":"","overlay-opacity":"","overlay-gradient":""},"tablet":{"background-color":"var(--ast-global-color-5)","background-image":"","background-repeat":"repeat","background-position":"center center","background-size":"auto","background-attachment":"scroll","background-type":"","background-media":"","overlay-type":"","overlay-color":"","overlay-opacity":"","overlay-gradient":""},"mobile":{"background-color":"var(--ast-global-color-5)","background-image":"","background-repeat":"repeat","background-position":"center center","background-size":"auto","background-attachment":"scroll","background-type":"","background-media":"","overlay-type":"","overlay-color":"","overlay-opacity":"","overlay-gradient":""}},"footnotes":""},"class_list":["post-2220","page","type-page","status-publish","hentry"],"post_mailing_queue_ids":[],"_links":{"self":[{"href":"https:\/\/agora.xtec.cat\/iesrafaelcampalans\/wp-json\/wp\/v2\/pages\/2220","targetHints":{"allow":["GET"]}}],"collection":[{"href":"https:\/\/agora.xtec.cat\/iesrafaelcampalans\/wp-json\/wp\/v2\/pages"}],"about":[{"href":"https:\/\/agora.xtec.cat\/iesrafaelcampalans\/wp-json\/wp\/v2\/types\/page"}],"author":[{"embeddable":true,"href":"https:\/\/agora.xtec.cat\/iesrafaelcampalans\/wp-json\/wp\/v2\/users\/6"}],"replies":[{"embeddable":true,"href":"https:\/\/agora.xtec.cat\/iesrafaelcampalans\/wp-json\/wp\/v2\/comments?post=2220"}],"version-history":[{"count":3,"href":"https:\/\/agora.xtec.cat\/iesrafaelcampalans\/wp-json\/wp\/v2\/pages\/2220\/revisions"}],"predecessor-version":[{"id":2806,"href":"https:\/\/agora.xtec.cat\/iesrafaelcampalans\/wp-json\/wp\/v2\/pages\/2220\/revisions\/2806"}],"up":[{"embeddable":true,"href":"https:\/\/agora.xtec.cat\/iesrafaelcampalans\/wp-json\/wp\/v2\/pages\/63"}],"wp:attachment":[{"href":"https:\/\/agora.xtec.cat\/iesrafaelcampalans\/wp-json\/wp\/v2\/media?parent=2220"}],"curies":[{"name":"wp","href":"https:\/\/api.w.org\/{rel}","templated":true}]}}