{"id":21,"date":"2014-09-17T16:14:14","date_gmt":"2014-09-17T14:14:14","guid":{"rendered":"http:\/\/agora.xtec.cat\/iesrafaelcampalans\/?page_id=21"},"modified":"2024-03-11T08:56:11","modified_gmt":"2024-03-11T07:56:11","slug":"on-som","status":"publish","type":"page","link":"https:\/\/agora.xtec.cat\/iesrafaelcampalans\/linstitut\/on-som\/","title":{"rendered":"On som?"},"content":{"rendered":"<p style=\"color: #666666;\"><strong>Institut\u00a0Rafael Campalans<\/strong><br \/>\nPla\u00e7a del Remei, 1<br \/>\n17160\u00a0Angl\u00e8s<br \/>\n<span class=\"dashicons dashicons-phone\">\u00a0<\/span> 972 42 12 07<br \/>\n<span class=\"dashicons dashicons-media-text\">\u00a0<\/span> 972 42 18 00<br \/>\n<span class=\"dashicons dashicons-email\">\u00a0<\/span> <a href=\"mailto:b7004487@xtec.cat\">b7004487@xtec.cat<\/a><\/p>\n<p><iframe loading=\"lazy\" style=\"border: 0;\" src=\"https:\/\/www.google.com\/maps\/embed?pb=!1m14!1m8!1m3!1d2967.039267844255!2d2.6311722!3d41.9564916!3m2!1i1024!2i768!4f13.1!3m3!1m2!1s0x12bad9ee7d80f6a1%3A0xca814d11f96f159f!2sInstitut+P%C3%BAblic+Rafael+Campalans!5e0!3m2!1sca!2sus!4v1504780396965\" width=\"700\" height=\"450\" frameborder=\"0\" allowfullscreen=\"allowfullscreen\"><\/iframe><\/p>\n<p><strong>Com arribar-hi:<br \/>\n<\/strong><\/p>\n<ul>\n<li style=\"text-align: justify;\"><strong>Cotxe<\/strong>: Des de Barcelona, per l\u2019autopista AP-7 (E-15) direcci\u00f3 Girona-Fran\u00e7a sortida 8, agafar la C-25, sortida 225 direcci\u00f3 Olot-Angl\u00e8s. Des de Girona, per l\u2019autopista AP-7 (E-15) direcci\u00f3 Barcelona sortida 8, agafar la C-25, sortida 225 direcci\u00f3 Olot-Angl\u00e8s; o b\u00e9, carretera N-141e per Salt, direcci\u00f3 Bescan\u00f3-Olot.<\/li>\n<li style=\"text-align: justify;\"><strong>Autob\u00fas<\/strong>: <a href=\"http:\/\/www.teisa-bus.com\" target=\"_blank\" rel=\"noopener noreferrer\">Teisa <\/a>fa el trajecte d\u2019Olot a Lloret de Mar i de d\u2019Olot a Girona passant per tots els municipis del Ter Brugent (excepte Susqueda) i viceversa. Des de l\u2019aeroport Girona-Costa Brava opera la companyia <a href=\"http:\/\/www.sagales.com\" target=\"_blank\" rel=\"noopener noreferrer\">Sagal\u00e9s <\/a>fins a la ciutat de Girona.<\/li>\n<\/ul>\n<p style=\"text-align: justify;\"><strong>Escoles adscrites a l&#8217;institut:<br \/>\n<\/strong>Escola\u00a0Pompeu Fabra d&#8217;Angl\u00e8s, Escola FEDAC Vall dels \u00c0ngels d&#8217;Angl\u00e8s, Escola La Vall d&#8217;Osor, Escola Juncalleda de La Cellera de Ter i l&#8217;Escola Sant Jordi de Sant Juli\u00e0 del Llor i Bonmat\u00ed.<\/p>\n","protected":false},"excerpt":{"rendered":"<p>Institut\u00a0Rafael Campalans Pla\u00e7a del Remei, 1 17160\u00a0Angl\u00e8s \u00a0 972 42 12 07 \u00a0 972 42 18 00 \u00a0 b7004487@xtec.cat Com arribar-hi: Cotxe: Des de Barcelona, per l\u2019autopista AP-7 (E-15) direcci\u00f3 Girona-Fran\u00e7a sortida 8, agafar la C-25, sortida 225 direcci\u00f3 Olot-Angl\u00e8s. Des de Girona, per l\u2019autopista AP-7 (E-15) direcci\u00f3 Barcelona sortida 8, agafar la C-25, sortida [&hellip;]<\/p>\n","protected":false},"author":1,"featured_media":0,"parent":19,"menu_order":10,"comment_status":"closed","ping_status":"closed","template":"","meta":{"_bbp_topic_count":0,"_bbp_reply_count":0,"_bbp_total_topic_count":0,"_bbp_total_reply_count":0,"_bbp_voice_count":0,"_bbp_anonymous_reply_count":0,"_bbp_topic_count_hidden":0,"_bbp_reply_count_hidden":0,"_bbp_forum_subforum_count":0,"site-sidebar-layout":"default","site-content-layout":"","ast-site-content-layout":"","site-content-style":"default","site-sidebar-style":"default","ast-global-header-display":"","ast-banner-title-visibility":"","ast-main-header-display":"","ast-hfb-above-header-display":"","ast-hfb-below-header-display":"","ast-hfb-mobile-header-display":"","site-post-title":"","ast-breadcrumbs-content":"","ast-featured-img":"","footer-sml-layout":"","theme-transparent-header-meta":"","adv-header-id-meta":"","stick-header-meta":"","header-above-stick-meta":"","header-main-stick-meta":"","header-below-stick-meta":"","astra-migrate-meta-layouts":"default","ast-page-background-enabled":"default","ast-page-background-meta":{"desktop":{"background-color":"var(--ast-global-color-4)","background-image":"","background-repeat":"repeat","background-position":"center center","background-size":"auto","background-attachment":"scroll","background-type":"","background-media":"","overlay-type":"","overlay-color":"","overlay-opacity":"","overlay-gradient":""},"tablet":{"background-color":"","background-image":"","background-repeat":"repeat","background-position":"center center","background-size":"auto","background-attachment":"scroll","background-type":"","background-media":"","overlay-type":"","overlay-color":"","overlay-opacity":"","overlay-gradient":""},"mobile":{"background-color":"","background-image":"","background-repeat":"repeat","background-position":"center center","background-size":"auto","background-attachment":"scroll","background-type":"","background-media":"","overlay-type":"","overlay-color":"","overlay-opacity":"","overlay-gradient":""}},"ast-content-background-meta":{"desktop":{"background-color":"var(--ast-global-color-5)","background-image":"","background-repeat":"repeat","background-position":"center center","background-size":"auto","background-attachment":"scroll","background-type":"","background-media":"","overlay-type":"","overlay-color":"","overlay-opacity":"","overlay-gradient":""},"tablet":{"background-color":"var(--ast-global-color-5)","background-image":"","background-repeat":"repeat","background-position":"center center","background-size":"auto","background-attachment":"scroll","background-type":"","background-media":"","overlay-type":"","overlay-color":"","overlay-opacity":"","overlay-gradient":""},"mobile":{"background-color":"var(--ast-global-color-5)","background-image":"","background-repeat":"repeat","background-position":"center center","background-size":"auto","background-attachment":"scroll","background-type":"","background-media":"","overlay-type":"","overlay-color":"","overlay-opacity":"","overlay-gradient":""}},"footnotes":""},"class_list":["post-21","page","type-page","status-publish","hentry"],"post_mailing_queue_ids":[],"_links":{"self":[{"href":"https:\/\/agora.xtec.cat\/iesrafaelcampalans\/wp-json\/wp\/v2\/pages\/21","targetHints":{"allow":["GET"]}}],"collection":[{"href":"https:\/\/agora.xtec.cat\/iesrafaelcampalans\/wp-json\/wp\/v2\/pages"}],"about":[{"href":"https:\/\/agora.xtec.cat\/iesrafaelcampalans\/wp-json\/wp\/v2\/types\/page"}],"author":[{"embeddable":true,"href":"https:\/\/agora.xtec.cat\/iesrafaelcampalans\/wp-json\/wp\/v2\/users\/1"}],"replies":[{"embeddable":true,"href":"https:\/\/agora.xtec.cat\/iesrafaelcampalans\/wp-json\/wp\/v2\/comments?post=21"}],"version-history":[{"count":3,"href":"https:\/\/agora.xtec.cat\/iesrafaelcampalans\/wp-json\/wp\/v2\/pages\/21\/revisions"}],"predecessor-version":[{"id":6641,"href":"https:\/\/agora.xtec.cat\/iesrafaelcampalans\/wp-json\/wp\/v2\/pages\/21\/revisions\/6641"}],"up":[{"embeddable":true,"href":"https:\/\/agora.xtec.cat\/iesrafaelcampalans\/wp-json\/wp\/v2\/pages\/19"}],"wp:attachment":[{"href":"https:\/\/agora.xtec.cat\/iesrafaelcampalans\/wp-json\/wp\/v2\/media?parent=21"}],"curies":[{"name":"wp","href":"https:\/\/api.w.org\/{rel}","templated":true}]}}