{"id":7903,"date":"2026-02-23T11:59:24","date_gmt":"2026-02-23T10:59:24","guid":{"rendered":"https:\/\/agora.xtec.cat\/iesqm\/?page_id=7903"},"modified":"2026-02-23T11:59:25","modified_gmt":"2026-02-23T10:59:25","slug":"convenis","status":"publish","type":"page","link":"https:\/\/agora.xtec.cat\/iesqm\/convenis\/","title":{"rendered":"Convenis"},"content":{"rendered":"\n<p>Conveni de col\u00b7laboraci\u00f3 entre l&#8217;administraci\u00f3 de la Generalitat de Catalunya, mitja\u00e7ant el Departament d&#8217;Educaci\u00f3, i l&#8217;ajuntament de Sant Quint\u00ed de Mediona per al desenvolupament del <strong>Projecte Singular IMPILIQA&#8217;T<\/strong> per als curs 2023-2024 al 2026-2027.<\/p>\n\n\n\n<div data-wp-interactive=\"core\/file\" class=\"wp-block-file\"><object data-wp-bind--hidden=\"!state.hasPdfPreview\" hidden class=\"wp-block-file__embed\" data=\"https:\/\/agora.xtec.cat\/iesqm\/wp-content\/uploads\/usu894\/2026\/02\/CONVENI-IMPLIQAT.pdf\" type=\"application\/pdf\" style=\"width:100%;height:600px\" aria-label=\"Incrustaci\u00f3 del fitxer CONVENI IMPLIQAT.\"><\/object><a id=\"wp-block-file--media-17a4832b-f210-4e4f-a0ce-a48aa1fa1efa\" href=\"https:\/\/agora.xtec.cat\/iesqm\/wp-content\/uploads\/usu894\/2026\/02\/CONVENI-IMPLIQAT.pdf\">CONVENI IMPLIQAT<\/a><a href=\"https:\/\/agora.xtec.cat\/iesqm\/wp-content\/uploads\/usu894\/2026\/02\/CONVENI-IMPLIQAT.pdf\" class=\"wp-block-file__button wp-element-button\" download aria-describedby=\"wp-block-file--media-17a4832b-f210-4e4f-a0ce-a48aa1fa1efa\">Baixa<\/a><\/div>\n","protected":false},"excerpt":{"rendered":"<p>Conveni de col\u00b7laboraci\u00f3 entre l&#8217;administraci\u00f3 de la Generalitat de Catalunya, mitja\u00e7ant el Departament d&#8217;Educaci\u00f3, i l&#8217;ajuntament de Sant Quint\u00ed de Mediona per al desenvolupament del Projecte Singular IMPILIQA&#8217;T per als curs 2023-2024 al 2026-2027.<\/p>\n","protected":false},"author":1,"featured_media":0,"parent":0,"menu_order":0,"comment_status":"closed","ping_status":"close","template":"","meta":{"_bbp_topic_count":0,"_bbp_reply_count":0,"_bbp_total_topic_count":0,"_bbp_total_reply_count":0,"_bbp_voice_count":0,"_bbp_anonymous_reply_count":0,"_bbp_topic_count_hidden":0,"_bbp_reply_count_hidden":0,"_bbp_forum_subforum_count":0,"site-sidebar-layout":"default","site-content-layout":"","ast-site-content-layout":"default","site-content-style":"default","site-sidebar-style":"default","ast-global-header-display":"","ast-banner-title-visibility":"","ast-main-header-display":"","ast-hfb-above-header-display":"","ast-hfb-below-header-display":"","ast-hfb-mobile-header-display":"","site-post-title":"","ast-breadcrumbs-content":"","ast-featured-img":"","footer-sml-layout":"","theme-transparent-header-meta":"","adv-header-id-meta":"","stick-header-meta":"","header-above-stick-meta":"","header-main-stick-meta":"","header-below-stick-meta":"","astra-migrate-meta-layouts":"set","ast-page-background-enabled":"default","ast-page-background-meta":{"desktop":{"background-color":"var(--ast-global-color-4)","background-image":"","background-repeat":"repeat","background-position":"center center","background-size":"auto","background-attachment":"scroll","background-type":"","background-media":"","overlay-type":"","overlay-color":"","overlay-opacity":"","overlay-gradient":""},"tablet":{"background-color":"","background-image":"","background-repeat":"repeat","background-position":"center center","background-size":"auto","background-attachment":"scroll","background-type":"","background-media":"","overlay-type":"","overlay-color":"","overlay-opacity":"","overlay-gradient":""},"mobile":{"background-color":"","background-image":"","background-repeat":"repeat","background-position":"center center","background-size":"auto","background-attachment":"scroll","background-type":"","background-media":"","overlay-type":"","overlay-color":"","overlay-opacity":"","overlay-gradient":""}},"ast-content-background-meta":{"desktop":{"background-color":"var(--ast-global-color-5)","background-image":"","background-repeat":"repeat","background-position":"center center","background-size":"auto","background-attachment":"scroll","background-type":"","background-media":"","overlay-type":"","overlay-color":"","overlay-opacity":"","overlay-gradient":""},"tablet":{"background-color":"var(--ast-global-color-5)","background-image":"","background-repeat":"repeat","background-position":"center center","background-size":"auto","background-attachment":"scroll","background-type":"","background-media":"","overlay-type":"","overlay-color":"","overlay-opacity":"","overlay-gradient":""},"mobile":{"background-color":"var(--ast-global-color-5)","background-image":"","background-repeat":"repeat","background-position":"center center","background-size":"auto","background-attachment":"scroll","background-type":"","background-media":"","overlay-type":"","overlay-color":"","overlay-opacity":"","overlay-gradient":""}},"footnotes":""},"class_list":["post-7903","page","type-page","status-publish","hentry"],"post_mailing_queue_ids":[],"_links":{"self":[{"href":"https:\/\/agora.xtec.cat\/iesqm\/wp-json\/wp\/v2\/pages\/7903","targetHints":{"allow":["GET"]}}],"collection":[{"href":"https:\/\/agora.xtec.cat\/iesqm\/wp-json\/wp\/v2\/pages"}],"about":[{"href":"https:\/\/agora.xtec.cat\/iesqm\/wp-json\/wp\/v2\/types\/page"}],"author":[{"embeddable":true,"href":"https:\/\/agora.xtec.cat\/iesqm\/wp-json\/wp\/v2\/users\/1"}],"replies":[{"embeddable":true,"href":"https:\/\/agora.xtec.cat\/iesqm\/wp-json\/wp\/v2\/comments?post=7903"}],"version-history":[{"count":1,"href":"https:\/\/agora.xtec.cat\/iesqm\/wp-json\/wp\/v2\/pages\/7903\/revisions"}],"predecessor-version":[{"id":7905,"href":"https:\/\/agora.xtec.cat\/iesqm\/wp-json\/wp\/v2\/pages\/7903\/revisions\/7905"}],"wp:attachment":[{"href":"https:\/\/agora.xtec.cat\/iesqm\/wp-json\/wp\/v2\/media?parent=7903"}],"curies":[{"name":"wp","href":"https:\/\/api.w.org\/{rel}","templated":true}]}}