{"id":7806,"date":"2026-02-03T10:24:45","date_gmt":"2026-02-03T09:24:45","guid":{"rendered":"https:\/\/agora.xtec.cat\/iesqm\/?page_id=7806"},"modified":"2026-02-03T10:24:46","modified_gmt":"2026-02-03T09:24:46","slug":"aportacions-economiques","status":"publish","type":"page","link":"https:\/\/agora.xtec.cat\/iesqm\/aportacions-economiques\/","title":{"rendered":"Aportacions econ\u00f2miques"},"content":{"rendered":"\n<p><strong>PAGAMENTS MATERIAL, INNOVAMAT I SORTIDES<\/strong><strong>&nbsp;<\/strong><\/p>\n\n\n\n<p>Aquest curs 2025-26 els imports de les aportacions volunt\u00e0ries que realitzen les fam\u00edlies s\u00f3n les seg\u00fcents:<\/p>\n\n\n\n<figure class=\"wp-block-table\"><table class=\"has-fixed-layout\"><tbody><tr><td rowspan=\"2\"><\/td><td colspan=\"6\"><strong>Quotes material, innovamat&nbsp; i sortides curs 2025-26<\/strong><\/td><\/tr><tr><td><strong>Educaci\u00f3 Infantil<\/strong><\/td><td><strong>Educaci\u00f3 Prim\u00e0ria<\/strong><\/td><td><strong>Educaci\u00f3 Secund\u00e0ria<\/strong><strong>1r<\/strong><\/td><td><strong>Educaci\u00f3 Secund\u00e0ria<\/strong><strong>2n<\/strong><\/td><td><strong>Educaci\u00f3 Secund\u00e0ria<\/strong><strong>3r<\/strong><\/td><td><strong>Educaci\u00f3 Secund\u00e0ria<\/strong><strong>4t<\/strong><\/td><\/tr><tr><td><strong>Material<\/strong><\/td><td>\u20ac90,00<\/td><td>\u20ac90,00<\/td><td>\u20ac95,00<\/td><td>\u20ac95,00<\/td><td>\u20ac95,00<\/td><td>\u20ac95,00<\/td><\/tr><tr><td><strong>Innovamat<\/strong><\/td><td>\u20ac33,00<\/td><td>44,00 \u20ac<\/td><td>\u20ac30,00<\/td><td>\u20ac30,00<\/td><td>\u20ac30,00<\/td><td>25\u20ac<\/td><\/tr><tr><td><strong>Sortides<\/strong><\/td><td>\u20ac55,00<\/td><td>\u20ac55,00<\/td><td>\u20ac55,00<\/td><td>\u20ac55,00<\/td><td>\u20ac55,00<\/td><td>\u20ac55,00<\/td><\/tr><tr><td><strong>Asseguran\u00e7a escolar<\/strong><strong>obligat\u00f2ria<\/strong><\/td><td><\/td><td><\/td><td><\/td><td><\/td><td>1,12 \u20ac<\/td><td>1,12 \u20ac<\/td><\/tr><tr><td><strong>TOTAL<\/strong><\/td><td><strong>\u20ac178,00<\/strong><\/td><td><strong>\u20ac188,00<\/strong><\/td><td><strong>\u20ac180,00<\/strong><\/td><td><strong>\u20ac180,00<\/strong><\/td><td><strong>\u20ac181,12<\/strong><\/td><td><strong>\u20ac176,12<\/strong><\/td><\/tr><\/tbody><\/table><\/figure>\n\n\n\n<p>Les fam\u00edlies de l\u2019alumnat que han cedit els&nbsp;<strong>vals escolars<\/strong>, se\u2019ls ha descomptat l\u2019import dels vals o del val cedit de la quota de material.<br>Els pagaments de Material, Innovamat i Sortides s\u2019han&nbsp; enviat diferenciats i s\u2019han realitzat&nbsp; a trav\u00e9s de l\u2019aplicaci\u00f3 Dinantia. Sempre que una fam\u00edlia ha necessitat fraccionar encara m\u00e9s aquest pagament, s\u2019ha dirigit a secretaria i s\u2019ha pactat com fer-ho.<\/p>\n\n\n\n<p>Per tal de poder anar a col\u00f2nies cal tenir tots els altres pagaments al dia.<\/p>\n\n\n\n<p><strong>VALS ESCOLARS<\/strong><\/p>\n\n\n\n<p>Aquest curs 25-26 totes les fam\u00edlies de l\u2019alumnat de&nbsp;<strong>Prim\u00e0ria<\/strong>&nbsp;i&nbsp;<strong>Secund\u00e0ria<\/strong>&nbsp;han rebut&nbsp;<strong>dos vals de 30 euros<\/strong>&nbsp;que podien bescanviar en material escolar: llibres, motxilles\u2026 als establiments adherits a la campanya, fins el<strong>&nbsp;30 de novembre<\/strong>. Els vals escolars s\u2019havien d\u2019activar a trav\u00e9s del web<a href=\"https:\/\/www.valescolar.cat\/vals\/identificacio\">&nbsp;valescolar.cat<\/a>.<\/p>\n\n\n\n<p>Aquest any tamb\u00e9 tenien l\u2019opci\u00f3 de cedir els vals als centres educatius per reduir l\u2019aportaci\u00f3 de la quota de material de les fam\u00edlies. Han tingut l\u2019opci\u00f3 de cedir al centre els dos vals, un o cap. L\u2019opci\u00f3 de cedir els vals al centre ha estat activa des de l\u2019inici de la campanya fins al 19 de setembre de 2025.<\/p>\n\n\n\n<p>Per aquest curs s\u2019han cedit&nbsp;&nbsp;<strong>364&nbsp; vals&nbsp;<\/strong>de 30 euros ( un total de 10.920 euros).<\/p>\n\n\n\n<p><strong>Beques Ajuntament de Sant Quint\u00ed i de Mediona<\/strong><\/p>\n\n\n\n<p>Les fam\u00edlies benefici\u00e0ries dels ajuts econ\u00f2mics en forma de beca dels ajuntaments hauran de pagar les quotes de material, sortides\u2026 Quan el centre rebi la subvenci\u00f3 d\u2019aquests ajuntaments podr\u00e0 abonar l\u2019import becat corresponent a cada fam\u00edlia com determina la resoluci\u00f3.&nbsp; Aquest curs s\u2019han beneficiat 11 fam\u00edlies del centre.<\/p>\n\n\n\n<p><strong>Motxilles Escolars<\/strong><\/p>\n\n\n\n<p>Aquest curs 2025-26 els alumnes d\u2019Educaci\u00f3, 1r de Prim\u00e0ria, Educaci\u00f3 Secund\u00e0ria que siguin considerats NESE B (alumnes necessitats educatives de tipus socioecon\u00f2miques i\/o socioculturals desafavorides) rebran els ajuts econ\u00f2mics del Departament d\u2019Educaci\u00f3 anomenats \u201cMotxilles Escolars\u201d destinats a les activitats i serveis escolars: material, sortides i col\u00f2nies.<\/p>\n\n\n\n<p>\u00c9s per aquest motiu que les despeses de la quota de material, de sortides i col\u00f2nies queden subvencionades per aquesta motxilla escolar.<\/p>\n\n\n\n<p>Aquest curs tenim alumnes beneficiaris\/\u00e0ries d\u2019aquestes motxilles escolars.&nbsp;<\/p>\n\n\n\n<figure class=\"wp-block-table\"><table class=\"has-fixed-layout\"><tbody><tr><td>I3<\/td><td>I4<\/td><td>I5<\/td><td>1r PRI<\/td><td>1r ESO<\/td><td>2n ESO<\/td><td>3r ESO<\/td><td>4t ESO<\/td><\/tr><tr><td>8<\/td><td>12<\/td><td>7<\/td><td>11<\/td><td>17<\/td><td>18<\/td><td>15<\/td><td>12<\/td><\/tr><\/tbody><\/table><\/figure>\n\n\n\n<p><strong>Col\u00f2nies<\/strong><\/p>\n\n\n\n<p>Com altres anys el preu de les col\u00f2nies inclou les activitats, l\u2019estada i la manutenci\u00f3. En canvi, el cost de l\u2019autocar s\u2019assumeix amb el programa PROA+.<\/p>\n\n\n\n<p>A m\u00e9s a m\u00e9s, les fam\u00edlies que s\u00f3n s\u00f2cies de l\u2019AFA tamb\u00e9 gaudeixen d\u2019un descompte del 15%. El pagament tamb\u00e9 s\u2019efectua a trav\u00e9s de l\u2019aplicaci\u00f3 Dinantia. Les fam\u00edlies que ho han sol\u00b7licitat se\u2019ls hi ha fraccionat el pagament de l\u2019import total de les col\u00f2nies.<\/p>\n\n\n\n<p><\/p>\n","protected":false},"excerpt":{"rendered":"<p>PAGAMENTS MATERIAL, INNOVAMAT I SORTIDES&nbsp; Aquest curs 2025-26 els imports de les aportacions volunt\u00e0ries que realitzen les fam\u00edlies s\u00f3n les seg\u00fcents: Quotes material, innovamat&nbsp; i sortides curs 2025-26 Educaci\u00f3 Infantil Educaci\u00f3 Prim\u00e0ria Educaci\u00f3 Secund\u00e0ria1r Educaci\u00f3 Secund\u00e0ria2n Educaci\u00f3 Secund\u00e0ria3r Educaci\u00f3 Secund\u00e0ria4t Material \u20ac90,00 \u20ac90,00 \u20ac95,00 \u20ac95,00 \u20ac95,00 \u20ac95,00 Innovamat \u20ac33,00 44,00 \u20ac \u20ac30,00 \u20ac30,00 \u20ac30,00 25\u20ac [&hellip;]<\/p>\n","protected":false},"author":1,"featured_media":0,"parent":0,"menu_order":0,"comment_status":"closed","ping_status":"close","template":"","meta":{"_bbp_topic_count":0,"_bbp_reply_count":0,"_bbp_total_topic_count":0,"_bbp_total_reply_count":0,"_bbp_voice_count":0,"_bbp_anonymous_reply_count":0,"_bbp_topic_count_hidden":0,"_bbp_reply_count_hidden":0,"_bbp_forum_subforum_count":0,"site-sidebar-layout":"default","site-content-layout":"","ast-site-content-layout":"default","site-content-style":"default","site-sidebar-style":"default","ast-global-header-display":"","ast-banner-title-visibility":"","ast-main-header-display":"","ast-hfb-above-header-display":"","ast-hfb-below-header-display":"","ast-hfb-mobile-header-display":"","site-post-title":"","ast-breadcrumbs-content":"","ast-featured-img":"","footer-sml-layout":"","theme-transparent-header-meta":"","adv-header-id-meta":"","stick-header-meta":"","header-above-stick-meta":"","header-main-stick-meta":"","header-below-stick-meta":"","astra-migrate-meta-layouts":"set","ast-page-background-enabled":"default","ast-page-background-meta":{"desktop":{"background-color":"var(--ast-global-color-4)","background-image":"","background-repeat":"repeat","background-position":"center center","background-size":"auto","background-attachment":"scroll","background-type":"","background-media":"","overlay-type":"","overlay-color":"","overlay-opacity":"","overlay-gradient":""},"tablet":{"background-color":"","background-image":"","background-repeat":"repeat","background-position":"center center","background-size":"auto","background-attachment":"scroll","background-type":"","background-media":"","overlay-type":"","overlay-color":"","overlay-opacity":"","overlay-gradient":""},"mobile":{"background-color":"","background-image":"","background-repeat":"repeat","background-position":"center center","background-size":"auto","background-attachment":"scroll","background-type":"","background-media":"","overlay-type":"","overlay-color":"","overlay-opacity":"","overlay-gradient":""}},"ast-content-background-meta":{"desktop":{"background-color":"var(--ast-global-color-5)","background-image":"","background-repeat":"repeat","background-position":"center center","background-size":"auto","background-attachment":"scroll","background-type":"","background-media":"","overlay-type":"","overlay-color":"","overlay-opacity":"","overlay-gradient":""},"tablet":{"background-color":"var(--ast-global-color-5)","background-image":"","background-repeat":"repeat","background-position":"center center","background-size":"auto","background-attachment":"scroll","background-type":"","background-media":"","overlay-type":"","overlay-color":"","overlay-opacity":"","overlay-gradient":""},"mobile":{"background-color":"var(--ast-global-color-5)","background-image":"","background-repeat":"repeat","background-position":"center center","background-size":"auto","background-attachment":"scroll","background-type":"","background-media":"","overlay-type":"","overlay-color":"","overlay-opacity":"","overlay-gradient":""}},"footnotes":""},"class_list":["post-7806","page","type-page","status-publish","hentry"],"post_mailing_queue_ids":[],"_links":{"self":[{"href":"https:\/\/agora.xtec.cat\/iesqm\/wp-json\/wp\/v2\/pages\/7806","targetHints":{"allow":["GET"]}}],"collection":[{"href":"https:\/\/agora.xtec.cat\/iesqm\/wp-json\/wp\/v2\/pages"}],"about":[{"href":"https:\/\/agora.xtec.cat\/iesqm\/wp-json\/wp\/v2\/types\/page"}],"author":[{"embeddable":true,"href":"https:\/\/agora.xtec.cat\/iesqm\/wp-json\/wp\/v2\/users\/1"}],"replies":[{"embeddable":true,"href":"https:\/\/agora.xtec.cat\/iesqm\/wp-json\/wp\/v2\/comments?post=7806"}],"version-history":[{"count":1,"href":"https:\/\/agora.xtec.cat\/iesqm\/wp-json\/wp\/v2\/pages\/7806\/revisions"}],"predecessor-version":[{"id":7807,"href":"https:\/\/agora.xtec.cat\/iesqm\/wp-json\/wp\/v2\/pages\/7806\/revisions\/7807"}],"wp:attachment":[{"href":"https:\/\/agora.xtec.cat\/iesqm\/wp-json\/wp\/v2\/media?parent=7806"}],"curies":[{"name":"wp","href":"https:\/\/api.w.org\/{rel}","templated":true}]}}