{"id":77,"date":"2014-09-18T10:29:25","date_gmt":"2014-09-18T09:29:25","guid":{"rendered":"http:\/\/agora.xtec.cat\/iesqm\/?page_id=77"},"modified":"2025-11-04T11:28:44","modified_gmt":"2025-11-04T10:28:44","slug":"transport-escolar","status":"publish","type":"page","link":"https:\/\/agora.xtec.cat\/iesqm\/secretaria\/transport-escolar\/","title":{"rendered":"Transport escolar"},"content":{"rendered":"<div class=\"gmail_default\"><\/div>\n<div class=\"gmail_default\"><\/div>\n<h3 style=\"text-align: center;\">Tr\u00e0mits<\/h3>\n<p>Benvolgudes fam\u00edlies,<\/p>\n<p>Us informem del tr\u00e0mit que cal que feu per Sol\u00b7licitar el\u00a0 servei de TRANSPORT ESCOLAR<\/p>\n<p><strong>L\u2019alumnat de NOVA INCORPORACI\u00d3 al centre (1r d&#8217;ESO\u00a0 i noves matr\u00edcules)<\/strong><\/p>\n<p>TR\u00c0MIT A TRAV\u00c9S DEL web del CONSELL COMARCAL DE L&#8217;ALT PENED\u00c8S. TR\u00c0MITS I GESTIONS \u2013 CIUTADANIA \u2013 ENSENYAMENT \u2013 TRANSPORT ESCOLAR<\/p>\n<p>Atenci\u00f3! Us far\u00e0 falta el n\u00famero RALC\/IDALU del vostre fill\/a<\/p>\n<p>LES FAM\u00cdLIES, QUE EXCEPCIONALMENT NO PUGUEU FER EL TR\u00c0MIT TELEM\u00c0TIC,\u00a0 PODREU DEMANAR INFORMACI\u00d3 AL TEL\u00c8FON DEL CONSELL COMARCAL DE L\u2019ALT PENED\u00c8S (93 890 00 00).<\/p>\n<p>_____________________________________<\/p>\n<p><strong>ALUMNAT QUE CONTINUA AL CENTRE<\/strong><\/p>\n<p>Us informem que l\u2019alumnat amb transport escolar obligatori, que actualment cursa els nivells de <strong>1er, 2n i 3r d\u2019ESO<\/strong> i amb continu\u00eftat al nostre centre per el curs vinent,\u00a0<strong>no haur\u00e0 de fer la sol\u00b7licitud del servei de transport escolar OBLIGATORI.<\/strong><\/p>\n<h3 style=\"text-align: center;\"><span style=\"color: #800000;\"><strong>HORARI HABITUAL AL LLARG DEL CURS<\/strong><\/span><a href=\"https:\/\/agora.xtec.cat\/iesqm\/families\/transport-escolar\/attachment\/horaris-transport-20-21-2\/\" rel=\"attachment wp-att-2478\"><img loading=\"lazy\" decoding=\"async\" class=\"aligncenter wp-image-2478\" src=\"https:\/\/agora.xtec.cat\/iesqm\/wp-content\/uploads\/usu894\/2020\/09\/Horaris-transport-20-21-300x294.jpg\" alt=\"\" width=\"629\" height=\"616\" srcset=\"https:\/\/agora.xtec.cat\/iesqm\/wp-content\/uploads\/usu894\/2020\/09\/Horaris-transport-20-21-300x294.jpg 300w, https:\/\/agora.xtec.cat\/iesqm\/wp-content\/uploads\/usu894\/2020\/09\/Horaris-transport-20-21.jpg 678w\" sizes=\"auto, (max-width: 629px) 100vw, 629px\" \/><\/a><\/h3>\n<p style=\"text-align: center;\">CONSULTEU EL LLISTAT DE TRANSPORT &#8211; PARADES MEDIONA<\/p>\n<p style=\"text-align: center;\"><a href=\"https:\/\/agora.xtec.cat\/iesqm\/wp-content\/uploads\/usu894\/2020\/09\/LLISTAT-D%E2%80%99ALUMNAT-TRANSPORTAT-I-RUTES.pdf\" rel=\"attachment wp-att-2460\">LLISTAT D\u2019ALUMNAT TRANSPORTAT I RUTES<\/a><\/p>\n<ul>\n<li style=\"text-align: center;\">Consulta per IDALU ( Identificador d&#8217;alumnat)<\/li>\n<\/ul>\n<p><a href=\"https:\/\/agora.xtec.cat\/iesqm\/families\/transport-escolar\/attachment\/captura-de-pantalla-2020-09-11-a-las-11-34-03\/\" rel=\"attachment wp-att-2508\"><img loading=\"lazy\" decoding=\"async\" class=\"aligncenter wp-image-2508\" src=\"https:\/\/agora.xtec.cat\/iesqm\/wp-content\/uploads\/usu894\/2020\/09\/Captura-de-pantalla-2020-09-11-a-las-11.34.03-300x78.png\" alt=\"\" width=\"450\" height=\"117\" srcset=\"https:\/\/agora.xtec.cat\/iesqm\/wp-content\/uploads\/usu894\/2020\/09\/Captura-de-pantalla-2020-09-11-a-las-11.34.03-300x78.png 300w, https:\/\/agora.xtec.cat\/iesqm\/wp-content\/uploads\/usu894\/2020\/09\/Captura-de-pantalla-2020-09-11-a-las-11.34.03-768x199.png 768w, https:\/\/agora.xtec.cat\/iesqm\/wp-content\/uploads\/usu894\/2020\/09\/Captura-de-pantalla-2020-09-11-a-las-11.34.03.png 847w\" sizes=\"auto, (max-width: 450px) 100vw, 450px\" \/><\/a><\/p>\n","protected":false},"excerpt":{"rendered":"<p>Tr\u00e0mits Benvolgudes fam\u00edlies, Us informem del tr\u00e0mit que cal que feu per Sol\u00b7licitar el\u00a0 servei de TRANSPORT ESCOLAR L\u2019alumnat de NOVA INCORPORACI\u00d3 al centre (1r d&#8217;ESO\u00a0 i noves matr\u00edcules) TR\u00c0MIT A TRAV\u00c9S DEL web del CONSELL COMARCAL DE L&#8217;ALT PENED\u00c8S. TR\u00c0MITS I GESTIONS \u2013 CIUTADANIA \u2013 ENSENYAMENT \u2013 TRANSPORT ESCOLAR Atenci\u00f3! Us far\u00e0 falta el [&hellip;]<\/p>\n","protected":false},"author":1,"featured_media":0,"parent":81,"menu_order":30,"comment_status":"closed","ping_status":"closed","template":"","meta":{"_bbp_topic_count":0,"_bbp_reply_count":0,"_bbp_total_topic_count":0,"_bbp_total_reply_count":0,"_bbp_voice_count":0,"_bbp_anonymous_reply_count":0,"_bbp_topic_count_hidden":0,"_bbp_reply_count_hidden":0,"_bbp_forum_subforum_count":0,"site-sidebar-layout":"default","site-content-layout":"","ast-site-content-layout":"default","site-content-style":"default","site-sidebar-style":"default","ast-global-header-display":"","ast-banner-title-visibility":"","ast-main-header-display":"","ast-hfb-above-header-display":"","ast-hfb-below-header-display":"","ast-hfb-mobile-header-display":"","site-post-title":"","ast-breadcrumbs-content":"","ast-featured-img":"","footer-sml-layout":"","theme-transparent-header-meta":"","adv-header-id-meta":"","stick-header-meta":"","header-above-stick-meta":"","header-main-stick-meta":"","header-below-stick-meta":"","astra-migrate-meta-layouts":"set","ast-page-background-enabled":"default","ast-page-background-meta":{"desktop":{"background-color":"var(--ast-global-color-4)","background-image":"","background-repeat":"repeat","background-position":"center center","background-size":"auto","background-attachment":"scroll","background-type":"","background-media":"","overlay-type":"","overlay-color":"","overlay-opacity":"","overlay-gradient":""},"tablet":{"background-color":"","background-image":"","background-repeat":"repeat","background-position":"center center","background-size":"auto","background-attachment":"scroll","background-type":"","background-media":"","overlay-type":"","overlay-color":"","overlay-opacity":"","overlay-gradient":""},"mobile":{"background-color":"","background-image":"","background-repeat":"repeat","background-position":"center center","background-size":"auto","background-attachment":"scroll","background-type":"","background-media":"","overlay-type":"","overlay-color":"","overlay-opacity":"","overlay-gradient":""}},"ast-content-background-meta":{"desktop":{"background-color":"var(--ast-global-color-5)","background-image":"","background-repeat":"repeat","background-position":"center center","background-size":"auto","background-attachment":"scroll","background-type":"","background-media":"","overlay-type":"","overlay-color":"","overlay-opacity":"","overlay-gradient":""},"tablet":{"background-color":"var(--ast-global-color-5)","background-image":"","background-repeat":"repeat","background-position":"center center","background-size":"auto","background-attachment":"scroll","background-type":"","background-media":"","overlay-type":"","overlay-color":"","overlay-opacity":"","overlay-gradient":""},"mobile":{"background-color":"var(--ast-global-color-5)","background-image":"","background-repeat":"repeat","background-position":"center center","background-size":"auto","background-attachment":"scroll","background-type":"","background-media":"","overlay-type":"","overlay-color":"","overlay-opacity":"","overlay-gradient":""}},"footnotes":""},"class_list":["post-77","page","type-page","status-publish","hentry"],"post_mailing_queue_ids":[],"_links":{"self":[{"href":"https:\/\/agora.xtec.cat\/iesqm\/wp-json\/wp\/v2\/pages\/77","targetHints":{"allow":["GET"]}}],"collection":[{"href":"https:\/\/agora.xtec.cat\/iesqm\/wp-json\/wp\/v2\/pages"}],"about":[{"href":"https:\/\/agora.xtec.cat\/iesqm\/wp-json\/wp\/v2\/types\/page"}],"author":[{"embeddable":true,"href":"https:\/\/agora.xtec.cat\/iesqm\/wp-json\/wp\/v2\/users\/1"}],"replies":[{"embeddable":true,"href":"https:\/\/agora.xtec.cat\/iesqm\/wp-json\/wp\/v2\/comments?post=77"}],"version-history":[{"count":4,"href":"https:\/\/agora.xtec.cat\/iesqm\/wp-json\/wp\/v2\/pages\/77\/revisions"}],"predecessor-version":[{"id":7709,"href":"https:\/\/agora.xtec.cat\/iesqm\/wp-json\/wp\/v2\/pages\/77\/revisions\/7709"}],"up":[{"embeddable":true,"href":"https:\/\/agora.xtec.cat\/iesqm\/wp-json\/wp\/v2\/pages\/81"}],"wp:attachment":[{"href":"https:\/\/agora.xtec.cat\/iesqm\/wp-json\/wp\/v2\/media?parent=77"}],"curies":[{"name":"wp","href":"https:\/\/api.w.org\/{rel}","templated":true}]}}