{"id":7530,"date":"2025-09-03T17:52:07","date_gmt":"2025-09-03T15:52:07","guid":{"rendered":"https:\/\/agora.xtec.cat\/iesqm\/?page_id=7530"},"modified":"2025-11-04T11:30:51","modified_gmt":"2025-11-04T10:30:51","slug":"presentacio-i-contacte","status":"publish","type":"page","link":"https:\/\/agora.xtec.cat\/iesqm\/serveis\/presentacio-i-contacte\/","title":{"rendered":"Presentaci\u00f3 i contacte AFA"},"content":{"rendered":"\n<figure class=\"wp-block-image size-full\"><a href=\"https:\/\/agora.xtec.cat\/iesqm\/wp-content\/uploads\/usu894\/2025\/09\/Captura-de-pantalla-2025-09-03-a-las-17.47.23.png\"><img loading=\"lazy\" decoding=\"async\" width=\"954\" height=\"288\" src=\"https:\/\/agora.xtec.cat\/iesqm\/wp-content\/uploads\/usu894\/2025\/09\/Captura-de-pantalla-2025-09-03-a-las-17.47.23.png\" alt=\"\" class=\"wp-image-7531\" srcset=\"https:\/\/agora.xtec.cat\/iesqm\/wp-content\/uploads\/usu894\/2025\/09\/Captura-de-pantalla-2025-09-03-a-las-17.47.23.png 954w, https:\/\/agora.xtec.cat\/iesqm\/wp-content\/uploads\/usu894\/2025\/09\/Captura-de-pantalla-2025-09-03-a-las-17.47.23-300x91.png 300w, https:\/\/agora.xtec.cat\/iesqm\/wp-content\/uploads\/usu894\/2025\/09\/Captura-de-pantalla-2025-09-03-a-las-17.47.23-768x232.png 768w\" sizes=\"auto, (max-width: 954px) 100vw, 954px\" \/><\/a><\/figure>\n\n\n\n<p class=\"has-light-green-cyan-background-color has-background has-medium-font-size\"><strong>AFA Institut Escola Sant Quint\u00ed de Mediona<\/strong><\/p>\n\n\n\n<p>En l\u2019assemblea celebrada el 20 d\u2019octubre de 2025 es va aprovar el relleu de la junta de l\u2019AFA IE SANT QUINT\u00cd DE MEDIONA, i la nova ha quedat composada de la seg\u00fcent manera:<\/p>\n\n\n\n<p>Presidenta: Judit Ferrer<\/p>\n\n\n\n<p>Secret\u00e0ria: Ester Deu<\/p>\n\n\n\n<p>Tresorer: Ferran Porlan<\/p>\n\n\n\n<p>Vocals: Montse Alises<\/p>\n\n\n\n<p>&nbsp; &nbsp; &nbsp; &nbsp; &nbsp; &nbsp; Joan Gallart<\/p>\n\n\n\n<p>&nbsp; &nbsp; &nbsp; &nbsp; &nbsp; &nbsp; Rafael Bux\u00f3<\/p>\n\n\n\n<p>&nbsp; &nbsp; &nbsp; &nbsp; &nbsp; &nbsp; Jordi Pola<\/p>\n\n\n\n<p>&nbsp; &nbsp; &nbsp; &nbsp; &nbsp; &nbsp; Mari Reitg<\/p>\n\n\n\n<p><\/p>\n\n\n\n<p>Benvolgudes noves fam\u00edlies de l\u2019IE Sant Quint\u00ed de Mediona,<br>Us presentem l\u2019AFA del centre per tal que conegueu les gestions i activitats que duem a terme, aix\u00ed com per animar-vos a ser fam\u00edlies s\u00f2cies o formar part de la junta.<br>Gestions i activitats que es realitzen cada curs:<br>\u25cf Escolta activa i atenci\u00f3 a les fam\u00edlies per traslladar propostes, suggeriments i inquietuds a l&#8217;equip directiu del centre.<br>\u25cf Gesti\u00f3 i coordinaci\u00f3 del servei de menjador, acollida matinal i casalet de Juny. El servei d\u2019acollida matinal \u00e9s m\u00e9s econ\u00f2mic per a les fam\u00edlies s\u00f2cies de l\u2019AFA.<br>\u25cf Gesti\u00f3 i coordinaci\u00f3 de les extraescolars d&#8217;angl\u00e8s, rob\u00f2tica i karate.<br>\u25cf Gesti\u00f3 i coordinaci\u00f3 de l\u2019acollida durant les reunions informatives d\u2019inici de curs.<br>\u25cf Compra de material esportiu, d&#8217;entreteniment i jocs.<br>\u25cf Compra material\/mobiliari divers que el centre pot requerir.<br>\u25cf Compra d\u2019agendes escolars de tot l&#8217;alumnat del centre.<br>\u25cf Participaci\u00f3 i col\u00b7laboraci\u00f3 econ\u00f2mica en les festes que organitza el centre: compra de les castanyes per l\u2019alumnat d\u2019Infantil i Prim\u00e0ria i l\u2019esmorzar (fruita) per l\u2019alumnat d\u2019ESO, ingredients del taller de menges de Nadal, esmorzars de 6\u00e8, berenar de la festa de la conviv\u00e8ncia\u2026<br>\u25cf Subvenci\u00f3 econ\u00f2mica de les col\u00f2nies educatives que organitza el centre, i finan\u00e7ament de productes perqu\u00e8 l\u2019alumnat de 4rt d\u2019ESO els vengui i recapti diners per al viatge de fi de curs.<br>\u25cf Organitzaci\u00f3 i realitzaci\u00f3 del projecte Lleure en fam\u00edlia, que consta de diverses activitats, tallers i sortides durant el curs. Gratu\u00eftes per les fam\u00edlies s\u00f2cies de l\u2019AFA.<br>\u25cf Organitzaci\u00f3 del sopar posterior a la festa de la conviv\u00e8ncia.<br>\u25cf Obsequi a tot l\u2019alumnat del centre amb una fotografia del seu grup classe i a m\u00e9s, a l\u2019alumnat de 4rt d\u2019ESO amb les fotografies del seu acte de graduaci\u00f3.<br>\u25cf Participaci\u00f3 en el Consell Escolar del centre. <\/p>\n\n\n\n<p>\u25cf Gesti\u00f3 i tramitaci\u00f3 de l&#8217;asseguran\u00e7a de tot l&#8217;alumnat, davant d&#8217;activitats que s&#8217;organitzen al centre, a trav\u00e9s de l\u2019AFFAC.<\/p>\n\n\n\n<p class=\"has-light-green-cyan-background-color has-background\">Per ser fam\u00edlies s\u00f2cies de l\u2019AFA cal pagar una \u00fanica quota per curs i fam\u00edlia de 35\u20ac mitjan\u00e7ant l\u2019aplicaci\u00f3 del centre DINANTIA.<br>Per qualsevol dubte o consulta us podeu adre\u00e7ar a: <a href=\"mailto:afa@iesantquinti.com\">afa@iesantquinti.com<\/a><br>La junta de l\u2019AFA un animem a ser fam\u00edlies s\u00f2cies o formar part de la junta per poder continuar col\u00b7laborant amb la realitzaci\u00f3 de totes aquestes activitats i contribuir a millorar l\u2019estada dels vostres fills i filles al centre.<\/p>\n\n\n\n<p>Sant Quint\u00ed de Mediona,  setembre de 2025<br>AFA Institut Escola Sant Quint\u00ed de Mediona<\/p>\n","protected":false},"excerpt":{"rendered":"<p>AFA Institut Escola Sant Quint\u00ed de Mediona En l\u2019assemblea celebrada el 20 d\u2019octubre de 2025 es va aprovar el relleu de la junta de l\u2019AFA IE SANT QUINT\u00cd DE MEDIONA, i la nova ha quedat composada de la seg\u00fcent manera: Presidenta: Judit Ferrer Secret\u00e0ria: Ester Deu Tresorer: Ferran Porlan Vocals: Montse Alises &nbsp; &nbsp; &nbsp; [&hellip;]<\/p>\n","protected":false},"author":1,"featured_media":0,"parent":1088,"menu_order":0,"comment_status":"closed","ping_status":"closed","template":"","meta":{"_bbp_topic_count":0,"_bbp_reply_count":0,"_bbp_total_topic_count":0,"_bbp_total_reply_count":0,"_bbp_voice_count":0,"_bbp_anonymous_reply_count":0,"_bbp_topic_count_hidden":0,"_bbp_reply_count_hidden":0,"_bbp_forum_subforum_count":0,"site-sidebar-layout":"default","site-content-layout":"","ast-site-content-layout":"default","site-content-style":"default","site-sidebar-style":"default","ast-global-header-display":"","ast-banner-title-visibility":"","ast-main-header-display":"","ast-hfb-above-header-display":"","ast-hfb-below-header-display":"","ast-hfb-mobile-header-display":"","site-post-title":"","ast-breadcrumbs-content":"","ast-featured-img":"","footer-sml-layout":"","theme-transparent-header-meta":"","adv-header-id-meta":"","stick-header-meta":"","header-above-stick-meta":"","header-main-stick-meta":"","header-below-stick-meta":"","astra-migrate-meta-layouts":"set","ast-page-background-enabled":"default","ast-page-background-meta":{"desktop":{"background-color":"var(--ast-global-color-4)","background-image":"","background-repeat":"repeat","background-position":"center center","background-size":"auto","background-attachment":"scroll","background-type":"","background-media":"","overlay-type":"","overlay-color":"","overlay-opacity":"","overlay-gradient":""},"tablet":{"background-color":"","background-image":"","background-repeat":"repeat","background-position":"center center","background-size":"auto","background-attachment":"scroll","background-type":"","background-media":"","overlay-type":"","overlay-color":"","overlay-opacity":"","overlay-gradient":""},"mobile":{"background-color":"","background-image":"","background-repeat":"repeat","background-position":"center center","background-size":"auto","background-attachment":"scroll","background-type":"","background-media":"","overlay-type":"","overlay-color":"","overlay-opacity":"","overlay-gradient":""}},"ast-content-background-meta":{"desktop":{"background-color":"var(--ast-global-color-5)","background-image":"","background-repeat":"repeat","background-position":"center center","background-size":"auto","background-attachment":"scroll","background-type":"","background-media":"","overlay-type":"","overlay-color":"","overlay-opacity":"","overlay-gradient":""},"tablet":{"background-color":"var(--ast-global-color-5)","background-image":"","background-repeat":"repeat","background-position":"center center","background-size":"auto","background-attachment":"scroll","background-type":"","background-media":"","overlay-type":"","overlay-color":"","overlay-opacity":"","overlay-gradient":""},"mobile":{"background-color":"var(--ast-global-color-5)","background-image":"","background-repeat":"repeat","background-position":"center center","background-size":"auto","background-attachment":"scroll","background-type":"","background-media":"","overlay-type":"","overlay-color":"","overlay-opacity":"","overlay-gradient":""}},"footnotes":""},"class_list":["post-7530","page","type-page","status-publish","hentry"],"post_mailing_queue_ids":[],"_links":{"self":[{"href":"https:\/\/agora.xtec.cat\/iesqm\/wp-json\/wp\/v2\/pages\/7530","targetHints":{"allow":["GET"]}}],"collection":[{"href":"https:\/\/agora.xtec.cat\/iesqm\/wp-json\/wp\/v2\/pages"}],"about":[{"href":"https:\/\/agora.xtec.cat\/iesqm\/wp-json\/wp\/v2\/types\/page"}],"author":[{"embeddable":true,"href":"https:\/\/agora.xtec.cat\/iesqm\/wp-json\/wp\/v2\/users\/1"}],"replies":[{"embeddable":true,"href":"https:\/\/agora.xtec.cat\/iesqm\/wp-json\/wp\/v2\/comments?post=7530"}],"version-history":[{"count":3,"href":"https:\/\/agora.xtec.cat\/iesqm\/wp-json\/wp\/v2\/pages\/7530\/revisions"}],"predecessor-version":[{"id":7710,"href":"https:\/\/agora.xtec.cat\/iesqm\/wp-json\/wp\/v2\/pages\/7530\/revisions\/7710"}],"up":[{"embeddable":true,"href":"https:\/\/agora.xtec.cat\/iesqm\/wp-json\/wp\/v2\/pages\/1088"}],"wp:attachment":[{"href":"https:\/\/agora.xtec.cat\/iesqm\/wp-json\/wp\/v2\/media?parent=7530"}],"curies":[{"name":"wp","href":"https:\/\/api.w.org\/{rel}","templated":true}]}}