{"id":7518,"date":"2025-08-31T21:28:12","date_gmt":"2025-08-31T19:28:12","guid":{"rendered":"https:\/\/agora.xtec.cat\/iesqm\/?page_id=7518"},"modified":"2025-09-04T14:42:43","modified_gmt":"2025-09-04T12:42:43","slug":"docents","status":"publish","type":"page","link":"https:\/\/agora.xtec.cat\/iesqm\/docents\/","title":{"rendered":"Docents"},"content":{"rendered":"\n<p class=\"has-light-green-cyan-background-color has-background\">FORMACIONS SERVEIS EDUCATIUS  PENED\u00c8S<\/p>\n\n\n\n<p>Us informem que, a partir d\u2019aquest&nbsp;<strong>divendres 5 de setembre i fins al 21 de setembre de 2025<\/strong>, podreu inscriure-us a les activitats del&nbsp;<strong><a href=\"https:\/\/aplicacions.gestioeducativa.gencat.cat\/ords\/pls\/soloas\/pk_for_mod_ins.p_for_cons_activitats?p_any=2025-2026&amp;p_totes=s&amp;p_crp=201\" target=\"_blank\" rel=\"noreferrer noopener\">PFZ de l&#8217;Alt Pened\u00e8s curs 2025-2026<\/a>.<\/strong><\/p>\n\n\n\n<p class=\"has-black-color has-pale-pink-background-color has-text-color has-background has-link-color wp-elements-515a68ea1bb1b6910ab6098b3c3c5512\"><strong><a href=\"https:\/\/espai.educacio.gencat.cat\/Personal\/Solicituds-tramits\/Permisos-docents\/Pagines\/default.aspx\" data-type=\"link\" data-id=\"https:\/\/espai.educacio.gencat.cat\/Personal\/Solicituds-tramits\/Permisos-docents\/Pagines\/default.aspx\">PERMISOS<\/a><\/strong>  &#8211; Usuari ATRI<\/p>\n\n\n\n<p class=\"has-pale-pink-background-color has-background\">ABS\u00c8NCIES PROGRAMADES &#8211;  Omplir el <a href=\"https:\/\/accounts.google.com\/v3\/signin\/identifier?continue=https%3A%2F%2Fdocs.google.com%2Fforms%2Fd%2F1sBe-LkoLX6zMT5i77LeokRIwiLQcFBHjIpoe8JT-tjE%2Fviewform%3Fedit_requested%3Dtrue&amp;followup=https%3A%2F%2Fdocs.google.com%2Fforms%2Fd%2F1sBe-LkoLX6zMT5i77LeokRIwiLQcFBHjIpoe8JT-tjE%2Fviewform%3Fedit_requested%3Dtrue&amp;ifkv=AdBytiOjPHgqX7poSA3f74p34sJ6iT6S72uj5m9YdHQ8ROcxvppLgMp4VBxLUhIfLqSBMq4tRymH&amp;ltmpl=forms&amp;osid=1&amp;passive=1209600&amp;service=wise&amp;flowName=GlifWebSignIn&amp;flowEntry=ServiceLogin&amp;dsh=S1997136475%3A1756989420140317\">formulari enlla\u00e7at<\/a><\/p>\n\n\n\n<p class=\"has-black-color has-pale-cyan-blue-background-color has-text-color has-background has-link-color wp-elements-b595d26a36fe5d35ecc2f1ea38588a28\"><a href=\"https:\/\/drive.google.com\/drive\/u\/1\/folders\/0AJSCork5OG0fUk9PVA\" data-type=\"link\" data-id=\"https:\/\/drive.google.com\/drive\/u\/1\/folders\/0AJSCork5OG0fUk9PVA\">ACC\u00c9S AL DRIVE DOCENTS<\/a> IESQM   Consulta la <a href=\"https:\/\/docs.google.com\/document\/d\/1ELH8YmgkdmlfYjYhZUqoynMgwIasH48UVMIkGPAPFSg\/edit?usp=drive_link\">guia<\/a><\/p>\n\n\n\n<p class=\"has-luminous-vivid-amber-background-color has-background\"><strong>INCID\u00c8NCIES DIGITALS<\/strong>  Omplir el <a href=\"https:\/\/forms.gle\/qW5W1r6AaLbUY1d27\">formulari<\/a><\/p>\n\n\n\n<p><\/p>\n\n\n\n<p class=\"has-vivid-cyan-blue-background-color has-background\">SERVEI DE MENJADOR<\/p>\n\n\n\n<p class=\"has-text-align-center has-medium-font-size\"><strong>MESTRES<\/strong> INSTITUT ESCOLA SANT QUINT\u00cd DE MEDIONA  CURS 2025-2026<br>Cost del servei de menjador 2025-2026: 4,38\u20ac \/ dia (IVA incl\u00f2s)<\/p>\n\n\n\n<p class=\"has-text-align-center has-white-background-color has-background has-medium-font-size\">Resum normativa: En el cas que necessiteu gaudir del servei de menjador, s\u2019haur\u00e0 de descarregar la nostre App \u00c0gora Col\u00b7lectivitats i introduir el <strong>codi del centre 11.<\/strong><\/p>\n\n\n\n<p class=\"has-medium-font-size\">Per fer \u00fas puntual s\u2019ha de notificar abans de les 09:30h, mitjan\u00e7ant l\u2019App \u00c0gora Col\u00b7lectivitats.<br>Formes de pagament:<br>1) Mitjan\u00e7ant<span style=\"text-decoration: underline;\"> domiciliaci\u00f3 banc\u00e0ria<\/span> <span style=\"text-decoration: underline;\">a mes ven\u00e7ut<\/span> (\u00fas m\u00ednim del servei cinc dies al mes), dins els primers 5 dies h\u00e0bils del mes seg\u00fcent del servei. El document d\u2019\u201cOrdre Sepa\u201d, s\u2019haur\u00e0 de lliurar omplert a l\u2019adre\u00e7a de correu electr\u00f2nic info@agoracat.com.<br>El rebut de Juny es passar\u00e0 al finalitzar el servei de menjador.<br>2) <span style=\"text-decoration: underline;\">Mitjan\u00e7ant l\u2019App \u00c0gora Col\u00b7lectivitats<\/span>.<\/p>\n\n\n\n<p>Per qualsevol consulta o aclariment poden contactar als tel\u00e8fons 610\u00b719\u00b791\u00b752 i\/o 93\u00b7638\u00b787\u00b703, o b\u00e9 a l\u2019adre\u00e7a de correu electr\u00f2nic info<span class=\"atwho-query\">@agoracat.com<\/span><\/p>\n\n\n\n<p><\/p>\n","protected":false},"excerpt":{"rendered":"<p>FORMACIONS SERVEIS EDUCATIUS PENED\u00c8S Us informem que, a partir d\u2019aquest&nbsp;divendres 5 de setembre i fins al 21 de setembre de 2025, podreu inscriure-us a les activitats del&nbsp;PFZ de l&#8217;Alt Pened\u00e8s curs 2025-2026. PERMISOS &#8211; Usuari ATRI ABS\u00c8NCIES PROGRAMADES &#8211; Omplir el formulari enlla\u00e7at ACC\u00c9S AL DRIVE DOCENTS IESQM Consulta la guia INCID\u00c8NCIES DIGITALS Omplir el [&hellip;]<\/p>\n","protected":false},"author":1,"featured_media":0,"parent":0,"menu_order":0,"comment_status":"closed","ping_status":"close","template":"","meta":{"_bbp_topic_count":0,"_bbp_reply_count":0,"_bbp_total_topic_count":0,"_bbp_total_reply_count":0,"_bbp_voice_count":0,"_bbp_anonymous_reply_count":0,"_bbp_topic_count_hidden":0,"_bbp_reply_count_hidden":0,"_bbp_forum_subforum_count":0,"site-sidebar-layout":"default","site-content-layout":"","ast-site-content-layout":"default","site-content-style":"default","site-sidebar-style":"default","ast-global-header-display":"","ast-banner-title-visibility":"","ast-main-header-display":"","ast-hfb-above-header-display":"","ast-hfb-below-header-display":"","ast-hfb-mobile-header-display":"","site-post-title":"","ast-breadcrumbs-content":"","ast-featured-img":"","footer-sml-layout":"","theme-transparent-header-meta":"","adv-header-id-meta":"","stick-header-meta":"","header-above-stick-meta":"","header-main-stick-meta":"","header-below-stick-meta":"","astra-migrate-meta-layouts":"set","ast-page-background-enabled":"default","ast-page-background-meta":{"desktop":{"background-color":"var(--ast-global-color-4)","background-image":"","background-repeat":"repeat","background-position":"center center","background-size":"auto","background-attachment":"scroll","background-type":"","background-media":"","overlay-type":"","overlay-color":"","overlay-opacity":"","overlay-gradient":""},"tablet":{"background-color":"","background-image":"","background-repeat":"repeat","background-position":"center center","background-size":"auto","background-attachment":"scroll","background-type":"","background-media":"","overlay-type":"","overlay-color":"","overlay-opacity":"","overlay-gradient":""},"mobile":{"background-color":"","background-image":"","background-repeat":"repeat","background-position":"center center","background-size":"auto","background-attachment":"scroll","background-type":"","background-media":"","overlay-type":"","overlay-color":"","overlay-opacity":"","overlay-gradient":""}},"ast-content-background-meta":{"desktop":{"background-color":"var(--ast-global-color-5)","background-image":"","background-repeat":"repeat","background-position":"center center","background-size":"auto","background-attachment":"scroll","background-type":"","background-media":"","overlay-type":"","overlay-color":"","overlay-opacity":"","overlay-gradient":""},"tablet":{"background-color":"var(--ast-global-color-5)","background-image":"","background-repeat":"repeat","background-position":"center center","background-size":"auto","background-attachment":"scroll","background-type":"","background-media":"","overlay-type":"","overlay-color":"","overlay-opacity":"","overlay-gradient":""},"mobile":{"background-color":"var(--ast-global-color-5)","background-image":"","background-repeat":"repeat","background-position":"center center","background-size":"auto","background-attachment":"scroll","background-type":"","background-media":"","overlay-type":"","overlay-color":"","overlay-opacity":"","overlay-gradient":""}},"footnotes":""},"class_list":["post-7518","page","type-page","status-publish","hentry"],"post_mailing_queue_ids":[],"_links":{"self":[{"href":"https:\/\/agora.xtec.cat\/iesqm\/wp-json\/wp\/v2\/pages\/7518","targetHints":{"allow":["GET"]}}],"collection":[{"href":"https:\/\/agora.xtec.cat\/iesqm\/wp-json\/wp\/v2\/pages"}],"about":[{"href":"https:\/\/agora.xtec.cat\/iesqm\/wp-json\/wp\/v2\/types\/page"}],"author":[{"embeddable":true,"href":"https:\/\/agora.xtec.cat\/iesqm\/wp-json\/wp\/v2\/users\/1"}],"replies":[{"embeddable":true,"href":"https:\/\/agora.xtec.cat\/iesqm\/wp-json\/wp\/v2\/comments?post=7518"}],"version-history":[{"count":5,"href":"https:\/\/agora.xtec.cat\/iesqm\/wp-json\/wp\/v2\/pages\/7518\/revisions"}],"predecessor-version":[{"id":7598,"href":"https:\/\/agora.xtec.cat\/iesqm\/wp-json\/wp\/v2\/pages\/7518\/revisions\/7598"}],"wp:attachment":[{"href":"https:\/\/agora.xtec.cat\/iesqm\/wp-json\/wp\/v2\/media?parent=7518"}],"curies":[{"name":"wp","href":"https:\/\/api.w.org\/{rel}","templated":true}]}}