{"id":6772,"date":"2024-10-09T13:33:30","date_gmt":"2024-10-09T11:33:30","guid":{"rendered":"https:\/\/agora.xtec.cat\/iesqm\/?page_id=6772"},"modified":"2025-08-31T17:35:54","modified_gmt":"2025-08-31T15:35:54","slug":"medicaments","status":"publish","type":"page","link":"https:\/\/agora.xtec.cat\/iesqm\/secretaria\/medicaments\/","title":{"rendered":"Medicaments"},"content":{"rendered":"<p data-pm-slice=\"1 3 []\"><strong>Recomanacions per a l\u2019administraci\u00f3 del paracetamol als infants a les escoles<\/strong><\/p>\n<p>Per administrar el paracetamol als infants i joves a les escoles, cal tenir l\u2019autoritzaci\u00f3 del pare, mare o tutor, que s\u2019ha de demanar en el moment de matriculaci\u00f3 de l\u2019alumnat.<\/p>\n<p>La febre \u00e9s un s\u00edmptoma caracteritzat per un augment de temperatura per sobre de 37 \u00baC que sovint s\u2019acompanya de malestar.<\/p>\n<p>\u00c9s molt freq\u00fcent en l\u2019infant. La febre \u00e9s en si mateixa un mecanisme de defensa de l\u2019organisme contra la malaltia i, per tant, no cal tractar-la de forma immediata amb medicaments.<\/p>\n<p>Podem utilitzar mesures f\u00edsiques per fer abaixar la temperatura i disminuir-ne les mol\u00e8sties: si t\u00e9 malestar, fred o esgarrifances es recomana no abrigar-lo i donar-li aigua a glopets. Davant d\u2019un infant amb febre de 38 \u00baC o m\u00e9s l\u2019escola ha de contactar amb el pare, mare o tutor i demanar-li que el reculli tan aviat com pugui.<\/p>\n<p>Mentrestant, si la febre \u00e9s igual o superior a 38 \u00baC es recomana administrar un antit\u00e8rmic\/analg\u00e8sic. El f\u00e0rmac de refer\u00e8ncia i m\u00e9s utilitzat arreu \u00e9s el paracetamol, per la seva bona toler\u00e0ncia i la relativa abs\u00e8ncia d\u2019efectes secundaris.<\/p>\n<p>Encara que no es tracti d\u2019una urg\u00e8ncia, un infant amb febre no ha de quedar-se a l\u2019escola fins que finalitzi la jornada escolar.<\/p>\n<p>Recomanacions elaborades per la Societat Catalana de Pediatria i pel Departament de Salut de la Generalitat de Catalunya.<\/p>\n<p><b>Seguint aquestes recomanacions, en el cas que un alumne es trobi malament caldr\u00e0 trucar a la fam\u00edlia per tal que el vinguin a recollir.<\/b><\/p>\n<ul>\n<li><b>Si la fam\u00edlia es preveu que estigui molta estona, se li prendr\u00e0 la temperatura i si supera els 38\u00ba se li administrar\u00e0 un paracetamol amb la dosi corresponent al seu pes i edat sempre que l&#8217;alumne consti com a autoritzat per la fam\u00edlia en el registre inform\u00e0tic del centre.<\/b>\n<p><strong>IMPORTANT<\/strong><\/li>\n<li><strong>Si algun alumne s&#8217;ha de prendre algun medicament durant el decurs de la jornada escolar caldr\u00e0 que aporti el medicament, juntament amb la prescripci\u00f3 del metge on s&#8217;indiqui la dosi que s&#8217;ha de prendre.<\/strong><\/li>\n<\/ul>\n","protected":false},"excerpt":{"rendered":"<p>Recomanacions per a l\u2019administraci\u00f3 del paracetamol als infants a les escoles Per administrar el paracetamol als infants i joves a les escoles, cal tenir l\u2019autoritzaci\u00f3 del pare, mare o tutor, que s\u2019ha de demanar en el moment de matriculaci\u00f3 de l\u2019alumnat. La febre \u00e9s un s\u00edmptoma caracteritzat per un augment de temperatura per sobre de [&hellip;]<\/p>\n","protected":false},"author":1,"featured_media":0,"parent":81,"menu_order":0,"comment_status":"closed","ping_status":"closed","template":"","meta":{"_bbp_topic_count":0,"_bbp_reply_count":0,"_bbp_total_topic_count":0,"_bbp_total_reply_count":0,"_bbp_voice_count":0,"_bbp_anonymous_reply_count":0,"_bbp_topic_count_hidden":0,"_bbp_reply_count_hidden":0,"_bbp_forum_subforum_count":0,"site-sidebar-layout":"default","site-content-layout":"","ast-site-content-layout":"","site-content-style":"default","site-sidebar-style":"default","ast-global-header-display":"","ast-banner-title-visibility":"","ast-main-header-display":"","ast-hfb-above-header-display":"","ast-hfb-below-header-display":"","ast-hfb-mobile-header-display":"","site-post-title":"","ast-breadcrumbs-content":"","ast-featured-img":"","footer-sml-layout":"","theme-transparent-header-meta":"","adv-header-id-meta":"","stick-header-meta":"","header-above-stick-meta":"","header-main-stick-meta":"","header-below-stick-meta":"","astra-migrate-meta-layouts":"default","ast-page-background-enabled":"default","ast-page-background-meta":{"desktop":{"background-color":"var(--ast-global-color-4)","background-image":"","background-repeat":"repeat","background-position":"center center","background-size":"auto","background-attachment":"scroll","background-type":"","background-media":"","overlay-type":"","overlay-color":"","overlay-opacity":"","overlay-gradient":""},"tablet":{"background-color":"","background-image":"","background-repeat":"repeat","background-position":"center center","background-size":"auto","background-attachment":"scroll","background-type":"","background-media":"","overlay-type":"","overlay-color":"","overlay-opacity":"","overlay-gradient":""},"mobile":{"background-color":"","background-image":"","background-repeat":"repeat","background-position":"center center","background-size":"auto","background-attachment":"scroll","background-type":"","background-media":"","overlay-type":"","overlay-color":"","overlay-opacity":"","overlay-gradient":""}},"ast-content-background-meta":{"desktop":{"background-color":"var(--ast-global-color-5)","background-image":"","background-repeat":"repeat","background-position":"center center","background-size":"auto","background-attachment":"scroll","background-type":"","background-media":"","overlay-type":"","overlay-color":"","overlay-opacity":"","overlay-gradient":""},"tablet":{"background-color":"var(--ast-global-color-5)","background-image":"","background-repeat":"repeat","background-position":"center center","background-size":"auto","background-attachment":"scroll","background-type":"","background-media":"","overlay-type":"","overlay-color":"","overlay-opacity":"","overlay-gradient":""},"mobile":{"background-color":"var(--ast-global-color-5)","background-image":"","background-repeat":"repeat","background-position":"center center","background-size":"auto","background-attachment":"scroll","background-type":"","background-media":"","overlay-type":"","overlay-color":"","overlay-opacity":"","overlay-gradient":""}},"footnotes":""},"class_list":["post-6772","page","type-page","status-publish","hentry"],"post_mailing_queue_ids":[],"_links":{"self":[{"href":"https:\/\/agora.xtec.cat\/iesqm\/wp-json\/wp\/v2\/pages\/6772","targetHints":{"allow":["GET"]}}],"collection":[{"href":"https:\/\/agora.xtec.cat\/iesqm\/wp-json\/wp\/v2\/pages"}],"about":[{"href":"https:\/\/agora.xtec.cat\/iesqm\/wp-json\/wp\/v2\/types\/page"}],"author":[{"embeddable":true,"href":"https:\/\/agora.xtec.cat\/iesqm\/wp-json\/wp\/v2\/users\/1"}],"replies":[{"embeddable":true,"href":"https:\/\/agora.xtec.cat\/iesqm\/wp-json\/wp\/v2\/comments?post=6772"}],"version-history":[{"count":1,"href":"https:\/\/agora.xtec.cat\/iesqm\/wp-json\/wp\/v2\/pages\/6772\/revisions"}],"predecessor-version":[{"id":6773,"href":"https:\/\/agora.xtec.cat\/iesqm\/wp-json\/wp\/v2\/pages\/6772\/revisions\/6773"}],"up":[{"embeddable":true,"href":"https:\/\/agora.xtec.cat\/iesqm\/wp-json\/wp\/v2\/pages\/81"}],"wp:attachment":[{"href":"https:\/\/agora.xtec.cat\/iesqm\/wp-json\/wp\/v2\/media?parent=6772"}],"curies":[{"name":"wp","href":"https:\/\/api.w.org\/{rel}","templated":true}]}}