{"id":6760,"date":"2024-10-04T15:25:17","date_gmt":"2024-10-04T13:25:17","guid":{"rendered":"https:\/\/agora.xtec.cat\/iesqm\/?page_id=6760"},"modified":"2025-08-31T17:32:15","modified_gmt":"2025-08-31T15:32:15","slug":"assetjament-escolar","status":"publish","type":"page","link":"https:\/\/agora.xtec.cat\/iesqm\/xarxa-educativa\/assetjament-escolar\/","title":{"rendered":"Assetjament escolar"},"content":{"rendered":"<section class=\"padding-xs padding-sm padding-md\">\n<article class=\"container fullcontainer-xs\">\n<div class=\"row\">\n<div class=\"col-xs-12 col-md-6\">\n<div id=\"center_2_1R\">\n<div class=\"fpca_diapositives slider-col-50 formatter_body\" data-resource-id=\"391c7615-4e88-11ef-a6ec-005056ba51b2\">\n<div class=\"slider-quadrat \">\n<div class=\"box-sm\">\n<div id=\"carousel-example-generic-391c7615-4e88-11ef-a6ec-005056ba51b2\" class=\"carousel slide slider_imatges slider_petit inici\" data-ride=\"carousel\">\n<div class=\"slider_imatges_cont bulletsStatic\">\n<div class=\"carousel-inner\">\n<div class=\"item active\">\n<div>\n<h2 class=\"subtitle\" data-crawling=\"principal-title\">Qu\u00e8 \u00e9s l&#8217;assetjament escolar?<\/h2>\n<div class=\"basic_text col-xs-12 pd-30 off-margin-bottom pd-15\"><\/div>\n<div class=\"basic_text_peq col-xs-12\">\n<div class=\"pd-15x link-dotted\" data-crawling=\"principal-body\">\n<p>L&#8217;assetjament escolar \u00e9s un fenomen social de grup. Implica el\u00a0<strong>maltractament<\/strong>\u00a0i l&#8217;<strong>ab\u00fas de poder<\/strong>\u00a0continuat cap a una persona o un col\u00b7lectiu concret. Aquest ab\u00fas de poder deixa qui rep la viol\u00e8ncia en una situaci\u00f3 de vulnerabilitat o indefensi\u00f3.<\/p>\n<p>Es considera un fenomen de grup perqu\u00e8 hi participen, directament o indirecta, diverses persones.<\/p>\n<p>A m\u00e9s, tant si t\u00e9 lloc al centre educatiu com fora, l\u2019assetjament escolar impacta en tota la comunitat educativa.<\/p>\n<p>Els\u00a0<strong>trets m\u00e9s significatius<\/strong>\u00a0de l\u2019assetjament escolar s\u00f3n els seg\u00fcents:<\/p>\n<ul>\n<li>Hi ha persecuci\u00f3 f\u00edsica, verbal o social, i en tot cas, psicol\u00f2gica.<\/li>\n<li>Les accions tenen lloc durant un per\u00edode de temps, no s\u00f3n puntuals o a\u00efllades.<\/li>\n<li>Qui exerceix la viol\u00e8ncia mostra la intenci\u00f3 clara de fer mal.<\/li>\n<li>Qui rep la viol\u00e8ncia est\u00e0 en una posici\u00f3 de vulnerabilitat i desigualtat.<\/li>\n<\/ul>\n<\/div>\n<\/div>\n<\/div>\n<div><\/div>\n<div><\/div>\n<div><\/div>\n<div class=\"carousel-image videoWrapper\"><iframe loading=\"lazy\" id=\"player0-391c7614-4e88-11ef-a6ec-005056ba51b2\" class=\"video_item\" title=\"Espot 1 - Busca els senyals. Atura l'assetjament.\" src=\"https:\/\/www.youtube.com\/embed\/3s0mUm7pAAs?rel=0&amp;hl=ca&amp;enablejsapi=1&amp;origin=https%3A%2F%2Feducacio.gencat.cat&amp;widgetid=1\" width=\"555\" height=\"431\" frameborder=\"0\" allowfullscreen=\"allowfullscreen\" data-listener-attached=\"true\" data-mce-fragment=\"1\"><\/iframe><\/div>\n<div class=\"carousel-text not_c-100\"><span class=\"col-sm-12 dekstop\">Espot 1<\/span><\/p>\n<p class=\"descripcio grayDescription\">\n<\/div>\n<\/div>\n<\/div>\n<\/div>\n<\/div>\n<div><\/div>\n<\/div>\n<\/div>\n<\/div>\n<\/div>\n<\/div>\n<div class=\"col-xs-12 col-md-6\">\n<div id=\"center_2_2R\">\n<div class=\"fpca_diapositives slider-col-50 formatter_body\" data-resource-id=\"b88fc438-7ff1-11ef-9537-005056ba51b2\">\n<div class=\"slider-quadrat \">\n<div class=\"box-sm\">\n<div id=\"carousel-example-generic-b88fc438-7ff1-11ef-9537-005056ba51b2\" class=\"carousel slide slider_imatges slider_petit inici\" data-ride=\"carousel\">\n<div class=\"slider_imatges_cont bulletsStatic\">\n<div class=\"carousel-inner\">\n<div class=\"item active\">\n<div class=\"carousel-image videoWrapper\"><iframe loading=\"lazy\" id=\"player0-b88fc437-7ff1-11ef-9537-005056ba51b2\" class=\"video_item\" title=\"Espot 2 - Busca els senyals. Atura l'assetjament.\" src=\"https:\/\/www.youtube.com\/embed\/j9Vt91hd-mA?rel=0&amp;hl=ca&amp;enablejsapi=1&amp;origin=https%3A%2F%2Feducacio.gencat.cat&amp;widgetid=2\" width=\"555\" height=\"431\" frameborder=\"0\" allowfullscreen=\"allowfullscreen\" data-listener-attached=\"true\" data-mce-fragment=\"1\"><\/iframe><\/div>\n<div class=\"carousel-text not_c-100\"><span class=\"col-sm-12 dekstop\">Espot 2<\/span><\/p>\n<p class=\"descripcio grayDescription\">\n<\/div>\n<\/div>\n<\/div>\n<\/div>\n<\/div>\n<div><\/div>\n<\/div>\n<\/div>\n<\/div>\n<\/div>\n<\/div>\n<\/div>\n<\/article>\n<\/section>\n<section class=\"padding-xs padding-sm padding-md\">\n<article class=\"container fullcontainer-xs\">\n<div class=\"row\">\n<div>\n<div id=\"center_3R\">\n<div class=\"fpca_enllacDestacatAmbBoto clear bg-gray \">\n<div class=\"card\">\n<div class=\"card-wrapper\">\n<p class=\"card-wrapper_title\">Si est\u00e0s patint assetjament escolar o creus que alg\u00fa a prop teu n&#8217;est\u00e0 patint, truca o escriu a la USAV.<\/p>\n<div class=\"card-wrapper_description\"><\/div>\n<\/div>\n<div class=\"button-wrapper\"><a class=\"btn-call-to-action\" title=\"Si vius o coneixes una situaci\u00f3 d'assetjament truca o escriu a la USAV\" href=\"mailto:usav.educacio@gencat.cat\" target=\"_blank\" rel=\"noopener\" aria-label=\"900 923 098 |  usav.educacio@gencat.cat | UsApps\">900 923 098 | usav.educacio@gencat.cat | UsApps\u00a0<span class=\"sr-only\">(Obre en una nova finestra)<\/span><\/a><\/div>\n<\/div>\n<\/div>\n<div id=\"llista_cd41521e-4e68-11ef-a6ec-005056ba51b2_cd41521f-4e68-11ef-a6ec-005056ba51b2\" class=\"fpca_llista_enllacIcones formatter_body\">\n<div class=\"wrapper_llista_enllacIcones\">\n<div class=\"list-item-wrapper\">\n<div class=\"col icon-col\">\n<div class=\"icon\"><\/div>\n<\/div>\n<div class=\"col content-col\">\n<p><a class=\"\" title=\"Coneixes la UsApps?\" href=\"https:\/\/usav.educacio.gencat.cat\/\" target=\"_blank\" rel=\"noopener\">Qu\u00e8 \u00e9s la USAV<span class=\"sr-only\">. Obre en una nova finestra.<\/span><\/a><\/p>\n<div class=\"bloc-mobil\">\n<div class=\"descripcio link-dotted\">\n<p>\u00c9s la\u00a0<strong>Unitat de Suport a l&#8217;Alumnat en Situaci\u00f3 de Viol\u00e8ncia<\/strong>, que\u00a0at\u00e9n i gestiona les situacions de viol\u00e8ncia que els alumnes li comuniquen que estan vivint o que han viscut, tant si han passat dins del centre, com fora.<\/p>\n<p><strong>L&#8217;aplicaci\u00f3 web UsApps<\/strong>\u00a0t&#8217;ofereix un\u00a0<strong>servei de xat, en set idiomes<\/strong>. Explica&#8217;ns la situaci\u00f3 d&#8217;amena\u00e7a, por o viol\u00e8ncia en qu\u00e8 et trobes tu o alg\u00fa del teu entorn.<\/p>\n<\/div>\n<\/div>\n<\/div>\n<\/div>\n<\/div>\n<\/div>\n<\/div>\n<\/div>\n<\/div>\n<\/article>\n<\/section>\n<section class=\"padding-xs padding-sm padding-md\">\n<article class=\"container fullcontainer-xs\">\n<div class=\"row\">\n<div>\n<div id=\"center_4R\">\n<div class=\"fpca_diapositives slider-col-100 formatter_body\" data-resource-id=\"8edab15b-7ff0-11ef-9537-005056ba51b2\">\n<div class=\"slider-rectangular slider-text-lateral\">\n<div class=\"shadowBox-sm pd-15\">\n<div class=\"box-sm\">\n<div id=\"carousel-example-generic-8edab15b-7ff0-11ef-9537-005056ba51b2\" class=\"carousel slide slider_imatges slider_grand\" data-ride=\"carousel\">\n<div class=\"slider_imatges_cont \">\n<div class=\"carousel-inner\">\n<div class=\"item active\">\n<div class=\"carousel-image videoWrapper \"><iframe loading=\"lazy\" id=\"player0-8edab15a-7ff0-11ef-9537-005056ba51b2\" class=\"video_item\" title=\"V\u00eddeo testimonial - Ariadna Fern\u00e1ndez\" src=\"https:\/\/www.youtube.com\/embed\/wYwhBQwFvi4?rel=0&amp;hl=ca&amp;enablejsapi=1&amp;origin=https%3A%2F%2Feducacio.gencat.cat&amp;widgetid=3\" width=\"839\" height=\"463\" frameborder=\"0\" allowfullscreen=\"allowfullscreen\" data-listener-attached=\"true\" data-mce-fragment=\"1\"><\/iframe><\/div>\n<div class=\"carousel-caption\"><span class=\"col-sm-12 dekstop\">L&#8217;Ariadna ens explica com va viure i patir l&#8217;assetjament escolar<\/span><\/div>\n<\/div>\n<\/div>\n<div><\/div>\n<\/div>\n<\/div>\n<\/div>\n<\/div>\n<\/div>\n<\/div>\n<\/div>\n<\/div>\n<\/div>\n<\/article>\n<\/section>\n<section class=\"padding-xs padding-sm padding-md\">\n<article class=\"container fullcontainer-xs\">\n<div class=\"row\">\n<div>\n<div id=\"center_5R\">\n<div id=\"f1b14525-4e88-11ef-a6ec-005056ba51b2\" class=\"fpca_article pd-15\" data-crawling-fpca=\"article\">\n<div class=\"blocs-res\" data-crawling=\"blocks\"><\/div>\n<\/div>\n<\/div>\n<\/div>\n<\/div>\n<\/article>\n<\/section>\n<section class=\"padding-xs padding-sm padding-md\">\n<article class=\"container fullcontainer-xs\">\n<div class=\"row\">\n<div>\n<div id=\"center_6R\">\n<div id=\"0dca76e0-4fd7-11ef-9f2a-005056ba51b2\" class=\"fpca_article pd-15\" data-crawling-fpca=\"article\">\n<div>\n<div class=\"entradeta__wrapper\">\n<div class=\"row\">\n<h2 class=\"subtitle\" data-crawling=\"principal-title\">Senyals per detectar-lo<\/h2>\n<div class=\"basic_text col-xs-12 pd-30 off-margin-bottom pd-15\"><\/div>\n<div class=\"basic_text_peq col-xs-12\"><\/div>\n<\/div>\n<\/div>\n<\/div>\n<div class=\"blocs-res\" data-crawling=\"blocks\"><\/div>\n<\/div>\n<div class=\"fpca_descripciopagina formatter_body\">\n<div class=\"imatge_amb_peu amb_text clearfix\"><img decoding=\"async\" class=\"img-responsive\" title=\"5 senyals al centre\" src=\"https:\/\/educacio.gencat.cat\/web\/.content\/home\/arees-actuacio\/alumnat\/assetjament-escolar\/senyals\/al-centre.png\" alt=\"5 senyals al centre: 1. Baix rendiment, absentisme, abandonament. 2. Canvis sobtats de car\u00e0cter, angoixa, inseguretat. 3. Deteriorament o p\u00e8rdua d'objectes personals. 4. Tendeix a estar sol, s'exclou del grup. 5. No vol explicar qu\u00e8 li passa.\" \/><\/div>\n<div class=\"basic_text_peq pd-15 pd-30 link-dotted\"><\/div>\n<\/div>\n<\/div>\n<\/div>\n<\/div>\n<\/article>\n<\/section>\n<section class=\"padding-xs padding-sm padding-md\">\n<article class=\"container fullcontainer-xs\">\n<div class=\"row\">\n<div>\n<div id=\"center_7R\">\n<div class=\"fpca_descripciopagina formatter_body\">\n<div class=\"imatge_amb_peu amb_text clearfix\"><img decoding=\"async\" class=\"img-responsive\" title=\"5 senyals a casa\" src=\"https:\/\/educacio.gencat.cat\/web\/.content\/home\/arees-actuacio\/alumnat\/assetjament-escolar\/senyals\/a-casa.png\" alt=\"5 senyals a casa. 1. Menja o dorm malament. 2. Demana que l'acompanyeu a l'escola. 3. No vol quedar amb ning\u00fa. 4. No expressa els sentiments. 5. S'enfada f\u00e0cilment.\" \/><\/div>\n<\/div>\n<\/div>\n<\/div>\n<\/div>\n<\/article>\n<\/section>\n<section class=\"padding-xs padding-sm padding-md\">\n<article class=\"container fullcontainer-xs\">\n<div class=\"row\">\n<div>\n<div id=\"center_8R\">\n<div id=\"llista_cc61341c-4fd7-11ef-9f2a-005056ba51b2_cc61341d-4fd7-11ef-9f2a-005056ba51b2\" class=\"fpca_llista_enllacIcones formatter_body\">\n<div class=\"wrapper_llista_enllacIcones\">\n<\/div>\n<\/div>\n<\/div>\n<\/div>\n<\/div>\n<\/article>\n<\/section>\n","protected":false},"excerpt":{"rendered":"<p>Qu\u00e8 \u00e9s l&#8217;assetjament escolar? L&#8217;assetjament escolar \u00e9s un fenomen social de grup. Implica el\u00a0maltractament\u00a0i l&#8217;ab\u00fas de poder\u00a0continuat cap a una persona o un col\u00b7lectiu concret. Aquest ab\u00fas de poder deixa qui rep la viol\u00e8ncia en una situaci\u00f3 de vulnerabilitat o indefensi\u00f3. Es considera un fenomen de grup perqu\u00e8 hi participen, directament o indirecta, diverses persones. [&hellip;]<\/p>\n","protected":false},"author":1,"featured_media":0,"parent":2967,"menu_order":0,"comment_status":"closed","ping_status":"closed","template":"","meta":{"_bbp_topic_count":0,"_bbp_reply_count":0,"_bbp_total_topic_count":0,"_bbp_total_reply_count":0,"_bbp_voice_count":0,"_bbp_anonymous_reply_count":0,"_bbp_topic_count_hidden":0,"_bbp_reply_count_hidden":0,"_bbp_forum_subforum_count":0,"site-sidebar-layout":"default","site-content-layout":"","ast-site-content-layout":"","site-content-style":"default","site-sidebar-style":"default","ast-global-header-display":"","ast-banner-title-visibility":"","ast-main-header-display":"","ast-hfb-above-header-display":"","ast-hfb-below-header-display":"","ast-hfb-mobile-header-display":"","site-post-title":"","ast-breadcrumbs-content":"","ast-featured-img":"","footer-sml-layout":"","theme-transparent-header-meta":"","adv-header-id-meta":"","stick-header-meta":"","header-above-stick-meta":"","header-main-stick-meta":"","header-below-stick-meta":"","astra-migrate-meta-layouts":"default","ast-page-background-enabled":"default","ast-page-background-meta":{"desktop":{"background-color":"var(--ast-global-color-4)","background-image":"","background-repeat":"repeat","background-position":"center center","background-size":"auto","background-attachment":"scroll","background-type":"","background-media":"","overlay-type":"","overlay-color":"","overlay-opacity":"","overlay-gradient":""},"tablet":{"background-color":"","background-image":"","background-repeat":"repeat","background-position":"center center","background-size":"auto","background-attachment":"scroll","background-type":"","background-media":"","overlay-type":"","overlay-color":"","overlay-opacity":"","overlay-gradient":""},"mobile":{"background-color":"","background-image":"","background-repeat":"repeat","background-position":"center center","background-size":"auto","background-attachment":"scroll","background-type":"","background-media":"","overlay-type":"","overlay-color":"","overlay-opacity":"","overlay-gradient":""}},"ast-content-background-meta":{"desktop":{"background-color":"var(--ast-global-color-5)","background-image":"","background-repeat":"repeat","background-position":"center center","background-size":"auto","background-attachment":"scroll","background-type":"","background-media":"","overlay-type":"","overlay-color":"","overlay-opacity":"","overlay-gradient":""},"tablet":{"background-color":"var(--ast-global-color-5)","background-image":"","background-repeat":"repeat","background-position":"center center","background-size":"auto","background-attachment":"scroll","background-type":"","background-media":"","overlay-type":"","overlay-color":"","overlay-opacity":"","overlay-gradient":""},"mobile":{"background-color":"var(--ast-global-color-5)","background-image":"","background-repeat":"repeat","background-position":"center center","background-size":"auto","background-attachment":"scroll","background-type":"","background-media":"","overlay-type":"","overlay-color":"","overlay-opacity":"","overlay-gradient":""}},"footnotes":""},"class_list":["post-6760","page","type-page","status-publish","hentry"],"post_mailing_queue_ids":[],"_links":{"self":[{"href":"https:\/\/agora.xtec.cat\/iesqm\/wp-json\/wp\/v2\/pages\/6760","targetHints":{"allow":["GET"]}}],"collection":[{"href":"https:\/\/agora.xtec.cat\/iesqm\/wp-json\/wp\/v2\/pages"}],"about":[{"href":"https:\/\/agora.xtec.cat\/iesqm\/wp-json\/wp\/v2\/types\/page"}],"author":[{"embeddable":true,"href":"https:\/\/agora.xtec.cat\/iesqm\/wp-json\/wp\/v2\/users\/1"}],"replies":[{"embeddable":true,"href":"https:\/\/agora.xtec.cat\/iesqm\/wp-json\/wp\/v2\/comments?post=6760"}],"version-history":[{"count":2,"href":"https:\/\/agora.xtec.cat\/iesqm\/wp-json\/wp\/v2\/pages\/6760\/revisions"}],"predecessor-version":[{"id":7471,"href":"https:\/\/agora.xtec.cat\/iesqm\/wp-json\/wp\/v2\/pages\/6760\/revisions\/7471"}],"up":[{"embeddable":true,"href":"https:\/\/agora.xtec.cat\/iesqm\/wp-json\/wp\/v2\/pages\/2967"}],"wp:attachment":[{"href":"https:\/\/agora.xtec.cat\/iesqm\/wp-json\/wp\/v2\/media?parent=6760"}],"curies":[{"name":"wp","href":"https:\/\/api.w.org\/{rel}","templated":true}]}}