{"id":67,"date":"2014-09-18T10:14:18","date_gmt":"2014-09-18T09:14:18","guid":{"rendered":"http:\/\/agora.xtec.cat\/iesqm\/?page_id=67"},"modified":"2025-09-03T18:14:20","modified_gmt":"2025-09-03T16:14:20","slug":"acollida","status":"publish","type":"page","link":"https:\/\/agora.xtec.cat\/iesqm\/serveis\/acollida\/","title":{"rendered":"Acollida"},"content":{"rendered":"\n<p class=\"has-text-align-center has-medium-font-size\">Servei de cuina i monitoratge a c\u00e0rrec de \u00c0gora Col\u00b7lectivitats.<\/p>\n\n\n\n<figure class=\"wp-block-image size-large is-style-default\"><a href=\"https:\/\/agora.xtec.cat\/iesqm\/wp-content\/uploads\/usu894\/2025\/09\/Captura-de-pantalla-2025-09-03-a-las-18.01.40.png\"><img loading=\"lazy\" decoding=\"async\" width=\"698\" height=\"1024\" src=\"https:\/\/agora.xtec.cat\/iesqm\/wp-content\/uploads\/usu894\/2025\/09\/Captura-de-pantalla-2025-09-03-a-las-18.01.40-698x1024.png\" alt=\"\" class=\"wp-image-7540\" style=\"aspect-ratio:16\/9;object-fit:cover\" srcset=\"https:\/\/agora.xtec.cat\/iesqm\/wp-content\/uploads\/usu894\/2025\/09\/Captura-de-pantalla-2025-09-03-a-las-18.01.40-698x1024.png 698w, https:\/\/agora.xtec.cat\/iesqm\/wp-content\/uploads\/usu894\/2025\/09\/Captura-de-pantalla-2025-09-03-a-las-18.01.40-204x300.png 204w, https:\/\/agora.xtec.cat\/iesqm\/wp-content\/uploads\/usu894\/2025\/09\/Captura-de-pantalla-2025-09-03-a-las-18.01.40-768x1127.png 768w, https:\/\/agora.xtec.cat\/iesqm\/wp-content\/uploads\/usu894\/2025\/09\/Captura-de-pantalla-2025-09-03-a-las-18.01.40-1047x1536.png 1047w, https:\/\/agora.xtec.cat\/iesqm\/wp-content\/uploads\/usu894\/2025\/09\/Captura-de-pantalla-2025-09-03-a-las-18.01.40.png 1168w\" sizes=\"auto, (max-width: 698px) 100vw, 698px\" \/><\/a><\/figure>\n\n\n\n<p class=\"has-text-align-center has-light-green-cyan-background-color has-background has-medium-font-size\">Els servei d\u2019acollida matinal s\u2019iniciar\u00e0 el dia 08\/09\/2025 i finalitzar\u00e0 el dia 19\/06\/2026.<br><\/p>\n\n\n\n<figure class=\"wp-block-image size-large\"><a href=\"https:\/\/agora.xtec.cat\/iesqm\/wp-content\/uploads\/usu894\/2025\/09\/Captura-de-pantalla-2025-09-03-a-las-18.06.28.png\"><img loading=\"lazy\" decoding=\"async\" width=\"1024\" height=\"157\" src=\"https:\/\/agora.xtec.cat\/iesqm\/wp-content\/uploads\/usu894\/2025\/09\/Captura-de-pantalla-2025-09-03-a-las-18.06.28-1024x157.png\" alt=\"\" class=\"wp-image-7542\" srcset=\"https:\/\/agora.xtec.cat\/iesqm\/wp-content\/uploads\/usu894\/2025\/09\/Captura-de-pantalla-2025-09-03-a-las-18.06.28-1024x157.png 1024w, https:\/\/agora.xtec.cat\/iesqm\/wp-content\/uploads\/usu894\/2025\/09\/Captura-de-pantalla-2025-09-03-a-las-18.06.28-300x46.png 300w, https:\/\/agora.xtec.cat\/iesqm\/wp-content\/uploads\/usu894\/2025\/09\/Captura-de-pantalla-2025-09-03-a-las-18.06.28-768x118.png 768w, https:\/\/agora.xtec.cat\/iesqm\/wp-content\/uploads\/usu894\/2025\/09\/Captura-de-pantalla-2025-09-03-a-las-18.06.28-1536x235.png 1536w, https:\/\/agora.xtec.cat\/iesqm\/wp-content\/uploads\/usu894\/2025\/09\/Captura-de-pantalla-2025-09-03-a-las-18.06.28.png 1644w\" sizes=\"auto, (max-width: 1024px) 100vw, 1024px\" \/><\/a><\/figure>\n\n\n\n<p><\/p>\n\n\n\n<p class=\"has-text-align-center has-medium-font-size\">En cas que no s\u2019arribi a un m\u00ednim de 20 alumnes, el preu s\u2019incrementar\u00e0 o es prescindir\u00e0 d\u2019un\/a monitor\/a.<\/p>\n\n\n\n<p class=\"has-medium-font-size\"><strong>Forma de pagament<\/strong>:                                                                                                                                                                                                                                                                                                                                                                         Mitjan\u00e7ant domiciliaci\u00f3 banc\u00e0ria per mes avan\u00e7at. \u201cEl cobrament mensual dels serveis d\u2019acollides s\u2019efectuaren dins dels 5 primers dies h\u00e0bils del mes en curs del servei\u201d.<br><\/p>\n\n\n\n<p class=\"has-medium-font-size\"><strong>Els documents d\u2019inscripci\u00f3 i \u201cOrdre Sepa\u201d:<\/strong> s&#8217;han de complimentar a l\u2019App \u00c0gora Col\u00b7lectivitats i retornar omplerts telem\u00e0ticament i\/o mitjan\u00e7ant l\u2019adre\u00e7a de correu electr\u00f2nic info@agoracat.com, el primer dia del servei, o a m\u00e9s trigar, els cinc primers dies de l\u2019inici del servei de l\u2019alumne\/a (obligatori per tots els\/les alumnes).<\/p>\n\n\n\n<p class=\"has-medium-font-size\"><br><strong>Retorn de rebuts: <\/strong>l\u2019empresa informar\u00e0 a trav\u00e9s de l\u2019App, i\/o via telef\u00f2nica, i\/o mitjan\u00e7ant escrit, i\/o correu electr\u00f2nic, i\/o correu certificat, de la quantitat pendent de pagar, inclosos 5\u20ac per les despeses banc\u00e0ries, al compte on fer el pagament i s\u2019haur\u00e0 de satisfer en un termini de 3 dies a comptar a partir del dia seg\u00fcent de la notificaci\u00f3. En cas contrari, es donar\u00e0 de baixa autom\u00e0ticament del servei fins que no es faci efectiu el deute.<\/p>\n\n\n\n<p class=\"has-medium-font-size\"><br><strong>Baixa servei:<\/strong> Si un\/a alumne\/a ha fet l\u2019abonament mensual i decideix donar-se de baixa, ho ha de comunicar obligat\u00f2riament per escrit a l\u2019administraci\u00f3 d\u2019\u00c0gora. L\u2019escrit s\u2019ha d\u2019enviar mitjan\u00e7ant l\u2019App, a la coordinadora del servei, i\/o mitjan\u00e7ant el correu electr\u00f2nic info@agoracat.com. La baixa es comptabilitzar\u00e0 a partir del mes seg\u00fcent a la recepci\u00f3 de l\u2019escrit.<\/p>\n\n\n\n<p class=\"has-text-align-center\"><strong>USUARIS\/ES ESPOR\u00c0DICS\/QUES<\/strong><\/p>\n\n\n\n<figure class=\"wp-block-image size-large\"><a href=\"https:\/\/agora.xtec.cat\/iesqm\/wp-content\/uploads\/usu894\/2025\/09\/Captura-de-pantalla-2025-09-03-a-las-18.11.14.png\"><img loading=\"lazy\" decoding=\"async\" width=\"1024\" height=\"136\" src=\"https:\/\/agora.xtec.cat\/iesqm\/wp-content\/uploads\/usu894\/2025\/09\/Captura-de-pantalla-2025-09-03-a-las-18.11.14-1024x136.png\" alt=\"\" class=\"wp-image-7543\" srcset=\"https:\/\/agora.xtec.cat\/iesqm\/wp-content\/uploads\/usu894\/2025\/09\/Captura-de-pantalla-2025-09-03-a-las-18.11.14-1024x136.png 1024w, https:\/\/agora.xtec.cat\/iesqm\/wp-content\/uploads\/usu894\/2025\/09\/Captura-de-pantalla-2025-09-03-a-las-18.11.14-300x40.png 300w, https:\/\/agora.xtec.cat\/iesqm\/wp-content\/uploads\/usu894\/2025\/09\/Captura-de-pantalla-2025-09-03-a-las-18.11.14-768x102.png 768w, https:\/\/agora.xtec.cat\/iesqm\/wp-content\/uploads\/usu894\/2025\/09\/Captura-de-pantalla-2025-09-03-a-las-18.11.14-1536x204.png 1536w, https:\/\/agora.xtec.cat\/iesqm\/wp-content\/uploads\/usu894\/2025\/09\/Captura-de-pantalla-2025-09-03-a-las-18.11.14.png 1644w\" sizes=\"auto, (max-width: 1024px) 100vw, 1024px\" \/><\/a><\/figure>\n\n\n\n<p><\/p>\n\n\n\n<p class=\"has-text-align-center has-medium-font-size\">Pels\/les alumnes que facin \u00fas del servei ocasional, el pagament es far\u00e0 per avan\u00e7at.<br><strong>Formes de pagament:<\/strong>   Mitjan\u00e7ant l\u2019App \u00c0gora Col\u00b7lectivitats.<br>Nota: Queda totalment prohibit l\u2019acc\u00e9s al servei sin\u00f3 s\u2019ha efectuat el pagament per avan\u00e7at.<\/p>\n\n\n\n<p>&nbsp;<\/p>\n\n\n\n<p><\/p>\n","protected":false},"excerpt":{"rendered":"<p>Servei de cuina i monitoratge a c\u00e0rrec de \u00c0gora Col\u00b7lectivitats. Els servei d\u2019acollida matinal s\u2019iniciar\u00e0 el dia 08\/09\/2025 i finalitzar\u00e0 el dia 19\/06\/2026. En cas que no s\u2019arribi a un m\u00ednim de 20 alumnes, el preu s\u2019incrementar\u00e0 o es prescindir\u00e0 d\u2019un\/a monitor\/a. Forma de pagament: Mitjan\u00e7ant domiciliaci\u00f3 banc\u00e0ria per mes avan\u00e7at. \u201cEl cobrament mensual dels [&hellip;]<\/p>\n","protected":false},"author":1,"featured_media":7540,"parent":1088,"menu_order":0,"comment_status":"closed","ping_status":"closed","template":"","meta":{"_bbp_topic_count":0,"_bbp_reply_count":0,"_bbp_total_topic_count":0,"_bbp_total_reply_count":0,"_bbp_voice_count":0,"_bbp_anonymous_reply_count":0,"_bbp_topic_count_hidden":0,"_bbp_reply_count_hidden":0,"_bbp_forum_subforum_count":0,"site-sidebar-layout":"default","site-content-layout":"","ast-site-content-layout":"default","site-content-style":"default","site-sidebar-style":"default","ast-global-header-display":"","ast-banner-title-visibility":"","ast-main-header-display":"","ast-hfb-above-header-display":"","ast-hfb-below-header-display":"","ast-hfb-mobile-header-display":"","site-post-title":"","ast-breadcrumbs-content":"","ast-featured-img":"","footer-sml-layout":"","theme-transparent-header-meta":"","adv-header-id-meta":"","stick-header-meta":"","header-above-stick-meta":"","header-main-stick-meta":"","header-below-stick-meta":"","astra-migrate-meta-layouts":"set","ast-page-background-enabled":"default","ast-page-background-meta":{"desktop":{"background-color":"var(--ast-global-color-4)","background-image":"","background-repeat":"repeat","background-position":"center center","background-size":"auto","background-attachment":"scroll","background-type":"","background-media":"","overlay-type":"","overlay-color":"","overlay-opacity":"","overlay-gradient":""},"tablet":{"background-color":"","background-image":"","background-repeat":"repeat","background-position":"center center","background-size":"auto","background-attachment":"scroll","background-type":"","background-media":"","overlay-type":"","overlay-color":"","overlay-opacity":"","overlay-gradient":""},"mobile":{"background-color":"","background-image":"","background-repeat":"repeat","background-position":"center center","background-size":"auto","background-attachment":"scroll","background-type":"","background-media":"","overlay-type":"","overlay-color":"","overlay-opacity":"","overlay-gradient":""}},"ast-content-background-meta":{"desktop":{"background-color":"var(--ast-global-color-5)","background-image":"","background-repeat":"repeat","background-position":"center center","background-size":"auto","background-attachment":"scroll","background-type":"","background-media":"","overlay-type":"","overlay-color":"","overlay-opacity":"","overlay-gradient":""},"tablet":{"background-color":"var(--ast-global-color-5)","background-image":"","background-repeat":"repeat","background-position":"center center","background-size":"auto","background-attachment":"scroll","background-type":"","background-media":"","overlay-type":"","overlay-color":"","overlay-opacity":"","overlay-gradient":""},"mobile":{"background-color":"var(--ast-global-color-5)","background-image":"","background-repeat":"repeat","background-position":"center center","background-size":"auto","background-attachment":"scroll","background-type":"","background-media":"","overlay-type":"","overlay-color":"","overlay-opacity":"","overlay-gradient":""}},"footnotes":""},"class_list":["post-67","page","type-page","status-publish","has-post-thumbnail","hentry"],"post_mailing_queue_ids":[],"_links":{"self":[{"href":"https:\/\/agora.xtec.cat\/iesqm\/wp-json\/wp\/v2\/pages\/67","targetHints":{"allow":["GET"]}}],"collection":[{"href":"https:\/\/agora.xtec.cat\/iesqm\/wp-json\/wp\/v2\/pages"}],"about":[{"href":"https:\/\/agora.xtec.cat\/iesqm\/wp-json\/wp\/v2\/types\/page"}],"author":[{"embeddable":true,"href":"https:\/\/agora.xtec.cat\/iesqm\/wp-json\/wp\/v2\/users\/1"}],"replies":[{"embeddable":true,"href":"https:\/\/agora.xtec.cat\/iesqm\/wp-json\/wp\/v2\/comments?post=67"}],"version-history":[{"count":4,"href":"https:\/\/agora.xtec.cat\/iesqm\/wp-json\/wp\/v2\/pages\/67\/revisions"}],"predecessor-version":[{"id":7544,"href":"https:\/\/agora.xtec.cat\/iesqm\/wp-json\/wp\/v2\/pages\/67\/revisions\/7544"}],"up":[{"embeddable":true,"href":"https:\/\/agora.xtec.cat\/iesqm\/wp-json\/wp\/v2\/pages\/1088"}],"wp:featuredmedia":[{"embeddable":true,"href":"https:\/\/agora.xtec.cat\/iesqm\/wp-json\/wp\/v2\/media\/7540"}],"wp:attachment":[{"href":"https:\/\/agora.xtec.cat\/iesqm\/wp-json\/wp\/v2\/media?parent=67"}],"curies":[{"name":"wp","href":"https:\/\/api.w.org\/{rel}","templated":true}]}}