{"id":6226,"date":"2023-05-25T15:06:35","date_gmt":"2023-05-25T13:06:35","guid":{"rendered":"https:\/\/agora.xtec.cat\/iesqm\/?page_id=6226"},"modified":"2023-05-25T15:06:35","modified_gmt":"2023-05-25T13:06:35","slug":"avaluacio-i-millora","status":"publish","type":"page","link":"https:\/\/agora.xtec.cat\/iesqm\/linstitut\/estrategia-digital\/justificacio\/avaluacio-i-millora\/","title":{"rendered":"Avaluaci\u00f3 i millora"},"content":{"rendered":"<p class=\"zfr3Q CDt4Ke \" dir=\"ltr\"><span class=\"C9DxTc \">Els\u00a0<\/span><span class=\"C9DxTc \">objectius\u00a0<\/span><span class=\"C9DxTc \">digitals\u00a0<\/span><span class=\"C9DxTc \">anuals\u00a0<\/span><span class=\"C9DxTc \">s\u00f3n tots aquells objectius que s&#8217;incorporen en la\u00a0<\/span><span class=\"C9DxTc \">Programaci\u00f3 General Anual (PGA)\u00a0<\/span><span class=\"C9DxTc \">de centre en mat\u00e8ria de tecnologies de la informaci\u00f3 i la comunicaci\u00f3 (TIC), de tecnologies per a l&#8217;aprenentatge i el coneixement (TAC) o en la governan\u00e7a i la gesti\u00f3 de la tecnologia al centre.<\/span><\/p>\n<p class=\"zfr3Q CDt4Ke \" dir=\"ltr\"><span class=\"C9DxTc \">Per assegurar que el Pla\u00a0<\/span><span class=\"C9DxTc \">digital\u00a0<\/span><span class=\"C9DxTc \">i la Programaci\u00f3 General Anual (PGA) del centre\u00a0<\/span><span class=\"C9DxTc \">segueixen\u00a0<\/span><span class=\"C9DxTc \">una mateixa l\u00ednia d&#8217;acci\u00f3 amb objectius coherents i en sintonia entre ells,\u00a0<\/span><span class=\"C9DxTc \">s&#8217;estableixen<\/span><span class=\"C9DxTc \">\u00a0els seg\u00fcents mecanismes per concretar i avaluar els <\/span><\/p>\n<p class=\"zfr3Q CDt4Ke \" dir=\"ltr\"><span class=\"C9DxTc \">Objectius\u00a0<\/span><span class=\"C9DxTc \">digitals\u00a0<\/span><span class=\"C9DxTc \">anuals<\/span><span class=\"C9DxTc \">:<\/span><\/p>\n<div class=\"CjVfdc\">\n<div class=\"PPhIP rviiZ\">\n<div class=\"U26fgb mUbCce fKz7Od LRAOtb Znu9nd M9Bg4d\" role=\"presentation\" aria-describedby=\"h.5pyog3r7kek4_l\" aria-label=\"Copia l'enlla\u00e7 del t\u00edtol\" aria-disabled=\"false\" data-tooltip=\"Copia l'enlla\u00e7 del t\u00edtol\" aria-hidden=\"true\" data-tooltip-position=\"top\" data-tooltip-vertical-offset=\"12\" data-tooltip-horizontal-offset=\"0\">\n<div class=\"VTBa7b MbhUzd\"><\/div>\n<\/div>\n<\/div>\n<p><strong><span class=\"yZbIUe C9DxTc \">CONCRECI\u00d3 DELS OBJECTIUS\u00a0<\/span><span class=\"C9DxTc \">DIGITALS\u00a0<\/span><span class=\"yZbIUe C9DxTc \">ANUALS<\/span><\/strong><\/div>\n<p class=\"zfr3Q CDt4Ke \" dir=\"ltr\"><span class=\"C9DxTc \">En la reuni\u00f3 d&#8217;inici de curs de la Comissi\u00f3\u00a0<\/span><span class=\"C9DxTc \">digital\u00a0<\/span><span class=\"C9DxTc \">que es realitza durant la primera quinzena de setembre, la Comissi\u00f3\u00a0<\/span><span class=\"C9DxTc \">digital<\/span><span class=\"C9DxTc \">\u00a0concretaran els objectius\u00a0<\/span><span class=\"C9DxTc \">digitals\u00a0<\/span><span class=\"C9DxTc \">anuals m\u00e9s adients per incorporar a la\u00a0<\/span><span class=\"C9DxTc \">Programaci\u00f3 General Anual (PGA)<\/span><span class=\"C9DxTc \">.\u00a0<\/span><span class=\"C9DxTc \">Aquests objectius\u00a0<\/span><span class=\"C9DxTc \">digitals\u00a0<\/span><span class=\"C9DxTc \">han de ser coherents amb\u00a0<\/span><span class=\"C9DxTc \">l&#8217;estrat\u00e8gia digital del centre<\/span><span class=\"C9DxTc \">\u00a0i la situaci\u00f3 actual del nou curs entrant. En aquesta reuni\u00f3 tamb\u00e9 s&#8217;establiran els indicadors\u00a0<\/span><span class=\"C9DxTc \">del seu assoliment<\/span><span class=\"C9DxTc \">.<\/span><\/p>\n<p class=\"zfr3Q CDt4Ke \" dir=\"ltr\"><span class=\"C9DxTc \">La Comissi\u00f3\u00a0<\/span><span class=\"C9DxTc \">digital\u00a0<\/span><span class=\"C9DxTc \">establir\u00e0 a partir d&#8217;aquests objectius acordats els mecanismes i les actuacions m\u00e9s adients\u00a0<\/span><span class=\"C9DxTc \">a realitzar durant el curs.<\/span><\/p>\n<div id=\"h.os4kiicbjlwr\" class=\"CobnVe yMxPgf  aP9Z7e\"><\/div>\n<div class=\"CjVfdc\">\n<div class=\"PPhIP rviiZ\">\n<div class=\"U26fgb mUbCce fKz7Od LRAOtb Znu9nd M9Bg4d\" role=\"presentation\" aria-describedby=\"h.os4kiicbjlwr_l\" aria-label=\"Copia l'enlla\u00e7 del t\u00edtol\" aria-disabled=\"false\" data-tooltip=\"Copia l'enlla\u00e7 del t\u00edtol\" aria-hidden=\"true\" data-tooltip-position=\"top\" data-tooltip-vertical-offset=\"12\" data-tooltip-horizontal-offset=\"0\">\n<div class=\"VTBa7b MbhUzd\"><\/div>\n<\/div>\n<\/div>\n<p><strong><span class=\"yZbIUe C9DxTc \">AVALUACI\u00d3 DELS OBJECTIUS\u00a0<\/span><span class=\"C9DxTc \">DIGITALS\u00a0<\/span><span class=\"yZbIUe C9DxTc \">ANUALS<\/span><\/strong><\/div>\n<p class=\"zfr3Q CDt4Ke \" dir=\"ltr\"><span class=\"C9DxTc \">A l&#8217;inici del segon trimestre, la Comissi\u00f3 digital es reunir\u00e0 per fer el seguiment de les diferents actuacions que s&#8217;han dut a terme i valorar el grau d&#8217;assoliment i fer les modificacions necess\u00e0ries.\u00a0<\/span><\/p>\n<p class=\"zfr3Q CDt4Ke \" dir=\"ltr\"><span class=\"C9DxTc \">Durant la reuni\u00f3 de final de curs de la Comissi\u00f3\u00a0<\/span><span class=\"C9DxTc \">digital<\/span><span class=\"C9DxTc \">,<\/span><span class=\"C9DxTc \">\u00a0s&#8217;<\/span><span class=\"C9DxTc \">avalu<\/span><span class=\"C9DxTc \">ar\u00e0<\/span><span class=\"C9DxTc \">\u00a0el grau de consecuci\u00f3 dels objectius\u00a0<\/span><span class=\"C9DxTc \">digitals\u00a0<\/span><span class=\"C9DxTc \">del curs. La informaci\u00f3 qualitativa d&#8217;aquesta avaluaci\u00f3 ha d&#8217;util<\/span><span class=\"C9DxTc \">it<\/span><span class=\"C9DxTc \">zar-se tamb\u00e9 per concretar els nous objectius\u00a0<\/span><span class=\"C9DxTc \">digitals\u00a0<\/span><span class=\"C9DxTc \">anuals durant l&#8217;inici del pr<\/span><span class=\"C9DxTc \">\u00f2xim<\/span><span class=\"C9DxTc \">\u00a0cur<\/span><span class=\"C9DxTc \">s.<\/span><\/p>\n","protected":false},"excerpt":{"rendered":"<p>Els\u00a0objectius\u00a0digitals\u00a0anuals\u00a0s\u00f3n tots aquells objectius que s&#8217;incorporen en la\u00a0Programaci\u00f3 General Anual (PGA)\u00a0de centre en mat\u00e8ria de tecnologies de la informaci\u00f3 i la comunicaci\u00f3 (TIC), de tecnologies per a l&#8217;aprenentatge i el coneixement (TAC) o en la governan\u00e7a i la gesti\u00f3 de la tecnologia al centre. Per assegurar que el Pla\u00a0digital\u00a0i la Programaci\u00f3 General Anual (PGA) del [&hellip;]<\/p>\n","protected":false},"author":1,"featured_media":0,"parent":4521,"menu_order":0,"comment_status":"closed","ping_status":"closed","template":"","meta":{"_bbp_topic_count":0,"_bbp_reply_count":0,"_bbp_total_topic_count":0,"_bbp_total_reply_count":0,"_bbp_voice_count":0,"_bbp_anonymous_reply_count":0,"_bbp_topic_count_hidden":0,"_bbp_reply_count_hidden":0,"_bbp_forum_subforum_count":0,"site-sidebar-layout":"default","site-content-layout":"","ast-site-content-layout":"","site-content-style":"default","site-sidebar-style":"default","ast-global-header-display":"","ast-banner-title-visibility":"","ast-main-header-display":"","ast-hfb-above-header-display":"","ast-hfb-below-header-display":"","ast-hfb-mobile-header-display":"","site-post-title":"","ast-breadcrumbs-content":"","ast-featured-img":"","footer-sml-layout":"","theme-transparent-header-meta":"","adv-header-id-meta":"","stick-header-meta":"","header-above-stick-meta":"","header-main-stick-meta":"","header-below-stick-meta":"","astra-migrate-meta-layouts":"default","ast-page-background-enabled":"default","ast-page-background-meta":{"desktop":{"background-color":"var(--ast-global-color-4)","background-image":"","background-repeat":"repeat","background-position":"center center","background-size":"auto","background-attachment":"scroll","background-type":"","background-media":"","overlay-type":"","overlay-color":"","overlay-opacity":"","overlay-gradient":""},"tablet":{"background-color":"","background-image":"","background-repeat":"repeat","background-position":"center center","background-size":"auto","background-attachment":"scroll","background-type":"","background-media":"","overlay-type":"","overlay-color":"","overlay-opacity":"","overlay-gradient":""},"mobile":{"background-color":"","background-image":"","background-repeat":"repeat","background-position":"center center","background-size":"auto","background-attachment":"scroll","background-type":"","background-media":"","overlay-type":"","overlay-color":"","overlay-opacity":"","overlay-gradient":""}},"ast-content-background-meta":{"desktop":{"background-color":"var(--ast-global-color-5)","background-image":"","background-repeat":"repeat","background-position":"center center","background-size":"auto","background-attachment":"scroll","background-type":"","background-media":"","overlay-type":"","overlay-color":"","overlay-opacity":"","overlay-gradient":""},"tablet":{"background-color":"var(--ast-global-color-5)","background-image":"","background-repeat":"repeat","background-position":"center center","background-size":"auto","background-attachment":"scroll","background-type":"","background-media":"","overlay-type":"","overlay-color":"","overlay-opacity":"","overlay-gradient":""},"mobile":{"background-color":"var(--ast-global-color-5)","background-image":"","background-repeat":"repeat","background-position":"center center","background-size":"auto","background-attachment":"scroll","background-type":"","background-media":"","overlay-type":"","overlay-color":"","overlay-opacity":"","overlay-gradient":""}},"footnotes":""},"class_list":["post-6226","page","type-page","status-publish","hentry"],"post_mailing_queue_ids":[],"_links":{"self":[{"href":"https:\/\/agora.xtec.cat\/iesqm\/wp-json\/wp\/v2\/pages\/6226","targetHints":{"allow":["GET"]}}],"collection":[{"href":"https:\/\/agora.xtec.cat\/iesqm\/wp-json\/wp\/v2\/pages"}],"about":[{"href":"https:\/\/agora.xtec.cat\/iesqm\/wp-json\/wp\/v2\/types\/page"}],"author":[{"embeddable":true,"href":"https:\/\/agora.xtec.cat\/iesqm\/wp-json\/wp\/v2\/users\/1"}],"replies":[{"embeddable":true,"href":"https:\/\/agora.xtec.cat\/iesqm\/wp-json\/wp\/v2\/comments?post=6226"}],"version-history":[{"count":1,"href":"https:\/\/agora.xtec.cat\/iesqm\/wp-json\/wp\/v2\/pages\/6226\/revisions"}],"predecessor-version":[{"id":6227,"href":"https:\/\/agora.xtec.cat\/iesqm\/wp-json\/wp\/v2\/pages\/6226\/revisions\/6227"}],"up":[{"embeddable":true,"href":"https:\/\/agora.xtec.cat\/iesqm\/wp-json\/wp\/v2\/pages\/4521"}],"wp:attachment":[{"href":"https:\/\/agora.xtec.cat\/iesqm\/wp-json\/wp\/v2\/media?parent=6226"}],"curies":[{"name":"wp","href":"https:\/\/api.w.org\/{rel}","templated":true}]}}