{"id":6212,"date":"2023-05-25T11:11:10","date_gmt":"2023-05-25T09:11:10","guid":{"rendered":"https:\/\/agora.xtec.cat\/iesqm\/?page_id=6212"},"modified":"2023-05-25T11:11:10","modified_gmt":"2023-05-25T09:11:10","slug":"objectius-edc-2","status":"publish","type":"page","link":"https:\/\/agora.xtec.cat\/iesqm\/linstitut\/estrategia-digital\/justificacio\/objectius-edc-2\/","title":{"rendered":"Objectius EDC"},"content":{"rendered":"<p>L\u2019Institut escola de Sant Quint\u00ed de Mediona pret\u00e9n els seg\u00fcents reptes en compet\u00e8ncia digital:<\/p>\n<p><strong>\u2013 proporcionar a l\u2019alumnat compet\u00e8ncies en la resoluci\u00f3 de problemes senzills a l\u2019hora de configurar dispositius i perif\u00e8rics d\u2019\u00fas quotidi\u00e0.<\/strong><\/p>\n<p><strong>\u2013 plantejar solucions innovadores i creatives mitjan\u00e7ant l\u2019\u00fas d\u2019eines de creaci\u00f3 de continguts en suports digitals.<\/strong><\/p>\n<p><strong>\u2013 crear aplicacions i continguts audiovisuals.<\/strong><\/p>\n<p><strong>\u2013 fomentar l\u2019aprenentatge permanent, mitjan\u00e7ant la integraci\u00f3 i organitzaci\u00f3 de continguts en entorns personals d\u2019aprenentatge.<\/strong><\/p>\n<p>Per aconseguir-ho creu que \u00e9s responsabilitat de tota la comunitat educativa establir vincles entre les diferents etapes per aix\u00f2 del seg\u00fcent document on es pret\u00e9n relacionar i connectar les diferents activitats que ens ajudaran a proporcionar les eines necess\u00e0ries perqu\u00e8 tot l\u2019alumnat del centre pugui adquirir la Compet\u00e8ncia Digital, que \u00e9s clau en el Perfil de Sortida de l\u2019educaci\u00f3 b\u00e0sica.<\/p>\n<p><strong>Els objectius generals a l\u2019etapa d\u2019educaci\u00f3 infantil i prim\u00e0ria en aquest \u00e0mbit, s\u00f3n:\u00a0<\/strong><\/p>\n<p><strong>\u2013 Iniciaci\u00f3 en l\u2019alfabetitzaci\u00f3 digital<\/strong><\/p>\n<p><strong>\u2013 Interacci\u00f3 amb entorns virtuals<\/strong><\/p>\n<p><strong>\u2013 Comunicaci\u00f3 fent servir entorns virtuals<\/strong><\/p>\n<p><strong>\u2013 Gesti\u00f3 de la identitat digital i de la seva protecci\u00f3.<\/strong><\/p>\n<p>A l\u2019etapa d\u2019ESO, els objectius generals son la consolidaci\u00f3 de tots els anteriors i posar les bases per exercir com un ciutad\u00e0 o ciutadana activa i compromesa digitalment, i \u00e9s per aquest motiu que des de totes les \u00e0rees es treballen les compet\u00e8ncies espec\u00edfiques referents a la digitalitzaci\u00f3; amb especial rellev\u00e0ncia, a la mat\u00e8ria de Tecnologia i Digitalitzaci\u00f3, i la de Digitalitzaci\u00f3.<\/p>\n<table>\n<tbody>\n<tr>\n<td><b>COMPET\u00c8NCIES DIGITALS del Perfil Clau de Sortida de l\u2019Educaci\u00f3 B\u00e0sica<\/b><\/td>\n<\/tr>\n<tr>\n<td><b>CD1.\u00a0<\/b>Realitza cerques avan\u00e7ades a internet atenent a criteris de validesa, qualitat, actualitat i fiabilitat, seleccionant-les de manera cr\u00edtica i arxivant-les per recuperar, referenciar i reutilitzar aquestes recerques amb respecte a la propietat intel\u00b7lectual.\u00a0<b>CD2.\u00a0<\/b>Gestiona i utilitza el seu propi entorn personal digital d\u2019aprenentatge permanent per construir nou coneixement i crear continguts digitals, mitjan\u00e7ant estrat\u00e8gies de tractament de la informaci\u00f3 i l\u2019\u00fas de diferents eines digitals, seleccionant i configurant la m\u00e9s adequada en funci\u00f3 de la tasca i de les seves necessitats en cada ocasi\u00f3.&nbsp;<\/p>\n<p><b>CD3<\/b>. Participa, col\u00b7labora i interactua mitjan\u00e7ant eines i \/ o plataformes virtuals per comunicar-se, treballar col\u00b7laborativament i compartir continguts, dades i informaci\u00f3, gestionant de manera responsable les seves accions, pres\u00e8ncia i visibilitat a la xarxa i exercint una ciutadania digital activa, c\u00edvica i reflexiva.<\/p>\n<p><b>CD4.<\/b>\u00a0identifica riscos i adopta mesures a l\u2019usar les tecnologies digitals per protegir els dispositius, les dades personals, la salut i el medi ambient, i per prendre consci\u00e8ncia de la import\u00e0ncia i necessitat de fer un \u00fas cr\u00edtic, legal, segur, saludable i sostenible d\u2019aquestes.<\/p>\n<p><b>CD5.\u00a0<\/b>Desenvolupa aplicacions inform\u00e0tiques senzilles i solucions tecnol\u00f2giques creatives i sostenibles per a resoldre problemes concrets o respondre a reptes proposats, mostrant inter\u00e8s i curiositat per l\u2019evoluci\u00f3 de les tecnologies digitals i pel seu desenvolupament sostenible i \u00fas \u00e8tic<\/td>\n<\/tr>\n<\/tbody>\n<\/table>\n","protected":false},"excerpt":{"rendered":"<p>L\u2019Institut escola de Sant Quint\u00ed de Mediona pret\u00e9n els seg\u00fcents reptes en compet\u00e8ncia digital: \u2013 proporcionar a l\u2019alumnat compet\u00e8ncies en la resoluci\u00f3 de problemes senzills a l\u2019hora de configurar dispositius i perif\u00e8rics d\u2019\u00fas quotidi\u00e0. \u2013 plantejar solucions innovadores i creatives mitjan\u00e7ant l\u2019\u00fas d\u2019eines de creaci\u00f3 de continguts en suports digitals. \u2013 crear aplicacions i continguts [&hellip;]<\/p>\n","protected":false},"author":1,"featured_media":0,"parent":4521,"menu_order":0,"comment_status":"closed","ping_status":"closed","template":"","meta":{"_bbp_topic_count":0,"_bbp_reply_count":0,"_bbp_total_topic_count":0,"_bbp_total_reply_count":0,"_bbp_voice_count":0,"_bbp_anonymous_reply_count":0,"_bbp_topic_count_hidden":0,"_bbp_reply_count_hidden":0,"_bbp_forum_subforum_count":0,"site-sidebar-layout":"default","site-content-layout":"","ast-site-content-layout":"","site-content-style":"default","site-sidebar-style":"default","ast-global-header-display":"","ast-banner-title-visibility":"","ast-main-header-display":"","ast-hfb-above-header-display":"","ast-hfb-below-header-display":"","ast-hfb-mobile-header-display":"","site-post-title":"","ast-breadcrumbs-content":"","ast-featured-img":"","footer-sml-layout":"","theme-transparent-header-meta":"","adv-header-id-meta":"","stick-header-meta":"","header-above-stick-meta":"","header-main-stick-meta":"","header-below-stick-meta":"","astra-migrate-meta-layouts":"default","ast-page-background-enabled":"default","ast-page-background-meta":{"desktop":{"background-color":"var(--ast-global-color-4)","background-image":"","background-repeat":"repeat","background-position":"center center","background-size":"auto","background-attachment":"scroll","background-type":"","background-media":"","overlay-type":"","overlay-color":"","overlay-opacity":"","overlay-gradient":""},"tablet":{"background-color":"","background-image":"","background-repeat":"repeat","background-position":"center center","background-size":"auto","background-attachment":"scroll","background-type":"","background-media":"","overlay-type":"","overlay-color":"","overlay-opacity":"","overlay-gradient":""},"mobile":{"background-color":"","background-image":"","background-repeat":"repeat","background-position":"center center","background-size":"auto","background-attachment":"scroll","background-type":"","background-media":"","overlay-type":"","overlay-color":"","overlay-opacity":"","overlay-gradient":""}},"ast-content-background-meta":{"desktop":{"background-color":"var(--ast-global-color-5)","background-image":"","background-repeat":"repeat","background-position":"center center","background-size":"auto","background-attachment":"scroll","background-type":"","background-media":"","overlay-type":"","overlay-color":"","overlay-opacity":"","overlay-gradient":""},"tablet":{"background-color":"var(--ast-global-color-5)","background-image":"","background-repeat":"repeat","background-position":"center center","background-size":"auto","background-attachment":"scroll","background-type":"","background-media":"","overlay-type":"","overlay-color":"","overlay-opacity":"","overlay-gradient":""},"mobile":{"background-color":"var(--ast-global-color-5)","background-image":"","background-repeat":"repeat","background-position":"center center","background-size":"auto","background-attachment":"scroll","background-type":"","background-media":"","overlay-type":"","overlay-color":"","overlay-opacity":"","overlay-gradient":""}},"footnotes":""},"class_list":["post-6212","page","type-page","status-publish","hentry"],"post_mailing_queue_ids":[],"_links":{"self":[{"href":"https:\/\/agora.xtec.cat\/iesqm\/wp-json\/wp\/v2\/pages\/6212","targetHints":{"allow":["GET"]}}],"collection":[{"href":"https:\/\/agora.xtec.cat\/iesqm\/wp-json\/wp\/v2\/pages"}],"about":[{"href":"https:\/\/agora.xtec.cat\/iesqm\/wp-json\/wp\/v2\/types\/page"}],"author":[{"embeddable":true,"href":"https:\/\/agora.xtec.cat\/iesqm\/wp-json\/wp\/v2\/users\/1"}],"replies":[{"embeddable":true,"href":"https:\/\/agora.xtec.cat\/iesqm\/wp-json\/wp\/v2\/comments?post=6212"}],"version-history":[{"count":1,"href":"https:\/\/agora.xtec.cat\/iesqm\/wp-json\/wp\/v2\/pages\/6212\/revisions"}],"predecessor-version":[{"id":6213,"href":"https:\/\/agora.xtec.cat\/iesqm\/wp-json\/wp\/v2\/pages\/6212\/revisions\/6213"}],"up":[{"embeddable":true,"href":"https:\/\/agora.xtec.cat\/iesqm\/wp-json\/wp\/v2\/pages\/4521"}],"wp:attachment":[{"href":"https:\/\/agora.xtec.cat\/iesqm\/wp-json\/wp\/v2\/media?parent=6212"}],"curies":[{"name":"wp","href":"https:\/\/api.w.org\/{rel}","templated":true}]}}