{"id":6046,"date":"2023-04-12T12:18:49","date_gmt":"2023-04-12T10:18:49","guid":{"rendered":"https:\/\/agora.xtec.cat\/iesqm\/?page_id=6046"},"modified":"2026-02-03T15:33:56","modified_gmt":"2026-02-03T14:33:56","slug":"transparencia","status":"publish","type":"page","link":"https:\/\/agora.xtec.cat\/iesqm\/linstitut\/documentacio\/transparencia\/","title":{"rendered":"Transpar\u00e8ncia"},"content":{"rendered":"<p><strong>Economia<\/strong><\/p>\n<table style=\"border-collapse: collapse; width: 83.0223%; height: 235px;\">\n<tbody>\n<tr style=\"height: 42px;\">\n<td style=\"width: 25%; text-align: center; height: 42px;\"><strong>2021<\/strong><\/td>\n<td style=\"width: 30.1282%; text-align: center; height: 42px;\"><strong>2022<\/strong><\/td>\n<td style=\"width: 22.4359%; text-align: center; height: 42px;\"><strong><span style=\"font-size: 16px;\">2023<\/span><\/strong><\/td>\n<td style=\"width: 11.218%; text-align: center;\"><strong><span style=\"font-size: 16px;\">2024<\/span><\/strong><\/td>\n<td style=\"width: 19.5516%; text-align: center;\"><strong><span style=\"font-size: 16px;\">2025<\/span><\/strong><\/td>\n<td style=\"width: 50.6239%; text-align: center;\"><strong><span style=\"font-size: 16px;\">2026<\/span><\/strong><\/td>\n<\/tr>\n<tr style=\"height: 62px;\">\n<td style=\"width: 25%; text-align: center; height: 94px;\">\n<div><b>\u00a0<\/b><\/div>\n<div>\n<p><a href=\"https:\/\/agora.xtec.cat\/iesqm\/wp-content\/uploads\/usu894\/2022\/02\/Liquidacio-del-pressupost-2021.pdf\">Liquidaci\u00f3 del pressupost 2021<\/a><\/p>\n<\/div>\n<\/td>\n<td style=\"width: 30.1282%; height: 94px; text-align: center;\"><a href=\"https:\/\/agora.xtec.cat\/iesqm\/linstitut\/documentacio\/transparencia\/attachment\/compte-general-de-despeses-1\/\" rel=\"attachment wp-att-6051\">Compte general de despeses<\/a><\/td>\n<td style=\"width: 22.4359%; height: 94px; text-align: center;\"><a href=\"https:\/\/agora.xtec.cat\/iesqm\/linstitut\/documentacio\/transparencia\/attachment\/dades-del-pressupost-2\/\" rel=\"attachment wp-att-6078\">Dades del pressupost\u00a0<\/a><\/td>\n<td style=\"width: 11.218%; text-align: center;\"><a href=\"https:\/\/agora.xtec.cat\/iesqm\/linstitut\/documentacio\/transparencia\/attachment\/dades-del-pressupost\/\" rel=\"attachment wp-att-6524\">Dades del pressupost<\/a><\/td>\n<td style=\"width: 19.5516%; text-align: center;\"><\/td>\n<td style=\"width: 50.6239%; text-align: center;\"><a href=\"https:\/\/agora.xtec.cat\/iesqm\/wp-content\/uploads\/usu894\/2026\/02\/Dades-del-pressupost-1.pdf\">Pressupost<\/a><\/td>\n<\/tr>\n<tr style=\"height: 53px;\">\n<td style=\"width: 25%; text-align: center; height: 53px;\"><\/td>\n<td style=\"width: 30.1282%; height: 53px; text-align: center;\"><a style=\"color: #2795b6;\" href=\"https:\/\/agora.xtec.cat\/iesqm\/linstitut\/documentacio\/transparencia\/attachment\/compte-general-de-rendes-publiques\/\" rel=\"attachment wp-att-6052\">Compte general de rendes p\u00fabliques<\/a><\/td>\n<td style=\"width: 22.4359%; height: 53px; text-align: center;\"><a href=\"https:\/\/agora.xtec.cat\/iesqm\/linstitut\/documentacio\/transparencia\/attachment\/compte-general-de-rendes-publiques-2\/\" rel=\"attachment wp-att-6521\">Compte general de rendes p\u00fabliques<\/a><\/td>\n<td style=\"width: 11.218%; text-align: center;\"><\/td>\n<td style=\"width: 19.5516%; text-align: center;\"><\/td>\n<td style=\"width: 50.6239%; text-align: center;\"><\/td>\n<\/tr>\n<tr style=\"height: 46px;\">\n<td style=\"width: 25%; text-align: center; height: 46px;\"><\/td>\n<td style=\"width: 30.1282%; height: 46px; text-align: center;\"><a href=\"https:\/\/agora.xtec.cat\/iesqm\/linstitut\/documentacio\/transparencia\/attachment\/liquidacio-del-pressupost-1\/\" rel=\"attachment wp-att-6053\">Liquidaci\u00f3 del pressupost<\/a><\/td>\n<td style=\"width: 22.4359%; height: 46px; text-align: center;\"><a href=\"https:\/\/agora.xtec.cat\/iesqm\/linstitut\/documentacio\/transparencia\/attachment\/liquidacio-del-pressupost-1-2\/\" rel=\"attachment wp-att-6522\">Liquidaci\u00f3 del pressupost <\/a><\/td>\n<td style=\"width: 11.218%;\"><\/td>\n<td style=\"width: 19.5516%;\"><a href=\"https:\/\/agora.xtec.cat\/iesqm\/wp-content\/uploads\/usu894\/2026\/02\/Liquidacio-del-pressupost-1.pdf\">Liquidaci\u00f3 del pressupost<\/a><\/td>\n<td style=\"width: 50.6239%;\"><\/td>\n<\/tr>\n<\/tbody>\n<\/table>\n","protected":false},"excerpt":{"rendered":"<p>Economia 2021 2022 2023 2024 2025 2026 \u00a0 Liquidaci\u00f3 del pressupost 2021 Compte general de despeses Dades del pressupost\u00a0 Dades del pressupost Pressupost Compte general de rendes p\u00fabliques Compte general de rendes p\u00fabliques Liquidaci\u00f3 del pressupost Liquidaci\u00f3 del pressupost Liquidaci\u00f3 del pressupost<\/p>\n","protected":false},"author":1,"featured_media":0,"parent":49,"menu_order":0,"comment_status":"closed","ping_status":"closed","template":"","meta":{"_bbp_topic_count":0,"_bbp_reply_count":0,"_bbp_total_topic_count":0,"_bbp_total_reply_count":0,"_bbp_voice_count":0,"_bbp_anonymous_reply_count":0,"_bbp_topic_count_hidden":0,"_bbp_reply_count_hidden":0,"_bbp_forum_subforum_count":0,"site-sidebar-layout":"default","site-content-layout":"","ast-site-content-layout":"default","site-content-style":"default","site-sidebar-style":"default","ast-global-header-display":"","ast-banner-title-visibility":"","ast-main-header-display":"","ast-hfb-above-header-display":"","ast-hfb-below-header-display":"","ast-hfb-mobile-header-display":"","site-post-title":"","ast-breadcrumbs-content":"","ast-featured-img":"","footer-sml-layout":"","theme-transparent-header-meta":"","adv-header-id-meta":"","stick-header-meta":"","header-above-stick-meta":"","header-main-stick-meta":"","header-below-stick-meta":"","astra-migrate-meta-layouts":"set","ast-page-background-enabled":"default","ast-page-background-meta":{"desktop":{"background-color":"var(--ast-global-color-4)","background-image":"","background-repeat":"repeat","background-position":"center center","background-size":"auto","background-attachment":"scroll","background-type":"","background-media":"","overlay-type":"","overlay-color":"","overlay-opacity":"","overlay-gradient":""},"tablet":{"background-color":"","background-image":"","background-repeat":"repeat","background-position":"center center","background-size":"auto","background-attachment":"scroll","background-type":"","background-media":"","overlay-type":"","overlay-color":"","overlay-opacity":"","overlay-gradient":""},"mobile":{"background-color":"","background-image":"","background-repeat":"repeat","background-position":"center center","background-size":"auto","background-attachment":"scroll","background-type":"","background-media":"","overlay-type":"","overlay-color":"","overlay-opacity":"","overlay-gradient":""}},"ast-content-background-meta":{"desktop":{"background-color":"var(--ast-global-color-5)","background-image":"","background-repeat":"repeat","background-position":"center center","background-size":"auto","background-attachment":"scroll","background-type":"","background-media":"","overlay-type":"","overlay-color":"","overlay-opacity":"","overlay-gradient":""},"tablet":{"background-color":"var(--ast-global-color-5)","background-image":"","background-repeat":"repeat","background-position":"center center","background-size":"auto","background-attachment":"scroll","background-type":"","background-media":"","overlay-type":"","overlay-color":"","overlay-opacity":"","overlay-gradient":""},"mobile":{"background-color":"var(--ast-global-color-5)","background-image":"","background-repeat":"repeat","background-position":"center center","background-size":"auto","background-attachment":"scroll","background-type":"","background-media":"","overlay-type":"","overlay-color":"","overlay-opacity":"","overlay-gradient":""}},"footnotes":""},"class_list":["post-6046","page","type-page","status-publish","hentry"],"post_mailing_queue_ids":[],"_links":{"self":[{"href":"https:\/\/agora.xtec.cat\/iesqm\/wp-json\/wp\/v2\/pages\/6046","targetHints":{"allow":["GET"]}}],"collection":[{"href":"https:\/\/agora.xtec.cat\/iesqm\/wp-json\/wp\/v2\/pages"}],"about":[{"href":"https:\/\/agora.xtec.cat\/iesqm\/wp-json\/wp\/v2\/types\/page"}],"author":[{"embeddable":true,"href":"https:\/\/agora.xtec.cat\/iesqm\/wp-json\/wp\/v2\/users\/1"}],"replies":[{"embeddable":true,"href":"https:\/\/agora.xtec.cat\/iesqm\/wp-json\/wp\/v2\/comments?post=6046"}],"version-history":[{"count":6,"href":"https:\/\/agora.xtec.cat\/iesqm\/wp-json\/wp\/v2\/pages\/6046\/revisions"}],"predecessor-version":[{"id":7823,"href":"https:\/\/agora.xtec.cat\/iesqm\/wp-json\/wp\/v2\/pages\/6046\/revisions\/7823"}],"up":[{"embeddable":true,"href":"https:\/\/agora.xtec.cat\/iesqm\/wp-json\/wp\/v2\/pages\/49"}],"wp:attachment":[{"href":"https:\/\/agora.xtec.cat\/iesqm\/wp-json\/wp\/v2\/media?parent=6046"}],"curies":[{"name":"wp","href":"https:\/\/api.w.org\/{rel}","templated":true}]}}