{"id":5652,"date":"2022-11-25T13:13:04","date_gmt":"2022-11-25T12:13:04","guid":{"rendered":"https:\/\/agora.xtec.cat\/iesqm\/?page_id=5652"},"modified":"2023-05-25T11:06:48","modified_gmt":"2023-05-25T09:06:48","slug":"diagnosi","status":"publish","type":"page","link":"https:\/\/agora.xtec.cat\/iesqm\/linstitut\/estrategia-digital\/justificacio\/diagnosi\/","title":{"rendered":"Diagnosi"},"content":{"rendered":"<p>Per realitzar la diagnosi de la maduresa digital del centre s&#8217;utilitzen dues eines d&#8217;avaluaci\u00f3: <strong>SELFIE\u00a0<\/strong>realitzada pel claustre i l&#8217;alumnat del curs 2021-2022 <span style=\"font-family: inherit; font-size: 1em;\">i l&#8217;<\/span><strong style=\"font-family: inherit; font-size: 1em;\">aplicatiu Pla TAC<\/strong><span style=\"font-family: inherit; font-size: 1em;\">.<\/span><\/p>\n<p>No valorem els resultats de la SELFIE com a significatius per la baixa participaci\u00f3 d&#8217;algun sector i per la mobilitat del claustre<\/p>\n<p><a href=\"https:\/\/agora.xtec.cat\/iesqm\/linstitut\/estrategia-digital\/justificacio\/diagnosi\/attachment\/selfiei-informe-ei-pri-2021-1\/\" rel=\"attachment wp-att-5698\">SELFIEI INFORME EI &#8211; PRI 2021 (1)<\/a><\/p>\n<p><a href=\"https:\/\/agora.xtec.cat\/iesqm\/linstitut\/estrategia-digital\/justificacio\/diagnosi\/attachment\/selfie-report-eso\/\" rel=\"attachment wp-att-5699\">SELFIE-report-ESO<\/a><\/p>\n<p>S&#8217;ha implementat l&#8217;eina <u><a href=\"https:\/\/www.google.com\/url?q=https%3A%2F%2Fec.europa.eu%2Feducation%2Fschools-go-digital_es&amp;sa=D&amp;sntz=1&amp;usg=AFQjCNFc_ppkMA6JgmHQNFebtBoDird-CA\">SELFIE<\/a><\/u> creada per la Comissi\u00f3 Europea d&#8217;educaci\u00f3 que permet a partir d&#8217;un q\u00fcestionari valoratiu amb preguntes diferenciades per a l&#8217;equip directiu, professorat i alumnat avaluar l&#8217;evoluci\u00f3 de la integraci\u00f3 de la tecnologia de l&#8217;institut-escola. Cada final d&#8217;any es repeteix el proc\u00e9s d&#8217;avaluaci\u00f3 per mesurar l&#8217;evoluci\u00f3 de la integraci\u00f3 de les TIC al centre i la seva maduresa digital.<\/p>\n<p><a href=\"https:\/\/agora.xtec.cat\/iesqm\/wp-content\/uploads\/usu894\/2022\/06\/Que\u0300-has-utilitzat_.pdf\">Que\u0300 has utilitzat_<\/a><\/p>\n<p><a href=\"https:\/\/agora.xtec.cat\/iesqm\/wp-content\/uploads\/usu894\/2022\/06\/1.jpg\"><img loading=\"lazy\" decoding=\"async\" class=\"alignnone size-large wp-image-5037\" src=\"https:\/\/agora.xtec.cat\/iesqm\/wp-content\/uploads\/usu894\/2022\/06\/1-1024x638.jpg\" alt=\"\" width=\"1024\" height=\"638\" srcset=\"https:\/\/agora.xtec.cat\/iesqm\/wp-content\/uploads\/usu894\/2022\/06\/1-1024x638.jpg 1024w, https:\/\/agora.xtec.cat\/iesqm\/wp-content\/uploads\/usu894\/2022\/06\/1-300x187.jpg 300w, https:\/\/agora.xtec.cat\/iesqm\/wp-content\/uploads\/usu894\/2022\/06\/1-768x478.jpg 768w, https:\/\/agora.xtec.cat\/iesqm\/wp-content\/uploads\/usu894\/2022\/06\/1.jpg 1156w\" sizes=\"auto, (max-width: 1024px) 100vw, 1024px\" \/><\/a> <a href=\"https:\/\/agora.xtec.cat\/iesqm\/wp-content\/uploads\/usu894\/2022\/06\/2.jpg\"><img loading=\"lazy\" decoding=\"async\" class=\"alignnone size-large wp-image-5038\" src=\"https:\/\/agora.xtec.cat\/iesqm\/wp-content\/uploads\/usu894\/2022\/06\/2-1024x613.jpg\" alt=\"\" width=\"1024\" height=\"613\" srcset=\"https:\/\/agora.xtec.cat\/iesqm\/wp-content\/uploads\/usu894\/2022\/06\/2-1024x613.jpg 1024w, https:\/\/agora.xtec.cat\/iesqm\/wp-content\/uploads\/usu894\/2022\/06\/2-300x180.jpg 300w, https:\/\/agora.xtec.cat\/iesqm\/wp-content\/uploads\/usu894\/2022\/06\/2-768x460.jpg 768w, https:\/\/agora.xtec.cat\/iesqm\/wp-content\/uploads\/usu894\/2022\/06\/2.jpg 1149w\" sizes=\"auto, (max-width: 1024px) 100vw, 1024px\" \/><\/a> <a href=\"https:\/\/agora.xtec.cat\/iesqm\/wp-content\/uploads\/usu894\/2022\/06\/3.jpg\"><img loading=\"lazy\" decoding=\"async\" class=\"alignnone size-large wp-image-5039\" src=\"https:\/\/agora.xtec.cat\/iesqm\/wp-content\/uploads\/usu894\/2022\/06\/3-1024x402.jpg\" alt=\"\" width=\"1024\" height=\"402\" srcset=\"https:\/\/agora.xtec.cat\/iesqm\/wp-content\/uploads\/usu894\/2022\/06\/3-1024x402.jpg 1024w, https:\/\/agora.xtec.cat\/iesqm\/wp-content\/uploads\/usu894\/2022\/06\/3-300x118.jpg 300w, https:\/\/agora.xtec.cat\/iesqm\/wp-content\/uploads\/usu894\/2022\/06\/3-768x302.jpg 768w, https:\/\/agora.xtec.cat\/iesqm\/wp-content\/uploads\/usu894\/2022\/06\/3.jpg 1146w\" sizes=\"auto, (max-width: 1024px) 100vw, 1024px\" \/><\/a><\/p>\n","protected":false},"excerpt":{"rendered":"<p>Per realitzar la diagnosi de la maduresa digital del centre s&#8217;utilitzen dues eines d&#8217;avaluaci\u00f3: SELFIE\u00a0realitzada pel claustre i l&#8217;alumnat del curs 2021-2022 i l&#8217;aplicatiu Pla TAC. No valorem els resultats de la SELFIE com a significatius per la baixa participaci\u00f3 d&#8217;algun sector i per la mobilitat del claustre SELFIEI INFORME EI &#8211; PRI 2021 (1) [&hellip;]<\/p>\n","protected":false},"author":1,"featured_media":0,"parent":4521,"menu_order":0,"comment_status":"closed","ping_status":"closed","template":"page-templates\/side-menu.php","meta":{"_bbp_topic_count":0,"_bbp_reply_count":0,"_bbp_total_topic_count":0,"_bbp_total_reply_count":0,"_bbp_voice_count":0,"_bbp_anonymous_reply_count":0,"_bbp_topic_count_hidden":0,"_bbp_reply_count_hidden":0,"_bbp_forum_subforum_count":0,"site-sidebar-layout":"default","site-content-layout":"","ast-site-content-layout":"","site-content-style":"default","site-sidebar-style":"default","ast-global-header-display":"","ast-banner-title-visibility":"","ast-main-header-display":"","ast-hfb-above-header-display":"","ast-hfb-below-header-display":"","ast-hfb-mobile-header-display":"","site-post-title":"","ast-breadcrumbs-content":"","ast-featured-img":"","footer-sml-layout":"","theme-transparent-header-meta":"","adv-header-id-meta":"","stick-header-meta":"","header-above-stick-meta":"","header-main-stick-meta":"","header-below-stick-meta":"","astra-migrate-meta-layouts":"default","ast-page-background-enabled":"default","ast-page-background-meta":{"desktop":{"background-color":"var(--ast-global-color-4)","background-image":"","background-repeat":"repeat","background-position":"center center","background-size":"auto","background-attachment":"scroll","background-type":"","background-media":"","overlay-type":"","overlay-color":"","overlay-opacity":"","overlay-gradient":""},"tablet":{"background-color":"","background-image":"","background-repeat":"repeat","background-position":"center center","background-size":"auto","background-attachment":"scroll","background-type":"","background-media":"","overlay-type":"","overlay-color":"","overlay-opacity":"","overlay-gradient":""},"mobile":{"background-color":"","background-image":"","background-repeat":"repeat","background-position":"center center","background-size":"auto","background-attachment":"scroll","background-type":"","background-media":"","overlay-type":"","overlay-color":"","overlay-opacity":"","overlay-gradient":""}},"ast-content-background-meta":{"desktop":{"background-color":"var(--ast-global-color-5)","background-image":"","background-repeat":"repeat","background-position":"center center","background-size":"auto","background-attachment":"scroll","background-type":"","background-media":"","overlay-type":"","overlay-color":"","overlay-opacity":"","overlay-gradient":""},"tablet":{"background-color":"var(--ast-global-color-5)","background-image":"","background-repeat":"repeat","background-position":"center center","background-size":"auto","background-attachment":"scroll","background-type":"","background-media":"","overlay-type":"","overlay-color":"","overlay-opacity":"","overlay-gradient":""},"mobile":{"background-color":"var(--ast-global-color-5)","background-image":"","background-repeat":"repeat","background-position":"center center","background-size":"auto","background-attachment":"scroll","background-type":"","background-media":"","overlay-type":"","overlay-color":"","overlay-opacity":"","overlay-gradient":""}},"footnotes":""},"class_list":["post-5652","page","type-page","status-publish","hentry"],"post_mailing_queue_ids":[],"_links":{"self":[{"href":"https:\/\/agora.xtec.cat\/iesqm\/wp-json\/wp\/v2\/pages\/5652","targetHints":{"allow":["GET"]}}],"collection":[{"href":"https:\/\/agora.xtec.cat\/iesqm\/wp-json\/wp\/v2\/pages"}],"about":[{"href":"https:\/\/agora.xtec.cat\/iesqm\/wp-json\/wp\/v2\/types\/page"}],"author":[{"embeddable":true,"href":"https:\/\/agora.xtec.cat\/iesqm\/wp-json\/wp\/v2\/users\/1"}],"replies":[{"embeddable":true,"href":"https:\/\/agora.xtec.cat\/iesqm\/wp-json\/wp\/v2\/comments?post=5652"}],"version-history":[{"count":2,"href":"https:\/\/agora.xtec.cat\/iesqm\/wp-json\/wp\/v2\/pages\/5652\/revisions"}],"predecessor-version":[{"id":5700,"href":"https:\/\/agora.xtec.cat\/iesqm\/wp-json\/wp\/v2\/pages\/5652\/revisions\/5700"}],"up":[{"embeddable":true,"href":"https:\/\/agora.xtec.cat\/iesqm\/wp-json\/wp\/v2\/pages\/4521"}],"wp:attachment":[{"href":"https:\/\/agora.xtec.cat\/iesqm\/wp-json\/wp\/v2\/media?parent=5652"}],"curies":[{"name":"wp","href":"https:\/\/api.w.org\/{rel}","templated":true}]}}