{"id":52,"date":"2014-09-17T16:58:07","date_gmt":"2014-09-17T16:58:07","guid":{"rendered":"http:\/\/agora.xtec.cat\/iesqm\/?page_id=52"},"modified":"2026-02-03T09:16:34","modified_gmt":"2026-02-03T08:16:34","slug":"calendari-i-horari-del-curs","status":"publish","type":"page","link":"https:\/\/agora.xtec.cat\/iesqm\/secretaria\/calendari-i-horari-del-curs\/","title":{"rendered":"Horari d&#8217;atenci\u00f3"},"content":{"rendered":"<p>De dilluns a divendres de 2\/4 de 9 a 2\/4 de 3 i els dilluns de 3 a 2\/4 de 5.<\/p>\n<p>HORARI ALUMNAT<\/p>\n<p><strong>ALUMNAT D&#8217;INFANTIL I PRIM\u00c0RIA<\/strong><\/p>\n<p>L\u2019alumnat d\u2019infantil i prim\u00e0ria entrar\u00e0 a les 9h al centre i els dilluns, dimarts, dimecres i dijous sortir\u00e0 a les 13h per dinar. L\u2019horari de tarda ser\u00e0 de 15h a 16:30h, excepte els dimarts a la tarda que no hi haur\u00e0 classe.<\/p>\n<p>Els divendres l\u2019horari ser\u00e0 de 9h a 12h i de 15h a 16:30h.<\/p>\n<table style=\"height: 67px; width: 827px;\" width=\"833\">\n<tbody>\n<tr>\n<td style=\"width: 404px;\"><a href=\"https:\/\/agora.xtec.cat\/iesqm\/wp-content\/uploads\/usu894\/2019\/07\/horari_infantil.jpg\"><img loading=\"lazy\" decoding=\"async\" class=\"alignnone size-full wp-image-607\" src=\"https:\/\/agora.xtec.cat\/iesqm\/wp-content\/uploads\/usu894\/2019\/07\/horari_infantil.jpg\" alt=\"\" width=\"671\" height=\"349\" srcset=\"https:\/\/agora.xtec.cat\/iesqm\/wp-content\/uploads\/usu894\/2019\/07\/horari_infantil.jpg 671w, https:\/\/agora.xtec.cat\/iesqm\/wp-content\/uploads\/usu894\/2019\/07\/horari_infantil-300x156.jpg 300w\" sizes=\"auto, (max-width: 671px) 100vw, 671px\" \/><\/a><\/td>\n<td style=\"width: 415px;\"><a href=\"https:\/\/agora.xtec.cat\/iesqm\/wp-content\/uploads\/usu894\/2019\/07\/horari_primaria.jpg\"><img loading=\"lazy\" decoding=\"async\" class=\"alignnone wp-image-608\" src=\"https:\/\/agora.xtec.cat\/iesqm\/wp-content\/uploads\/usu894\/2019\/07\/horari_primaria.jpg\" alt=\"\" width=\"437\" height=\"211\" srcset=\"https:\/\/agora.xtec.cat\/iesqm\/wp-content\/uploads\/usu894\/2019\/07\/horari_primaria.jpg 672w, https:\/\/agora.xtec.cat\/iesqm\/wp-content\/uploads\/usu894\/2019\/07\/horari_primaria-300x145.jpg 300w\" sizes=\"auto, (max-width: 437px) 100vw, 437px\" \/><\/a><\/td>\n<\/tr>\n<\/tbody>\n<\/table>\n<p><strong>ALUMNAT DE SECUND\u00c0RIA<\/strong><\/p>\n<p>L\u2019horari de secund\u00e0ria ser\u00e0 de 8:15h a 14:50h amb dues franges de pati.<\/p>\n<p style=\"text-align: center;\">\u00a0<\/p>\n\n\n<p><\/p>\n","protected":false},"excerpt":{"rendered":"<p>De dilluns a divendres de 2\/4 de 9 a 2\/4 de 3 i els dilluns de 3 a 2\/4 de 5. HORARI ALUMNAT ALUMNAT D&#8217;INFANTIL I PRIM\u00c0RIA L\u2019alumnat d\u2019infantil i prim\u00e0ria entrar\u00e0 a les 9h al centre i els dilluns, dimarts, dimecres i dijous sortir\u00e0 a les 13h per dinar. L\u2019horari de tarda ser\u00e0 de [&hellip;]<\/p>\n","protected":false},"author":1,"featured_media":0,"parent":81,"menu_order":70,"comment_status":"closed","ping_status":"closed","template":"","meta":{"_bbp_topic_count":0,"_bbp_reply_count":0,"_bbp_total_topic_count":0,"_bbp_total_reply_count":0,"_bbp_voice_count":0,"_bbp_anonymous_reply_count":0,"_bbp_topic_count_hidden":0,"_bbp_reply_count_hidden":0,"_bbp_forum_subforum_count":0,"site-sidebar-layout":"default","site-content-layout":"","ast-site-content-layout":"default","site-content-style":"default","site-sidebar-style":"default","ast-global-header-display":"","ast-banner-title-visibility":"","ast-main-header-display":"","ast-hfb-above-header-display":"","ast-hfb-below-header-display":"","ast-hfb-mobile-header-display":"","site-post-title":"","ast-breadcrumbs-content":"","ast-featured-img":"","footer-sml-layout":"","theme-transparent-header-meta":"","adv-header-id-meta":"","stick-header-meta":"","header-above-stick-meta":"","header-main-stick-meta":"","header-below-stick-meta":"","astra-migrate-meta-layouts":"set","ast-page-background-enabled":"default","ast-page-background-meta":{"desktop":{"background-color":"var(--ast-global-color-4)","background-image":"","background-repeat":"repeat","background-position":"center center","background-size":"auto","background-attachment":"scroll","background-type":"","background-media":"","overlay-type":"","overlay-color":"","overlay-opacity":"","overlay-gradient":""},"tablet":{"background-color":"","background-image":"","background-repeat":"repeat","background-position":"center center","background-size":"auto","background-attachment":"scroll","background-type":"","background-media":"","overlay-type":"","overlay-color":"","overlay-opacity":"","overlay-gradient":""},"mobile":{"background-color":"","background-image":"","background-repeat":"repeat","background-position":"center center","background-size":"auto","background-attachment":"scroll","background-type":"","background-media":"","overlay-type":"","overlay-color":"","overlay-opacity":"","overlay-gradient":""}},"ast-content-background-meta":{"desktop":{"background-color":"var(--ast-global-color-5)","background-image":"","background-repeat":"repeat","background-position":"center center","background-size":"auto","background-attachment":"scroll","background-type":"","background-media":"","overlay-type":"","overlay-color":"","overlay-opacity":"","overlay-gradient":""},"tablet":{"background-color":"var(--ast-global-color-5)","background-image":"","background-repeat":"repeat","background-position":"center center","background-size":"auto","background-attachment":"scroll","background-type":"","background-media":"","overlay-type":"","overlay-color":"","overlay-opacity":"","overlay-gradient":""},"mobile":{"background-color":"var(--ast-global-color-5)","background-image":"","background-repeat":"repeat","background-position":"center center","background-size":"auto","background-attachment":"scroll","background-type":"","background-media":"","overlay-type":"","overlay-color":"","overlay-opacity":"","overlay-gradient":""}},"footnotes":""},"class_list":["post-52","page","type-page","status-publish","hentry"],"post_mailing_queue_ids":[],"_links":{"self":[{"href":"https:\/\/agora.xtec.cat\/iesqm\/wp-json\/wp\/v2\/pages\/52","targetHints":{"allow":["GET"]}}],"collection":[{"href":"https:\/\/agora.xtec.cat\/iesqm\/wp-json\/wp\/v2\/pages"}],"about":[{"href":"https:\/\/agora.xtec.cat\/iesqm\/wp-json\/wp\/v2\/types\/page"}],"author":[{"embeddable":true,"href":"https:\/\/agora.xtec.cat\/iesqm\/wp-json\/wp\/v2\/users\/1"}],"replies":[{"embeddable":true,"href":"https:\/\/agora.xtec.cat\/iesqm\/wp-json\/wp\/v2\/comments?post=52"}],"version-history":[{"count":6,"href":"https:\/\/agora.xtec.cat\/iesqm\/wp-json\/wp\/v2\/pages\/52\/revisions"}],"predecessor-version":[{"id":7778,"href":"https:\/\/agora.xtec.cat\/iesqm\/wp-json\/wp\/v2\/pages\/52\/revisions\/7778"}],"up":[{"embeddable":true,"href":"https:\/\/agora.xtec.cat\/iesqm\/wp-json\/wp\/v2\/pages\/81"}],"wp:attachment":[{"href":"https:\/\/agora.xtec.cat\/iesqm\/wp-json\/wp\/v2\/media?parent=52"}],"curies":[{"name":"wp","href":"https:\/\/api.w.org\/{rel}","templated":true}]}}